{"id":9476,"date":"2023-08-09T10:19:19","date_gmt":"2023-08-09T10:19:19","guid":{"rendered":"https:\/\/cc.eurohpc.pl\/?page_id=9476"},"modified":"2026-03-13T12:52:15","modified_gmt":"2026-03-13T12:52:15","slug":"contact-3","status":"publish","type":"page","link":"https:\/\/cc.eurohpc.pl\/index.php\/en\/contact-3\/","title":{"rendered":"Contact"},"content":{"rendered":"\t\t<div data-elementor-type=\"wp-page\" data-elementor-id=\"9476\" class=\"elementor elementor-9476\" data-elementor-post-type=\"page\">\n\t\t\t\t\t\t<section class=\"elementor-section elementor-top-section elementor-element elementor-element-9a6740c elementor-section-boxed elementor-section-height-default elementor-section-height-default\" data-id=\"9a6740c\" data-element_type=\"section\" data-e-type=\"section\">\n\t\t\t\t\t\t<div class=\"elementor-container elementor-column-gap-default\">\n\t\t\t\t\t<div class=\"elementor-column elementor-col-50 elementor-top-column elementor-element elementor-element-182c377\" data-id=\"182c377\" data-element_type=\"column\" data-e-type=\"column\">\n\t\t\t<div class=\"elementor-widget-wrap elementor-element-populated\">\n\t\t\t\t\t\t<section class=\"elementor-section elementor-inner-section elementor-element elementor-element-0539acd elementor-section-boxed elementor-section-height-default elementor-section-height-default\" data-id=\"0539acd\" data-element_type=\"section\" data-e-type=\"section\">\n\t\t\t\t\t\t<div class=\"elementor-container elementor-column-gap-default\">\n\t\t\t\t\t<div class=\"elementor-column elementor-col-50 elementor-inner-column elementor-element elementor-element-2479854\" data-id=\"2479854\" data-element_type=\"column\" data-e-type=\"column\">\n\t\t\t<div class=\"elementor-widget-wrap elementor-element-populated\">\n\t\t\t\t\t\t<div class=\"elementor-element elementor-element-8942626 elementor-view-default elementor-widget elementor-widget-icon\" data-id=\"8942626\" data-element_type=\"widget\" data-e-type=\"widget\" data-widget_type=\"icon.default\">\n\t\t\t\t\t\t\t<div class=\"elementor-icon-wrapper\">\n\t\t\t<div class=\"elementor-icon\">\n\t\t\t<svg xmlns=\"http:\/\/www.w3.org\/2000\/svg\" xmlns:xlink=\"http:\/\/www.w3.org\/1999\/xlink\" id=\"Warstwa_1\" x=\"0px\" y=\"0px\" viewBox=\"0 0 33.4 33.4\" style=\"enable-background:new 0 0 33.4 33.4;\" xml:space=\"preserve\"><style type=\"text\/css\">\t.st0{clip-path:url(#SVGID_00000032609893610282578260000011882912998724913080_);fill:#AA8523;}<\/style><g>\t<defs>\t\t<rect id=\"SVGID_1_\" x=\"0.02\" y=\"0.02\" width=\"33.35\" height=\"33.34\"><\/rect>\t<\/defs>\t<clipPath id=\"SVGID_00000141428702866298634910000011162659637738127268_\">\t\t<use xlink:href=\"#SVGID_1_\" style=\"overflow:visible;\"><\/use>\t<\/clipPath>\t<path style=\"clip-path:url(#SVGID_00000141428702866298634910000011162659637738127268_);fill:#AA8523;\" d=\"M7.14,10h19.12  l-7.84,5.66c-1.01,0.73-2.43,0.73-3.44,0L7.14,10z M28.14,23.99c0.02-0.05,0.06-0.08,0.06-0.14V9.53c0-0.05-0.04-0.09-0.06-0.14  c-0.02-0.05,0-0.1-0.03-0.14c-0.01-0.01-0.02-0.01-0.03-0.02c-0.04-0.05-0.09-0.06-0.15-0.09c-0.06-0.03-0.1-0.06-0.16-0.07  c-0.01,0-0.02-0.01-0.03-0.01H5.67c-0.01,0-0.02,0.01-0.04,0.01c-0.06,0-0.11,0.04-0.16,0.07C5.41,9.16,5.36,9.18,5.32,9.23  C5.31,9.24,5.29,9.24,5.28,9.25C5.25,9.29,5.27,9.34,5.25,9.39C5.23,9.44,5.19,9.47,5.19,9.53v2.68c0,0.26,0.21,0.47,0.47,0.47  c0.26,0,0.47-0.21,0.47-0.47v-1.76l8.28,5.98c0.67,0.48,1.45,0.74,2.27,0.74c0.82,0,1.61-0.25,2.27-0.74l8.28-5.98v12.48l-4.71-3.4  c-0.21-0.15-0.51-0.11-0.66,0.11c-0.15,0.21-0.11,0.51,0.11,0.66l4.28,3.09H7.14l5.63-4.07c0.21-0.15,0.26-0.45,0.11-0.66  c-0.15-0.21-0.45-0.26-0.66-0.11l-6.07,4.38v-5.84c0-0.26-0.21-0.48-0.47-0.48c-0.26,0-0.47,0.21-0.47,0.48v6.77  c0,0.05,0.04,0.09,0.06,0.14c0.01,0.05,0,0.1,0.03,0.14c0.01,0.01,0.03,0.02,0.04,0.03c0.01,0.02,0.03,0.02,0.05,0.04  c0.09,0.07,0.19,0.12,0.3,0.12h22.05c0.11,0,0.21-0.05,0.3-0.12c0.02-0.01,0.03-0.02,0.05-0.04c0.01-0.01,0.03-0.02,0.04-0.03  C28.14,24.09,28.12,24.04,28.14,23.99 M33.37,16.69c0-2.91-0.77-5.79-2.22-8.3c-0.19-0.32-0.59-0.43-0.91-0.24  C29.92,8.33,29.81,8.73,30,9.05c1.33,2.31,2.03,4.96,2.03,7.64c0,8.47-6.88,15.34-15.34,15.34c-8.46,0-15.34-6.88-15.34-15.34  S8.22,1.35,16.69,1.35c3.56,0,7.04,1.25,9.78,3.52c0.29,0.23,0.71,0.2,0.94-0.09c0.23-0.29,0.2-0.71-0.09-0.94  c-2.99-2.47-6.75-3.82-10.63-3.82C7.5,0.02,0.02,7.51,0.02,16.69c0,9.19,7.48,16.67,16.67,16.67S33.36,25.88,33.37,16.69\"><\/path><\/g><\/svg>\t\t\t<\/div>\n\t\t<\/div>\n\t\t\t\t\t\t<\/div>\n\t\t\t\t\t<\/div>\n\t\t<\/div>\n\t\t\t\t<div class=\"elementor-column elementor-col-50 elementor-inner-column elementor-element elementor-element-c5457d8\" data-id=\"c5457d8\" data-element_type=\"column\" data-e-type=\"column\">\n\t\t\t<div class=\"elementor-widget-wrap elementor-element-populated\">\n\t\t\t\t\t\t<div class=\"elementor-element elementor-element-8169035 elementor-widget elementor-widget-heading\" data-id=\"8169035\" data-element_type=\"widget\" data-e-type=\"widget\" data-widget_type=\"heading.default\">\n\t\t\t\t\t<h2 class=\"elementor-heading-title elementor-size-default\">CONTACT<\/h2>\t\t\t\t<\/div>\n\t\t\t\t\t<\/div>\n\t\t<\/div>\n\t\t\t\t\t<\/div>\n\t\t<\/section>\n\t\t\t\t<div class=\"elementor-element elementor-element-f4c3e13 elementor-widget elementor-widget-text-editor\" data-id=\"f4c3e13\" data-element_type=\"widget\" data-e-type=\"widget\" data-widget_type=\"text-editor.default\">\n\t\t\t\t\t\t\t\t\t<p><strong>The National Competence Centre in HPC<\/strong><br \/>Academic Computer Centre CYFRONET<br \/>of the University of Science and Technology in Cracow<br \/>Nawojki 11 st.,<br \/>30-950 Krak\u00f3w<br \/>P.O. Box 6<br \/>Poland<br \/>phone +48 12 633 34 26<br \/>e-mail: <a href=\"mailto:kontakt@cc.eurohpc.pl\">kontakt@cc.eurohpc.pl<\/a><\/p>\t\t\t\t\t\t\t\t<\/div>\n\t\t\t\t\t<\/div>\n\t\t<\/div>\n\t\t\t\t<div class=\"elementor-column elementor-col-50 elementor-top-column elementor-element elementor-element-c679ec2\" data-id=\"c679ec2\" data-element_type=\"column\" data-e-type=\"column\">\n\t\t\t<div class=\"elementor-widget-wrap elementor-element-populated\">\n\t\t\t\t\t\t<div class=\"elementor-element elementor-element-6e2e7b5 elementor-widget elementor-widget-image\" data-id=\"6e2e7b5\" data-element_type=\"widget\" data-e-type=\"widget\" data-widget_type=\"image.default\">\n\t\t\t\t\t\t\t\t\t\t\t\t\t\t\t<img fetchpriority=\"high\" decoding=\"async\" width=\"1024\" height=\"682\" src=\"https:\/\/cc.eurohpc.pl\/wp-content\/uploads\/2021\/08\/Cyfronet_2.jpg\" class=\"attachment-large size-large wp-image-377\" alt=\"\" \/>\t\t\t\t\t\t\t\t\t\t\t\t\t\t\t<\/div>\n\t\t\t\t\t<\/div>\n\t\t<\/div>\n\t\t\t\t\t<\/div>\n\t\t<\/section>\n\t\t\t\t<section class=\"elementor-section elementor-top-section elementor-element elementor-element-a4b8dfd elementor-section-full_width elementor-section-height-default elementor-section-height-default\" data-id=\"a4b8dfd\" data-element_type=\"section\" data-e-type=\"section\">\n\t\t\t\t\t\t<div class=\"elementor-container elementor-column-gap-default\">\n\t\t\t\t\t<div class=\"elementor-column elementor-col-100 elementor-top-column elementor-element elementor-element-7536f10\" data-id=\"7536f10\" data-element_type=\"column\" data-e-type=\"column\">\n\t\t\t<div class=\"elementor-widget-wrap\">\n\t\t\t\t\t\t\t<\/div>\n\t\t<\/div>\n\t\t\t\t\t<\/div>\n\t\t<\/section>\n\t\t\t\t<section class=\"elementor-section elementor-top-section elementor-element elementor-element-e0f1bee elementor-section-boxed elementor-section-height-default elementor-section-height-default\" data-id=\"e0f1bee\" data-element_type=\"section\" data-e-type=\"section\">\n\t\t\t\t\t\t<div class=\"elementor-container elementor-column-gap-default\">\n\t\t\t\t\t<div class=\"elementor-column elementor-col-100 elementor-top-column elementor-element elementor-element-253b4c8\" data-id=\"253b4c8\" data-element_type=\"column\" data-e-type=\"column\">\n\t\t\t<div class=\"elementor-widget-wrap elementor-element-populated\">\n\t\t\t\t\t\t<div class=\"elementor-element elementor-element-babca98 elementor-widget elementor-widget-heading\" data-id=\"babca98\" data-element_type=\"widget\" data-e-type=\"widget\" data-widget_type=\"heading.default\">\n\t\t\t\t\t<h2 class=\"elementor-heading-title elementor-size-default\">CONTACT TO HPC CENTRES IN POLAND<\/h2>\t\t\t\t<\/div>\n\t\t\t\t\t<\/div>\n\t\t<\/div>\n\t\t\t\t\t<\/div>\n\t\t<\/section>\n\t\t\t\t<section class=\"elementor-section elementor-top-section elementor-element elementor-element-e3ccb84 elementor-section-boxed elementor-section-height-default elementor-section-height-default\" data-id=\"e3ccb84\" data-element_type=\"section\" data-e-type=\"section\">\n\t\t\t\t\t\t<div class=\"elementor-container elementor-column-gap-default\">\n\t\t\t\t\t<div class=\"elementor-column elementor-col-50 elementor-top-column elementor-element elementor-element-3f68ae4\" data-id=\"3f68ae4\" data-element_type=\"column\" data-e-type=\"column\">\n\t\t\t<div class=\"elementor-widget-wrap elementor-element-populated\">\n\t\t\t\t\t\t<div class=\"elementor-element elementor-element-b4ba4b2 elementor-widget elementor-widget-text-editor\" data-id=\"b4ba4b2\" data-element_type=\"widget\" data-e-type=\"widget\" data-widget_type=\"text-editor.default\">\n\t\t\t\t\t\t\t\t\t<p>GDA\u0143SK<br \/>Gda\u0144sk University of Technology<br \/><strong>Centre of Informatics<\/strong><br \/><strong>Tricity Academic Supercomputer and Network<\/strong><br \/>ul. Narutowicza 11\/12<br \/>80-233 Gda\u0144sk<br \/>phone: + 48 58 347 24 11<br \/>e-mail: <a href=\"mailto:office@task.gda.pl\"><span style=\"color: #aa8523;\">office@task.gda.pl<\/span><\/a><\/p><p>KRAK\u00d3W<br \/><strong>Academic Computer Centre CYFRONET<\/strong><br \/><strong>of the University of Science and Technology in Cracow<\/strong>\u00a0<br \/>ul. Nawojki 11<br \/>30-950 Krak\u00f3w 23<br \/>phone: +48 12 633 34 26<br \/>e-mail: <a href=\"mailto:cyfronet@cyfronet.pl\"><span style=\"color: #aa8523;\">cyfronet@cyfronet.pl<\/span><\/a><\/p><p>OTWOCK<br \/>National Centre for Nuclear Research <br \/><strong>\u015awierk Computing Centre\u00a0<\/strong> ul. Andrzeja So\u0142tana 7<br \/>05-400 Otwock<br \/>phone: +48 22 27 31 001<br \/>e-mail: <span style=\"color: #aa8523;\"><a style=\"color: #aa8523;\" href=\"mailto:ncbj@ncbj.gov.pl\">ncbj@ncbj.gov.pl<\/a><\/span><\/p>\t\t\t\t\t\t\t\t<\/div>\n\t\t\t\t\t<\/div>\n\t\t<\/div>\n\t\t\t\t<div class=\"elementor-column elementor-col-50 elementor-top-column elementor-element elementor-element-d8d2064\" data-id=\"d8d2064\" data-element_type=\"column\" data-e-type=\"column\">\n\t\t\t<div class=\"elementor-widget-wrap elementor-element-populated\">\n\t\t\t\t\t\t<div class=\"elementor-element elementor-element-d1ffe41 elementor-widget elementor-widget-text-editor\" data-id=\"d1ffe41\" data-element_type=\"widget\" data-e-type=\"widget\" data-widget_type=\"text-editor.default\">\n\t\t\t\t\t\t\t\t\t<p>POZNAN<br \/>Institute of Bioorganic Chemistry<br \/>of the Polish Academy of Sciences<br \/><strong>Poznan Supercomputing and Networking Center<\/strong><br \/>ul. Jana Paw\u0142a II 10<br \/>61-139 Pozna\u0144<br \/>phone: +48 61 858 21 01<br \/>e-mail: <a href=\"mailto:kontakt@man.poznan.pl\"><span style=\"color: #aa8523;\">kontakt@man.poznan.pl<\/span><\/a><\/p><p>WARSZAWA<br \/><strong>Interdisciplinary Centre for Mathematical and Computational Modelling UW<\/strong> <br \/>ul. Tyniecka 15\/17<br \/>02-630 Warszawa<br \/>phone: +48 22 874 92 00<br \/>e-mail: <span style=\"color: #aa8523;\"><a style=\"color: #aa8523;\" href=\"mailto:pomoc@icm.edu.pl\">pomoc@icm.edu.pl<\/a><\/span><\/p><p>WROC\u0141AW<br \/>Wroc\u0142aw University of Science and Technology<br \/><strong>Wroc\u0142aw Centre for Networking and Supercomputing<br \/><\/strong>Wybrze\u017ce Wyspia\u0144skiego 27<br \/>50-370 Wroc\u0142aw<br \/>phone: +48 <span class=\"phone\">71 320 39 21<\/span><br \/>e-mail: <a href=\"mailto:kontakt@wcss.pl\"><span style=\"color: #aa8523;\">kontakt@wcss.p<\/span><\/a><\/p>\t\t\t\t\t\t\t\t<\/div>\n\t\t\t\t\t<\/div>\n\t\t<\/div>\n\t\t\t\t\t<\/div>\n\t\t<\/section>\n\t\t\t\t<section class=\"elementor-section elementor-top-section elementor-element elementor-element-1deb1fd elementor-section-height-min-height elementor-section-boxed elementor-section-height-default elementor-section-items-middle\" data-id=\"1deb1fd\" data-element_type=\"section\" data-e-type=\"section\" data-settings=\"{&quot;background_background&quot;:&quot;classic&quot;}\">\n\t\t\t\t\t\t<div class=\"elementor-container elementor-column-gap-default\">\n\t\t\t\t\t<div class=\"elementor-column elementor-col-100 elementor-top-column elementor-element elementor-element-6436de5\" data-id=\"6436de5\" data-element_type=\"column\" data-e-type=\"column\">\n\t\t\t<div class=\"elementor-widget-wrap\">\n\t\t\t\t\t\t\t<\/div>\n\t\t<\/div>\n\t\t\t\t\t<\/div>\n\t\t<\/section>\n\t\t\t\t<\/div>\n\t\t","protected":false},"excerpt":{"rendered":"<p>CONTACT The National Competence Centre in HPCAcademic Computer Centre CYFRONETof the University of Science and Technology in CracowNawojki 11 st.,30-950 Krak\u00f3wP.O. Box 6Polandphone +48 12 633 34 26e-mail: kontakt@cc.eurohpc.pl CONTACT TO HPC CENTRES IN POLAND GDA\u0143SKGda\u0144sk University of TechnologyCentre of InformaticsTricity Academic Supercomputer and Networkul. Narutowicza 11\/1280-233 Gda\u0144skphone: + 48 58 347 24 11e-mail: office@task.gda.pl&hellip;&nbsp;<a href=\"https:\/\/cc.eurohpc.pl\/index.php\/en\/contact-3\/\" rel=\"bookmark\">Dowiedz si\u0119 wi\u0119cej &raquo;<span class=\"screen-reader-text\">Contact<\/span><\/a><\/p>\n","protected":false},"author":3,"featured_media":0,"parent":0,"menu_order":0,"comment_status":"closed","ping_status":"closed","template":"page-templates\/template-pagebuilder-full-width.php","meta":{"_monsterinsights_skip_tracking":false,"_monsterinsights_sitenote_active":false,"_monsterinsights_sitenote_note":"","_monsterinsights_sitenote_category":0,"neve_meta_sidebar":"","neve_meta_container":"","neve_meta_enable_content_width":"on","neve_meta_content_width":100,"neve_meta_title_alignment":"","neve_meta_author_avatar":"","neve_post_elements_order":"","neve_meta_disable_header":"","neve_meta_disable_footer":"","neve_meta_disable_title":"on","footnotes":""},"class_list":["post-9476","page","type-page","status-publish","hentry"],"_links":{"self":[{"href":"https:\/\/cc.eurohpc.pl\/index.php\/wp-json\/wp\/v2\/pages\/9476","targetHints":{"allow":["GET"]}}],"collection":[{"href":"https:\/\/cc.eurohpc.pl\/index.php\/wp-json\/wp\/v2\/pages"}],"about":[{"href":"https:\/\/cc.eurohpc.pl\/index.php\/wp-json\/wp\/v2\/types\/page"}],"author":[{"embeddable":true,"href":"https:\/\/cc.eurohpc.pl\/index.php\/wp-json\/wp\/v2\/users\/3"}],"replies":[{"embeddable":true,"href":"https:\/\/cc.eurohpc.pl\/index.php\/wp-json\/wp\/v2\/comments?post=9476"}],"version-history":[{"count":17,"href":"https:\/\/cc.eurohpc.pl\/index.php\/wp-json\/wp\/v2\/pages\/9476\/revisions"}],"predecessor-version":[{"id":13334,"href":"https:\/\/cc.eurohpc.pl\/index.php\/wp-json\/wp\/v2\/pages\/9476\/revisions\/13334"}],"wp:attachment":[{"href":"https:\/\/cc.eurohpc.pl\/index.php\/wp-json\/wp\/v2\/media?parent=9476"}],"curies":[{"name":"wp","href":"https:\/\/api.w.org\/{rel}","templated":true}]}}