{"id":8796,"date":"2023-01-02T09:51:07","date_gmt":"2023-01-02T09:51:07","guid":{"rendered":"https:\/\/cc.eurohpc.pl\/?page_id=8796"},"modified":"2023-03-10T10:28:42","modified_gmt":"2023-03-10T10:28:42","slug":"metoda-galerkina","status":"publish","type":"page","link":"https:\/\/cc.eurohpc.pl\/index.php\/metoda-galerkina\/","title":{"rendered":"metoda galerkina"},"content":{"rendered":"\t\t<div data-elementor-type=\"wp-page\" data-elementor-id=\"8796\" class=\"elementor elementor-8796\" data-elementor-post-type=\"page\">\n\t\t\t\t\t\t<section class=\"elementor-section elementor-top-section elementor-element elementor-element-c7a9eb7 elementor-section-boxed elementor-section-height-default elementor-section-height-default\" data-id=\"c7a9eb7\" data-element_type=\"section\" data-e-type=\"section\">\n\t\t\t\t\t\t<div class=\"elementor-container elementor-column-gap-default\">\n\t\t\t\t\t<div class=\"elementor-column elementor-col-100 elementor-top-column elementor-element elementor-element-5b2b961\" data-id=\"5b2b961\" data-element_type=\"column\" data-e-type=\"column\">\n\t\t\t<div class=\"elementor-widget-wrap elementor-element-populated\">\n\t\t\t\t\t\t<div class=\"elementor-element elementor-element-546fa23 elementor-widget-divider--view-line elementor-widget elementor-widget-divider\" data-id=\"546fa23\" data-element_type=\"widget\" data-e-type=\"widget\" data-widget_type=\"divider.default\">\n\t\t\t\t\t\t\t<div class=\"elementor-divider\">\n\t\t\t<span class=\"elementor-divider-separator\">\n\t\t\t\t\t\t<\/span>\n\t\t<\/div>\n\t\t\t\t\t\t<\/div>\n\t\t\t\t\t<\/div>\n\t\t<\/div>\n\t\t\t\t\t<\/div>\n\t\t<\/section>\n\t\t\t\t<section class=\"elementor-section elementor-top-section elementor-element elementor-element-adf6ee2 elementor-section-boxed elementor-section-height-default elementor-section-height-default\" data-id=\"adf6ee2\" data-element_type=\"section\" data-e-type=\"section\" data-settings=\"{&quot;background_background&quot;:&quot;classic&quot;}\">\n\t\t\t\t\t\t<div class=\"elementor-container elementor-column-gap-default\">\n\t\t\t\t\t<div class=\"elementor-column elementor-col-50 elementor-top-column elementor-element elementor-element-4c38ca4\" data-id=\"4c38ca4\" data-element_type=\"column\" data-e-type=\"column\">\n\t\t\t<div class=\"elementor-widget-wrap elementor-element-populated\">\n\t\t\t\t\t\t<div class=\"elementor-element elementor-element-e9c2225 elementor-view-default elementor-widget elementor-widget-icon\" data-id=\"e9c2225\" data-element_type=\"widget\" data-e-type=\"widget\" data-widget_type=\"icon.default\">\n\t\t\t\t\t\t\t<div class=\"elementor-icon-wrapper\">\n\t\t\t<div class=\"elementor-icon\">\n\t\t\t<svg xmlns=\"http:\/\/www.w3.org\/2000\/svg\" xmlns:xlink=\"http:\/\/www.w3.org\/1999\/xlink\" id=\"Warstwa_1\" x=\"0px\" y=\"0px\" viewBox=\"0 0 33.4 33.4\" style=\"enable-background:new 0 0 33.4 33.4;\" xml:space=\"preserve\"><style type=\"text\/css\">\t.st0{fill:#AA8523;}<\/style><g>\t<path class=\"st0\" d=\"M33.37,16.69c0-2.91-0.76-5.79-2.22-8.3c-0.19-0.32-0.59-0.43-0.91-0.24C29.92,8.33,29.81,8.73,30,9.05  c1.33,2.31,2.03,4.96,2.03,7.64c0,2.22-0.48,4.33-1.34,6.24c0-0.39,0.01-0.78,0-1.17c-0.01-0.53-0.32-0.97-0.8-1.26  c-0.28-0.17-0.38-0.37-0.43-0.67c-0.41-2.18-2.43-3.78-4.79-3.8c-1.68-0.02-3.36-0.02-5.04,0c-2.43,0.02-4.42,1.64-4.84,3.87  c-0.04,0.2-0.19,0.41-0.36,0.54c-0.58,0.43-0.88,0.96-0.88,1.64c0,0.44,0,0.88,0,1.32v2.16h0.93v-0.56c0-0.96-0.01-1.93,0.01-2.89  C14.49,21.4,14.92,21,15.69,21c4.29-0.01,8.57-0.01,12.86,0c0.8,0,1.22,0.4,1.23,1.16c0.01,0.83,0.01,1.65,0.01,2.48  c-2.69,4.43-7.55,7.41-13.11,7.41c-8.46,0-15.34-6.88-15.34-15.34c0-8.46,6.88-15.34,15.34-15.34c3.56,0,7.04,1.26,9.78,3.52  c0.29,0.23,0.71,0.2,0.94-0.09c0.23-0.29,0.2-0.71-0.09-0.94c-2.99-2.47-6.75-3.82-10.63-3.82C7.5,0.02,0.02,7.51,0.02,16.69  c0,9.19,7.48,16.67,16.67,16.67S33.36,25.88,33.37,16.69 M4.37,8.7c0.01,1.89,0.04,3.78,0.04,5.68c0,1.81-0.03,3.62-0.04,5.43  c0,0.66,0.08,0.73,0.79,0.73c1.87,0,3.74,0,5.62,0h1.08c-0.03,0.32-0.05,0.57-0.07,0.86c-0.38,0-0.71-0.04-1.03,0.02  c-0.14,0.02-0.37,0.24-0.35,0.34c0.03,0.18,0.2,0.48,0.33,0.49c0.64,0.05,1.28,0.02,1.95,0.02c0.03-0.76,0.16-1.48,0.74-1.97  c0.65-0.56,0.55-1.36,0.97-2.06H5.33V8.76h0.7c3.55,0,7.1-0.02,10.65,0.02c0.7,0.01,1.12-0.18,1.34-0.88h-0.6  c-4.06,0-8.12,0-12.18,0C4.43,7.9,4.37,7.95,4.37,8.7 M12.68,23.09H5.19c0.03,0.3,0.05,0.55,0.07,0.8h7.42V23.09z M16.09,13.18h-9  v0.59c0.9,0,1.75-0.01,2.6,0c1.96,0.01,3.91,0.04,5.87,0.05C16.19,13.83,16.19,13.82,16.09,13.18 M15.58,11.51  c0.17,0,0.34-0.02,0.53-0.03v-0.67h-0.69c-2.39,0-4.78,0-7.18,0c-0.3,0-0.6-0.01-0.88,0.05c-0.13,0.03-0.27,0.2-0.3,0.32  c-0.02,0.07,0.17,0.24,0.3,0.27c0.21,0.06,0.45,0.05,0.68,0.05C10.56,11.51,13.07,11.51,15.58,11.51 M13.5,15.48H7.07v0.6h6.43  V15.48z M17.92,10.92c0,2.19,1.84,3.92,4.19,3.94c2.33,0.02,4.23-1.72,4.24-3.89C26.36,8.78,24.5,7.01,22.18,7  C19.81,6.99,17.92,8.72,17.92,10.92\"><\/path><\/g><\/svg>\t\t\t<\/div>\n\t\t<\/div>\n\t\t\t\t\t\t<\/div>\n\t\t\t\t\t<\/div>\n\t\t<\/div>\n\t\t\t\t<div class=\"elementor-column elementor-col-50 elementor-top-column elementor-element elementor-element-2aa9048\" data-id=\"2aa9048\" data-element_type=\"column\" data-e-type=\"column\">\n\t\t\t<div class=\"elementor-widget-wrap elementor-element-populated\">\n\t\t\t\t\t\t<div class=\"elementor-element elementor-element-70ecb11 elementor-widget elementor-widget-heading\" data-id=\"70ecb11\" data-element_type=\"widget\" data-e-type=\"widget\" data-widget_type=\"heading.default\">\n\t\t\t\t\t<h2 class=\"elementor-heading-title elementor-size-default\">Webinar: Innowacyjny system obliczeniowy CFD ze specjalizowanym uk\u0142adem scalonym\nrealizuj\u0105cym sprz\u0119towe obliczenia z zastosowaniem Nieci\u0105g\u0142ej Metody Galerkina<\/h2>\t\t\t\t<\/div>\n\t\t\t\t\t<\/div>\n\t\t<\/div>\n\t\t\t\t\t<\/div>\n\t\t<\/section>\n\t\t\t\t<section class=\"elementor-section elementor-top-section elementor-element elementor-element-b659748 elementor-section-boxed elementor-section-height-default elementor-section-height-default\" data-id=\"b659748\" data-element_type=\"section\" data-e-type=\"section\" data-settings=\"{&quot;background_background&quot;:&quot;classic&quot;}\">\n\t\t\t\t\t\t<div class=\"elementor-container elementor-column-gap-default\">\n\t\t\t\t\t<div class=\"elementor-column elementor-col-100 elementor-top-column elementor-element elementor-element-494706f\" data-id=\"494706f\" data-element_type=\"column\" data-e-type=\"column\">\n\t\t\t<div class=\"elementor-widget-wrap elementor-element-populated\">\n\t\t\t\t\t\t<div class=\"elementor-element elementor-element-d7dfc07 elementor-widget elementor-widget-text-editor\" data-id=\"d7dfc07\" data-element_type=\"widget\" data-e-type=\"widget\" data-widget_type=\"text-editor.default\">\n\t\t\t\t\t\t\t\t\t<p><strong>Innowacyjny system obliczeniowy CFD ze specjalizowanym uk\u0142adem scalonym realizuj\u0105cym sprz\u0119towe obliczenia z zastosowaniem Nieci\u0105g\u0142ej Metody Galerkina<\/strong>. Tak brzmi temat kolejnego webinaru z serii \u201eCFD dla praktyk\u00f3w\u201d, kt\u00f3ry om\u00f3wi <strong>Mariusz Ksi\u0119\u017cyk<\/strong>. Na webinar zapraszamy<strong> 7 lutego 2022 r. o godz. 10.00<\/strong>. <\/p><p>Aktualne tempo rozwoju komputer\u00f3w sprawia, \u017ce zast\u0105pienie obecnie stosowanych, wyczerpuj\u0105cych swoje mo\u017cliwo\u015bci metod CFD, bazuj\u0105cych na r\u00f3wnaniach RANS nast\u0105pi dopiero za oko\u0142o 25 lat. Proponowane rozwi\u0105zanie stworzenia dedykowanego procesora (a dalej komputera) obliczeniowego ma na celu zniwelowanie tego czasu do minimum i umo\u017cliwienie korzystania z bardziej zaawansowanych metod obliczeniowych (LES) ju\u017c dzisiaj. Dzi\u0119ki temu, firmy z takich bran\u017c jak lotnictwo, automotive czy energetyka b\u0119d\u0105 mog\u0142y wyposa\u017cy\u0107 swoich in\u017cynier\u00f3w w systemy obliczeniowe, bazuj\u0105ce na dedykowanym procesorze, zast\u0119puj\u0105c superkomputery z\u0142o\u017cone nieraz z kilku tysi\u0119cy rdzeni, jednym urz\u0105dzeniem. Rozwi\u0105zanie bazuje na trzech filarach. Pierwszym jest wykorzystanie nieci\u0105g\u0142ej metody Galerkina, kt\u00f3rej zaletami s\u0105: lokalno\u015b\u0107 metody, a co za tym idzie \u0142atwe zr\u00f3wnoleglanie, aproksymacja rozwi\u0105zania wielomianami wysokiego stopnia, du\u017ca dok\u0142adno\u015b\u0107 rozwi\u0105zywania cz\u0142on\u00f3w pierwszego rz\u0119du, mo\u017cliwo\u015b\u0107 osi\u0105gania wysokiego rz\u0119du dok\u0142adno\u015bci. Drugim filarem jest zaszycie algorytmu obliczeniowego w strukturze krzemowej specjalizowanego mikroprocesora, co ma zapewni\u0107 wystarczaj\u0105c\u0105 moc obliczeniow\u0105 do wykonania wszystkich operacji obliczeniowych w stosunkowo kr\u00f3tkim czasie. Trzecim filarem jest mo\u017cliwo\u015b\u0107 \u0142atwego \u0142\u0105czenia tysi\u0119cy uk\u0142ad\u00f3w z liniowym wsp\u00f3\u0142czynnikiem przyspieszenia.<\/p><p><strong>Link do webinaru:<\/strong> <a href=\"https:\/\/www.gotomeet.me\/NCBJmeetings\/eurocc\" target=\"_blank\" rel=\"noopener\">https:\/\/www.gotomeet.me\/NCBJmeetings\/eurocc<\/a>\u00a0<\/p>\t\t\t\t\t\t\t\t<\/div>\n\t\t\t\t\t<\/div>\n\t\t<\/div>\n\t\t\t\t\t<\/div>\n\t\t<\/section>\n\t\t\t\t<\/div>\n\t\t","protected":false},"excerpt":{"rendered":"<p>Webinar: Innowacyjny system obliczeniowy CFD ze specjalizowanym uk\u0142adem scalonym realizuj\u0105cym sprz\u0119towe obliczenia z zastosowaniem Nieci\u0105g\u0142ej Metody Galerkina Innowacyjny system obliczeniowy CFD ze specjalizowanym uk\u0142adem scalonym realizuj\u0105cym sprz\u0119towe obliczenia z zastosowaniem Nieci\u0105g\u0142ej Metody Galerkina. Tak brzmi temat kolejnego webinaru z serii \u201eCFD dla praktyk\u00f3w\u201d, kt\u00f3ry om\u00f3wi Mariusz Ksi\u0119\u017cyk. Na webinar zapraszamy 7 lutego 2022 r. o&hellip;&nbsp;<a href=\"https:\/\/cc.eurohpc.pl\/index.php\/metoda-galerkina\/\" rel=\"bookmark\">Dowiedz si\u0119 wi\u0119cej &raquo;<span class=\"screen-reader-text\">metoda galerkina<\/span><\/a><\/p>\n","protected":false},"author":5,"featured_media":0,"parent":0,"menu_order":0,"comment_status":"closed","ping_status":"closed","template":"page-templates\/template-pagebuilder-full-width.php","meta":{"_monsterinsights_skip_tracking":false,"_monsterinsights_sitenote_active":false,"_monsterinsights_sitenote_note":"","_monsterinsights_sitenote_category":0,"neve_meta_sidebar":"","neve_meta_container":"","neve_meta_enable_content_width":"","neve_meta_content_width":0,"neve_meta_title_alignment":"","neve_meta_author_avatar":"","neve_post_elements_order":"","neve_meta_disable_header":"","neve_meta_disable_footer":"","neve_meta_disable_title":"","footnotes":""},"class_list":["post-8796","page","type-page","status-publish","hentry"],"_links":{"self":[{"href":"https:\/\/cc.eurohpc.pl\/index.php\/wp-json\/wp\/v2\/pages\/8796","targetHints":{"allow":["GET"]}}],"collection":[{"href":"https:\/\/cc.eurohpc.pl\/index.php\/wp-json\/wp\/v2\/pages"}],"about":[{"href":"https:\/\/cc.eurohpc.pl\/index.php\/wp-json\/wp\/v2\/types\/page"}],"author":[{"embeddable":true,"href":"https:\/\/cc.eurohpc.pl\/index.php\/wp-json\/wp\/v2\/users\/5"}],"replies":[{"embeddable":true,"href":"https:\/\/cc.eurohpc.pl\/index.php\/wp-json\/wp\/v2\/comments?post=8796"}],"version-history":[{"count":10,"href":"https:\/\/cc.eurohpc.pl\/index.php\/wp-json\/wp\/v2\/pages\/8796\/revisions"}],"predecessor-version":[{"id":8810,"href":"https:\/\/cc.eurohpc.pl\/index.php\/wp-json\/wp\/v2\/pages\/8796\/revisions\/8810"}],"wp:attachment":[{"href":"https:\/\/cc.eurohpc.pl\/index.php\/wp-json\/wp\/v2\/media?parent=8796"}],"curies":[{"name":"wp","href":"https:\/\/api.w.org\/{rel}","templated":true}]}}