{"id":83,"date":"2021-08-17T07:11:03","date_gmt":"2021-08-17T07:11:03","guid":{"rendered":"http:\/\/10.26.36.32\/?page_id=83"},"modified":"2025-01-30T13:39:58","modified_gmt":"2025-01-30T13:39:58","slug":"narodowe-centrum-kompetencji","status":"publish","type":"page","link":"https:\/\/cc.eurohpc.pl\/index.php\/narodowe-centrum-kompetencji\/","title":{"rendered":"Narodowe Centrum Kompetencji"},"content":{"rendered":"\t\t<div data-elementor-type=\"wp-page\" data-elementor-id=\"83\" class=\"elementor elementor-83\" data-elementor-post-type=\"page\">\n\t\t\t\t\t\t<section class=\"elementor-section elementor-top-section elementor-element elementor-element-da4bdbc elementor-section-boxed elementor-section-height-default elementor-section-height-default\" data-id=\"da4bdbc\" data-element_type=\"section\" data-e-type=\"section\">\n\t\t\t\t\t\t<div class=\"elementor-container elementor-column-gap-default\">\n\t\t\t\t\t<div class=\"elementor-column elementor-col-100 elementor-top-column elementor-element elementor-element-8ef847d\" data-id=\"8ef847d\" data-element_type=\"column\" data-e-type=\"column\">\n\t\t\t<div class=\"elementor-widget-wrap elementor-element-populated\">\n\t\t\t\t\t\t<div class=\"elementor-element elementor-element-6c3a479 elementor-widget elementor-widget-heading\" data-id=\"6c3a479\" data-element_type=\"widget\" data-e-type=\"widget\" data-widget_type=\"heading.default\">\n\t\t\t\t\t<h2 class=\"elementor-heading-title elementor-size-default\">Narodowe Centrum Kompetencji Obliczeniowych (NCKO)<\/h2>\t\t\t\t<\/div>\n\t\t\t\t\t<\/div>\n\t\t<\/div>\n\t\t\t\t\t<\/div>\n\t\t<\/section>\n\t\t\t\t<section class=\"elementor-section elementor-top-section elementor-element elementor-element-d11dd36 elementor-section-boxed elementor-section-height-default elementor-section-height-default\" data-id=\"d11dd36\" data-element_type=\"section\" data-e-type=\"section\">\n\t\t\t\t\t\t<div class=\"elementor-container elementor-column-gap-default\">\n\t\t\t\t\t<div class=\"elementor-column elementor-col-100 elementor-top-column elementor-element elementor-element-f7b3f10\" data-id=\"f7b3f10\" data-element_type=\"column\" data-e-type=\"column\">\n\t\t\t<div class=\"elementor-widget-wrap elementor-element-populated\">\n\t\t\t\t\t\t<div class=\"elementor-element elementor-element-0d8153a elementor-widget elementor-widget-text-editor\" data-id=\"0d8153a\" data-element_type=\"widget\" data-e-type=\"widget\" data-widget_type=\"text-editor.default\">\n\t\t\t\t\t\t\t\t\t<p><strong> Narodowe Centrum Kompetencji Obliczeniowych (NCKO)<\/strong> powsta\u0142o w ramach projektu <strong><span style=\"color: #aa8523;\"><a style=\"color: #aa8523;\" href=\"https:\/\/www.eurocc-access.eu\/\" target=\"_blank\" rel=\"noopener\">EuroCC<\/a>.<\/span><\/strong> Jego celem jest stworzenie sieci krajowych centr\u00f3w kompetencji obliczeniowych w 33 pa\u0144stwach europejskich. Sie\u0107 ta umo\u017cliwia dost\u0119p do \u015bwiatowej klasy superkomputer\u00f3w oraz zapewnia wsparcie technologiczne i szkoleniowe w zakresie wysokowydajnych oblicze\u0144, gromadzenia, przechowywania, przetwarzania i analizowania du\u017cych ilo\u015bci danych, a tak\u017ce sztucznej inteligencji. Centra powstaj\u0105 w ramach europejskiej inicjatywy <strong><span style=\"color: #aa8423;\"><a style=\"color: #aa8423;\" href=\"https:\/\/eurohpc-ju.europa.eu\/\" target=\"_blank\" rel=\"noopener\">Euro<span style=\"color: #aa8523;\">HPC<\/span> JU<\/a><\/span><\/strong>.<\/p><p>Siedziba polskiego Narodowego Centrum Kompetencji Obliczeniowych mie\u015bci w Akademickim Centrum Komputerowym Cyfronet AGH przy ul. Nawojki 11 w Krakowie. Jednak superkomputery, do kt\u00f3rych dost\u0119p umo\u017cliwia NCKO, znajduj\u0105 si\u0119 te\u017c w Gda\u0144sku, Otwocku, Poznaniu, Wroc\u0142awiu i Warszawie. W sk\u0142ad Narodowego Centrum Kompetencji Obliczeniowych wchodz\u0105 zasoby z sze\u015bciu polskich centr\u00f3w HPC (patrz: <strong><span style=\"color: #aa8523;\"><a style=\"color: #aa8523;\" href=\"https:\/\/cc.eurohpc.pl\/index.php\/konsorcjum-plgrid\/\" target=\"_blank\" rel=\"noopener\">Konsorcjum PLGrid<\/a><\/span><\/strong>).<\/p><p>\u015awiadczymy us\u0142ugi dla uczelni, instytut\u00f3w badawczych, przemys\u0142u (zw\u0142aszcza dla M\u015aP) oraz dla administracji publicznej. Narodowe Centrum Kompetencji Obliczeniowych jest o\u015brodkiem eksperckim, a zarazem punktem kontaktowym, kt\u00f3ry umo\u017cliwia u\u017cytkownikom korzystanie z polskiej i europejskiej infrastruktury superkomputerowej. Oferujemy wsparcie konsultingowe w zakresie identyfikacji konkretnej us\u0142ugi z obszaru HPC+ (HPC, HPDA, AI, Big Data, NLP, Data Analytics) zar\u00f3wno w krajowych, jak i europejskimch centrach superkomputerowych.<\/p>\t\t\t\t\t\t\t\t<\/div>\n\t\t\t\t\t<\/div>\n\t\t<\/div>\n\t\t\t\t\t<\/div>\n\t\t<\/section>\n\t\t\t\t<section class=\"elementor-section elementor-top-section elementor-element elementor-element-ecc613f elementor-section-height-min-height elementor-section-items-bottom elementor-section-boxed elementor-section-height-default\" data-id=\"ecc613f\" data-element_type=\"section\" data-e-type=\"section\" data-settings=\"{&quot;background_background&quot;:&quot;classic&quot;}\">\n\t\t\t\t\t\t<div class=\"elementor-container elementor-column-gap-default\">\n\t\t\t\t\t<div class=\"elementor-column elementor-col-100 elementor-top-column elementor-element elementor-element-a35f158\" data-id=\"a35f158\" data-element_type=\"column\" data-e-type=\"column\">\n\t\t\t<div class=\"elementor-widget-wrap\">\n\t\t\t\t\t\t\t<\/div>\n\t\t<\/div>\n\t\t\t\t\t<\/div>\n\t\t<\/section>\n\t\t\t\t<\/div>\n\t\t","protected":false},"excerpt":{"rendered":"<p>Narodowe Centrum Kompetencji Obliczeniowych (NCKO) Narodowe Centrum Kompetencji Obliczeniowych (NCKO) powsta\u0142o w ramach projektu EuroCC. Jego celem jest stworzenie sieci krajowych centr\u00f3w kompetencji obliczeniowych w 33 pa\u0144stwach europejskich. Sie\u0107 ta umo\u017cliwia dost\u0119p do \u015bwiatowej klasy superkomputer\u00f3w oraz zapewnia wsparcie technologiczne i szkoleniowe w zakresie wysokowydajnych oblicze\u0144, gromadzenia, przechowywania, przetwarzania i analizowania du\u017cych ilo\u015bci danych, a&hellip;&nbsp;<a href=\"https:\/\/cc.eurohpc.pl\/index.php\/narodowe-centrum-kompetencji\/\" rel=\"bookmark\">Dowiedz si\u0119 wi\u0119cej &raquo;<span class=\"screen-reader-text\">Narodowe Centrum Kompetencji<\/span><\/a><\/p>\n","protected":false},"author":5,"featured_media":0,"parent":0,"menu_order":0,"comment_status":"closed","ping_status":"closed","template":"page-templates\/template-pagebuilder-full-width.php","meta":{"_monsterinsights_skip_tracking":false,"_monsterinsights_sitenote_active":false,"_monsterinsights_sitenote_note":"","_monsterinsights_sitenote_category":0,"neve_meta_sidebar":"","neve_meta_container":"","neve_meta_enable_content_width":"","neve_meta_content_width":0,"neve_meta_title_alignment":"","neve_meta_author_avatar":"","neve_post_elements_order":"","neve_meta_disable_header":"","neve_meta_disable_footer":"","neve_meta_disable_title":"","footnotes":""},"class_list":["post-83","page","type-page","status-publish","hentry"],"_links":{"self":[{"href":"https:\/\/cc.eurohpc.pl\/index.php\/wp-json\/wp\/v2\/pages\/83","targetHints":{"allow":["GET"]}}],"collection":[{"href":"https:\/\/cc.eurohpc.pl\/index.php\/wp-json\/wp\/v2\/pages"}],"about":[{"href":"https:\/\/cc.eurohpc.pl\/index.php\/wp-json\/wp\/v2\/types\/page"}],"author":[{"embeddable":true,"href":"https:\/\/cc.eurohpc.pl\/index.php\/wp-json\/wp\/v2\/users\/5"}],"replies":[{"embeddable":true,"href":"https:\/\/cc.eurohpc.pl\/index.php\/wp-json\/wp\/v2\/comments?post=83"}],"version-history":[{"count":97,"href":"https:\/\/cc.eurohpc.pl\/index.php\/wp-json\/wp\/v2\/pages\/83\/revisions"}],"predecessor-version":[{"id":12130,"href":"https:\/\/cc.eurohpc.pl\/index.php\/wp-json\/wp\/v2\/pages\/83\/revisions\/12130"}],"wp:attachment":[{"href":"https:\/\/cc.eurohpc.pl\/index.php\/wp-json\/wp\/v2\/media?parent=83"}],"curies":[{"name":"wp","href":"https:\/\/api.w.org\/{rel}","templated":true}]}}