{"id":8164,"date":"2022-11-03T11:59:32","date_gmt":"2022-11-03T11:59:32","guid":{"rendered":"https:\/\/cc.eurohpc.pl\/?page_id=8164"},"modified":"2023-03-10T10:28:30","modified_gmt":"2023-03-10T10:28:30","slug":"icm-procedura","status":"publish","type":"page","link":"https:\/\/cc.eurohpc.pl\/index.php\/icm-procedura\/","title":{"rendered":"ICM procedura"},"content":{"rendered":"\t\t<div data-elementor-type=\"wp-page\" data-elementor-id=\"8164\" class=\"elementor elementor-8164\" data-elementor-post-type=\"page\">\n\t\t\t\t\t\t<section class=\"elementor-section elementor-top-section elementor-element elementor-element-721d19c elementor-section-full_width elementor-section-height-min-height elementor-section-height-default elementor-section-items-middle\" data-id=\"721d19c\" data-element_type=\"section\" data-e-type=\"section\" data-settings=\"{&quot;background_background&quot;:&quot;slideshow&quot;,&quot;background_slideshow_gallery&quot;:[{&quot;id&quot;:8147,&quot;url&quot;:&quot;https:\\\/\\\/cc.eurohpc.pl\\\/wp-content\\\/uploads\\\/2022\\\/10\\\/Group-31010.jpg&quot;}],&quot;background_slideshow_loop&quot;:&quot;yes&quot;,&quot;background_slideshow_slide_duration&quot;:5000,&quot;background_slideshow_slide_transition&quot;:&quot;fade&quot;,&quot;background_slideshow_transition_duration&quot;:500}\">\n\t\t\t\t\t\t<div class=\"elementor-container elementor-column-gap-default\">\n\t\t\t\t\t<div class=\"elementor-column elementor-col-100 elementor-top-column elementor-element elementor-element-7359668\" data-id=\"7359668\" data-element_type=\"column\" data-e-type=\"column\">\n\t\t\t<div class=\"elementor-widget-wrap\">\n\t\t\t\t\t\t\t<\/div>\n\t\t<\/div>\n\t\t\t\t\t<\/div>\n\t\t<\/section>\n\t\t\t\t<section class=\"elementor-section elementor-top-section elementor-element elementor-element-2d6b379 elementor-section-boxed elementor-section-height-default elementor-section-height-default\" data-id=\"2d6b379\" data-element_type=\"section\" data-e-type=\"section\">\n\t\t\t\t\t\t<div class=\"elementor-container elementor-column-gap-default\">\n\t\t\t\t\t<div class=\"elementor-column elementor-col-100 elementor-top-column elementor-element elementor-element-11109fa\" data-id=\"11109fa\" data-element_type=\"column\" data-e-type=\"column\">\n\t\t\t<div class=\"elementor-widget-wrap elementor-element-populated\">\n\t\t\t\t\t\t<section class=\"elementor-section elementor-inner-section elementor-element elementor-element-27e46bc elementor-section-boxed elementor-section-height-default elementor-section-height-default\" data-id=\"27e46bc\" data-element_type=\"section\" data-e-type=\"section\" data-settings=\"{&quot;background_background&quot;:&quot;classic&quot;}\">\n\t\t\t\t\t\t<div class=\"elementor-container elementor-column-gap-default\">\n\t\t\t\t\t<div class=\"elementor-column elementor-col-100 elementor-inner-column elementor-element elementor-element-accf26b\" data-id=\"accf26b\" data-element_type=\"column\" data-e-type=\"column\">\n\t\t\t<div class=\"elementor-widget-wrap elementor-element-populated\">\n\t\t\t\t\t\t<div class=\"elementor-element elementor-element-0bd6bf0 elementor-widget elementor-widget-heading\" data-id=\"0bd6bf0\" data-element_type=\"widget\" data-e-type=\"widget\" data-widget_type=\"heading.default\">\n\t\t\t\t\t<h2 class=\"elementor-heading-title elementor-size-default\">ICM UW<\/h2>\t\t\t\t<\/div>\n\t\t\t\t<div class=\"elementor-element elementor-element-324b952 elementor-widget elementor-widget-heading\" data-id=\"324b952\" data-element_type=\"widget\" data-e-type=\"widget\" data-widget_type=\"heading.default\">\n\t\t\t\t\t<h2 class=\"elementor-heading-title elementor-size-default\">Alokacje zasob\u00f3w HPC<\/h2>\t\t\t\t<\/div>\n\t\t\t\t\t<\/div>\n\t\t<\/div>\n\t\t\t\t\t<\/div>\n\t\t<\/section>\n\t\t\t\t\t<\/div>\n\t\t<\/div>\n\t\t\t\t\t<\/div>\n\t\t<\/section>\n\t\t\t\t<section class=\"elementor-section elementor-top-section elementor-element elementor-element-f77f66e elementor-section-full_width elementor-section-height-default elementor-section-height-default\" data-id=\"f77f66e\" data-element_type=\"section\" data-e-type=\"section\" id=\"cel\">\n\t\t\t\t\t\t<div class=\"elementor-container elementor-column-gap-default\">\n\t\t\t\t\t<div class=\"elementor-column elementor-col-33 elementor-top-column elementor-element elementor-element-c93fbc7\" data-id=\"c93fbc7\" data-element_type=\"column\" data-e-type=\"column\">\n\t\t\t<div class=\"elementor-widget-wrap elementor-element-populated\">\n\t\t\t\t\t\t<div class=\"elementor-element elementor-element-e80c941 elementor-widget-tablet__width-initial elementor-absolute elementor-hidden-mobile elementor-widget elementor-widget-image\" data-id=\"e80c941\" data-element_type=\"widget\" data-e-type=\"widget\" data-settings=\"{&quot;_position&quot;:&quot;absolute&quot;}\" data-widget_type=\"image.default\">\n\t\t\t\t\t\t\t\t\t\t\t\t\t\t\t<img fetchpriority=\"high\" decoding=\"async\" width=\"375\" height=\"369\" src=\"https:\/\/cc.eurohpc.pl\/wp-content\/uploads\/2022\/10\/Mask-Group-35.png\" class=\"attachment-large size-large wp-image-8132\" alt=\"\" srcset=\"https:\/\/cc.eurohpc.pl\/wp-content\/uploads\/2022\/10\/Mask-Group-35.png 375w, https:\/\/cc.eurohpc.pl\/wp-content\/uploads\/2022\/10\/Mask-Group-35-300x295.png 300w\" sizes=\"(max-width: 375px) 100vw, 375px\" \/>\t\t\t\t\t\t\t\t\t\t\t\t\t\t\t<\/div>\n\t\t\t\t\t<\/div>\n\t\t<\/div>\n\t\t\t\t<div class=\"elementor-column elementor-col-33 elementor-top-column elementor-element elementor-element-e1c5d4e\" data-id=\"e1c5d4e\" data-element_type=\"column\" data-e-type=\"column\">\n\t\t\t<div class=\"elementor-widget-wrap elementor-element-populated\">\n\t\t\t\t\t\t<div class=\"elementor-element elementor-element-3fea79c elementor-widget elementor-widget-heading\" data-id=\"3fea79c\" data-element_type=\"widget\" data-e-type=\"widget\" data-widget_type=\"heading.default\">\n\t\t\t\t\t<h2 class=\"elementor-heading-title elementor-size-default\">Cel<\/h2>\t\t\t\t<\/div>\n\t\t\t\t<div class=\"elementor-element elementor-element-c899d95 elementor-widget elementor-widget-text-editor\" data-id=\"c899d95\" data-element_type=\"widget\" data-e-type=\"widget\" data-widget_type=\"text-editor.default\">\n\t\t\t\t\t\t\t\t\t<p>Przydzia\u0142 zasob\u00f3w HPC u\u017cytkownikowi, udzielenie i obs\u0142uga cyklu \u017cycia projektu obliczeniowego razem z udost\u0119pnionymi w jego ramach zasobami.<\/p>\t\t\t\t\t\t\t\t<\/div>\n\t\t\t\t<div class=\"elementor-element elementor-element-62bf25c elementor-widget elementor-widget-heading\" data-id=\"62bf25c\" data-element_type=\"widget\" data-e-type=\"widget\" data-widget_type=\"heading.default\">\n\t\t\t\t\t<h2 class=\"elementor-heading-title elementor-size-default\">Efekty<\/h2>\t\t\t\t<\/div>\n\t\t\t\t<div class=\"elementor-element elementor-element-12bb70d elementor-widget elementor-widget-text-editor\" data-id=\"12bb70d\" data-element_type=\"widget\" data-e-type=\"widget\" data-widget_type=\"text-editor.default\">\n\t\t\t\t\t\t\t\t\t<p>Uporz\u0105dkowanie dost\u0119pu i uprawnie\u0144 do zasob\u00f3w HPC.<\/p>\t\t\t\t\t\t\t\t<\/div>\n\t\t\t\t<div class=\"elementor-element elementor-element-c6d043e elementor-widget elementor-widget-text-editor\" data-id=\"c6d043e\" data-element_type=\"widget\" data-e-type=\"widget\" data-widget_type=\"text-editor.default\">\n\t\t\t\t\t\t\t\t\t<p>Elastyczno\u015b\u0107 udzielania dost\u0119pu, sterowanie czasem dost\u0119pu i bud\u017cetami w wykorzystaniu zasob\u00f3w, monitoring i rozliczanie dost\u0119pu, \u017ar\u00f3d\u0142o informacji o aktywno\u015bci u\u017cytkownik\u00f3w.<\/p>\t\t\t\t\t\t\t\t<\/div>\n\t\t\t\t\t<\/div>\n\t\t<\/div>\n\t\t\t\t<div class=\"elementor-column elementor-col-33 elementor-top-column elementor-element elementor-element-10515e4\" data-id=\"10515e4\" data-element_type=\"column\" data-e-type=\"column\">\n\t\t\t<div class=\"elementor-widget-wrap elementor-element-populated\">\n\t\t\t\t\t\t<div class=\"elementor-element elementor-element-5aec057 elementor-widget-tablet__width-initial elementor-absolute elementor-hidden-mobile elementor-widget elementor-widget-image\" data-id=\"5aec057\" data-element_type=\"widget\" data-e-type=\"widget\" data-settings=\"{&quot;_position&quot;:&quot;absolute&quot;}\" data-widget_type=\"image.default\">\n\t\t\t\t\t\t\t\t\t\t\t\t\t\t\t<img decoding=\"async\" width=\"537\" height=\"326\" src=\"https:\/\/cc.eurohpc.pl\/wp-content\/uploads\/2022\/10\/Mask-Group-34.png\" class=\"attachment-large size-large wp-image-8131\" alt=\"\" srcset=\"https:\/\/cc.eurohpc.pl\/wp-content\/uploads\/2022\/10\/Mask-Group-34.png 537w, https:\/\/cc.eurohpc.pl\/wp-content\/uploads\/2022\/10\/Mask-Group-34-300x182.png 300w\" sizes=\"(max-width: 537px) 100vw, 537px\" \/>\t\t\t\t\t\t\t\t\t\t\t\t\t\t\t<\/div>\n\t\t\t\t\t<\/div>\n\t\t<\/div>\n\t\t\t\t\t<\/div>\n\t\t<\/section>\n\t\t\t\t<section class=\"elementor-section elementor-top-section elementor-element elementor-element-f50b0dd elementor-section-full_width elementor-section-height-default elementor-section-height-default\" data-id=\"f50b0dd\" data-element_type=\"section\" data-e-type=\"section\">\n\t\t\t\t\t\t<div class=\"elementor-container elementor-column-gap-default\">\n\t\t\t\t\t<div class=\"elementor-column elementor-col-25 elementor-top-column elementor-element elementor-element-08d8e8c\" data-id=\"08d8e8c\" data-element_type=\"column\" data-e-type=\"column\">\n\t\t\t<div class=\"elementor-widget-wrap\">\n\t\t\t\t\t\t\t<\/div>\n\t\t<\/div>\n\t\t\t\t<div class=\"elementor-column elementor-col-50 elementor-top-column elementor-element elementor-element-f7d86c6\" data-id=\"f7d86c6\" data-element_type=\"column\" data-e-type=\"column\">\n\t\t\t<div class=\"elementor-widget-wrap elementor-element-populated\">\n\t\t\t\t\t\t<div class=\"elementor-element elementor-element-9d4fca6 elementor-widget elementor-widget-image\" data-id=\"9d4fca6\" data-element_type=\"widget\" data-e-type=\"widget\" data-widget_type=\"image.default\">\n\t\t\t\t\t\t\t\t\t\t\t\t\t\t\t<img decoding=\"async\" width=\"5112\" height=\"12160\" src=\"https:\/\/cc.eurohpc.pl\/wp-content\/uploads\/2022\/11\/IMC-procedura-etapy.png\" class=\"attachment-full size-full wp-image-8319\" alt=\"\" srcset=\"https:\/\/cc.eurohpc.pl\/wp-content\/uploads\/2022\/11\/IMC-procedura-etapy.png 5112w, https:\/\/cc.eurohpc.pl\/wp-content\/uploads\/2022\/11\/IMC-procedura-etapy-126x300.png 126w, https:\/\/cc.eurohpc.pl\/wp-content\/uploads\/2022\/11\/IMC-procedura-etapy-430x1024.png 430w, https:\/\/cc.eurohpc.pl\/wp-content\/uploads\/2022\/11\/IMC-procedura-etapy-768x1827.png 768w, https:\/\/cc.eurohpc.pl\/wp-content\/uploads\/2022\/11\/IMC-procedura-etapy-646x1536.png 646w, https:\/\/cc.eurohpc.pl\/wp-content\/uploads\/2022\/11\/IMC-procedura-etapy-861x2048.png 861w\" sizes=\"(max-width: 5112px) 100vw, 5112px\" \/>\t\t\t\t\t\t\t\t\t\t\t\t\t\t\t<\/div>\n\t\t\t\t\t<\/div>\n\t\t<\/div>\n\t\t\t\t<div class=\"elementor-column elementor-col-25 elementor-top-column elementor-element elementor-element-89ac170\" data-id=\"89ac170\" data-element_type=\"column\" data-e-type=\"column\">\n\t\t\t<div class=\"elementor-widget-wrap\">\n\t\t\t\t\t\t\t<\/div>\n\t\t<\/div>\n\t\t\t\t\t<\/div>\n\t\t<\/section>\n\t\t\t\t<section class=\"elementor-section elementor-top-section elementor-element elementor-element-624f35b elementor-section-height-min-height elementor-section-boxed elementor-section-height-default elementor-section-items-middle\" data-id=\"624f35b\" data-element_type=\"section\" data-e-type=\"section\" data-settings=\"{&quot;background_background&quot;:&quot;classic&quot;}\">\n\t\t\t\t\t\t<div class=\"elementor-container elementor-column-gap-default\">\n\t\t\t\t\t<div class=\"elementor-column elementor-col-100 elementor-top-column elementor-element elementor-element-5d42643\" data-id=\"5d42643\" data-element_type=\"column\" data-e-type=\"column\">\n\t\t\t<div class=\"elementor-widget-wrap\">\n\t\t\t\t\t\t\t<\/div>\n\t\t<\/div>\n\t\t\t\t\t<\/div>\n\t\t<\/section>\n\t\t\t\t<\/div>\n\t\t","protected":false},"excerpt":{"rendered":"<p>ICM UW Alokacje zasob\u00f3w HPC Cel Przydzia\u0142 zasob\u00f3w HPC u\u017cytkownikowi, udzielenie i obs\u0142uga cyklu \u017cycia projektu obliczeniowego razem z udost\u0119pnionymi w jego ramach zasobami. Efekty Uporz\u0105dkowanie dost\u0119pu i uprawnie\u0144 do zasob\u00f3w HPC. Elastyczno\u015b\u0107 udzielania dost\u0119pu, sterowanie czasem dost\u0119pu i bud\u017cetami w wykorzystaniu zasob\u00f3w, monitoring i rozliczanie dost\u0119pu, \u017ar\u00f3d\u0142o informacji o aktywno\u015bci u\u017cytkownik\u00f3w.<\/p>\n","protected":false},"author":5,"featured_media":6179,"parent":0,"menu_order":0,"comment_status":"closed","ping_status":"closed","template":"page-templates\/template-pagebuilder-full-width.php","meta":{"_monsterinsights_skip_tracking":false,"_monsterinsights_sitenote_active":false,"_monsterinsights_sitenote_note":"","_monsterinsights_sitenote_category":0,"neve_meta_sidebar":"","neve_meta_container":"","neve_meta_enable_content_width":"","neve_meta_content_width":0,"neve_meta_title_alignment":"","neve_meta_author_avatar":"","neve_post_elements_order":"","neve_meta_disable_header":"","neve_meta_disable_footer":"","neve_meta_disable_title":"","footnotes":""},"class_list":["post-8164","page","type-page","status-publish","has-post-thumbnail","hentry"],"_links":{"self":[{"href":"https:\/\/cc.eurohpc.pl\/index.php\/wp-json\/wp\/v2\/pages\/8164","targetHints":{"allow":["GET"]}}],"collection":[{"href":"https:\/\/cc.eurohpc.pl\/index.php\/wp-json\/wp\/v2\/pages"}],"about":[{"href":"https:\/\/cc.eurohpc.pl\/index.php\/wp-json\/wp\/v2\/types\/page"}],"author":[{"embeddable":true,"href":"https:\/\/cc.eurohpc.pl\/index.php\/wp-json\/wp\/v2\/users\/5"}],"replies":[{"embeddable":true,"href":"https:\/\/cc.eurohpc.pl\/index.php\/wp-json\/wp\/v2\/comments?post=8164"}],"version-history":[{"count":24,"href":"https:\/\/cc.eurohpc.pl\/index.php\/wp-json\/wp\/v2\/pages\/8164\/revisions"}],"predecessor-version":[{"id":8326,"href":"https:\/\/cc.eurohpc.pl\/index.php\/wp-json\/wp\/v2\/pages\/8164\/revisions\/8326"}],"wp:featuredmedia":[{"embeddable":true,"href":"https:\/\/cc.eurohpc.pl\/index.php\/wp-json\/wp\/v2\/media\/6179"}],"wp:attachment":[{"href":"https:\/\/cc.eurohpc.pl\/index.php\/wp-json\/wp\/v2\/media?parent=8164"}],"curies":[{"name":"wp","href":"https:\/\/api.w.org\/{rel}","templated":true}]}}