{"id":8158,"date":"2022-11-03T11:34:22","date_gmt":"2022-11-03T11:34:22","guid":{"rendered":"https:\/\/cc.eurohpc.pl\/?page_id=8158"},"modified":"2023-03-10T10:28:16","modified_gmt":"2023-03-10T10:28:16","slug":"ci-task-procedura-2","status":"publish","type":"page","link":"https:\/\/cc.eurohpc.pl\/index.php\/ci-task-procedura-2\/","title":{"rendered":"CI TASK procedura 2"},"content":{"rendered":"\t\t<div data-elementor-type=\"wp-page\" data-elementor-id=\"8158\" class=\"elementor elementor-8158\" data-elementor-post-type=\"page\">\n\t\t\t\t\t\t<section class=\"elementor-section elementor-top-section elementor-element elementor-element-721d19c elementor-section-full_width elementor-section-height-min-height elementor-section-height-default elementor-section-items-middle\" data-id=\"721d19c\" data-element_type=\"section\" data-e-type=\"section\" data-settings=\"{&quot;background_background&quot;:&quot;slideshow&quot;,&quot;background_slideshow_gallery&quot;:[{&quot;id&quot;:8145,&quot;url&quot;:&quot;https:\\\/\\\/cc.eurohpc.pl\\\/wp-content\\\/uploads\\\/2022\\\/10\\\/Group-31009.jpg&quot;}],&quot;background_slideshow_loop&quot;:&quot;yes&quot;,&quot;background_slideshow_slide_duration&quot;:5000,&quot;background_slideshow_slide_transition&quot;:&quot;fade&quot;,&quot;background_slideshow_transition_duration&quot;:500}\">\n\t\t\t\t\t\t<div class=\"elementor-container elementor-column-gap-default\">\n\t\t\t\t\t<div class=\"elementor-column elementor-col-100 elementor-top-column elementor-element elementor-element-7359668\" data-id=\"7359668\" data-element_type=\"column\" data-e-type=\"column\">\n\t\t\t<div class=\"elementor-widget-wrap\">\n\t\t\t\t\t\t\t<\/div>\n\t\t<\/div>\n\t\t\t\t\t<\/div>\n\t\t<\/section>\n\t\t\t\t<section class=\"elementor-section elementor-top-section elementor-element elementor-element-946dcbc elementor-section-boxed elementor-section-height-default elementor-section-height-default\" data-id=\"946dcbc\" data-element_type=\"section\" data-e-type=\"section\">\n\t\t\t\t\t\t<div class=\"elementor-container elementor-column-gap-default\">\n\t\t\t\t\t<div class=\"elementor-column elementor-col-100 elementor-top-column elementor-element elementor-element-1fdd26e\" data-id=\"1fdd26e\" data-element_type=\"column\" data-e-type=\"column\">\n\t\t\t<div class=\"elementor-widget-wrap elementor-element-populated\">\n\t\t\t\t\t\t<section class=\"elementor-section elementor-inner-section elementor-element elementor-element-a2acd95 elementor-section-boxed elementor-section-height-default elementor-section-height-default\" data-id=\"a2acd95\" data-element_type=\"section\" data-e-type=\"section\" data-settings=\"{&quot;background_background&quot;:&quot;classic&quot;}\">\n\t\t\t\t\t\t<div class=\"elementor-container elementor-column-gap-default\">\n\t\t\t\t\t<div class=\"elementor-column elementor-col-100 elementor-inner-column elementor-element elementor-element-ba8cc01\" data-id=\"ba8cc01\" data-element_type=\"column\" data-e-type=\"column\">\n\t\t\t<div class=\"elementor-widget-wrap elementor-element-populated\">\n\t\t\t\t\t\t<div class=\"elementor-element elementor-element-13ad681 elementor-widget elementor-widget-heading\" data-id=\"13ad681\" data-element_type=\"widget\" data-e-type=\"widget\" data-widget_type=\"heading.default\">\n\t\t\t\t\t<h2 class=\"elementor-heading-title elementor-size-default\">CI TASK<\/h2>\t\t\t\t<\/div>\n\t\t\t\t<div class=\"elementor-element elementor-element-3806692 elementor-widget elementor-widget-heading\" data-id=\"3806692\" data-element_type=\"widget\" data-e-type=\"widget\" data-widget_type=\"heading.default\">\n\t\t\t\t\t<h2 class=\"elementor-heading-title elementor-size-default\">Skalowanie projekt\u00f3w<\/h2>\t\t\t\t<\/div>\n\t\t\t\t\t<\/div>\n\t\t<\/div>\n\t\t\t\t\t<\/div>\n\t\t<\/section>\n\t\t\t\t\t<\/div>\n\t\t<\/div>\n\t\t\t\t\t<\/div>\n\t\t<\/section>\n\t\t\t\t<section class=\"elementor-section elementor-top-section elementor-element elementor-element-f77f66e elementor-section-full_width elementor-section-height-default elementor-section-height-default\" data-id=\"f77f66e\" data-element_type=\"section\" data-e-type=\"section\" id=\"cel\">\n\t\t\t\t\t\t<div class=\"elementor-container elementor-column-gap-default\">\n\t\t\t\t\t<div class=\"elementor-column elementor-col-33 elementor-top-column elementor-element elementor-element-c93fbc7\" data-id=\"c93fbc7\" data-element_type=\"column\" data-e-type=\"column\">\n\t\t\t<div class=\"elementor-widget-wrap elementor-element-populated\">\n\t\t\t\t\t\t<div class=\"elementor-element elementor-element-e80c941 elementor-widget-tablet__width-initial elementor-absolute elementor-hidden-mobile elementor-widget elementor-widget-image\" data-id=\"e80c941\" data-element_type=\"widget\" data-e-type=\"widget\" data-settings=\"{&quot;_position&quot;:&quot;absolute&quot;}\" data-widget_type=\"image.default\">\n\t\t\t\t\t\t\t\t\t\t\t\t\t\t\t<img fetchpriority=\"high\" decoding=\"async\" width=\"375\" height=\"369\" src=\"https:\/\/cc.eurohpc.pl\/wp-content\/uploads\/2022\/10\/Mask-Group-35.png\" class=\"attachment-large size-large wp-image-8132\" alt=\"\" srcset=\"https:\/\/cc.eurohpc.pl\/wp-content\/uploads\/2022\/10\/Mask-Group-35.png 375w, https:\/\/cc.eurohpc.pl\/wp-content\/uploads\/2022\/10\/Mask-Group-35-300x295.png 300w\" sizes=\"(max-width: 375px) 100vw, 375px\" \/>\t\t\t\t\t\t\t\t\t\t\t\t\t\t\t<\/div>\n\t\t\t\t\t<\/div>\n\t\t<\/div>\n\t\t\t\t<div class=\"elementor-column elementor-col-33 elementor-top-column elementor-element elementor-element-e1c5d4e\" data-id=\"e1c5d4e\" data-element_type=\"column\" data-e-type=\"column\">\n\t\t\t<div class=\"elementor-widget-wrap elementor-element-populated\">\n\t\t\t\t\t\t<div class=\"elementor-element elementor-element-3fea79c elementor-widget elementor-widget-heading\" data-id=\"3fea79c\" data-element_type=\"widget\" data-e-type=\"widget\" data-widget_type=\"heading.default\">\n\t\t\t\t\t<h2 class=\"elementor-heading-title elementor-size-default\">Cel<\/h2>\t\t\t\t<\/div>\n\t\t\t\t<div class=\"elementor-element elementor-element-c899d95 elementor-widget elementor-widget-text-editor\" data-id=\"c899d95\" data-element_type=\"widget\" data-e-type=\"widget\" data-widget_type=\"text-editor.default\">\n\t\t\t\t\t\t\t\t\t<p>Wykorzystanie superkomputera do rozwoju projektu badawczego.<\/p>\t\t\t\t\t\t\t\t<\/div>\n\t\t\t\t<div class=\"elementor-element elementor-element-62bf25c elementor-widget elementor-widget-heading\" data-id=\"62bf25c\" data-element_type=\"widget\" data-e-type=\"widget\" data-widget_type=\"heading.default\">\n\t\t\t\t\t<h2 class=\"elementor-heading-title elementor-size-default\">Efekty<\/h2>\t\t\t\t<\/div>\n\t\t\t\t<div class=\"elementor-element elementor-element-20b5f62 elementor-widget elementor-widget-text-editor\" data-id=\"20b5f62\" data-element_type=\"widget\" data-e-type=\"widget\" data-widget_type=\"text-editor.default\">\n\t\t\t\t\t\t\t\t\t<p>Realizacja bada\u0144 w du\u017cej skali, niemo\u017cliwej do osi\u0105gni\u0119cia na pojedynczej stacji roboczej.<\/p>\t\t\t\t\t\t\t\t<\/div>\n\t\t\t\t<div class=\"elementor-element elementor-element-c6d043e elementor-widget elementor-widget-text-editor\" data-id=\"c6d043e\" data-element_type=\"widget\" data-e-type=\"widget\" data-widget_type=\"text-editor.default\">\n\t\t\t\t\t\t\t\t\t<p>Rozw\u00f3j projektu dzi\u0119ki specjalistycznym konsultacjom i dost\u0119powi od zasob\u00f3w HPC.<\/p>\t\t\t\t\t\t\t\t<\/div>\n\t\t\t\t\t<\/div>\n\t\t<\/div>\n\t\t\t\t<div class=\"elementor-column elementor-col-33 elementor-top-column elementor-element elementor-element-10515e4\" data-id=\"10515e4\" data-element_type=\"column\" data-e-type=\"column\">\n\t\t\t<div class=\"elementor-widget-wrap elementor-element-populated\">\n\t\t\t\t\t\t<div class=\"elementor-element elementor-element-5aec057 elementor-widget-tablet__width-initial elementor-absolute elementor-hidden-mobile elementor-widget elementor-widget-image\" data-id=\"5aec057\" data-element_type=\"widget\" data-e-type=\"widget\" data-settings=\"{&quot;_position&quot;:&quot;absolute&quot;}\" data-widget_type=\"image.default\">\n\t\t\t\t\t\t\t\t\t\t\t\t\t\t\t<img decoding=\"async\" width=\"537\" height=\"326\" src=\"https:\/\/cc.eurohpc.pl\/wp-content\/uploads\/2022\/10\/Mask-Group-34.png\" class=\"attachment-large size-large wp-image-8131\" alt=\"\" srcset=\"https:\/\/cc.eurohpc.pl\/wp-content\/uploads\/2022\/10\/Mask-Group-34.png 537w, https:\/\/cc.eurohpc.pl\/wp-content\/uploads\/2022\/10\/Mask-Group-34-300x182.png 300w\" sizes=\"(max-width: 537px) 100vw, 537px\" \/>\t\t\t\t\t\t\t\t\t\t\t\t\t\t\t<\/div>\n\t\t\t\t\t<\/div>\n\t\t<\/div>\n\t\t\t\t\t<\/div>\n\t\t<\/section>\n\t\t\t\t<section class=\"elementor-section elementor-top-section elementor-element elementor-element-f50b0dd elementor-section-full_width elementor-section-height-default elementor-section-height-default\" data-id=\"f50b0dd\" data-element_type=\"section\" data-e-type=\"section\">\n\t\t\t\t\t\t<div class=\"elementor-container elementor-column-gap-default\">\n\t\t\t\t\t<div class=\"elementor-column elementor-col-100 elementor-top-column elementor-element elementor-element-f7d86c6\" data-id=\"f7d86c6\" data-element_type=\"column\" data-e-type=\"column\">\n\t\t\t<div class=\"elementor-widget-wrap elementor-element-populated\">\n\t\t\t\t\t\t<div class=\"elementor-element elementor-element-9d4fca6 elementor-widget elementor-widget-image\" data-id=\"9d4fca6\" data-element_type=\"widget\" data-e-type=\"widget\" data-widget_type=\"image.default\">\n\t\t\t\t\t\t\t\t\t\t\t\t\t\t\t<img decoding=\"async\" width=\"1529\" height=\"1536\" src=\"https:\/\/cc.eurohpc.pl\/wp-content\/uploads\/2022\/11\/Group-31012r-1529x1536.png\" class=\"attachment-1536x1536 size-1536x1536 wp-image-8172\" alt=\"\" srcset=\"https:\/\/cc.eurohpc.pl\/wp-content\/uploads\/2022\/11\/Group-31012r-1529x1536.png 1529w, https:\/\/cc.eurohpc.pl\/wp-content\/uploads\/2022\/11\/Group-31012r-300x300.png 300w, https:\/\/cc.eurohpc.pl\/wp-content\/uploads\/2022\/11\/Group-31012r-1019x1024.png 1019w, https:\/\/cc.eurohpc.pl\/wp-content\/uploads\/2022\/11\/Group-31012r-150x150.png 150w, https:\/\/cc.eurohpc.pl\/wp-content\/uploads\/2022\/11\/Group-31012r-768x772.png 768w, https:\/\/cc.eurohpc.pl\/wp-content\/uploads\/2022\/11\/Group-31012r.png 1640w\" sizes=\"(max-width: 1529px) 100vw, 1529px\" \/>\t\t\t\t\t\t\t\t\t\t\t\t\t\t\t<\/div>\n\t\t\t\t\t<\/div>\n\t\t<\/div>\n\t\t\t\t\t<\/div>\n\t\t<\/section>\n\t\t\t\t<section class=\"elementor-section elementor-top-section elementor-element elementor-element-624f35b elementor-section-height-min-height elementor-section-boxed elementor-section-height-default elementor-section-items-middle\" data-id=\"624f35b\" data-element_type=\"section\" data-e-type=\"section\" data-settings=\"{&quot;background_background&quot;:&quot;classic&quot;}\">\n\t\t\t\t\t\t<div class=\"elementor-container elementor-column-gap-default\">\n\t\t\t\t\t<div class=\"elementor-column elementor-col-100 elementor-top-column elementor-element elementor-element-5d42643\" data-id=\"5d42643\" data-element_type=\"column\" data-e-type=\"column\">\n\t\t\t<div class=\"elementor-widget-wrap\">\n\t\t\t\t\t\t\t<\/div>\n\t\t<\/div>\n\t\t\t\t\t<\/div>\n\t\t<\/section>\n\t\t\t\t<\/div>\n\t\t","protected":false},"excerpt":{"rendered":"<p>CI TASK Skalowanie projekt\u00f3w Cel Wykorzystanie superkomputera do rozwoju projektu badawczego. Efekty Realizacja bada\u0144 w du\u017cej skali, niemo\u017cliwej do osi\u0105gni\u0119cia na pojedynczej stacji roboczej. Rozw\u00f3j projektu dzi\u0119ki specjalistycznym konsultacjom i dost\u0119powi od zasob\u00f3w HPC.<\/p>\n","protected":false},"author":5,"featured_media":0,"parent":0,"menu_order":0,"comment_status":"closed","ping_status":"closed","template":"page-templates\/template-pagebuilder-full-width.php","meta":{"_monsterinsights_skip_tracking":false,"_monsterinsights_sitenote_active":false,"_monsterinsights_sitenote_note":"","_monsterinsights_sitenote_category":0,"neve_meta_sidebar":"","neve_meta_container":"","neve_meta_enable_content_width":"","neve_meta_content_width":0,"neve_meta_title_alignment":"","neve_meta_author_avatar":"","neve_post_elements_order":"","neve_meta_disable_header":"","neve_meta_disable_footer":"","neve_meta_disable_title":"","footnotes":""},"class_list":["post-8158","page","type-page","status-publish","hentry"],"_links":{"self":[{"href":"https:\/\/cc.eurohpc.pl\/index.php\/wp-json\/wp\/v2\/pages\/8158","targetHints":{"allow":["GET"]}}],"collection":[{"href":"https:\/\/cc.eurohpc.pl\/index.php\/wp-json\/wp\/v2\/pages"}],"about":[{"href":"https:\/\/cc.eurohpc.pl\/index.php\/wp-json\/wp\/v2\/types\/page"}],"author":[{"embeddable":true,"href":"https:\/\/cc.eurohpc.pl\/index.php\/wp-json\/wp\/v2\/users\/5"}],"replies":[{"embeddable":true,"href":"https:\/\/cc.eurohpc.pl\/index.php\/wp-json\/wp\/v2\/comments?post=8158"}],"version-history":[{"count":18,"href":"https:\/\/cc.eurohpc.pl\/index.php\/wp-json\/wp\/v2\/pages\/8158\/revisions"}],"predecessor-version":[{"id":8337,"href":"https:\/\/cc.eurohpc.pl\/index.php\/wp-json\/wp\/v2\/pages\/8158\/revisions\/8337"}],"wp:attachment":[{"href":"https:\/\/cc.eurohpc.pl\/index.php\/wp-json\/wp\/v2\/media?parent=8158"}],"curies":[{"name":"wp","href":"https:\/\/api.w.org\/{rel}","templated":true}]}}