{"id":8084,"date":"2022-10-27T09:15:00","date_gmt":"2022-10-27T09:15:00","guid":{"rendered":"https:\/\/cc.eurohpc.pl\/?page_id=8084"},"modified":"2023-03-10T10:28:42","modified_gmt":"2023-03-10T10:28:42","slug":"seminarium-ai3","status":"publish","type":"page","link":"https:\/\/cc.eurohpc.pl\/index.php\/seminarium-ai3\/","title":{"rendered":"Seminarium AI3"},"content":{"rendered":"\t\t<div data-elementor-type=\"wp-page\" data-elementor-id=\"8084\" class=\"elementor elementor-8084\" data-elementor-post-type=\"page\">\n\t\t\t\t\t\t<section class=\"elementor-section elementor-top-section elementor-element elementor-element-9812ef7 elementor-section-boxed elementor-section-height-default elementor-section-height-default\" data-id=\"9812ef7\" data-element_type=\"section\" data-e-type=\"section\">\n\t\t\t\t\t\t<div class=\"elementor-container elementor-column-gap-default\">\n\t\t\t\t\t<div class=\"elementor-column elementor-col-100 elementor-top-column elementor-element elementor-element-207f098\" data-id=\"207f098\" data-element_type=\"column\" data-e-type=\"column\">\n\t\t\t<div class=\"elementor-widget-wrap elementor-element-populated\">\n\t\t\t\t\t\t<div class=\"elementor-element elementor-element-ca14353 elementor-widget elementor-widget-heading\" data-id=\"ca14353\" data-element_type=\"widget\" data-e-type=\"widget\" data-widget_type=\"heading.default\">\n\t\t\t\t\t<h2 class=\"elementor-heading-title elementor-size-default\">Seminarium: Od prostych klasyfikator\u00f3w do\nkonwolucyjnych sieci neuronowych<\/h2>\t\t\t\t<\/div>\n\t\t\t\t\t<\/div>\n\t\t<\/div>\n\t\t\t\t\t<\/div>\n\t\t<\/section>\n\t\t\t\t<section class=\"elementor-section elementor-top-section elementor-element elementor-element-34d8dc9 elementor-section-boxed elementor-section-height-default elementor-section-height-default\" data-id=\"34d8dc9\" data-element_type=\"section\" data-e-type=\"section\">\n\t\t\t\t\t\t<div class=\"elementor-container elementor-column-gap-default\">\n\t\t\t\t\t<div class=\"elementor-column elementor-col-66 elementor-top-column elementor-element elementor-element-9683259\" data-id=\"9683259\" data-element_type=\"column\" data-e-type=\"column\">\n\t\t\t<div class=\"elementor-widget-wrap elementor-element-populated\">\n\t\t\t\t\t\t<div class=\"elementor-element elementor-element-c6527c4 elementor-widget elementor-widget-text-editor\" data-id=\"c6527c4\" data-element_type=\"widget\" data-e-type=\"widget\" data-widget_type=\"text-editor.default\">\n\t\t\t\t\t\t\t\t\t<p>Zapraszamy na kolejne seminarium o tematyce zwi\u0105zanej ze sztuczn\u0105 inteligencj\u0105 i du\u017cymi zbiorami danych. Startujemy ju\u017c <strong>w pi\u0105tek, 28 pa\u017adziernika 2022 r. o godzinie 10.30. <\/strong>Temat spotkania: <strong>Od prostych klasyfikator\u00f3w do konwolucyjnych sieci neuronowych.<\/strong> Wyk\u0142ad\u00a0 poprowadzi <strong>dr Jakub Zieli\u0144ski<\/strong> z <a href=\"https:\/\/icm.edu.pl\/\" target=\"_blank\" rel=\"noopener\">Interdyscyplinarnego Centrum Modelowania Matematycznego i Komputerowego UW<\/a>.<\/p><p>W pierwszej cz\u0119\u015bci om\u00f3wione zostan\u0105 podstawowe klasyfikatory stosowane w<br \/>uczeniu maszynowym: KNN, SVM, a tak\u017ce fundamentalne r\u00f3\u017cnice pomi\u0119dzy nimi. Pokazany zostanie zwi\u0105zek pomi\u0119dzy SVM, a perceptronem. W drugiej cz\u0119\u015bci prelegent b\u0119dzie m\u00f3wi\u0142\u00a0 o p\u0142ytkich sieciach neuronowych (sekwencyjnych). Poka\u017ce ich najwa\u017cniejsze w\u0142a\u015bciwo\u015bci geometryczne oraz ich konsekwencje dla mo\u017cliwo\u015bci sieci oraz ryzyka przeuczenia. W trzeciej cz\u0119\u015bci om\u00f3wi klasyfikatory oparte na sieciach<br \/>konwolucyjnych. Zaprezentuje typowe elementy sk\u0142adowe takich<br \/>z\u0142o\u017conych sieci. Na zako\u0144czenie przedstawi kilka przyk\u0142ad\u00f3w u\u017cycia sieci: analiza obraz\u00f3w MRI \u015bci\u0119gna Achillesa, zastosowania w ocenie pracy serca i p\u0142uc.<\/p><p>Podczas prezentacji pokazane zostan\u0105 uog\u00f3lnienia klasycznej regresji z inn\u0105 funkcj\u0105 kary. Schematy te s\u0105 znacznie bardziej odporne zak\u0142\u00f3cenia spowodowane obecno\u015bci\u0105 warto\u015bci odstaj\u0105cych. Zaprezentowane zostan\u0105 tak\u017ce przyk\u0142ady zastosowa\u0144: predykcja zu\u017cycia energii lub wody w funkcji czasu; zmiany t\u0119tna w obecno\u015bci napadowej arytmii.<\/p><p>Link do spotkania: <a href=\"https:\/\/www.gotomeet.me\/NCBJmeetings\/eurocc\" target=\"_blank\" rel=\"noopener\"><strong>https:\/\/www.gotomeet.me\/NCBJmeetings\/eurocc<\/strong><\/a><\/p>\t\t\t\t\t\t\t\t<\/div>\n\t\t\t\t\t<\/div>\n\t\t<\/div>\n\t\t\t\t<div class=\"elementor-column elementor-col-33 elementor-top-column elementor-element elementor-element-41430d2\" data-id=\"41430d2\" data-element_type=\"column\" data-e-type=\"column\">\n\t\t\t<div class=\"elementor-widget-wrap elementor-element-populated\">\n\t\t\t\t\t\t<div class=\"elementor-element elementor-element-ce915ba elementor-widget elementor-widget-image\" data-id=\"ce915ba\" data-element_type=\"widget\" data-e-type=\"widget\" data-widget_type=\"image.default\">\n\t\t\t\t\t\t\t\t\t\t\t\t\t\t\t<img fetchpriority=\"high\" decoding=\"async\" width=\"940\" height=\"788\" src=\"https:\/\/cc.eurohpc.pl\/wp-content\/uploads\/2022\/10\/seminarium-eurocc-2-Fb.png\" class=\"attachment-large size-large wp-image-8083\" alt=\"\" srcset=\"https:\/\/cc.eurohpc.pl\/wp-content\/uploads\/2022\/10\/seminarium-eurocc-2-Fb.png 940w, https:\/\/cc.eurohpc.pl\/wp-content\/uploads\/2022\/10\/seminarium-eurocc-2-Fb-300x251.png 300w, https:\/\/cc.eurohpc.pl\/wp-content\/uploads\/2022\/10\/seminarium-eurocc-2-Fb-768x644.png 768w\" sizes=\"(max-width: 940px) 100vw, 940px\" \/>\t\t\t\t\t\t\t\t\t\t\t\t\t\t\t<\/div>\n\t\t\t\t\t<\/div>\n\t\t<\/div>\n\t\t\t\t\t<\/div>\n\t\t<\/section>\n\t\t\t\t<section class=\"elementor-section elementor-top-section elementor-element elementor-element-9e03415 elementor-section-boxed elementor-section-height-default elementor-section-height-default\" data-id=\"9e03415\" data-element_type=\"section\" data-e-type=\"section\">\n\t\t\t\t\t\t<div class=\"elementor-container elementor-column-gap-default\">\n\t\t\t\t\t<div class=\"elementor-column elementor-col-100 elementor-top-column elementor-element elementor-element-8de0780\" data-id=\"8de0780\" data-element_type=\"column\" data-e-type=\"column\">\n\t\t\t<div class=\"elementor-widget-wrap\">\n\t\t\t\t\t\t\t<\/div>\n\t\t<\/div>\n\t\t\t\t\t<\/div>\n\t\t<\/section>\n\t\t\t\t<\/div>\n\t\t","protected":false},"excerpt":{"rendered":"<p>Seminarium: Od prostych klasyfikator\u00f3w do konwolucyjnych sieci neuronowych Zapraszamy na kolejne seminarium o tematyce zwi\u0105zanej ze sztuczn\u0105 inteligencj\u0105 i du\u017cymi zbiorami danych. Startujemy ju\u017c w pi\u0105tek, 28 pa\u017adziernika 2022 r. o godzinie 10.30. Temat spotkania: Od prostych klasyfikator\u00f3w do konwolucyjnych sieci neuronowych. Wyk\u0142ad\u00a0 poprowadzi dr Jakub Zieli\u0144ski z Interdyscyplinarnego Centrum Modelowania Matematycznego i Komputerowego UW.&hellip;&nbsp;<a href=\"https:\/\/cc.eurohpc.pl\/index.php\/seminarium-ai3\/\" rel=\"bookmark\">Dowiedz si\u0119 wi\u0119cej &raquo;<span class=\"screen-reader-text\">Seminarium AI3<\/span><\/a><\/p>\n","protected":false},"author":5,"featured_media":0,"parent":0,"menu_order":0,"comment_status":"closed","ping_status":"closed","template":"page-templates\/template-pagebuilder-full-width.php","meta":{"_monsterinsights_skip_tracking":false,"_monsterinsights_sitenote_active":false,"_monsterinsights_sitenote_note":"","_monsterinsights_sitenote_category":0,"neve_meta_sidebar":"","neve_meta_container":"","neve_meta_enable_content_width":"","neve_meta_content_width":0,"neve_meta_title_alignment":"","neve_meta_author_avatar":"","neve_post_elements_order":"","neve_meta_disable_header":"","neve_meta_disable_footer":"","neve_meta_disable_title":"","footnotes":""},"class_list":["post-8084","page","type-page","status-publish","hentry"],"_links":{"self":[{"href":"https:\/\/cc.eurohpc.pl\/index.php\/wp-json\/wp\/v2\/pages\/8084","targetHints":{"allow":["GET"]}}],"collection":[{"href":"https:\/\/cc.eurohpc.pl\/index.php\/wp-json\/wp\/v2\/pages"}],"about":[{"href":"https:\/\/cc.eurohpc.pl\/index.php\/wp-json\/wp\/v2\/types\/page"}],"author":[{"embeddable":true,"href":"https:\/\/cc.eurohpc.pl\/index.php\/wp-json\/wp\/v2\/users\/5"}],"replies":[{"embeddable":true,"href":"https:\/\/cc.eurohpc.pl\/index.php\/wp-json\/wp\/v2\/comments?post=8084"}],"version-history":[{"count":3,"href":"https:\/\/cc.eurohpc.pl\/index.php\/wp-json\/wp\/v2\/pages\/8084\/revisions"}],"predecessor-version":[{"id":8087,"href":"https:\/\/cc.eurohpc.pl\/index.php\/wp-json\/wp\/v2\/pages\/8084\/revisions\/8087"}],"wp:attachment":[{"href":"https:\/\/cc.eurohpc.pl\/index.php\/wp-json\/wp\/v2\/media?parent=8084"}],"curies":[{"name":"wp","href":"https:\/\/api.w.org\/{rel}","templated":true}]}}