{"id":7901,"date":"2022-10-11T12:28:41","date_gmt":"2022-10-11T12:28:41","guid":{"rendered":"https:\/\/cc.eurohpc.pl\/?page_id=7901"},"modified":"2023-03-10T10:28:16","modified_gmt":"2023-03-10T10:28:16","slug":"ehpcpl","status":"publish","type":"page","link":"https:\/\/cc.eurohpc.pl\/index.php\/ehpcpl\/","title":{"rendered":"EHPCPL"},"content":{"rendered":"\t\t<div data-elementor-type=\"wp-page\" data-elementor-id=\"7901\" class=\"elementor elementor-7901\" data-elementor-post-type=\"page\">\n\t\t\t\t\t\t<section class=\"elementor-section elementor-top-section elementor-element elementor-element-aa028d4 elementor-section-boxed elementor-section-height-default elementor-section-height-default\" data-id=\"aa028d4\" data-element_type=\"section\" data-e-type=\"section\">\n\t\t\t\t\t\t<div class=\"elementor-container elementor-column-gap-default\">\n\t\t\t\t\t<div class=\"elementor-column elementor-col-100 elementor-top-column elementor-element elementor-element-d0112ab\" data-id=\"d0112ab\" data-element_type=\"column\" data-e-type=\"column\">\n\t\t\t<div class=\"elementor-widget-wrap elementor-element-populated\">\n\t\t\t\t\t\t<div class=\"elementor-element elementor-element-7c34007 elementor-widget elementor-widget-heading\" data-id=\"7c34007\" data-element_type=\"widget\" data-e-type=\"widget\" data-widget_type=\"heading.default\">\n\t\t\t\t\t<h2 class=\"elementor-heading-title elementor-size-default\">EHPCPL b\u0119dzie najszybszym superkomputerem w Polsce<\/h2>\t\t\t\t<\/div>\n\t\t\t\t\t<\/div>\n\t\t<\/div>\n\t\t\t\t\t<\/div>\n\t\t<\/section>\n\t\t\t\t<section class=\"elementor-section elementor-top-section elementor-element elementor-element-005f6e0 elementor-section-boxed elementor-section-height-default elementor-section-height-default\" data-id=\"005f6e0\" data-element_type=\"section\" data-e-type=\"section\">\n\t\t\t\t\t\t<div class=\"elementor-container elementor-column-gap-default\">\n\t\t\t\t\t<div class=\"elementor-column elementor-col-66 elementor-top-column elementor-element elementor-element-d5865c5\" data-id=\"d5865c5\" data-element_type=\"column\" data-e-type=\"column\">\n\t\t\t<div class=\"elementor-widget-wrap elementor-element-populated\">\n\t\t\t\t\t\t<div class=\"elementor-element elementor-element-3c7bc2d elementor-widget elementor-widget-image\" data-id=\"3c7bc2d\" data-element_type=\"widget\" data-e-type=\"widget\" data-widget_type=\"image.default\">\n\t\t\t\t\t\t\t\t\t\t\t\t\t\t\t<img fetchpriority=\"high\" decoding=\"async\" width=\"960\" height=\"580\" src=\"https:\/\/cc.eurohpc.pl\/wp-content\/uploads\/2021\/10\/foto_small_24.jpg\" class=\"attachment-large size-large wp-image-3028\" alt=\"\" srcset=\"https:\/\/cc.eurohpc.pl\/wp-content\/uploads\/2021\/10\/foto_small_24.jpg 960w, https:\/\/cc.eurohpc.pl\/wp-content\/uploads\/2021\/10\/foto_small_24-300x181.jpg 300w, https:\/\/cc.eurohpc.pl\/wp-content\/uploads\/2021\/10\/foto_small_24-768x464.jpg 768w\" sizes=\"(max-width: 960px) 100vw, 960px\" \/>\t\t\t\t\t\t\t\t\t\t\t\t\t\t\t<\/div>\n\t\t\t\t\t<\/div>\n\t\t<\/div>\n\t\t\t\t<div class=\"elementor-column elementor-col-33 elementor-top-column elementor-element elementor-element-d2fd9ef\" data-id=\"d2fd9ef\" data-element_type=\"column\" data-e-type=\"column\">\n\t\t\t<div class=\"elementor-widget-wrap elementor-element-populated\">\n\t\t\t\t\t\t<div class=\"elementor-element elementor-element-5c1d520 elementor-widget elementor-widget-text-editor\" data-id=\"5c1d520\" data-element_type=\"widget\" data-e-type=\"widget\" data-widget_type=\"text-editor.default\">\n\t\t\t\t\t\t\t\t\t<p>W Akademickim Centrum Komputerowym Cyfronet AGH w Krakowie powstanie system o kilkukrotnie wi\u0119kszej mocy ni\u017c ta, jak\u0105 ma Athena \u2013 obecnie najszybszy polski superkomputer.<\/p>\n<p>Rozbudowa europejskiej infrastruktury superkomputerowej nabiera tempa. Stary Kontynent jest gotowy na eksaskal\u0119, a Polska ma w tym sw\u00f3j znacz\u0105cy udzia\u0142. Europejskie Wsp\u00f3lne Przedsi\u0119wzi\u0119cie w dziedzinie Oblicze\u0144 Wielkiej Skali (EuroHPC JU) wytypowa\u0142o w czerwcu pi\u0119\u0107 miejsc instalacji superkomputer\u00f3w, kt\u00f3re b\u0119d\u0105 tworzy\u0142y paneuropejsk\u0105 infrastruktur\u0119 przetwarzania danych.<\/p>\t\t\t\t\t\t\t\t<\/div>\n\t\t\t\t\t<\/div>\n\t\t<\/div>\n\t\t\t\t\t<\/div>\n\t\t<\/section>\n\t\t\t\t<section class=\"elementor-section elementor-top-section elementor-element elementor-element-093a63c elementor-section-boxed elementor-section-height-default elementor-section-height-default\" data-id=\"093a63c\" data-element_type=\"section\" data-e-type=\"section\">\n\t\t\t\t\t\t<div class=\"elementor-container elementor-column-gap-default\">\n\t\t\t\t\t<div class=\"elementor-column elementor-col-100 elementor-top-column elementor-element elementor-element-add40bc\" data-id=\"add40bc\" data-element_type=\"column\" data-e-type=\"column\">\n\t\t\t<div class=\"elementor-widget-wrap elementor-element-populated\">\n\t\t\t\t\t\t<div class=\"elementor-element elementor-element-3a5f4bb elementor-widget elementor-widget-text-editor\" data-id=\"3a5f4bb\" data-element_type=\"widget\" data-e-type=\"widget\" data-widget_type=\"text-editor.default\">\n\t\t\t\t\t\t\t\t\t<p>Te miejsca to: Grecja, Irlandia, Niemcy, Polska i W\u0119gry. Najszybszy europejski superkomputer b\u0119dzie uruchomiony w Niemczech w Centrum Superkomputerowym J\u00fclich. Jupiter \u2013 tak ma si\u0119 nazywa\u0107 \u2013 b\u0119dzie pierwszym europejskim komputerem osi\u0105gaj\u0105cym moc obliczeniow\u0105 powy\u017cej 1 Eksaflopsa (1018 operacji zmiennoprzecinkowych na sekund\u0119) i stanie si\u0119 najszybsz\u0105 maszyn\u0105 europejsk\u0105. <br \/>W Polsce natomiast, w Akademickim Centrum Komputerowym Cyfronet AGH w Krakowie powstanie system o kilkukrotnie wi\u0119kszej mocy ni\u017c ta, jak\u0105 ma Athena \u2013 obecnie najszybszy polski superkomputer. Supermaszyna o nazwie EHCPL ma zacz\u0105\u0107 dzia\u0142a\u0107 ju\u017c pod koniec 2023 roku.<\/p><p>Zar\u00f3wno EHCPL, jak i inne superkomputery budowane w ramach projektu EuroHPC b\u0119d\u0105 dost\u0119pne dla polskich naukowc\u00f3w, ale tak\u017ce u\u017cytkownik\u00f3w reprezentuj\u0105cych przemys\u0142 i sektor publiczny.<\/p>\t\t\t\t\t\t\t\t<\/div>\n\t\t\t\t<div class=\"elementor-element elementor-element-1e1a7be elementor-widget elementor-widget-button\" data-id=\"1e1a7be\" data-element_type=\"widget\" data-e-type=\"widget\" data-widget_type=\"button.default\">\n\t\t\t\t\t\t\t\t\t\t<a class=\"elementor-button elementor-button-link elementor-size-sm\" href=\"https:\/\/www.cyfronet.pl\/aktualnosci_i_wydarzenia\/19029,3,komunikat,polska_jednym_z_5__panstw_ue_wybranych_do_instalacji_systemu_superkomputerowego_nowej_generacji____maszyna_stanie_w_ack_cyfronet_agh.html\" target=\"_blank\">\n\t\t\t\t\t\t<span class=\"elementor-button-content-wrapper\">\n\t\t\t\t\t\t\t\t\t<span class=\"elementor-button-text\">CZYTAJ WI\u0118CEJ &gt;<\/span>\n\t\t\t\t\t<\/span>\n\t\t\t\t\t<\/a>\n\t\t\t\t\t\t\t\t<\/div>\n\t\t\t\t\t<\/div>\n\t\t<\/div>\n\t\t\t\t\t<\/div>\n\t\t<\/section>\n\t\t\t\t<\/div>\n\t\t","protected":false},"excerpt":{"rendered":"<p>EHPCPL b\u0119dzie najszybszym superkomputerem w Polsce W Akademickim Centrum Komputerowym Cyfronet AGH w Krakowie powstanie system o kilkukrotnie wi\u0119kszej mocy ni\u017c ta, jak\u0105 ma Athena \u2013 obecnie najszybszy polski superkomputer. Rozbudowa europejskiej infrastruktury superkomputerowej nabiera tempa. Stary Kontynent jest gotowy na eksaskal\u0119, a Polska ma w tym sw\u00f3j znacz\u0105cy udzia\u0142. Europejskie Wsp\u00f3lne Przedsi\u0119wzi\u0119cie w dziedzinie&hellip;&nbsp;<a href=\"https:\/\/cc.eurohpc.pl\/index.php\/ehpcpl\/\" rel=\"bookmark\">Dowiedz si\u0119 wi\u0119cej &raquo;<span class=\"screen-reader-text\">EHPCPL<\/span><\/a><\/p>\n","protected":false},"author":5,"featured_media":0,"parent":0,"menu_order":0,"comment_status":"closed","ping_status":"closed","template":"page-templates\/template-pagebuilder-full-width.php","meta":{"_monsterinsights_skip_tracking":false,"_monsterinsights_sitenote_active":false,"_monsterinsights_sitenote_note":"","_monsterinsights_sitenote_category":0,"neve_meta_sidebar":"","neve_meta_container":"","neve_meta_enable_content_width":"","neve_meta_content_width":0,"neve_meta_title_alignment":"","neve_meta_author_avatar":"","neve_post_elements_order":"","neve_meta_disable_header":"","neve_meta_disable_footer":"","neve_meta_disable_title":"","footnotes":""},"class_list":["post-7901","page","type-page","status-publish","hentry"],"_links":{"self":[{"href":"https:\/\/cc.eurohpc.pl\/index.php\/wp-json\/wp\/v2\/pages\/7901","targetHints":{"allow":["GET"]}}],"collection":[{"href":"https:\/\/cc.eurohpc.pl\/index.php\/wp-json\/wp\/v2\/pages"}],"about":[{"href":"https:\/\/cc.eurohpc.pl\/index.php\/wp-json\/wp\/v2\/types\/page"}],"author":[{"embeddable":true,"href":"https:\/\/cc.eurohpc.pl\/index.php\/wp-json\/wp\/v2\/users\/5"}],"replies":[{"embeddable":true,"href":"https:\/\/cc.eurohpc.pl\/index.php\/wp-json\/wp\/v2\/comments?post=7901"}],"version-history":[{"count":7,"href":"https:\/\/cc.eurohpc.pl\/index.php\/wp-json\/wp\/v2\/pages\/7901\/revisions"}],"predecessor-version":[{"id":7927,"href":"https:\/\/cc.eurohpc.pl\/index.php\/wp-json\/wp\/v2\/pages\/7901\/revisions\/7927"}],"wp:attachment":[{"href":"https:\/\/cc.eurohpc.pl\/index.php\/wp-json\/wp\/v2\/media?parent=7901"}],"curies":[{"name":"wp","href":"https:\/\/api.w.org\/{rel}","templated":true}]}}