{"id":7894,"date":"2022-10-11T12:12:14","date_gmt":"2022-10-11T12:12:14","guid":{"rendered":"https:\/\/cc.eurohpc.pl\/?page_id=7894"},"modified":"2023-03-10T10:28:16","modified_gmt":"2023-03-10T10:28:16","slug":"athena","status":"publish","type":"page","link":"https:\/\/cc.eurohpc.pl\/index.php\/athena\/","title":{"rendered":"Athena"},"content":{"rendered":"\t\t<div data-elementor-type=\"wp-page\" data-elementor-id=\"7894\" class=\"elementor elementor-7894\" data-elementor-post-type=\"page\">\n\t\t\t\t\t\t<section class=\"elementor-section elementor-top-section elementor-element elementor-element-fbc395a elementor-section-boxed elementor-section-height-default elementor-section-height-default\" data-id=\"fbc395a\" data-element_type=\"section\" data-e-type=\"section\">\n\t\t\t\t\t\t<div class=\"elementor-container elementor-column-gap-default\">\n\t\t\t\t\t<div class=\"elementor-column elementor-col-100 elementor-top-column elementor-element elementor-element-f74ed50\" data-id=\"f74ed50\" data-element_type=\"column\" data-e-type=\"column\">\n\t\t\t<div class=\"elementor-widget-wrap elementor-element-populated\">\n\t\t\t\t\t\t<div class=\"elementor-element elementor-element-42ee3a9 elementor-widget elementor-widget-heading\" data-id=\"42ee3a9\" data-element_type=\"widget\" data-e-type=\"widget\" data-widget_type=\"heading.default\">\n\t\t\t\t\t<h2 class=\"elementor-heading-title elementor-size-default\">Athena \u2013 najszybszy polski superkomputer \u2013 oficjalnie wystartowa\u0142a<\/h2>\t\t\t\t<\/div>\n\t\t\t\t\t<\/div>\n\t\t<\/div>\n\t\t\t\t\t<\/div>\n\t\t<\/section>\n\t\t\t\t<section class=\"elementor-section elementor-top-section elementor-element elementor-element-c8853d7 elementor-section-boxed elementor-section-height-default elementor-section-height-default\" data-id=\"c8853d7\" data-element_type=\"section\" data-e-type=\"section\">\n\t\t\t\t\t\t<div class=\"elementor-container elementor-column-gap-default\">\n\t\t\t\t\t<div class=\"elementor-column elementor-col-33 elementor-top-column elementor-element elementor-element-4b8d3fa\" data-id=\"4b8d3fa\" data-element_type=\"column\" data-e-type=\"column\">\n\t\t\t<div class=\"elementor-widget-wrap elementor-element-populated\">\n\t\t\t\t\t\t<div class=\"elementor-element elementor-element-2854e38 elementor-widget elementor-widget-text-editor\" data-id=\"2854e38\" data-element_type=\"widget\" data-e-type=\"widget\" data-widget_type=\"text-editor.default\">\n\t\t\t\t\t\t\t\t\t<p>Najszybszy superkomputer w Polsce zosta\u0142 oddany do u\u017cytku w ACK Cyfronet AGH w Krakowie.<\/p><p>Nazywa si\u0119 Athena i osi\u0105ga teoretyczn\u0105 moc obliczeniow\u0105 ponad 7,7 petaplops\u00f3w i zajmuje 105. miejsca na \u015bwiatowej li\u015bcie najszybszych superkomputer\u00f3w TOP500. System jest zainstalowany w krakowskim Cyfronecie, ale mog\u0105 z niego korzysta\u0107 wszyscy polscy naukowcy, a tak\u017ce sektor przemys\u0142owy.<\/p>\t\t\t\t\t\t\t\t<\/div>\n\t\t\t\t\t<\/div>\n\t\t<\/div>\n\t\t\t\t<div class=\"elementor-column elementor-col-66 elementor-top-column elementor-element elementor-element-c9b5bfa\" data-id=\"c9b5bfa\" data-element_type=\"column\" data-e-type=\"column\">\n\t\t\t<div class=\"elementor-widget-wrap elementor-element-populated\">\n\t\t\t\t\t\t<div class=\"elementor-element elementor-element-6d81f54 elementor-widget elementor-widget-image\" data-id=\"6d81f54\" data-element_type=\"widget\" data-e-type=\"widget\" data-widget_type=\"image.default\">\n\t\t\t\t\t\t\t\t\t\t\t\t\t\t\t<img fetchpriority=\"high\" decoding=\"async\" width=\"663\" height=\"373\" src=\"https:\/\/cc.eurohpc.pl\/wp-content\/uploads\/2022\/10\/Athena_Cyfronet.jpg\" class=\"attachment-large size-large wp-image-7854\" alt=\"\" srcset=\"https:\/\/cc.eurohpc.pl\/wp-content\/uploads\/2022\/10\/Athena_Cyfronet.jpg 663w, https:\/\/cc.eurohpc.pl\/wp-content\/uploads\/2022\/10\/Athena_Cyfronet-300x169.jpg 300w\" sizes=\"(max-width: 663px) 100vw, 663px\" \/>\t\t\t\t\t\t\t\t\t\t\t\t\t\t\t<\/div>\n\t\t\t\t\t<\/div>\n\t\t<\/div>\n\t\t\t\t\t<\/div>\n\t\t<\/section>\n\t\t\t\t<section class=\"elementor-section elementor-top-section elementor-element elementor-element-6248318 elementor-section-boxed elementor-section-height-default elementor-section-height-default\" data-id=\"6248318\" data-element_type=\"section\" data-e-type=\"section\">\n\t\t\t\t\t\t<div class=\"elementor-container elementor-column-gap-default\">\n\t\t\t\t\t<div class=\"elementor-column elementor-col-100 elementor-top-column elementor-element elementor-element-c55b01d\" data-id=\"c55b01d\" data-element_type=\"column\" data-e-type=\"column\">\n\t\t\t<div class=\"elementor-widget-wrap elementor-element-populated\">\n\t\t\t\t\t\t<div class=\"elementor-element elementor-element-1b66f2b elementor-widget elementor-widget-text-editor\" data-id=\"1b66f2b\" data-element_type=\"widget\" data-e-type=\"widget\" data-widget_type=\"text-editor.default\">\n\t\t\t\t\t\t\t\t\t<p>Zasoby obliczeniowe Atheny oparte s\u0105 na procesorach i akceleratorach GPGPU najnowszej generacji, dysponuje te\u017c niezb\u0119dnym podsystemem sk\u0142adowania danych opartym na bardzo szybkiej pami\u0119ci flash. Maszyna zbudowana zosta\u0142a z my\u015bl\u0105 o wykonywaniu standardowych wysokowydajnych oblicze\u0144 (HPC), ale te\u017c o stosowaniu metod sztucznej inteligencji (AI) i uczenia maszynowego (ML). Jej moc obliczeniowa w zakresie AI to prawie 240 petaflops\u00f3w.<\/p>\n<p>Athena ma jeszcze jedn\u0105 istotn\u0105 cech\u0119, niezwykle wa\u017cn\u0105 zw\u0142aszcza w kontek\u015bcie kryzysu energetycznego \u2013 jest jedn\u0105 z najbardziej ekologicznych maszyn tego typu. Zajmuje dziewi\u0105te miejsce na li\u015bcie Green500 najbardziej efektywnych energetycznie superkomputer\u00f3w \u015bwiata.<\/p>\n<p>Warunkiem otrzymania dost\u0119pu do zasob\u00f3w Atheny jest posiadanie aktywnego konta w Portalu PLGrid (https:\/\/portal.plgrid.pl) oraz aplikacja o tzw. grant obliczeniowy. <\/p>\t\t\t\t\t\t\t\t<\/div>\n\t\t\t\t<div class=\"elementor-element elementor-element-7c9d7c9 elementor-widget elementor-widget-button\" data-id=\"7c9d7c9\" data-element_type=\"widget\" data-e-type=\"widget\" data-widget_type=\"button.default\">\n\t\t\t\t\t\t\t\t\t\t<a class=\"elementor-button elementor-button-link elementor-size-sm\" href=\"https:\/\/www.cyfronet.pl\/aktualnosci_i_wydarzenia\/19147,3,komunikat,superkomputer_athena_-_moc_dla_polskiej_nauki__-_juz_dziala_.html\" target=\"_blank\">\n\t\t\t\t\t\t<span class=\"elementor-button-content-wrapper\">\n\t\t\t\t\t\t\t\t\t<span class=\"elementor-button-text\">CZYTAJ WI\u0118CEJ &gt;<\/span>\n\t\t\t\t\t<\/span>\n\t\t\t\t\t<\/a>\n\t\t\t\t\t\t\t\t<\/div>\n\t\t\t\t\t<\/div>\n\t\t<\/div>\n\t\t\t\t\t<\/div>\n\t\t<\/section>\n\t\t\t\t<\/div>\n\t\t","protected":false},"excerpt":{"rendered":"<p>Athena \u2013 najszybszy polski superkomputer \u2013 oficjalnie wystartowa\u0142a Najszybszy superkomputer w Polsce zosta\u0142 oddany do u\u017cytku w ACK Cyfronet AGH w Krakowie. Nazywa si\u0119 Athena i osi\u0105ga teoretyczn\u0105 moc obliczeniow\u0105 ponad 7,7 petaplops\u00f3w i zajmuje 105. miejsca na \u015bwiatowej li\u015bcie najszybszych superkomputer\u00f3w TOP500. System jest zainstalowany w krakowskim Cyfronecie, ale mog\u0105 z niego korzysta\u0107 wszyscy&hellip;&nbsp;<a href=\"https:\/\/cc.eurohpc.pl\/index.php\/athena\/\" rel=\"bookmark\">Dowiedz si\u0119 wi\u0119cej &raquo;<span class=\"screen-reader-text\">Athena<\/span><\/a><\/p>\n","protected":false},"author":5,"featured_media":0,"parent":0,"menu_order":0,"comment_status":"closed","ping_status":"closed","template":"page-templates\/template-pagebuilder-full-width.php","meta":{"_monsterinsights_skip_tracking":false,"_monsterinsights_sitenote_active":false,"_monsterinsights_sitenote_note":"","_monsterinsights_sitenote_category":0,"neve_meta_sidebar":"","neve_meta_container":"","neve_meta_enable_content_width":"","neve_meta_content_width":0,"neve_meta_title_alignment":"","neve_meta_author_avatar":"","neve_post_elements_order":"","neve_meta_disable_header":"","neve_meta_disable_footer":"","neve_meta_disable_title":"","footnotes":""},"class_list":["post-7894","page","type-page","status-publish","hentry"],"_links":{"self":[{"href":"https:\/\/cc.eurohpc.pl\/index.php\/wp-json\/wp\/v2\/pages\/7894","targetHints":{"allow":["GET"]}}],"collection":[{"href":"https:\/\/cc.eurohpc.pl\/index.php\/wp-json\/wp\/v2\/pages"}],"about":[{"href":"https:\/\/cc.eurohpc.pl\/index.php\/wp-json\/wp\/v2\/types\/page"}],"author":[{"embeddable":true,"href":"https:\/\/cc.eurohpc.pl\/index.php\/wp-json\/wp\/v2\/users\/5"}],"replies":[{"embeddable":true,"href":"https:\/\/cc.eurohpc.pl\/index.php\/wp-json\/wp\/v2\/comments?post=7894"}],"version-history":[{"count":7,"href":"https:\/\/cc.eurohpc.pl\/index.php\/wp-json\/wp\/v2\/pages\/7894\/revisions"}],"predecessor-version":[{"id":7930,"href":"https:\/\/cc.eurohpc.pl\/index.php\/wp-json\/wp\/v2\/pages\/7894\/revisions\/7930"}],"wp:attachment":[{"href":"https:\/\/cc.eurohpc.pl\/index.php\/wp-json\/wp\/v2\/media?parent=7894"}],"curies":[{"name":"wp","href":"https:\/\/api.w.org\/{rel}","templated":true}]}}