{"id":7506,"date":"2022-08-30T13:10:58","date_gmt":"2022-08-30T13:10:58","guid":{"rendered":"https:\/\/cc.eurohpc.pl\/?page_id=7506"},"modified":"2023-03-10T10:28:42","modified_gmt":"2023-03-10T10:28:42","slug":"narodowe-centrum-kompetencji-hpc-na-sc21","status":"publish","type":"page","link":"https:\/\/cc.eurohpc.pl\/index.php\/narodowe-centrum-kompetencji-hpc-na-sc21\/","title":{"rendered":"Narodowe Centrum Kompetencji HPC na SC21"},"content":{"rendered":"\t\t<div data-elementor-type=\"wp-page\" data-elementor-id=\"7506\" class=\"elementor elementor-7506\" data-elementor-post-type=\"page\">\n\t\t\t\t\t\t<section class=\"elementor-section elementor-top-section elementor-element elementor-element-a41dd15 elementor-section-boxed elementor-section-height-default elementor-section-height-default\" data-id=\"a41dd15\" data-element_type=\"section\" data-e-type=\"section\" data-settings=\"{&quot;background_background&quot;:&quot;classic&quot;}\">\n\t\t\t\t\t\t<div class=\"elementor-container elementor-column-gap-default\">\n\t\t\t\t\t<div class=\"elementor-column elementor-col-100 elementor-top-column elementor-element elementor-element-b254caa\" data-id=\"b254caa\" data-element_type=\"column\" data-e-type=\"column\">\n\t\t\t<div class=\"elementor-widget-wrap elementor-element-populated\">\n\t\t\t\t\t\t<div class=\"elementor-element elementor-element-417b1ec elementor-widget-divider--view-line elementor-widget elementor-widget-divider\" data-id=\"417b1ec\" data-element_type=\"widget\" data-e-type=\"widget\" data-widget_type=\"divider.default\">\n\t\t\t\t\t\t\t<div class=\"elementor-divider\">\n\t\t\t<span class=\"elementor-divider-separator\">\n\t\t\t\t\t\t<\/span>\n\t\t<\/div>\n\t\t\t\t\t\t<\/div>\n\t\t\t\t\t<\/div>\n\t\t<\/div>\n\t\t\t\t\t<\/div>\n\t\t<\/section>\n\t\t\t\t<section class=\"elementor-section elementor-top-section elementor-element elementor-element-0c79c82 elementor-section-boxed elementor-section-height-default elementor-section-height-default\" data-id=\"0c79c82\" data-element_type=\"section\" data-e-type=\"section\" data-settings=\"{&quot;background_background&quot;:&quot;classic&quot;}\">\n\t\t\t\t\t\t<div class=\"elementor-container elementor-column-gap-default\">\n\t\t\t\t\t<div class=\"elementor-column elementor-col-100 elementor-top-column elementor-element elementor-element-1b09b05\" data-id=\"1b09b05\" data-element_type=\"column\" data-e-type=\"column\">\n\t\t\t<div class=\"elementor-widget-wrap elementor-element-populated\">\n\t\t\t\t\t\t<section class=\"elementor-section elementor-inner-section elementor-element elementor-element-28b4c3f elementor-section-boxed elementor-section-height-default elementor-section-height-default\" data-id=\"28b4c3f\" data-element_type=\"section\" data-e-type=\"section\">\n\t\t\t\t\t\t<div class=\"elementor-container elementor-column-gap-default\">\n\t\t\t\t\t<div class=\"elementor-column elementor-col-50 elementor-inner-column elementor-element elementor-element-237a3e1\" data-id=\"237a3e1\" data-element_type=\"column\" data-e-type=\"column\">\n\t\t\t<div class=\"elementor-widget-wrap elementor-element-populated\">\n\t\t\t\t\t\t<div class=\"elementor-element elementor-element-0378b70 elementor-view-default elementor-widget elementor-widget-icon\" data-id=\"0378b70\" data-element_type=\"widget\" data-e-type=\"widget\" data-widget_type=\"icon.default\">\n\t\t\t\t\t\t\t<div class=\"elementor-icon-wrapper\">\n\t\t\t<div class=\"elementor-icon\">\n\t\t\t<svg xmlns=\"http:\/\/www.w3.org\/2000\/svg\" xmlns:xlink=\"http:\/\/www.w3.org\/1999\/xlink\" id=\"Warstwa_1\" x=\"0px\" y=\"0px\" viewBox=\"0 0 33.4 33.4\" style=\"enable-background:new 0 0 33.4 33.4;\" xml:space=\"preserve\"><style type=\"text\/css\">\t.st0{clip-path:url(#SVGID_00000088133016456263562380000002529200138984749735_);fill:#AA8523;}<\/style><g>\t<defs>\t\t<rect id=\"SVGID_1_\" x=\"0.02\" y=\"0.02\" width=\"33.35\" height=\"33.34\"><\/rect>\t<\/defs>\t<clipPath id=\"SVGID_00000026874740601860549940000002155541298912849341_\">\t\t<use xlink:href=\"#SVGID_1_\" style=\"overflow:visible;\"><\/use>\t<\/clipPath>\t<path style=\"clip-path:url(#SVGID_00000026874740601860549940000002155541298912849341_);fill:#AA8523;\" d=\"M27.84,11.73  c-0.09-0.26-0.38-0.39-0.63-0.3l-3.54,1.29c-0.26,0.09-0.39,0.38-0.3,0.63c0.09,0.26,0.38,0.39,0.64,0.3l3.54-1.29  C27.8,12.27,27.93,11.98,27.84,11.73 M14.45,26.95c-0.25,0.18-0.82,0.03-1.19-0.15l-3-4.44l1.57-0.57l2.8,3.75  C14.73,26.27,14.67,26.79,14.45,26.95 M11.83,20.73L11.83,20.73l-2.51,0.91l-0.84,0.31l-0.14-0.37c0,0,0,0,0,0c0,0,0,0,0-0.01  l-1.8-4.65l0.12-0.43l4.72-1.92c0.04-0.01,0.08-0.03,0.12-0.04c0.02-0.01,0.05-0.03,0.07-0.04l2.2,5.53L11.83,20.73z M12.47,14.06  c2.88-1.57,5.64-5.18,6.78-6.81l4.94,13.56c-2.68-0.81-7.94-0.97-9.44-0.99L12.47,14.06z M7.24,21.45l-1.2,0.44l-1.48-4.05  l1.16-0.31L7.24,21.45z M15.49,25.04l-2.69-3.61l1.71-0.62c2.44,0.03,8.79,0.34,10.27,1.32c0.13,0.09,0.3,0.11,0.44,0.05  c0.05-0.02,0.09-0.04,0.14-0.08c0.17-0.13,0.23-0.36,0.16-0.56L19.86,6c-0.06-0.18-0.22-0.3-0.41-0.32  c-0.19-0.02-0.37,0.07-0.47,0.22c-0.04,0.06-4.19,6.47-7.92,7.73c-0.01,0-0.02,0.01-0.03,0.01l-4.96,2.01  c-0.14,0.06-0.25,0.18-0.29,0.33l-0.15,0.55l-1.84,0.49c-0.14,0.04-0.25,0.13-0.31,0.25c-0.07,0.12-0.07,0.27-0.03,0.4l1.83,5.02  c0.09,0.26,0.38,0.39,0.64,0.3l1.67-0.61l0.14,0.37c0.09,0.26,0.38,0.39,0.63,0.3l0.94-0.34l3.21,4.75  c0.05,0.07,0.1,0.12,0.17,0.16c0.13,0.07,1.17,0.62,2.02,0.31c0.11-0.04,0.22-0.1,0.32-0.17c0.59-0.42,0.77-1.26,0.55-2.5  C15.56,25.18,15.53,25.1,15.49,25.04 M21.98,8.77c-0.18,0.21-0.16,0.52,0.05,0.7c0.14,0.12,0.33,0.15,0.49,0.09  c0.08-0.03,0.15-0.08,0.2-0.14l2.82-3.24c0.18-0.21,0.16-0.52-0.05-0.7c-0.21-0.18-0.52-0.16-0.7,0.05L21.98,8.77z M29.97,17.75  c0.04-0.27-0.14-0.52-0.41-0.57l-4.25-0.67c-0.27-0.04-0.52,0.14-0.57,0.41c-0.04,0.27,0.14,0.52,0.41,0.57l4.25,0.67  c0.09,0.01,0.17,0,0.25-0.02C29.81,18.08,29.94,17.94,29.97,17.75 M33.37,16.69c0-2.91-0.77-5.79-2.22-8.3  c-0.19-0.32-0.59-0.43-0.91-0.24C29.92,8.33,29.81,8.73,30,9.05c1.33,2.31,2.03,4.96,2.03,7.64c0,8.46-6.88,15.34-15.34,15.34  c-8.46,0-15.34-6.88-15.34-15.34c0-8.46,6.88-15.34,15.34-15.34c3.56,0,7.04,1.25,9.78,3.52c0.29,0.23,0.71,0.2,0.94-0.09  c0.23-0.29,0.2-0.71-0.09-0.94c-2.99-2.47-6.75-3.82-10.63-3.82C7.5,0.02,0.02,7.51,0.02,16.69c0,9.19,7.48,16.67,16.67,16.67  S33.36,25.88,33.37,16.69\"><\/path><\/g><\/svg>\t\t\t<\/div>\n\t\t<\/div>\n\t\t\t\t\t\t<\/div>\n\t\t\t\t\t<\/div>\n\t\t<\/div>\n\t\t\t\t<div class=\"elementor-column elementor-col-50 elementor-inner-column elementor-element elementor-element-d6aea50\" data-id=\"d6aea50\" data-element_type=\"column\" data-e-type=\"column\">\n\t\t\t<div class=\"elementor-widget-wrap elementor-element-populated\">\n\t\t\t\t\t\t<div class=\"elementor-element elementor-element-5233521 elementor-widget elementor-widget-heading\" data-id=\"5233521\" data-element_type=\"widget\" data-e-type=\"widget\" data-widget_type=\"heading.default\">\n\t\t\t\t\t<h2 class=\"elementor-heading-title elementor-size-default\">Inauguracja superkomputera LUMI za nami. Zobacz relacj\u0119<\/h2>\t\t\t\t<\/div>\n\t\t\t\t\t<\/div>\n\t\t<\/div>\n\t\t\t\t\t<\/div>\n\t\t<\/section>\n\t\t\t\t\t<\/div>\n\t\t<\/div>\n\t\t\t\t\t<\/div>\n\t\t<\/section>\n\t\t\t\t<section class=\"elementor-section elementor-top-section elementor-element elementor-element-382eec0 elementor-section-boxed elementor-section-height-default elementor-section-height-default\" data-id=\"382eec0\" data-element_type=\"section\" data-e-type=\"section\">\n\t\t\t\t\t\t<div class=\"elementor-container elementor-column-gap-default\">\n\t\t\t\t\t<div class=\"elementor-column elementor-col-100 elementor-top-column elementor-element elementor-element-1ab7ae0\" data-id=\"1ab7ae0\" data-element_type=\"column\" data-e-type=\"column\">\n\t\t\t<div class=\"elementor-widget-wrap elementor-element-populated\">\n\t\t\t\t\t\t<div class=\"elementor-element elementor-element-c6f1b05 elementor-widget elementor-widget-text-editor\" data-id=\"c6f1b05\" data-element_type=\"widget\" data-e-type=\"widget\" data-widget_type=\"text-editor.default\">\n\t\t\t\t\t\t\t\t\t<p>W Saint Louis w USA trwa SC Conference, czyli konferencja, skupiaj\u0105ca mi\u0119dzynarodowe \u015brodowisko HPC. W tym roku odbywa si\u0119 ona hybrydowo. Tak te\u017c pojawi\u0142y si\u0119 tam informacje na temat projektu EuroCC i Narodowego Centrum Kompetencji HPC. Interdyscyplinarne Centrum Modelowania Matematycznego i Komputerowego (ICM) informuje o na na \u017cywo na swoim stoisku nr 811 oraz wirtualnie na stronie: <a href=\"https:\/\/sc21.icm.edu.pl\/\" target=\"_blank\" rel=\"noopener\">https:\/\/sc21.icm.edu.pl\/<\/a>. Tam te\u017c stworzona jest specjalna zak\u0142adka o EuroCC Poland: <a href=\"https:\/\/sc21.icm.edu.pl\/index.php\/eurocc-poland\/\" target=\"_blank\" rel=\"noopener\">https:\/\/sc21.icm.edu.pl\/index.php\/eurocc-poland\/<\/a>.<\/p>\t\t\t\t\t\t\t\t<\/div>\n\t\t\t\t\t<\/div>\n\t\t<\/div>\n\t\t\t\t\t<\/div>\n\t\t<\/section>\n\t\t\t\t<section class=\"elementor-section elementor-top-section elementor-element elementor-element-34d7c5d elementor-section-boxed elementor-section-height-default elementor-section-height-default\" data-id=\"34d7c5d\" data-element_type=\"section\" data-e-type=\"section\" data-settings=\"{&quot;background_background&quot;:&quot;classic&quot;}\">\n\t\t\t\t\t\t<div class=\"elementor-container elementor-column-gap-default\">\n\t\t\t\t\t<div class=\"elementor-column elementor-col-100 elementor-top-column elementor-element elementor-element-5cd904f\" data-id=\"5cd904f\" data-element_type=\"column\" data-e-type=\"column\">\n\t\t\t<div class=\"elementor-widget-wrap elementor-element-populated\">\n\t\t\t\t\t\t<div class=\"elementor-element elementor-element-026487c elementor-widget elementor-widget-gallery\" data-id=\"026487c\" data-element_type=\"widget\" data-e-type=\"widget\" data-settings=\"{&quot;columns&quot;:2,&quot;lazyload&quot;:&quot;yes&quot;,&quot;gallery_layout&quot;:&quot;grid&quot;,&quot;columns_tablet&quot;:2,&quot;columns_mobile&quot;:1,&quot;gap&quot;:{&quot;unit&quot;:&quot;px&quot;,&quot;size&quot;:10,&quot;sizes&quot;:[]},&quot;gap_tablet&quot;:{&quot;unit&quot;:&quot;px&quot;,&quot;size&quot;:10,&quot;sizes&quot;:[]},&quot;gap_mobile&quot;:{&quot;unit&quot;:&quot;px&quot;,&quot;size&quot;:10,&quot;sizes&quot;:[]},&quot;link_to&quot;:&quot;file&quot;,&quot;aspect_ratio&quot;:&quot;3:2&quot;,&quot;overlay_background&quot;:&quot;yes&quot;,&quot;content_hover_animation&quot;:&quot;fade-in&quot;}\" data-widget_type=\"gallery.default\">\n\t\t\t\t\t\t\t<div class=\"elementor-gallery__container\">\n\t\t\t\t\t\t\t<a class=\"e-gallery-item elementor-gallery-item elementor-animated-content\" href=\"https:\/\/cc.eurohpc.pl\/wp-content\/uploads\/2021\/11\/sc4.jpg\" data-elementor-open-lightbox=\"yes\" data-elementor-lightbox-slideshow=\"026487c\" data-elementor-lightbox-title=\"sc4\" data-e-action-hash=\"#elementor-action%3Aaction%3Dlightbox%26settings%3DeyJpZCI6NDM5NCwidXJsIjoiaHR0cHM6XC9cL2NjLmV1cm9ocGMucGxcL3dwLWNvbnRlbnRcL3VwbG9hZHNcLzIwMjFcLzExXC9zYzQuanBnIiwic2xpZGVzaG93IjoiMDI2NDg3YyJ9\">\n\t\t\t\t\t<div class=\"e-gallery-image elementor-gallery-item__image\" data-thumbnail=\"https:\/\/cc.eurohpc.pl\/wp-content\/uploads\/2021\/11\/sc4-300x225.jpg\" data-width=\"300\" data-height=\"225\" aria-label=\"\" role=\"img\" ><\/div>\n\t\t\t\t\t\t\t\t\t\t\t<div class=\"elementor-gallery-item__overlay\"><\/div>\n\t\t\t\t\t\t\t\t\t\t\t\t\t\t<\/a>\n\t\t\t\t\t\t\t<a class=\"e-gallery-item elementor-gallery-item elementor-animated-content\" href=\"https:\/\/cc.eurohpc.pl\/wp-content\/uploads\/2021\/11\/sc21_E.png\" data-elementor-open-lightbox=\"yes\" data-elementor-lightbox-slideshow=\"026487c\" data-elementor-lightbox-title=\"sc21_E\" data-e-action-hash=\"#elementor-action%3Aaction%3Dlightbox%26settings%3DeyJpZCI6NDM5MywidXJsIjoiaHR0cHM6XC9cL2NjLmV1cm9ocGMucGxcL3dwLWNvbnRlbnRcL3VwbG9hZHNcLzIwMjFcLzExXC9zYzIxX0UucG5nIiwic2xpZGVzaG93IjoiMDI2NDg3YyJ9\">\n\t\t\t\t\t<div class=\"e-gallery-image elementor-gallery-item__image\" data-thumbnail=\"https:\/\/cc.eurohpc.pl\/wp-content\/uploads\/2021\/11\/sc21_E-300x258.png\" data-width=\"300\" data-height=\"258\" aria-label=\"\" role=\"img\" ><\/div>\n\t\t\t\t\t\t\t\t\t\t\t<div class=\"elementor-gallery-item__overlay\"><\/div>\n\t\t\t\t\t\t\t\t\t\t\t\t\t\t<\/a>\n\t\t\t\t\t\t\t<a class=\"e-gallery-item elementor-gallery-item elementor-animated-content\" href=\"https:\/\/cc.eurohpc.pl\/wp-content\/uploads\/2021\/11\/sc3.jpg\" data-elementor-open-lightbox=\"yes\" data-elementor-lightbox-slideshow=\"026487c\" data-elementor-lightbox-title=\"sc3\" data-e-action-hash=\"#elementor-action%3Aaction%3Dlightbox%26settings%3DeyJpZCI6NDM5MiwidXJsIjoiaHR0cHM6XC9cL2NjLmV1cm9ocGMucGxcL3dwLWNvbnRlbnRcL3VwbG9hZHNcLzIwMjFcLzExXC9zYzMuanBnIiwic2xpZGVzaG93IjoiMDI2NDg3YyJ9\">\n\t\t\t\t\t<div class=\"e-gallery-image elementor-gallery-item__image\" data-thumbnail=\"https:\/\/cc.eurohpc.pl\/wp-content\/uploads\/2021\/11\/sc3-300x225.jpg\" data-width=\"300\" data-height=\"225\" aria-label=\"\" role=\"img\" ><\/div>\n\t\t\t\t\t\t\t\t\t\t\t<div class=\"elementor-gallery-item__overlay\"><\/div>\n\t\t\t\t\t\t\t\t\t\t\t\t\t\t<\/a>\n\t\t\t\t\t\t\t<a class=\"e-gallery-item elementor-gallery-item elementor-animated-content\" href=\"https:\/\/cc.eurohpc.pl\/wp-content\/uploads\/2021\/11\/sc2.jpg\" data-elementor-open-lightbox=\"yes\" data-elementor-lightbox-slideshow=\"026487c\" data-elementor-lightbox-title=\"sc2\" data-e-action-hash=\"#elementor-action%3Aaction%3Dlightbox%26settings%3DeyJpZCI6NDM5MSwidXJsIjoiaHR0cHM6XC9cL2NjLmV1cm9ocGMucGxcL3dwLWNvbnRlbnRcL3VwbG9hZHNcLzIwMjFcLzExXC9zYzIuanBnIiwic2xpZGVzaG93IjoiMDI2NDg3YyJ9\">\n\t\t\t\t\t<div class=\"e-gallery-image elementor-gallery-item__image\" data-thumbnail=\"https:\/\/cc.eurohpc.pl\/wp-content\/uploads\/2021\/11\/sc2-300x225.jpg\" data-width=\"300\" data-height=\"225\" aria-label=\"\" role=\"img\" ><\/div>\n\t\t\t\t\t\t\t\t\t\t\t<div class=\"elementor-gallery-item__overlay\"><\/div>\n\t\t\t\t\t\t\t\t\t\t\t\t\t\t<\/a>\n\t\t\t\t\t\t\t<a class=\"e-gallery-item elementor-gallery-item elementor-animated-content\" href=\"https:\/\/cc.eurohpc.pl\/wp-content\/uploads\/2021\/11\/sc1.jpg\" data-elementor-open-lightbox=\"yes\" data-elementor-lightbox-slideshow=\"026487c\" data-elementor-lightbox-title=\"sc1\" data-e-action-hash=\"#elementor-action%3Aaction%3Dlightbox%26settings%3DeyJpZCI6NDM5MCwidXJsIjoiaHR0cHM6XC9cL2NjLmV1cm9ocGMucGxcL3dwLWNvbnRlbnRcL3VwbG9hZHNcLzIwMjFcLzExXC9zYzEuanBnIiwic2xpZGVzaG93IjoiMDI2NDg3YyJ9\">\n\t\t\t\t\t<div class=\"e-gallery-image elementor-gallery-item__image\" data-thumbnail=\"https:\/\/cc.eurohpc.pl\/wp-content\/uploads\/2021\/11\/sc1-300x225.jpg\" data-width=\"300\" data-height=\"225\" aria-label=\"\" role=\"img\" ><\/div>\n\t\t\t\t\t\t\t\t\t\t\t<div class=\"elementor-gallery-item__overlay\"><\/div>\n\t\t\t\t\t\t\t\t\t\t\t\t\t\t<\/a>\n\t\t\t\t\t\t\t<a class=\"e-gallery-item elementor-gallery-item elementor-animated-content\" href=\"https:\/\/cc.eurohpc.pl\/wp-content\/uploads\/2021\/11\/rollup_w.jpg\" data-elementor-open-lightbox=\"yes\" data-elementor-lightbox-slideshow=\"026487c\" data-elementor-lightbox-title=\"rollup_w\" data-e-action-hash=\"#elementor-action%3Aaction%3Dlightbox%26settings%3DeyJpZCI6NDM4OSwidXJsIjoiaHR0cHM6XC9cL2NjLmV1cm9ocGMucGxcL3dwLWNvbnRlbnRcL3VwbG9hZHNcLzIwMjFcLzExXC9yb2xsdXBfdy5qcGciLCJzbGlkZXNob3ciOiIwMjY0ODdjIn0%3D\">\n\t\t\t\t\t<div class=\"e-gallery-image elementor-gallery-item__image\" data-thumbnail=\"https:\/\/cc.eurohpc.pl\/wp-content\/uploads\/2021\/11\/rollup_w-166x300.jpg\" data-width=\"166\" data-height=\"300\" aria-label=\"\" role=\"img\" ><\/div>\n\t\t\t\t\t\t\t\t\t\t\t<div class=\"elementor-gallery-item__overlay\"><\/div>\n\t\t\t\t\t\t\t\t\t\t\t\t\t\t<\/a>\n\t\t\t\t\t<\/div>\n\t\t\t\t\t<\/div>\n\t\t\t\t\t<\/div>\n\t\t<\/div>\n\t\t\t\t\t<\/div>\n\t\t<\/section>\n\t\t\t\t<\/div>\n\t\t","protected":false},"excerpt":{"rendered":"<p>Inauguracja superkomputera LUMI za nami. Zobacz relacj\u0119 W Saint Louis w USA trwa SC Conference, czyli konferencja, skupiaj\u0105ca mi\u0119dzynarodowe \u015brodowisko HPC. W tym roku odbywa si\u0119 ona hybrydowo. Tak te\u017c pojawi\u0142y si\u0119 tam informacje na temat projektu EuroCC i Narodowego Centrum Kompetencji HPC. Interdyscyplinarne Centrum Modelowania Matematycznego i Komputerowego (ICM) informuje o na na \u017cywo&hellip;&nbsp;<a href=\"https:\/\/cc.eurohpc.pl\/index.php\/narodowe-centrum-kompetencji-hpc-na-sc21\/\" rel=\"bookmark\">Dowiedz si\u0119 wi\u0119cej &raquo;<span class=\"screen-reader-text\">Narodowe Centrum Kompetencji HPC na SC21<\/span><\/a><\/p>\n","protected":false},"author":5,"featured_media":0,"parent":0,"menu_order":0,"comment_status":"closed","ping_status":"closed","template":"page-templates\/template-pagebuilder-full-width.php","meta":{"_monsterinsights_skip_tracking":false,"_monsterinsights_sitenote_active":false,"_monsterinsights_sitenote_note":"","_monsterinsights_sitenote_category":0,"neve_meta_sidebar":"","neve_meta_container":"","neve_meta_enable_content_width":"","neve_meta_content_width":0,"neve_meta_title_alignment":"","neve_meta_author_avatar":"","neve_post_elements_order":"","neve_meta_disable_header":"","neve_meta_disable_footer":"","neve_meta_disable_title":"","footnotes":""},"class_list":["post-7506","page","type-page","status-publish","hentry"],"_links":{"self":[{"href":"https:\/\/cc.eurohpc.pl\/index.php\/wp-json\/wp\/v2\/pages\/7506","targetHints":{"allow":["GET"]}}],"collection":[{"href":"https:\/\/cc.eurohpc.pl\/index.php\/wp-json\/wp\/v2\/pages"}],"about":[{"href":"https:\/\/cc.eurohpc.pl\/index.php\/wp-json\/wp\/v2\/types\/page"}],"author":[{"embeddable":true,"href":"https:\/\/cc.eurohpc.pl\/index.php\/wp-json\/wp\/v2\/users\/5"}],"replies":[{"embeddable":true,"href":"https:\/\/cc.eurohpc.pl\/index.php\/wp-json\/wp\/v2\/comments?post=7506"}],"version-history":[{"count":4,"href":"https:\/\/cc.eurohpc.pl\/index.php\/wp-json\/wp\/v2\/pages\/7506\/revisions"}],"predecessor-version":[{"id":7510,"href":"https:\/\/cc.eurohpc.pl\/index.php\/wp-json\/wp\/v2\/pages\/7506\/revisions\/7510"}],"wp:attachment":[{"href":"https:\/\/cc.eurohpc.pl\/index.php\/wp-json\/wp\/v2\/media?parent=7506"}],"curies":[{"name":"wp","href":"https:\/\/api.w.org\/{rel}","templated":true}]}}