{"id":7090,"date":"2022-08-26T07:09:10","date_gmt":"2022-08-26T07:09:10","guid":{"rendered":"https:\/\/cc.eurohpc.pl\/?page_id=7090"},"modified":"2023-03-10T10:28:42","modified_gmt":"2023-03-10T10:28:42","slug":"modelowanie-ogniw","status":"publish","type":"page","link":"https:\/\/cc.eurohpc.pl\/index.php\/modelowanie-ogniw\/","title":{"rendered":"modelowanie ogniw"},"content":{"rendered":"\t\t<div data-elementor-type=\"wp-page\" data-elementor-id=\"7090\" class=\"elementor elementor-7090\" data-elementor-post-type=\"page\">\n\t\t\t\t\t\t<section class=\"elementor-section elementor-top-section elementor-element elementor-element-b90dd43 elementor-section-boxed elementor-section-height-default elementor-section-height-default\" data-id=\"b90dd43\" data-element_type=\"section\" data-e-type=\"section\">\n\t\t\t\t\t\t<div class=\"elementor-container elementor-column-gap-default\">\n\t\t\t\t\t<div class=\"elementor-column elementor-col-100 elementor-top-column elementor-element elementor-element-041993d\" data-id=\"041993d\" data-element_type=\"column\" data-e-type=\"column\">\n\t\t\t<div class=\"elementor-widget-wrap elementor-element-populated\">\n\t\t\t\t\t\t<div class=\"elementor-element elementor-element-26aef41 elementor-widget-divider--view-line elementor-widget elementor-widget-divider\" data-id=\"26aef41\" data-element_type=\"widget\" data-e-type=\"widget\" data-widget_type=\"divider.default\">\n\t\t\t\t\t\t\t<div class=\"elementor-divider\">\n\t\t\t<span class=\"elementor-divider-separator\">\n\t\t\t\t\t\t<\/span>\n\t\t<\/div>\n\t\t\t\t\t\t<\/div>\n\t\t\t\t\t<\/div>\n\t\t<\/div>\n\t\t\t\t\t<\/div>\n\t\t<\/section>\n\t\t\t\t<section class=\"elementor-section elementor-top-section elementor-element elementor-element-357c517 elementor-section-boxed elementor-section-height-default elementor-section-height-default\" data-id=\"357c517\" data-element_type=\"section\" data-e-type=\"section\" data-settings=\"{&quot;background_background&quot;:&quot;classic&quot;}\">\n\t\t\t\t\t\t<div class=\"elementor-container elementor-column-gap-default\">\n\t\t\t\t\t<div class=\"elementor-column elementor-col-50 elementor-top-column elementor-element elementor-element-46c3012\" data-id=\"46c3012\" data-element_type=\"column\" data-e-type=\"column\">\n\t\t\t<div class=\"elementor-widget-wrap elementor-element-populated\">\n\t\t\t\t\t\t<div class=\"elementor-element elementor-element-5dc8284 elementor-view-default elementor-widget elementor-widget-icon\" data-id=\"5dc8284\" data-element_type=\"widget\" data-e-type=\"widget\" data-widget_type=\"icon.default\">\n\t\t\t\t\t\t\t<div class=\"elementor-icon-wrapper\">\n\t\t\t<div class=\"elementor-icon\">\n\t\t\t<svg xmlns=\"http:\/\/www.w3.org\/2000\/svg\" xmlns:xlink=\"http:\/\/www.w3.org\/1999\/xlink\" id=\"Warstwa_1\" x=\"0px\" y=\"0px\" viewBox=\"0 0 33.4 33.4\" style=\"enable-background:new 0 0 33.4 33.4;\" xml:space=\"preserve\"><style type=\"text\/css\">\t.st0{fill:#AA8523;}<\/style><g>\t<path class=\"st0\" d=\"M33.37,16.69c0-2.91-0.76-5.79-2.22-8.3c-0.19-0.32-0.59-0.43-0.91-0.24C29.92,8.33,29.81,8.73,30,9.05  c1.33,2.31,2.03,4.96,2.03,7.64c0,2.22-0.48,4.33-1.34,6.24c0-0.39,0.01-0.78,0-1.17c-0.01-0.53-0.32-0.97-0.8-1.26  c-0.28-0.17-0.38-0.37-0.43-0.67c-0.41-2.18-2.43-3.78-4.79-3.8c-1.68-0.02-3.36-0.02-5.04,0c-2.43,0.02-4.42,1.64-4.84,3.87  c-0.04,0.2-0.19,0.41-0.36,0.54c-0.58,0.43-0.88,0.96-0.88,1.64c0,0.44,0,0.88,0,1.32v2.16h0.93v-0.56c0-0.96-0.01-1.93,0.01-2.89  C14.49,21.4,14.92,21,15.69,21c4.29-0.01,8.57-0.01,12.86,0c0.8,0,1.22,0.4,1.23,1.16c0.01,0.83,0.01,1.65,0.01,2.48  c-2.69,4.43-7.55,7.41-13.11,7.41c-8.46,0-15.34-6.88-15.34-15.34c0-8.46,6.88-15.34,15.34-15.34c3.56,0,7.04,1.26,9.78,3.52  c0.29,0.23,0.71,0.2,0.94-0.09c0.23-0.29,0.2-0.71-0.09-0.94c-2.99-2.47-6.75-3.82-10.63-3.82C7.5,0.02,0.02,7.51,0.02,16.69  c0,9.19,7.48,16.67,16.67,16.67S33.36,25.88,33.37,16.69 M4.37,8.7c0.01,1.89,0.04,3.78,0.04,5.68c0,1.81-0.03,3.62-0.04,5.43  c0,0.66,0.08,0.73,0.79,0.73c1.87,0,3.74,0,5.62,0h1.08c-0.03,0.32-0.05,0.57-0.07,0.86c-0.38,0-0.71-0.04-1.03,0.02  c-0.14,0.02-0.37,0.24-0.35,0.34c0.03,0.18,0.2,0.48,0.33,0.49c0.64,0.05,1.28,0.02,1.95,0.02c0.03-0.76,0.16-1.48,0.74-1.97  c0.65-0.56,0.55-1.36,0.97-2.06H5.33V8.76h0.7c3.55,0,7.1-0.02,10.65,0.02c0.7,0.01,1.12-0.18,1.34-0.88h-0.6  c-4.06,0-8.12,0-12.18,0C4.43,7.9,4.37,7.95,4.37,8.7 M12.68,23.09H5.19c0.03,0.3,0.05,0.55,0.07,0.8h7.42V23.09z M16.09,13.18h-9  v0.59c0.9,0,1.75-0.01,2.6,0c1.96,0.01,3.91,0.04,5.87,0.05C16.19,13.83,16.19,13.82,16.09,13.18 M15.58,11.51  c0.17,0,0.34-0.02,0.53-0.03v-0.67h-0.69c-2.39,0-4.78,0-7.18,0c-0.3,0-0.6-0.01-0.88,0.05c-0.13,0.03-0.27,0.2-0.3,0.32  c-0.02,0.07,0.17,0.24,0.3,0.27c0.21,0.06,0.45,0.05,0.68,0.05C10.56,11.51,13.07,11.51,15.58,11.51 M13.5,15.48H7.07v0.6h6.43  V15.48z M17.92,10.92c0,2.19,1.84,3.92,4.19,3.94c2.33,0.02,4.23-1.72,4.24-3.89C26.36,8.78,24.5,7.01,22.18,7  C19.81,6.99,17.92,8.72,17.92,10.92\"><\/path><\/g><\/svg>\t\t\t<\/div>\n\t\t<\/div>\n\t\t\t\t\t\t<\/div>\n\t\t\t\t\t<\/div>\n\t\t<\/div>\n\t\t\t\t<div class=\"elementor-column elementor-col-50 elementor-top-column elementor-element elementor-element-5a51d13\" data-id=\"5a51d13\" data-element_type=\"column\" data-e-type=\"column\">\n\t\t\t<div class=\"elementor-widget-wrap elementor-element-populated\">\n\t\t\t\t\t\t<div class=\"elementor-element elementor-element-3210e85 elementor-widget elementor-widget-heading\" data-id=\"3210e85\" data-element_type=\"widget\" data-e-type=\"widget\" data-widget_type=\"heading.default\">\n\t\t\t\t\t<h2 class=\"elementor-heading-title elementor-size-default\">Co \u0142\u0105czy modelowanie ogniw paliwowych z modelowaniem cz\u0105stek zanieczyszcze\u0144 na orbicie? Webinar EuroCC: CFD dla praktyk\u00f3w<\/h2>\t\t\t\t<\/div>\n\t\t\t\t\t<\/div>\n\t\t<\/div>\n\t\t\t\t\t<\/div>\n\t\t<\/section>\n\t\t\t\t<section class=\"elementor-section elementor-top-section elementor-element elementor-element-57fe675 elementor-section-boxed elementor-section-height-default elementor-section-height-default\" data-id=\"57fe675\" data-element_type=\"section\" data-e-type=\"section\" data-settings=\"{&quot;background_background&quot;:&quot;classic&quot;}\">\n\t\t\t\t\t\t<div class=\"elementor-container elementor-column-gap-default\">\n\t\t\t\t\t<div class=\"elementor-column elementor-col-100 elementor-top-column elementor-element elementor-element-6b976c9\" data-id=\"6b976c9\" data-element_type=\"column\" data-e-type=\"column\">\n\t\t\t<div class=\"elementor-widget-wrap elementor-element-populated\">\n\t\t\t\t\t\t<div class=\"elementor-element elementor-element-cf9b7f5 elementor-widget elementor-widget-text-editor\" data-id=\"cf9b7f5\" data-element_type=\"widget\" data-e-type=\"widget\" data-widget_type=\"text-editor.default\">\n\t\t\t\t\t\t\t\t\t<p>Wzrosty cen no\u015bnik\u00f3w energii kieruj\u0105 zainteresowanie naukowc\u00f3w i in\u017cynier\u00f3w w stron\u0119 ogniw paliwowych, kt\u00f3re mog\u0105 w efektywny spos\u00f3b produkowa\u0107 pr\u0105d i ciep\u0142o. Modelowanie pracy ogniw pozwala na lepsze zrozumienie wp\u0142ywu poszczeg\u00f3lnych parametr\u00f3w produkcyjnych na efektywno\u015b\u0107 wytwarzania energii. Procesy w ogniwach paliwowych zachodz\u0105 w materiale porowatym. Dop\u0142yw substrat\u00f3w reakcji mo\u017ce si\u0119 odbywa\u0107 przez drobne przestrzenie (pory) o \u015brednicy rz\u0119du mikrometr\u00f3w, natomiast ca\u0142e ogniwo ma powierzchni\u0119 liczon\u0105 w metrach kwadratowych. Podobne r\u00f3\u017cnice w wymiarach wyst\u0119puj\u0105 w ruchu cz\u0105stek zanieczyszcze\u0144 w przestrzeni \u0142adunkowej rakiety. Cz\u0105stki o \u015brednicy rz\u0119du mikrometr\u00f3w poruszaj\u0105 si\u0119 w obj\u0119to\u015bci o wysoko\u015bci parunastu metr\u00f3w. R\u00f3wnie\u017c w druku inkjet (czyli druku cyfrowego wykorzystuj\u0105cego tusz atramentowy) krople o \u015brednicy parudziesi\u0119ciu mikrometr\u00f3w pokrywaj\u0105 obszary o powierzchni dziesi\u0105tek metr\u00f3w kwadratowych.<\/p><p>Wymienione zagadnienia trudno jest modelowa\u0107 za pomoc\u0105 dost\u0119pnych narz\u0119dzi symulacyjnych bez ich modyfikacji. Cz\u0119sto wymagaj\u0105 one unikalnego podej\u015bcia i zupe\u0142nie nowych rozwi\u0105za\u0144. Wi\u0119cej, o tym jak te problemy rozwi\u0105zano w CIM-mes Projekt i co je \u0142\u0105czy, opowie <strong>dr in\u017c. Armen Jaworski <\/strong>podczas <strong>seminarium,<\/strong> na kt\u00f3re zapraszamy w poniedzia\u0142ek, <strong>13 czerwca 2022 r. o godz. 10.00<\/strong>.<\/p><p><strong>Link do webinaru:<\/strong> <a href=\"https:\/\/www.gotomeet.me\/NCBJmeetings\/eurocc\" target=\"_blank\" rel=\"noopener\">https:\/\/www.gotomeet.me\/NCBJmeetings\/eurocc<\/a> <\/p><p>Seri\u0119 webinar\u00f3w EuroCC pod has\u0142em <strong>CFD dla praktyk\u00f3w<\/strong> organizuje<a href=\"https:\/\/www.ncbj.gov.pl\/\" target=\"_blank\" rel=\"noopener\"> Narodowe Centrum Bada\u0144 J\u0105drowych<\/a>.<\/p>\t\t\t\t\t\t\t\t<\/div>\n\t\t\t\t\t<\/div>\n\t\t<\/div>\n\t\t\t\t\t<\/div>\n\t\t<\/section>\n\t\t\t\t<section class=\"elementor-section elementor-top-section elementor-element elementor-element-35e58c2 elementor-section-boxed elementor-section-height-default elementor-section-height-default\" data-id=\"35e58c2\" data-element_type=\"section\" data-e-type=\"section\" data-settings=\"{&quot;background_background&quot;:&quot;classic&quot;}\">\n\t\t\t\t\t\t<div class=\"elementor-container elementor-column-gap-default\">\n\t\t\t\t\t<div class=\"elementor-column elementor-col-100 elementor-top-column elementor-element elementor-element-ddb841d\" data-id=\"ddb841d\" data-element_type=\"column\" data-e-type=\"column\">\n\t\t\t<div class=\"elementor-widget-wrap elementor-element-populated\">\n\t\t\t\t\t\t<div class=\"elementor-element elementor-element-d9306e0 elementor-widget elementor-widget-image\" data-id=\"d9306e0\" data-element_type=\"widget\" data-e-type=\"widget\" data-widget_type=\"image.default\">\n\t\t\t\t\t\t\t\t\t\t\t\t\t\t\t<img fetchpriority=\"high\" decoding=\"async\" width=\"1024\" height=\"454\" src=\"https:\/\/cc.eurohpc.pl\/wp-content\/uploads\/2022\/06\/Obrazek_Rakieta-Czastki-1024x454.jpg\" class=\"attachment-large size-large wp-image-5651\" alt=\"\" srcset=\"https:\/\/cc.eurohpc.pl\/wp-content\/uploads\/2022\/06\/Obrazek_Rakieta-Czastki-1024x454.jpg 1024w, https:\/\/cc.eurohpc.pl\/wp-content\/uploads\/2022\/06\/Obrazek_Rakieta-Czastki-300x133.jpg 300w, https:\/\/cc.eurohpc.pl\/wp-content\/uploads\/2022\/06\/Obrazek_Rakieta-Czastki-768x340.jpg 768w, https:\/\/cc.eurohpc.pl\/wp-content\/uploads\/2022\/06\/Obrazek_Rakieta-Czastki-1536x680.jpg 1536w, https:\/\/cc.eurohpc.pl\/wp-content\/uploads\/2022\/06\/Obrazek_Rakieta-Czastki.jpg 1917w\" sizes=\"(max-width: 1024px) 100vw, 1024px\" \/>\t\t\t\t\t\t\t\t\t\t\t\t\t\t\t<\/div>\n\t\t\t\t<div class=\"elementor-element elementor-element-df12895 elementor-widget elementor-widget-text-editor\" data-id=\"df12895\" data-element_type=\"widget\" data-e-type=\"widget\" data-widget_type=\"text-editor.default\">\n\t\t\t\t\t\t\t\t\t<p>Ilustracja przedstawia symulacj\u0119 propagacji zanieczyszcze\u0144 cz\u0105stkami w przestrzeni \u0142adunkowej no\u015bnika rakietowego<\/p>\t\t\t\t\t\t\t\t<\/div>\n\t\t\t\t\t<\/div>\n\t\t<\/div>\n\t\t\t\t\t<\/div>\n\t\t<\/section>\n\t\t\t\t<\/div>\n\t\t","protected":false},"excerpt":{"rendered":"<p>Co \u0142\u0105czy modelowanie ogniw paliwowych z modelowaniem cz\u0105stek zanieczyszcze\u0144 na orbicie? Webinar EuroCC: CFD dla praktyk\u00f3w Wzrosty cen no\u015bnik\u00f3w energii kieruj\u0105 zainteresowanie naukowc\u00f3w i in\u017cynier\u00f3w w stron\u0119 ogniw paliwowych, kt\u00f3re mog\u0105 w efektywny spos\u00f3b produkowa\u0107 pr\u0105d i ciep\u0142o. Modelowanie pracy ogniw pozwala na lepsze zrozumienie wp\u0142ywu poszczeg\u00f3lnych parametr\u00f3w produkcyjnych na efektywno\u015b\u0107 wytwarzania energii. Procesy w&hellip;&nbsp;<a href=\"https:\/\/cc.eurohpc.pl\/index.php\/modelowanie-ogniw\/\" rel=\"bookmark\">Dowiedz si\u0119 wi\u0119cej &raquo;<span class=\"screen-reader-text\">modelowanie ogniw<\/span><\/a><\/p>\n","protected":false},"author":5,"featured_media":0,"parent":0,"menu_order":0,"comment_status":"closed","ping_status":"closed","template":"page-templates\/template-pagebuilder-full-width.php","meta":{"_monsterinsights_skip_tracking":false,"_monsterinsights_sitenote_active":false,"_monsterinsights_sitenote_note":"","_monsterinsights_sitenote_category":0,"neve_meta_sidebar":"","neve_meta_container":"","neve_meta_enable_content_width":"","neve_meta_content_width":0,"neve_meta_title_alignment":"","neve_meta_author_avatar":"","neve_post_elements_order":"","neve_meta_disable_header":"","neve_meta_disable_footer":"","neve_meta_disable_title":"","footnotes":""},"class_list":["post-7090","page","type-page","status-publish","hentry"],"_links":{"self":[{"href":"https:\/\/cc.eurohpc.pl\/index.php\/wp-json\/wp\/v2\/pages\/7090","targetHints":{"allow":["GET"]}}],"collection":[{"href":"https:\/\/cc.eurohpc.pl\/index.php\/wp-json\/wp\/v2\/pages"}],"about":[{"href":"https:\/\/cc.eurohpc.pl\/index.php\/wp-json\/wp\/v2\/types\/page"}],"author":[{"embeddable":true,"href":"https:\/\/cc.eurohpc.pl\/index.php\/wp-json\/wp\/v2\/users\/5"}],"replies":[{"embeddable":true,"href":"https:\/\/cc.eurohpc.pl\/index.php\/wp-json\/wp\/v2\/comments?post=7090"}],"version-history":[{"count":7,"href":"https:\/\/cc.eurohpc.pl\/index.php\/wp-json\/wp\/v2\/pages\/7090\/revisions"}],"predecessor-version":[{"id":7100,"href":"https:\/\/cc.eurohpc.pl\/index.php\/wp-json\/wp\/v2\/pages\/7090\/revisions\/7100"}],"wp:attachment":[{"href":"https:\/\/cc.eurohpc.pl\/index.php\/wp-json\/wp\/v2\/media?parent=7090"}],"curies":[{"name":"wp","href":"https:\/\/api.w.org\/{rel}","templated":true}]}}