{"id":7052,"date":"2022-08-25T13:05:42","date_gmt":"2022-08-25T13:05:42","guid":{"rendered":"https:\/\/cc.eurohpc.pl\/?page_id=7052"},"modified":"2023-03-10T10:28:30","modified_gmt":"2023-03-10T10:28:30","slug":"isc","status":"publish","type":"page","link":"https:\/\/cc.eurohpc.pl\/index.php\/isc\/","title":{"rendered":"ISC"},"content":{"rendered":"\t\t<div data-elementor-type=\"wp-page\" data-elementor-id=\"7052\" class=\"elementor elementor-7052\" data-elementor-post-type=\"page\">\n\t\t\t\t\t\t<section class=\"elementor-section elementor-top-section elementor-element elementor-element-3278ed4 elementor-section-boxed elementor-section-height-default elementor-section-height-default\" data-id=\"3278ed4\" data-element_type=\"section\" data-e-type=\"section\">\n\t\t\t\t\t\t<div class=\"elementor-container elementor-column-gap-default\">\n\t\t\t\t\t<div class=\"elementor-column elementor-col-100 elementor-top-column elementor-element elementor-element-8c2dfb1\" data-id=\"8c2dfb1\" data-element_type=\"column\" data-e-type=\"column\">\n\t\t\t<div class=\"elementor-widget-wrap elementor-element-populated\">\n\t\t\t\t\t\t<div class=\"elementor-element elementor-element-bcb9596 elementor-widget-divider--view-line elementor-widget elementor-widget-divider\" data-id=\"bcb9596\" data-element_type=\"widget\" data-e-type=\"widget\" data-widget_type=\"divider.default\">\n\t\t\t\t\t\t\t<div class=\"elementor-divider\">\n\t\t\t<span class=\"elementor-divider-separator\">\n\t\t\t\t\t\t<\/span>\n\t\t<\/div>\n\t\t\t\t\t\t<\/div>\n\t\t\t\t\t<\/div>\n\t\t<\/div>\n\t\t\t\t\t<\/div>\n\t\t<\/section>\n\t\t\t\t<section class=\"elementor-section elementor-top-section elementor-element elementor-element-4bc8df9 elementor-section-boxed elementor-section-height-default elementor-section-height-default\" data-id=\"4bc8df9\" data-element_type=\"section\" data-e-type=\"section\" data-settings=\"{&quot;background_background&quot;:&quot;classic&quot;}\">\n\t\t\t\t\t\t<div class=\"elementor-container elementor-column-gap-default\">\n\t\t\t\t\t<div class=\"elementor-column elementor-col-50 elementor-top-column elementor-element elementor-element-51481e4\" data-id=\"51481e4\" data-element_type=\"column\" data-e-type=\"column\">\n\t\t\t<div class=\"elementor-widget-wrap elementor-element-populated\">\n\t\t\t\t\t\t<div class=\"elementor-element elementor-element-4e91fdd elementor-view-default elementor-widget elementor-widget-icon\" data-id=\"4e91fdd\" data-element_type=\"widget\" data-e-type=\"widget\" data-widget_type=\"icon.default\">\n\t\t\t\t\t\t\t<div class=\"elementor-icon-wrapper\">\n\t\t\t<div class=\"elementor-icon\">\n\t\t\t<svg xmlns=\"http:\/\/www.w3.org\/2000\/svg\" xmlns:xlink=\"http:\/\/www.w3.org\/1999\/xlink\" id=\"Warstwa_1\" x=\"0px\" y=\"0px\" viewBox=\"0 0 33.4 33.4\" style=\"enable-background:new 0 0 33.4 33.4;\" xml:space=\"preserve\"><style type=\"text\/css\">\t.st0{clip-path:url(#SVGID_00000078032304794635609910000000829903062018220950_);fill:#AA8523;}<\/style><g>\t<defs>\t\t<rect id=\"SVGID_1_\" x=\"0.02\" y=\"0.02\" width=\"33.35\" height=\"33.34\"><\/rect>\t<\/defs>\t<clipPath id=\"SVGID_00000028291531283397734820000009285856526607027112_\">\t\t<use xlink:href=\"#SVGID_1_\" style=\"overflow:visible;\"><\/use>\t<\/clipPath>\t<path style=\"clip-path:url(#SVGID_00000028291531283397734820000009285856526607027112_);fill:#AA8523;\" d=\"M18.51,10.94  c0.35-0.33,0.53-0.5,0.7-0.66c-1.38-2.08-3.08-3.62-5.61-3.94C13.33,6.3,13.09,6,12.8,5.8c0.35-0.35,0.6-0.59,0.8-0.79  c-0.77-0.92-1.52-1.82-2.2-2.62c-0.21,0.12-0.45,0.24-0.89,0.48c0.72,0.72,1.33,1.34,1.88,1.89c-2.29,2.03-4.5,4-6.81,6.05  C5.08,10.14,4.56,9.44,4,8.71C3.7,8.98,3.51,9.16,3.35,9.31c0.8,0.94,1.54,1.81,2.32,2.73c0.26-0.21,0.52-0.42,0.87-0.69  c1.38,1.66,1.56,4.07,3.27,5.54c0.19-0.18,0.37-0.35,0.45-0.43c-1.01-1.96-1.98-3.85-2.93-5.69c1.59-1.41,3.22-2.86,4.7-4.17  c0.65,0.26,1.22,0.56,1.82,0.7c1.49,0.34,2.76,0.98,3.67,2.26C17.84,10.01,18.17,10.46,18.51,10.94 M21.11,17.25  c-0.88-1.01-1.74-2-2.6-3c-0.12-0.14-0.32-0.27-0.34-0.43c-0.04-0.29,0.02-0.58,0.04-0.88c0.28,0.02,0.68-0.06,0.84,0.1  c0.58,0.57,1.08,1.21,1.6,1.83c0.5,0.58,0.98,1.17,1.49,1.75c0.97,1.1,1.83,2.26,2.38,3.65c0.39,0.98,0.92,1.9,1.37,2.81  c-1.41,1.27-2.9,2.62-4.47,4.05c-0.48-1.3-1.6-1.16-2.61-1.24c-1.02-0.08-1.83-0.6-2.7-1.08c-1.55-0.85-2.17-2.19-2.38-3.83  c-0.03-0.24,0.11-0.5,0.17-0.76c0.09-0.03,0.18-0.06,0.27-0.08c0.49,0.72,0.98,1.44,1.48,2.17c0.43-0.31,0.64-0.45,1.04-0.73  c-1.5-1.66-2.95-3.28-4.4-4.89c-0.3-0.33-0.46-0.69-0.07-1.03c0.39-0.34,0.71-0.09,0.99,0.24c0.91,1.08,1.84,2.15,2.74,3.23  c0.16,0.19,0.23,0.46,0.38,0.77c0.4-0.37,0.58-0.53,0.84-0.78c-0.91-1.05-1.78-2.05-2.66-3.06c-0.44-0.51-0.87-1.02-1.31-1.53  c-0.29-0.34-0.55-0.71-0.13-1.09c0.42-0.4,0.75-0.08,1.04,0.26c1.27,1.5,2.55,3,3.83,4.5c0.07,0.09,0.11,0.21,0.26,0.48  c0.24-0.34,0.41-0.57,0.64-0.89c-0.94-1.08-1.94-2.23-2.94-3.38c-0.12-0.14-0.24-0.28-0.36-0.42c-0.25-0.3-0.35-0.62-0.03-0.92  c0.35-0.32,0.68-0.19,0.95,0.13c1.16,1.36,2.33,2.7,3.46,4.08C20.28,17.75,20.6,17.9,21.11,17.25 M31.2,11.8  c0.53,1.57,0.83,3.22,0.83,4.89c0,6.39-3.92,11.88-9.49,14.18c0.03-0.17-0.04-0.36-0.23-0.56c-0.45-0.48-0.96-0.92-1.44-1.37  c0.25-0.26,0.28-0.33,0.33-0.37c2.03-1.83,4.07-3.65,6.1-5.49c0.35-0.32,0.57-0.24,0.84,0.1c0.43,0.53,0.89,1.04,1.38,1.59  c0.22-0.22,0.38-0.37,0.43-0.43c-0.76-0.93-1.47-1.8-2.2-2.69c-0.32,0.27-0.66,0.55-1.14,0.95c-0.31-0.56-0.64-1.02-0.83-1.52  c-0.68-1.83-1.59-3.51-2.91-4.96c-0.95-1.05-1.84-2.15-2.75-3.22c-1.08-1.28-1.68-1.33-2.92-0.25c-1.08-0.91-1.57-0.9-2.73,0.11  c-0.61-0.44-1.27-0.56-1.91-0.07c-0.66,0.5-0.73,1.2-0.46,1.93c-1.26,0.76-1.3,1.97-0.34,2.84c0.64,0.58,1.13,1.33,1.65,1.95  c-0.28,0.39-0.69,0.71-0.66,0.98c0.14,1.42,0.39,2.88,1.4,3.94c1.44,1.51,3.17,2.53,5.32,2.55c0.63,0.01,1.01,0.32,1.27,0.88  c-0.33,0.31-0.65,0.61-1.01,0.94c0.72,0.83,1.42,1.63,2.11,2.43c-1.62,0.58-3.35,0.91-5.17,0.91c-2.14,0-4.18-0.44-6.03-1.24  c0.4-0.39,0.79-0.77,1.2-1.17c-0.14-0.19-0.34-0.47-0.63-0.86c0.63-0.46,1.17-0.92,1.78-1.27c0.62-0.37,1.29-0.63,1.99-0.97  c-0.26-0.36-0.4-0.56-0.58-0.81c-1.33,0.79-2.58,1.52-3.9,2.3c-1.3-1.6-2.68-3.3-4.08-5.02c0.65-0.31,0.77-0.96,0.8-1.7  c0.06-1.55,0.49-2.94,1.85-3.87c0.03-0.02,0.02-0.08,0.04-0.17c-0.15-0.16-0.31-0.35-0.52-0.58c-0.88,0.84-1.82,1.57-1.99,2.87  c-0.08,0.62-0.15,1.25-0.29,1.87c-0.08,0.34-0.28,0.65-0.47,1.04c-0.38-0.38-0.61-0.62-0.92-0.93c-0.69,0.67-1.34,1.31-1.99,1.95  c-1.02-2.05-1.61-4.36-1.61-6.81c0-8.46,6.88-15.34,15.34-15.34c2.82,0,5.57,0.8,7.95,2.24c-0.57,0.49-1.15,0.99-1.71,1.48  c0.19,0.25,0.4,0.52,0.6,0.78c-1.13,1.19-1.16,1.17-2.63,1.62c-0.68,0.21-1.32,0.58-2.11,0.93c0.3,0.35,0.46,0.53,0.61,0.7  c0.51-0.25,0.92-0.57,1.38-0.65c1.29-0.24,2.36-0.84,3.27-1.78c0,0,0.01,0,0.01-0.01c0,0,0,0,0,0c0.06-0.01,0.03-0.01,0,0  c1.47,1.71,2.89,3.36,4.35,5.05c-0.3,0.25-0.66,0.49-0.91,0.81c-0.21,0.26-0.34,0.61-0.42,0.95c-0.08,0.33-0.03,0.7-0.06,1.05  c-0.08,1.05-0.22,2.05-1.26,2.64c-0.32,0.18-0.57,0.52-0.86,0.79c0.12,0.16,0.19,0.27,0.28,0.37c0.07,0.09,0.16,0.16,0.22,0.21  c1.65-0.97,2.48-2.45,2.49-4.33c0-0.97,0.52-1.41,1.21-1.86c0.26,0.29,0.5,0.56,0.64,0.71C30.25,12.62,30.71,12.22,31.2,11.8   M3.31,24.19c0.51-0.48,0.98-0.93,1.33-1.26c2.02,2.3,4,4.54,5.98,6.8c-0.24,0.23-0.5,0.47-0.74,0.7  C7.11,29.04,4.82,26.87,3.31,24.19 M32.29,10.85c0.03-0.03,0.07-0.06,0.11-0.09c-0.1-0.18-0.21-0.41-0.4-0.77  c-0.01,0.01-0.02,0.02-0.04,0.04c-0.24-0.56-0.5-1.11-0.81-1.64c-0.19-0.32-0.59-0.43-0.91-0.24C29.92,8.33,29.81,8.73,30,9.05  c0.36,0.63,0.67,1.28,0.93,1.96c-0.33,0.31-0.64,0.61-0.94,0.9c-1.97-2.31-3.89-4.56-5.97-7c0.41-0.29,0.84-0.6,1.26-0.91  c0.41,0.27,0.8,0.56,1.18,0.88c0.29,0.23,0.71,0.2,0.94-0.09c0.23-0.29,0.2-0.71-0.09-0.94c-2.99-2.47-6.75-3.82-10.63-3.82  C7.5,0.02,0.02,7.51,0.02,16.69c0,6.35,3.58,11.88,8.82,14.69c-0.03,0.03-0.05,0.05-0.08,0.08c0.16,0.2,0.32,0.39,0.54,0.66  c0.12-0.12,0.24-0.23,0.36-0.35c2.14,1,4.52,1.58,7.04,1.58c9.19,0,16.67-7.48,16.68-16.67C33.37,14.69,32.98,12.71,32.29,10.85\"><\/path><\/g><\/svg>\t\t\t<\/div>\n\t\t<\/div>\n\t\t\t\t\t\t<\/div>\n\t\t\t\t\t<\/div>\n\t\t<\/div>\n\t\t\t\t<div class=\"elementor-column elementor-col-50 elementor-top-column elementor-element elementor-element-62bbb2e\" data-id=\"62bbb2e\" data-element_type=\"column\" data-e-type=\"column\">\n\t\t\t<div class=\"elementor-widget-wrap elementor-element-populated\">\n\t\t\t\t\t\t<div class=\"elementor-element elementor-element-d258c2b elementor-widget elementor-widget-heading\" data-id=\"d258c2b\" data-element_type=\"widget\" data-e-type=\"widget\" data-widget_type=\"heading.default\">\n\t\t\t\t\t<h2 class=\"elementor-heading-title elementor-size-default\">Narodowe Centrum Kompetencji HPC na targach ISC High Performance <br>w Hamburgu<\/h2>\t\t\t\t<\/div>\n\t\t\t\t\t<\/div>\n\t\t<\/div>\n\t\t\t\t\t<\/div>\n\t\t<\/section>\n\t\t\t\t<section class=\"elementor-section elementor-top-section elementor-element elementor-element-3c4573c elementor-section-boxed elementor-section-height-default elementor-section-height-default\" data-id=\"3c4573c\" data-element_type=\"section\" data-e-type=\"section\" data-settings=\"{&quot;background_background&quot;:&quot;classic&quot;}\">\n\t\t\t\t\t\t<div class=\"elementor-container elementor-column-gap-default\">\n\t\t\t\t\t<div class=\"elementor-column elementor-col-100 elementor-top-column elementor-element elementor-element-57258cd\" data-id=\"57258cd\" data-element_type=\"column\" data-e-type=\"column\">\n\t\t\t<div class=\"elementor-widget-wrap elementor-element-populated\">\n\t\t\t\t\t\t<div class=\"elementor-element elementor-element-04e65a2 elementor-widget elementor-widget-text-editor\" data-id=\"04e65a2\" data-element_type=\"widget\" data-e-type=\"widget\" data-widget_type=\"text-editor.default\">\n\t\t\t\t\t\t\t\t\t<p><a href=\"https:\/\/www.isc-hpc.com\/\">ISC High Performance<\/a> to jedna z najwa\u017cniejszych imprez zwi\u0105zanych z obliczeniami wielkiej skali. W tym roku do Hamburga przyjecha\u0142o ponad 3 tysi\u0105ce uczestnik\u00f3w i 135 wystawc\u00f3w. W\u015br\u00f3d nich s\u0105 dwa centra z Polski: <a href=\"https:\/\/www.cyfronet.pl\/\">ACK Cyfronet AGH<\/a> i <a href=\"https:\/\/www.pcss.pl\/\">Pozna\u0144skie Centrum Superkomputerowo-Sieciowe<\/a>.<\/p><p>Na stoisku ACK Cyfronet AGH\u00a0 mo\u017cna si\u0119 dowiedzie\u0107 wi\u0119cej o naszym projekcie, czyli Narodowym Centrum Kompetencji HPC \u2013 <a href=\"https:\/\/cc.eurohpc.pl\/\">EuroCC<\/a> oraz o Narodowej Infrastrukturze Superkomputerowej dla EuroHPC\u00a0\u2013 <a href=\"https:\/\/www.eurohpc.pl\/\">EuroHPC PL<\/a>, a tak\u017ce o projektach EPOS i Sat4Envi.<\/p><p>O EuroCC i EuroHPC PL, a tak\u017ce o o<span class=\"d2edcug0\">bliczeniach du\u017cej mocy, zagadnieniach dotycz\u0105cych nowoczesnych sieci czy bezpiecznym przechowywaniu danych, ch\u0119tnie opowiedz\u0105 te\u017c przedstawiciele PCSS.<\/span><\/p><p>Stoisko ACK Cyfronet AGH ma nr A114.<br \/>Stoisko PCSS ma nr B207.<br \/>Zapraszamy!\u00a0<\/p>\t\t\t\t\t\t\t\t<\/div>\n\t\t\t\t\t<\/div>\n\t\t<\/div>\n\t\t\t\t\t<\/div>\n\t\t<\/section>\n\t\t\t\t<section class=\"elementor-section elementor-top-section elementor-element elementor-element-2a06fb5 elementor-section-boxed elementor-section-height-default elementor-section-height-default\" data-id=\"2a06fb5\" data-element_type=\"section\" data-e-type=\"section\" data-settings=\"{&quot;background_background&quot;:&quot;classic&quot;}\">\n\t\t\t\t\t\t<div class=\"elementor-container elementor-column-gap-default\">\n\t\t\t\t\t<div class=\"elementor-column elementor-col-100 elementor-top-column elementor-element elementor-element-5ba95f9\" data-id=\"5ba95f9\" data-element_type=\"column\" data-e-type=\"column\">\n\t\t\t<div class=\"elementor-widget-wrap elementor-element-populated\">\n\t\t\t\t\t\t<div class=\"elementor-element elementor-element-c7676a7 elementor-widget elementor-widget-gallery\" data-id=\"c7676a7\" data-element_type=\"widget\" data-e-type=\"widget\" data-settings=\"{&quot;gallery_layout&quot;:&quot;justified&quot;,&quot;lazyload&quot;:&quot;yes&quot;,&quot;ideal_row_height&quot;:{&quot;unit&quot;:&quot;px&quot;,&quot;size&quot;:200,&quot;sizes&quot;:[]},&quot;ideal_row_height_tablet&quot;:{&quot;unit&quot;:&quot;px&quot;,&quot;size&quot;:150,&quot;sizes&quot;:[]},&quot;ideal_row_height_mobile&quot;:{&quot;unit&quot;:&quot;px&quot;,&quot;size&quot;:150,&quot;sizes&quot;:[]},&quot;gap&quot;:{&quot;unit&quot;:&quot;px&quot;,&quot;size&quot;:10,&quot;sizes&quot;:[]},&quot;gap_tablet&quot;:{&quot;unit&quot;:&quot;px&quot;,&quot;size&quot;:10,&quot;sizes&quot;:[]},&quot;gap_mobile&quot;:{&quot;unit&quot;:&quot;px&quot;,&quot;size&quot;:10,&quot;sizes&quot;:[]},&quot;link_to&quot;:&quot;file&quot;,&quot;overlay_background&quot;:&quot;yes&quot;,&quot;content_hover_animation&quot;:&quot;fade-in&quot;}\" data-widget_type=\"gallery.default\">\n\t\t\t\t\t\t\t<div class=\"elementor-gallery__container\">\n\t\t\t\t\t\t\t<a class=\"e-gallery-item elementor-gallery-item elementor-animated-content\" href=\"https:\/\/cc.eurohpc.pl\/wp-content\/uploads\/2022\/06\/EuroCC_stoiskoACK-scaled.jpg\" data-elementor-open-lightbox=\"yes\" data-elementor-lightbox-slideshow=\"c7676a7\" data-elementor-lightbox-title=\"EuroCC_stoiskoACK\" data-e-action-hash=\"#elementor-action%3Aaction%3Dlightbox%26settings%3DeyJpZCI6NTUwNywidXJsIjoiaHR0cHM6XC9cL2NjLmV1cm9ocGMucGxcL3dwLWNvbnRlbnRcL3VwbG9hZHNcLzIwMjJcLzA2XC9FdXJvQ0Nfc3RvaXNrb0FDSy1zY2FsZWQuanBnIiwic2xpZGVzaG93IjoiYzc2NzZhNyJ9\">\n\t\t\t\t\t<div class=\"e-gallery-image elementor-gallery-item__image\" data-thumbnail=\"https:\/\/cc.eurohpc.pl\/wp-content\/uploads\/2022\/06\/EuroCC_stoiskoACK-225x300.jpg\" data-width=\"225\" data-height=\"300\" aria-label=\"\" role=\"img\" ><\/div>\n\t\t\t\t\t\t\t\t\t\t\t<div class=\"elementor-gallery-item__overlay\"><\/div>\n\t\t\t\t\t\t\t\t\t\t\t\t\t\t<\/a>\n\t\t\t\t\t\t\t<a class=\"e-gallery-item elementor-gallery-item elementor-animated-content\" href=\"https:\/\/cc.eurohpc.pl\/wp-content\/uploads\/2022\/06\/PCSSS_ISC22.jpg\" data-elementor-open-lightbox=\"yes\" data-elementor-lightbox-slideshow=\"c7676a7\" data-elementor-lightbox-title=\"PCSSS_ISC22\" data-e-action-hash=\"#elementor-action%3Aaction%3Dlightbox%26settings%3DeyJpZCI6NTUxMCwidXJsIjoiaHR0cHM6XC9cL2NjLmV1cm9ocGMucGxcL3dwLWNvbnRlbnRcL3VwbG9hZHNcLzIwMjJcLzA2XC9QQ1NTU19JU0MyMi5qcGciLCJzbGlkZXNob3ciOiJjNzY3NmE3In0%3D\">\n\t\t\t\t\t<div class=\"e-gallery-image elementor-gallery-item__image\" data-thumbnail=\"https:\/\/cc.eurohpc.pl\/wp-content\/uploads\/2022\/06\/PCSSS_ISC22-300x225.jpg\" data-width=\"300\" data-height=\"225\" aria-label=\"\" role=\"img\" ><\/div>\n\t\t\t\t\t\t\t\t\t\t\t<div class=\"elementor-gallery-item__overlay\"><\/div>\n\t\t\t\t\t\t\t\t\t\t\t\t\t\t<\/a>\n\t\t\t\t\t\t\t<a class=\"e-gallery-item elementor-gallery-item elementor-animated-content\" href=\"https:\/\/cc.eurohpc.pl\/wp-content\/uploads\/2022\/06\/EuroCC_EuroHPC_PL-rollupyEN-scaled.jpg\" data-elementor-open-lightbox=\"yes\" data-elementor-lightbox-slideshow=\"c7676a7\" data-elementor-lightbox-title=\"EuroCC_EuroHPC_PL-rollupyEN\" data-e-action-hash=\"#elementor-action%3Aaction%3Dlightbox%26settings%3DeyJpZCI6NTUwOCwidXJsIjoiaHR0cHM6XC9cL2NjLmV1cm9ocGMucGxcL3dwLWNvbnRlbnRcL3VwbG9hZHNcLzIwMjJcLzA2XC9FdXJvQ0NfRXVyb0hQQ19QTC1yb2xsdXB5RU4tc2NhbGVkLmpwZyIsInNsaWRlc2hvdyI6ImM3Njc2YTcifQ%3D%3D\">\n\t\t\t\t\t<div class=\"e-gallery-image elementor-gallery-item__image\" data-thumbnail=\"https:\/\/cc.eurohpc.pl\/wp-content\/uploads\/2022\/06\/EuroCC_EuroHPC_PL-rollupyEN-300x225.jpg\" data-width=\"300\" data-height=\"225\" aria-label=\"\" role=\"img\" ><\/div>\n\t\t\t\t\t\t\t\t\t\t\t<div class=\"elementor-gallery-item__overlay\"><\/div>\n\t\t\t\t\t\t\t\t\t\t\t\t\t\t<\/a>\n\t\t\t\t\t\t\t<a class=\"e-gallery-item elementor-gallery-item elementor-animated-content\" href=\"https:\/\/cc.eurohpc.pl\/wp-content\/uploads\/2022\/06\/PCSS2.jpg\" data-elementor-open-lightbox=\"yes\" data-elementor-lightbox-slideshow=\"c7676a7\" data-elementor-lightbox-title=\"PCSS2\" data-e-action-hash=\"#elementor-action%3Aaction%3Dlightbox%26settings%3DeyJpZCI6NTUwOSwidXJsIjoiaHR0cHM6XC9cL2NjLmV1cm9ocGMucGxcL3dwLWNvbnRlbnRcL3VwbG9hZHNcLzIwMjJcLzA2XC9QQ1NTMi5qcGciLCJzbGlkZXNob3ciOiJjNzY3NmE3In0%3D\">\n\t\t\t\t\t<div class=\"e-gallery-image elementor-gallery-item__image\" data-thumbnail=\"https:\/\/cc.eurohpc.pl\/wp-content\/uploads\/2022\/06\/PCSS2-300x225.jpg\" data-width=\"300\" data-height=\"225\" aria-label=\"\" role=\"img\" ><\/div>\n\t\t\t\t\t\t\t\t\t\t\t<div class=\"elementor-gallery-item__overlay\"><\/div>\n\t\t\t\t\t\t\t\t\t\t\t\t\t\t<\/a>\n\t\t\t\t\t\t\t<a class=\"e-gallery-item elementor-gallery-item elementor-animated-content\" href=\"https:\/\/cc.eurohpc.pl\/wp-content\/uploads\/2022\/06\/EuroCC_ISC22__ACK-Cyfronet-scaled.jpg\" data-elementor-open-lightbox=\"yes\" data-elementor-lightbox-slideshow=\"c7676a7\" data-elementor-lightbox-title=\"EuroCC_ISC22__ACK Cyfronet\" data-e-action-hash=\"#elementor-action%3Aaction%3Dlightbox%26settings%3DeyJpZCI6NTUwNSwidXJsIjoiaHR0cHM6XC9cL2NjLmV1cm9ocGMucGxcL3dwLWNvbnRlbnRcL3VwbG9hZHNcLzIwMjJcLzA2XC9FdXJvQ0NfSVNDMjJfX0FDSy1DeWZyb25ldC1zY2FsZWQuanBnIiwic2xpZGVzaG93IjoiYzc2NzZhNyJ9\">\n\t\t\t\t\t<div class=\"e-gallery-image elementor-gallery-item__image\" data-thumbnail=\"https:\/\/cc.eurohpc.pl\/wp-content\/uploads\/2022\/06\/EuroCC_ISC22__ACK-Cyfronet-300x225.jpg\" data-width=\"300\" data-height=\"225\" aria-label=\"\" role=\"img\" ><\/div>\n\t\t\t\t\t\t\t\t\t\t\t<div class=\"elementor-gallery-item__overlay\"><\/div>\n\t\t\t\t\t\t\t\t\t\t\t\t\t\t<\/a>\n\t\t\t\t\t<\/div>\n\t\t\t\t\t<\/div>\n\t\t\t\t\t<\/div>\n\t\t<\/div>\n\t\t\t\t\t<\/div>\n\t\t<\/section>\n\t\t\t\t<\/div>\n\t\t","protected":false},"excerpt":{"rendered":"<p>Narodowe Centrum Kompetencji HPC na targach ISC High Performance w Hamburgu ISC High Performance to jedna z najwa\u017cniejszych imprez zwi\u0105zanych z obliczeniami wielkiej skali. W tym roku do Hamburga przyjecha\u0142o ponad 3 tysi\u0105ce uczestnik\u00f3w i 135 wystawc\u00f3w. W\u015br\u00f3d nich s\u0105 dwa centra z Polski: ACK Cyfronet AGH i Pozna\u0144skie Centrum Superkomputerowo-Sieciowe. Na stoisku ACK Cyfronet&hellip;&nbsp;<a href=\"https:\/\/cc.eurohpc.pl\/index.php\/isc\/\" rel=\"bookmark\">Dowiedz si\u0119 wi\u0119cej &raquo;<span class=\"screen-reader-text\">ISC<\/span><\/a><\/p>\n","protected":false},"author":5,"featured_media":0,"parent":0,"menu_order":0,"comment_status":"closed","ping_status":"closed","template":"page-templates\/template-pagebuilder-full-width.php","meta":{"_monsterinsights_skip_tracking":false,"_monsterinsights_sitenote_active":false,"_monsterinsights_sitenote_note":"","_monsterinsights_sitenote_category":0,"neve_meta_sidebar":"","neve_meta_container":"","neve_meta_enable_content_width":"","neve_meta_content_width":0,"neve_meta_title_alignment":"","neve_meta_author_avatar":"","neve_post_elements_order":"","neve_meta_disable_header":"","neve_meta_disable_footer":"","neve_meta_disable_title":"","footnotes":""},"class_list":["post-7052","page","type-page","status-publish","hentry"],"_links":{"self":[{"href":"https:\/\/cc.eurohpc.pl\/index.php\/wp-json\/wp\/v2\/pages\/7052","targetHints":{"allow":["GET"]}}],"collection":[{"href":"https:\/\/cc.eurohpc.pl\/index.php\/wp-json\/wp\/v2\/pages"}],"about":[{"href":"https:\/\/cc.eurohpc.pl\/index.php\/wp-json\/wp\/v2\/types\/page"}],"author":[{"embeddable":true,"href":"https:\/\/cc.eurohpc.pl\/index.php\/wp-json\/wp\/v2\/users\/5"}],"replies":[{"embeddable":true,"href":"https:\/\/cc.eurohpc.pl\/index.php\/wp-json\/wp\/v2\/comments?post=7052"}],"version-history":[{"count":7,"href":"https:\/\/cc.eurohpc.pl\/index.php\/wp-json\/wp\/v2\/pages\/7052\/revisions"}],"predecessor-version":[{"id":7103,"href":"https:\/\/cc.eurohpc.pl\/index.php\/wp-json\/wp\/v2\/pages\/7052\/revisions\/7103"}],"wp:attachment":[{"href":"https:\/\/cc.eurohpc.pl\/index.php\/wp-json\/wp\/v2\/media?parent=7052"}],"curies":[{"name":"wp","href":"https:\/\/api.w.org\/{rel}","templated":true}]}}