{"id":655,"date":"2021-08-24T12:01:08","date_gmt":"2021-08-24T12:01:08","guid":{"rendered":"http:\/\/10.26.36.32\/?page_id=655"},"modified":"2023-03-10T10:28:17","modified_gmt":"2023-03-10T10:28:17","slug":"hpc-hpda-ai","status":"publish","type":"page","link":"https:\/\/cc.eurohpc.pl\/index.php\/hpc-hpda-ai\/","title":{"rendered":"HP, HPDA, AI"},"content":{"rendered":"\t\t<div data-elementor-type=\"wp-page\" data-elementor-id=\"655\" class=\"elementor elementor-655\" data-elementor-post-type=\"page\">\n\t\t\t\t\t\t<section class=\"elementor-section elementor-top-section elementor-element elementor-element-6e96521 elementor-section-boxed elementor-section-height-default elementor-section-height-default\" data-id=\"6e96521\" data-element_type=\"section\" data-e-type=\"section\">\n\t\t\t\t\t\t<div class=\"elementor-container elementor-column-gap-default\">\n\t\t\t\t\t<div class=\"elementor-column elementor-col-50 elementor-top-column elementor-element elementor-element-ba903c8\" data-id=\"ba903c8\" data-element_type=\"column\" data-e-type=\"column\">\n\t\t\t<div class=\"elementor-widget-wrap elementor-element-populated\">\n\t\t\t\t\t\t<div class=\"elementor-element elementor-element-840a531 elementor-widget elementor-widget-heading\" data-id=\"840a531\" data-element_type=\"widget\" data-e-type=\"widget\" data-widget_type=\"heading.default\">\n\t\t\t\t\t<h2 class=\"elementor-heading-title elementor-size-default\">HPC, HPDA, AI<\/h2>\t\t\t\t<\/div>\n\t\t\t\t<div class=\"elementor-element elementor-element-78a8234 elementor-widget elementor-widget-text-editor\" data-id=\"78a8234\" data-element_type=\"widget\" data-e-type=\"widget\" data-widget_type=\"text-editor.default\">\n\t\t\t\t\t\t\t\t\t<p>Obliczenia wielkiej skali (<strong>HPC<\/strong> od ang. High Performance Computing), czyli technologie obliczeniowe polegaj\u0105ce na wykonywaniu miliard\u00f3w operacji na sekund\u0119 s\u0105 coraz bardziej potrzebne nie tylko w nauce, ale i w przemy\u015ble, a nawet w administracji. Modelowanie, symulacje, przetwarzanie gigantycznych ilo\u015bci danych w czasie rzeczywistym sta\u0142y si\u0119 mo\u017cliwe dzi\u0119ki zastosowaniu klastr\u00f3w komputerowych, zwanych te\u017c superkomputerami o coraz wi\u0119kszej mocy obliczeniowej.<\/p><p>Wysokowydajna analityka danych (<strong>HPDA<\/strong> od ang. High Performance Data Analytics) to kolejny rodzaj dzia\u0142a\u0144 mo\u017cliwych do wykonania dzi\u0119ki superkomputerom, pozwalaj\u0105cym pozyskiwa\u0107 konkretne informacje z bardzo du\u017cych zbior\u00f3w danych, w dodatku w czasie rzeczywistym. Dzi\u0119ki temu mo\u017cna wi\u0119c np. bardzo dok\u0142adnie przewidzie\u0107 pogod\u0119 albo wykry\u0107 oszustwo finansowe w chwili jego pope\u0142niania, ale tak\u017ce na bie\u017c\u0105co analizowa\u0107 dane nap\u0142ywaj\u0105ce z urz\u0105dze\u0144 po\u0142\u0105czonych z internetem. Szczeg\u00f3\u0142owe i szybkie przetwarzanie danych, wy\u0142uskiwanie w\u0142a\u015bciwych informacji, odkrywanie prawid\u0142owo\u015bci czy schemat\u00f3w to dzisiaj kluczowe dzia\u0142ania pozwalaj\u0105ce tworzy\u0107 spersonalizowane i precyzyjne rozwi\u0105zania, a tym samym umo\u017cliwiaj\u0105ce rozw\u00f3j i daj\u0105ce przewag\u0119 nad konkurencj\u0105.<\/p><p>Sztuczna inteligencja (<strong>AI<\/strong> od ang. Artificial Intelligence) w najwi\u0119kszym skr\u00f3cie to zdolno\u015b\u0107 maszyn do na\u015bladowania proces\u00f3w my\u015blowych cz\u0142owieka, umiej\u0119tno\u015bci takich jak rozumowanie, uczenie si\u0119, wnioskowanie, planowanie. Autor terminu \u201esztuczna inteligencja\u201d \u2013 ameryka\u0144ski informatyk John McCarthy \u2013 wyja\u015bni\u0142, \u017ce jest to: \u201enauka <br \/>i in\u017cynieria tworzenia inteligentnych maszyn\u201d. Obecnie komputery wyposa\u017cone w oprogramowanie do rozumienia j\u0119zyka naturalnego, rozpoznawania twarzy czy uczenia si\u0119 (uczenia maszynowego) maj\u0105 coraz wi\u0119ksze zastosowanie w nauce, przemy\u015ble i w codziennym \u017cyciu, pocz\u0105wszy od wyszukiwania produkt\u00f3w i robienia zakup\u00f3w w internecie przez systemy zabezpiecze\u0144 po autonomiczne pojazdy. \u00a0<\/p>\t\t\t\t\t\t\t\t<\/div>\n\t\t\t\t\t<\/div>\n\t\t<\/div>\n\t\t\t\t<div class=\"elementor-column elementor-col-50 elementor-top-column elementor-element elementor-element-5412a43\" data-id=\"5412a43\" data-element_type=\"column\" data-e-type=\"column\" data-settings=\"{&quot;background_background&quot;:&quot;classic&quot;}\">\n\t\t\t<div class=\"elementor-widget-wrap elementor-element-populated\">\n\t\t\t\t\t\t<div class=\"elementor-element elementor-element-9ba617b elementor-widget elementor-widget-heading\" data-id=\"9ba617b\" data-element_type=\"widget\" data-e-type=\"widget\" data-widget_type=\"heading.default\">\n\t\t\t\t\t<h2 class=\"elementor-heading-title elementor-size-default\">NAUKA<\/h2>\t\t\t\t<\/div>\n\t\t\t\t<div class=\"elementor-element elementor-element-5a42f34 elementor-widget-divider--view-line elementor-widget elementor-widget-divider\" data-id=\"5a42f34\" data-element_type=\"widget\" data-e-type=\"widget\" data-widget_type=\"divider.default\">\n\t\t\t\t\t\t\t<div class=\"elementor-divider\">\n\t\t\t<span class=\"elementor-divider-separator\">\n\t\t\t\t\t\t<\/span>\n\t\t<\/div>\n\t\t\t\t\t\t<\/div>\n\t\t\t\t<div class=\"elementor-element elementor-element-1078a42 elementor-widget elementor-widget-text-editor\" data-id=\"1078a42\" data-element_type=\"widget\" data-e-type=\"widget\" data-widget_type=\"text-editor.default\">\n\t\t\t\t\t\t\t\t\t<p>Technologie HPC odgrywaj\u0105 istotn\u0105 rol\u0119 w nauce. Wykorzystywane s\u0105 do rozwi\u0105zywania problem\u00f3w z takich dziedzin, jak: astronomia, nauka o Ziemi, klimatologia, mechanika, automatyka, chemia, fizyka kwantowa, medycyna (w ostatnim czasie szczeg\u00f3lnie kwestie zwi\u0105zane z Covid-19), zmiany demograficzne, urbanistyka, cyberbezpiecze\u0144stwo, energia j\u0105drowa, zr\u00f3wnowa\u017cone rolnictwo, gospodarka ekologiczna, finanse, obronno\u015b\u0107, a nawet te dotycz\u0105ce pocz\u0105tk\u00f3w \u017cycia na Ziemi.<\/p>\t\t\t\t\t\t\t\t<\/div>\n\t\t\t\t<div class=\"elementor-element elementor-element-3fbe1cf elementor-widget elementor-widget-heading\" data-id=\"3fbe1cf\" data-element_type=\"widget\" data-e-type=\"widget\" data-widget_type=\"heading.default\">\n\t\t\t\t\t<h2 class=\"elementor-heading-title elementor-size-default\">PRZEMYS\u0141<\/h2>\t\t\t\t<\/div>\n\t\t\t\t<div class=\"elementor-element elementor-element-c5adbc3 elementor-widget-divider--view-line elementor-widget elementor-widget-divider\" data-id=\"c5adbc3\" data-element_type=\"widget\" data-e-type=\"widget\" data-widget_type=\"divider.default\">\n\t\t\t\t\t\t\t<div class=\"elementor-divider\">\n\t\t\t<span class=\"elementor-divider-separator\">\n\t\t\t\t\t\t<\/span>\n\t\t<\/div>\n\t\t\t\t\t\t<\/div>\n\t\t\t\t<div class=\"elementor-element elementor-element-207d95b elementor-widget elementor-widget-text-editor\" data-id=\"207d95b\" data-element_type=\"widget\" data-e-type=\"widget\" data-widget_type=\"text-editor.default\">\n\t\t\t\t\t\t\t\t\t<p>HPC maj\u0105 coraz szersze zastosowanie w przemy\u015ble, wci\u0105\u017c jednak w zbyt ma\u0142ym stopniu w sektorze M\u015aP. Dlatego te\u017c jednym z zada\u0144 Narodowego Centrum Kompetencji HPC jest zach\u0119canie przedsi\u0119biorc\u00f3w do korzystania z infrastruktury, zasob\u00f3w i wiedzy ekspert\u00f3w z polskich i europejskich centr\u00f3w superkomputerowych. Zastosowanie HPC bowiem znacznie skraca i u\u0142atwia procesy projektowania, testowania, produkcji, a nawet zarz\u0105dzania sprzeda\u017c\u0105. To z kolei zwi\u0119ksza konkurencyjno\u015b\u0107 i umacnia pozycj\u0119 danej firmy na rynku. Dzi\u0119ki HPC mo\u017cna te\u017c o wiele szybciej podejmowa\u0107 decyzje biznesowe w oparciu o b\u0142yskawiczny dost\u0119p do kluczowych informacji wy\u0142uskiwanych z du\u017cych zbior\u00f3w danych, tak\u017ce w czasie rzeczywistym.<\/p>\t\t\t\t\t\t\t\t<\/div>\n\t\t\t\t<div class=\"elementor-element elementor-element-da03d77 elementor-widget elementor-widget-heading\" data-id=\"da03d77\" data-element_type=\"widget\" data-e-type=\"widget\" data-widget_type=\"heading.default\">\n\t\t\t\t\t<h2 class=\"elementor-heading-title elementor-size-default\">ADMINISTRACJA<\/h2>\t\t\t\t<\/div>\n\t\t\t\t<div class=\"elementor-element elementor-element-0687168 elementor-widget-divider--view-line elementor-widget elementor-widget-divider\" data-id=\"0687168\" data-element_type=\"widget\" data-e-type=\"widget\" data-widget_type=\"divider.default\">\n\t\t\t\t\t\t\t<div class=\"elementor-divider\">\n\t\t\t<span class=\"elementor-divider-separator\">\n\t\t\t\t\t\t<\/span>\n\t\t<\/div>\n\t\t\t\t\t\t<\/div>\n\t\t\t\t<div class=\"elementor-element elementor-element-e01374b elementor-widget elementor-widget-text-editor\" data-id=\"e01374b\" data-element_type=\"widget\" data-e-type=\"widget\" data-widget_type=\"text-editor.default\">\n\t\t\t\t\t\t\t\t\t<p>HPC, HPDA, AI to tak\u017ce narz\u0119dzia, kt\u00f3re doskonale sprawdzaj\u0105 si\u0119 w administracji. Sektor publiczny gromadzi i przechowuje coraz wi\u0119ksz\u0105 ilo\u015b\u0107 danych, w tym wra\u017cliwych i chronionych (patrz: RODO). Kluczowe znaczenie maj\u0105 wi\u0119c nie tylko systemy zapewniaj\u0105ce szybki dost\u0119p do konkretnych informacji, ale tak\u017ce systemy zabezpiecze\u0144. Dla administracji istotne jest cyberbezpiecze\u0144stwo, wsparcie przy opracowywaniu technologii szyfrowania, rozpoznawaniu cyberatak\u00f3w <br \/>i reagowaniu na nie, w czym pomocne mog\u0105 by\u0107 centra superkomputetowe.<\/p>\t\t\t\t\t\t\t\t<\/div>\n\t\t\t\t\t<\/div>\n\t\t<\/div>\n\t\t\t\t\t<\/div>\n\t\t<\/section>\n\t\t\t\t<section class=\"elementor-section elementor-top-section elementor-element elementor-element-59767ce elementor-section-height-min-height elementor-section-boxed elementor-section-height-default elementor-section-items-middle\" data-id=\"59767ce\" data-element_type=\"section\" data-e-type=\"section\" data-settings=\"{&quot;background_background&quot;:&quot;classic&quot;}\">\n\t\t\t\t\t\t<div class=\"elementor-container elementor-column-gap-default\">\n\t\t\t\t\t<div class=\"elementor-column elementor-col-100 elementor-top-column elementor-element elementor-element-53afccf\" data-id=\"53afccf\" data-element_type=\"column\" data-e-type=\"column\">\n\t\t\t<div class=\"elementor-widget-wrap\">\n\t\t\t\t\t\t\t<\/div>\n\t\t<\/div>\n\t\t\t\t\t<\/div>\n\t\t<\/section>\n\t\t\t\t<\/div>\n\t\t","protected":false},"excerpt":{"rendered":"<p>HPC, HPDA, AI Obliczenia wielkiej skali (HPC od ang. High Performance Computing), czyli technologie obliczeniowe polegaj\u0105ce na wykonywaniu miliard\u00f3w operacji na sekund\u0119 s\u0105 coraz bardziej potrzebne nie tylko w nauce, ale i w przemy\u015ble, a nawet w administracji. Modelowanie, symulacje, przetwarzanie gigantycznych ilo\u015bci danych w czasie rzeczywistym sta\u0142y si\u0119 mo\u017cliwe dzi\u0119ki zastosowaniu klastr\u00f3w komputerowych, zwanych&hellip;&nbsp;<a href=\"https:\/\/cc.eurohpc.pl\/index.php\/hpc-hpda-ai\/\" rel=\"bookmark\">Dowiedz si\u0119 wi\u0119cej &raquo;<span class=\"screen-reader-text\">HP, HPDA, AI<\/span><\/a><\/p>\n","protected":false},"author":5,"featured_media":0,"parent":0,"menu_order":0,"comment_status":"closed","ping_status":"closed","template":"page-templates\/template-pagebuilder-full-width.php","meta":{"_monsterinsights_skip_tracking":false,"_monsterinsights_sitenote_active":false,"_monsterinsights_sitenote_note":"","_monsterinsights_sitenote_category":0,"neve_meta_sidebar":"","neve_meta_container":"","neve_meta_enable_content_width":"","neve_meta_content_width":0,"neve_meta_title_alignment":"","neve_meta_author_avatar":"","neve_post_elements_order":"","neve_meta_disable_header":"","neve_meta_disable_footer":"","neve_meta_disable_title":"","footnotes":""},"class_list":["post-655","page","type-page","status-publish","hentry"],"_links":{"self":[{"href":"https:\/\/cc.eurohpc.pl\/index.php\/wp-json\/wp\/v2\/pages\/655","targetHints":{"allow":["GET"]}}],"collection":[{"href":"https:\/\/cc.eurohpc.pl\/index.php\/wp-json\/wp\/v2\/pages"}],"about":[{"href":"https:\/\/cc.eurohpc.pl\/index.php\/wp-json\/wp\/v2\/types\/page"}],"author":[{"embeddable":true,"href":"https:\/\/cc.eurohpc.pl\/index.php\/wp-json\/wp\/v2\/users\/5"}],"replies":[{"embeddable":true,"href":"https:\/\/cc.eurohpc.pl\/index.php\/wp-json\/wp\/v2\/comments?post=655"}],"version-history":[{"count":190,"href":"https:\/\/cc.eurohpc.pl\/index.php\/wp-json\/wp\/v2\/pages\/655\/revisions"}],"predecessor-version":[{"id":8858,"href":"https:\/\/cc.eurohpc.pl\/index.php\/wp-json\/wp\/v2\/pages\/655\/revisions\/8858"}],"wp:attachment":[{"href":"https:\/\/cc.eurohpc.pl\/index.php\/wp-json\/wp\/v2\/media?parent=655"}],"curies":[{"name":"wp","href":"https:\/\/api.w.org\/{rel}","templated":true}]}}