{"id":65,"date":"2021-08-15T22:43:37","date_gmt":"2021-08-15T22:43:37","guid":{"rendered":"http:\/\/10.26.36.32\/?page_id=65"},"modified":"2023-11-09T12:16:06","modified_gmt":"2023-11-09T12:16:06","slug":"szkolenia","status":"publish","type":"page","link":"https:\/\/cc.eurohpc.pl\/index.php\/szkolenia\/","title":{"rendered":"Szkolenia"},"content":{"rendered":"\t\t<div data-elementor-type=\"wp-page\" data-elementor-id=\"65\" class=\"elementor elementor-65\" data-elementor-post-type=\"page\">\n\t\t\t\t\t\t<section class=\"elementor-section elementor-top-section elementor-element elementor-element-5e6a912 elementor-section-height-min-height elementor-section-boxed elementor-section-height-default elementor-section-items-middle\" data-id=\"5e6a912\" data-element_type=\"section\" data-e-type=\"section\" data-settings=\"{&quot;background_background&quot;:&quot;classic&quot;}\">\n\t\t\t\t\t\t<div class=\"elementor-container elementor-column-gap-default\">\n\t\t\t\t\t<div class=\"elementor-column elementor-col-100 elementor-top-column elementor-element elementor-element-ce925e1\" data-id=\"ce925e1\" data-element_type=\"column\" data-e-type=\"column\">\n\t\t\t<div class=\"elementor-widget-wrap\">\n\t\t\t\t\t\t\t<\/div>\n\t\t<\/div>\n\t\t\t\t\t<\/div>\n\t\t<\/section>\n\t\t\t\t<section class=\"elementor-section elementor-top-section elementor-element elementor-element-feb20b3 elementor-section-boxed elementor-section-height-default elementor-section-height-default\" data-id=\"feb20b3\" data-element_type=\"section\" data-e-type=\"section\" data-settings=\"{&quot;background_background&quot;:&quot;classic&quot;}\">\n\t\t\t\t\t\t<div class=\"elementor-container elementor-column-gap-default\">\n\t\t\t\t\t<div class=\"elementor-column elementor-col-50 elementor-top-column elementor-element elementor-element-3772b2f\" data-id=\"3772b2f\" data-element_type=\"column\" data-e-type=\"column\">\n\t\t\t<div class=\"elementor-widget-wrap elementor-element-populated\">\n\t\t\t\t\t\t<section class=\"elementor-section elementor-inner-section elementor-element elementor-element-7d2852b elementor-section-boxed elementor-section-height-default elementor-section-height-default\" data-id=\"7d2852b\" data-element_type=\"section\" data-e-type=\"section\">\n\t\t\t\t\t\t<div class=\"elementor-container elementor-column-gap-default\">\n\t\t\t\t\t<div class=\"elementor-column elementor-col-50 elementor-inner-column elementor-element elementor-element-8af25cf\" data-id=\"8af25cf\" data-element_type=\"column\" data-e-type=\"column\">\n\t\t\t<div class=\"elementor-widget-wrap elementor-element-populated\">\n\t\t\t\t\t\t<div class=\"elementor-element elementor-element-a052dec elementor-view-default elementor-widget elementor-widget-icon\" data-id=\"a052dec\" data-element_type=\"widget\" data-e-type=\"widget\" data-widget_type=\"icon.default\">\n\t\t\t\t\t\t\t<div class=\"elementor-icon-wrapper\">\n\t\t\t<div class=\"elementor-icon\">\n\t\t\t<svg xmlns=\"http:\/\/www.w3.org\/2000\/svg\" xmlns:xlink=\"http:\/\/www.w3.org\/1999\/xlink\" id=\"Warstwa_1\" x=\"0px\" y=\"0px\" viewBox=\"0 0 33.4 33.4\" style=\"enable-background:new 0 0 33.4 33.4;\" xml:space=\"preserve\"><style type=\"text\/css\">\t.st0{fill:#AA8523;}<\/style><g>\t<path class=\"st0\" d=\"M33.37,16.69c0-2.91-0.76-5.79-2.22-8.3c-0.19-0.32-0.59-0.43-0.91-0.24C29.92,8.33,29.81,8.73,30,9.05  c1.33,2.31,2.03,4.96,2.03,7.64c0,2.22-0.48,4.33-1.34,6.24c0-0.39,0.01-0.78,0-1.17c-0.01-0.53-0.32-0.97-0.8-1.26  c-0.28-0.17-0.38-0.37-0.43-0.67c-0.41-2.18-2.43-3.78-4.79-3.8c-1.68-0.02-3.36-0.02-5.04,0c-2.43,0.02-4.42,1.64-4.84,3.87  c-0.04,0.2-0.19,0.41-0.36,0.54c-0.58,0.43-0.88,0.96-0.88,1.64c0,0.44,0,0.88,0,1.32v2.16h0.93v-0.56c0-0.96-0.01-1.93,0.01-2.89  C14.49,21.4,14.92,21,15.69,21c4.29-0.01,8.57-0.01,12.86,0c0.8,0,1.22,0.4,1.23,1.16c0.01,0.83,0.01,1.65,0.01,2.48  c-2.69,4.43-7.55,7.41-13.11,7.41c-8.46,0-15.34-6.88-15.34-15.34c0-8.46,6.88-15.34,15.34-15.34c3.56,0,7.04,1.26,9.78,3.52  c0.29,0.23,0.71,0.2,0.94-0.09c0.23-0.29,0.2-0.71-0.09-0.94c-2.99-2.47-6.75-3.82-10.63-3.82C7.5,0.02,0.02,7.51,0.02,16.69  c0,9.19,7.48,16.67,16.67,16.67S33.36,25.88,33.37,16.69 M4.37,8.7c0.01,1.89,0.04,3.78,0.04,5.68c0,1.81-0.03,3.62-0.04,5.43  c0,0.66,0.08,0.73,0.79,0.73c1.87,0,3.74,0,5.62,0h1.08c-0.03,0.32-0.05,0.57-0.07,0.86c-0.38,0-0.71-0.04-1.03,0.02  c-0.14,0.02-0.37,0.24-0.35,0.34c0.03,0.18,0.2,0.48,0.33,0.49c0.64,0.05,1.28,0.02,1.95,0.02c0.03-0.76,0.16-1.48,0.74-1.97  c0.65-0.56,0.55-1.36,0.97-2.06H5.33V8.76h0.7c3.55,0,7.1-0.02,10.65,0.02c0.7,0.01,1.12-0.18,1.34-0.88h-0.6  c-4.06,0-8.12,0-12.18,0C4.43,7.9,4.37,7.95,4.37,8.7 M12.68,23.09H5.19c0.03,0.3,0.05,0.55,0.07,0.8h7.42V23.09z M16.09,13.18h-9  v0.59c0.9,0,1.75-0.01,2.6,0c1.96,0.01,3.91,0.04,5.87,0.05C16.19,13.83,16.19,13.82,16.09,13.18 M15.58,11.51  c0.17,0,0.34-0.02,0.53-0.03v-0.67h-0.69c-2.39,0-4.78,0-7.18,0c-0.3,0-0.6-0.01-0.88,0.05c-0.13,0.03-0.27,0.2-0.3,0.32  c-0.02,0.07,0.17,0.24,0.3,0.27c0.21,0.06,0.45,0.05,0.68,0.05C10.56,11.51,13.07,11.51,15.58,11.51 M13.5,15.48H7.07v0.6h6.43  V15.48z M17.92,10.92c0,2.19,1.84,3.92,4.19,3.94c2.33,0.02,4.23-1.72,4.24-3.89C26.36,8.78,24.5,7.01,22.18,7  C19.81,6.99,17.92,8.72,17.92,10.92\"><\/path><\/g><\/svg>\t\t\t<\/div>\n\t\t<\/div>\n\t\t\t\t\t\t<\/div>\n\t\t\t\t\t<\/div>\n\t\t<\/div>\n\t\t\t\t<div class=\"elementor-column elementor-col-50 elementor-inner-column elementor-element elementor-element-998ff0a\" data-id=\"998ff0a\" data-element_type=\"column\" data-e-type=\"column\">\n\t\t\t<div class=\"elementor-widget-wrap elementor-element-populated\">\n\t\t\t\t\t\t<div class=\"elementor-element elementor-element-387d17d elementor-widget elementor-widget-heading\" data-id=\"387d17d\" data-element_type=\"widget\" data-e-type=\"widget\" data-widget_type=\"heading.default\">\n\t\t\t\t\t<h2 class=\"elementor-heading-title elementor-size-default\">WYBIERZ SZKOLENIE<\/h2>\t\t\t\t<\/div>\n\t\t\t\t\t<\/div>\n\t\t<\/div>\n\t\t\t\t\t<\/div>\n\t\t<\/section>\n\t\t\t\t<div class=\"elementor-element elementor-element-de655ae elementor-widget-divider--view-line elementor-widget elementor-widget-divider\" data-id=\"de655ae\" data-element_type=\"widget\" data-e-type=\"widget\" data-widget_type=\"divider.default\">\n\t\t\t\t\t\t\t<div class=\"elementor-divider\">\n\t\t\t<span class=\"elementor-divider-separator\">\n\t\t\t\t\t\t<\/span>\n\t\t<\/div>\n\t\t\t\t\t\t<\/div>\n\t\t\t\t<div class=\"elementor-element elementor-element-b0f4673 elementor-widget elementor-widget-text-editor\" data-id=\"b0f4673\" data-element_type=\"widget\" data-e-type=\"widget\" data-widget_type=\"text-editor.default\">\n\t\t\t\t\t\t\t\t\t<p>Narodowe Centrum Kompetencji prowadzi bezp\u0142atne kursy, szkolenia, webinary, warsztaty z zakresu HPC. Nie tylko zapewniamy dost\u0119p do zasob\u00f3w obliczeniowych i fachowe wsparcie, ale tak\u017ce uczymy, jak korzysta\u0107 z oprogramowania HPC. Prowadzimy mi\u0119dzy innymi szkolenia z efektywnego wykorzystania zasob\u00f3w superkomputerowych, programowania aplikacji HPC, sztucznej inteligencji, machine learning, analizy wielkich zbior\u00f3w danych, a tak\u017ce kursy kodowania, programowania r\u00f3wnoleg\u0142ego oraz szkolenia dotycz\u0105ce specjalistycznych aplikacji, np. ANSYS, Gaussian, MATLAB, OpenFOAM.<br \/>Opr\u00f3cz kurs\u00f3w ze sta\u0142ej oferty organizujemy te\u017c szkolenia na zam\u00f3wienie. Zapotrzebowanie mo\u017cna zg\u0142asza\u0107 przez formularz lub pisz\u0105c na adres: <a href=\"mailto:kontakt@cc.eurohpc.pl\"><strong>kontakt@cc.eurohpc.pl<\/strong><\/a>. \u00a0 \u00a0<\/p>\t\t\t\t\t\t\t\t<\/div>\n\t\t\t\t<div class=\"elementor-element elementor-element-acfd078 elementor-align-left elementor-widget elementor-widget-button\" data-id=\"acfd078\" data-element_type=\"widget\" data-e-type=\"widget\" data-widget_type=\"button.default\">\n\t\t\t\t\t\t\t\t\t\t<a class=\"elementor-button elementor-button-link elementor-size-sm\" href=\"https:\/\/cc.eurohpc.pl\/index.php\/szkolenia-w-polsce\/\" target=\"_blank\">\n\t\t\t\t\t\t<span class=\"elementor-button-content-wrapper\">\n\t\t\t\t\t\t\t\t\t<span class=\"elementor-button-text\">CZYTAJ WI\u0118CEJ &gt;<\/span>\n\t\t\t\t\t<\/span>\n\t\t\t\t\t<\/a>\n\t\t\t\t\t\t\t\t<\/div>\n\t\t\t\t\t<\/div>\n\t\t<\/div>\n\t\t\t\t<div class=\"elementor-column elementor-col-50 elementor-top-column elementor-element elementor-element-1c4c1b0\" data-id=\"1c4c1b0\" data-element_type=\"column\" data-e-type=\"column\">\n\t\t\t<div class=\"elementor-widget-wrap elementor-element-populated\">\n\t\t\t\t\t\t<div class=\"elementor-element elementor-element-cba159c elementor-widget elementor-widget-image\" data-id=\"cba159c\" data-element_type=\"widget\" data-e-type=\"widget\" data-widget_type=\"image.default\">\n\t\t\t\t\t\t\t\t\t\t\t\t\t\t\t<img fetchpriority=\"high\" decoding=\"async\" width=\"960\" height=\"580\" src=\"https:\/\/cc.eurohpc.pl\/wp-content\/uploads\/2021\/08\/foto_small_4.jpg\" class=\"attachment-large size-large wp-image-1174\" alt=\"\" \/>\t\t\t\t\t\t\t\t\t\t\t\t\t\t\t<\/div>\n\t\t\t\t\t<\/div>\n\t\t<\/div>\n\t\t\t\t\t<\/div>\n\t\t<\/section>\n\t\t\t\t<section class=\"elementor-section elementor-top-section elementor-element elementor-element-de5ef0b elementor-section-boxed elementor-section-height-default elementor-section-height-default\" data-id=\"de5ef0b\" data-element_type=\"section\" data-e-type=\"section\" data-settings=\"{&quot;background_background&quot;:&quot;classic&quot;}\">\n\t\t\t\t\t\t<div class=\"elementor-container elementor-column-gap-default\">\n\t\t\t\t\t<div class=\"elementor-column elementor-col-50 elementor-top-column elementor-element elementor-element-6b00b11\" data-id=\"6b00b11\" data-element_type=\"column\" data-e-type=\"column\">\n\t\t\t<div class=\"elementor-widget-wrap elementor-element-populated\">\n\t\t\t\t\t\t<div class=\"elementor-element elementor-element-f09527b elementor-widget elementor-widget-image\" data-id=\"f09527b\" data-element_type=\"widget\" data-e-type=\"widget\" data-widget_type=\"image.default\">\n\t\t\t\t\t\t\t\t\t\t\t\t\t\t\t<img decoding=\"async\" width=\"960\" height=\"580\" src=\"https:\/\/cc.eurohpc.pl\/wp-content\/uploads\/2021\/08\/foto_small_6.jpg\" class=\"attachment-large size-large wp-image-1129\" alt=\"\" \/>\t\t\t\t\t\t\t\t\t\t\t\t\t\t\t<\/div>\n\t\t\t\t\t<\/div>\n\t\t<\/div>\n\t\t\t\t<div class=\"elementor-column elementor-col-50 elementor-top-column elementor-element elementor-element-1839403\" data-id=\"1839403\" data-element_type=\"column\" data-e-type=\"column\">\n\t\t\t<div class=\"elementor-widget-wrap elementor-element-populated\">\n\t\t\t\t\t\t<section class=\"elementor-section elementor-inner-section elementor-element elementor-element-aec55d2 elementor-section-boxed elementor-section-height-default elementor-section-height-default\" data-id=\"aec55d2\" data-element_type=\"section\" data-e-type=\"section\">\n\t\t\t\t\t\t<div class=\"elementor-container elementor-column-gap-default\">\n\t\t\t\t\t<div class=\"elementor-column elementor-col-50 elementor-inner-column elementor-element elementor-element-88f73c9\" data-id=\"88f73c9\" data-element_type=\"column\" data-e-type=\"column\">\n\t\t\t<div class=\"elementor-widget-wrap elementor-element-populated\">\n\t\t\t\t\t\t<div class=\"elementor-element elementor-element-06798d7 elementor-view-default elementor-widget elementor-widget-icon\" data-id=\"06798d7\" data-element_type=\"widget\" data-e-type=\"widget\" data-widget_type=\"icon.default\">\n\t\t\t\t\t\t\t<div class=\"elementor-icon-wrapper\">\n\t\t\t<div class=\"elementor-icon\">\n\t\t\t<svg xmlns=\"http:\/\/www.w3.org\/2000\/svg\" xmlns:xlink=\"http:\/\/www.w3.org\/1999\/xlink\" id=\"Warstwa_1\" x=\"0px\" y=\"0px\" viewBox=\"0 0 33.4 33.4\" style=\"enable-background:new 0 0 33.4 33.4;\" xml:space=\"preserve\"><style type=\"text\/css\">\t.st0{clip-path:url(#SVGID_00000126299621623133418160000017033235787332680324_);fill:#AA8523;}<\/style><g>\t<defs>\t\t<rect id=\"SVGID_1_\" x=\"0.02\" y=\"0.02\" width=\"33.35\" height=\"33.34\"><\/rect>\t<\/defs>\t<clipPath id=\"SVGID_00000171708283512180625980000014715946712744437890_\">\t\t<use xlink:href=\"#SVGID_1_\" style=\"overflow:visible;\"><\/use>\t<\/clipPath>\t<path style=\"clip-path:url(#SVGID_00000171708283512180625980000014715946712744437890_);fill:#AA8523;\" d=\"M33.37,16.69  c0-2.91-0.76-5.79-2.22-8.3c-0.19-0.32-0.59-0.43-0.91-0.25C29.92,8.33,29.81,8.73,30,9.05c1.33,2.31,2.03,4.96,2.03,7.64  c0,8.47-6.88,15.34-15.34,15.34c-8.46,0-15.34-6.88-15.34-15.34c0-8.46,6.88-15.34,15.34-15.34c3.56,0,7.04,1.25,9.78,3.52  c0.29,0.23,0.71,0.2,0.94-0.08c0.23-0.29,0.2-0.71-0.09-0.94c-2.98-2.47-6.75-3.82-10.63-3.82C7.5,0.02,0.02,7.51,0.02,16.69  c0,9.19,7.48,16.67,16.67,16.67S33.36,25.88,33.37,16.69 M10.88,10.99h9.31v-1.1h-9.31V10.99z M10.88,13.43h9.31v-1.1h-9.31V13.43z   M10.88,15.73h9.31v-1.1h-9.31V15.73z M10.88,18.17h9.31v-1.1h-9.31V18.17z M23.78,27.12H11.93c-0.23,0-0.42-0.19-0.42-0.43v-1.48  h9.94c0.84,0,1.52-0.69,1.52-1.53V9.27h0.81c0.23,0,0.42,0.19,0.42,0.43v16.99C24.2,26.93,24.01,27.12,23.78,27.12 M21.87,23.68  c0,0.24-0.19,0.43-0.42,0.43H9.61c-0.23,0-0.42-0.19-0.42-0.43V6.69c0-0.24,0.19-0.43,0.42-0.43h11.84c0.23,0,0.42,0.19,0.42,0.43  V23.68z M23.78,28.22c0.84,0,1.52-0.69,1.52-1.53V9.7c0-0.84-0.68-1.53-1.52-1.53h-0.81V6.69c0-0.84-0.68-1.53-1.52-1.53H9.61  c-0.84,0-1.52,0.69-1.52,1.53v16.99c0,0.84,0.68,1.53,1.52,1.53h0.81v1.48c0,0.84,0.68,1.53,1.52,1.53H23.78z\"><\/path><\/g><\/svg>\t\t\t<\/div>\n\t\t<\/div>\n\t\t\t\t\t\t<\/div>\n\t\t\t\t\t<\/div>\n\t\t<\/div>\n\t\t\t\t<div class=\"elementor-column elementor-col-50 elementor-inner-column elementor-element elementor-element-48e9af3\" data-id=\"48e9af3\" data-element_type=\"column\" data-e-type=\"column\">\n\t\t\t<div class=\"elementor-widget-wrap elementor-element-populated\">\n\t\t\t\t\t\t<div class=\"elementor-element elementor-element-33d8681 elementor-widget elementor-widget-heading\" data-id=\"33d8681\" data-element_type=\"widget\" data-e-type=\"widget\" data-widget_type=\"heading.default\">\n\t\t\t\t\t<h2 class=\"elementor-heading-title elementor-size-default\">MATERIA\u0141Y SZKOLENIOWE<\/h2>\t\t\t\t<\/div>\n\t\t\t\t\t<\/div>\n\t\t<\/div>\n\t\t\t\t\t<\/div>\n\t\t<\/section>\n\t\t\t\t<div class=\"elementor-element elementor-element-5f226d8 elementor-widget-divider--view-line elementor-widget elementor-widget-divider\" data-id=\"5f226d8\" data-element_type=\"widget\" data-e-type=\"widget\" data-widget_type=\"divider.default\">\n\t\t\t\t\t\t\t<div class=\"elementor-divider\">\n\t\t\t<span class=\"elementor-divider-separator\">\n\t\t\t\t\t\t<\/span>\n\t\t<\/div>\n\t\t\t\t\t\t<\/div>\n\t\t\t\t<div class=\"elementor-element elementor-element-a75429f elementor-widget elementor-widget-text-editor\" data-id=\"a75429f\" data-element_type=\"widget\" data-e-type=\"widget\" data-widget_type=\"text-editor.default\">\n\t\t\t\t\t\t\t\t\t<p>Opr\u00f3cz kurs\u00f3w prowadzonych stacjonarnie oraz online oferujemy na tej stronie szereg bezp\u0142atnych materia\u0142\u00f3w szkoleniowych oraz instrukcji. S\u0105 to mi\u0119dzy innymi pliki tekstowe, prezentacje,\u00a0 materia\u0142y w formie wideo, np. nagrania webinar\u00f3w. <br \/>Wi\u0119cej informacji na ten temat znajduje si\u0119 w zak\u0142adce <span style=\"color: #aa8523;\"><a style=\"color: #aa8523;\" href=\"https:\/\/cc.eurohpc.pl\/index.php\/materialy-szkoleniowe\/\" target=\"_blank\" rel=\"noopener\"><strong>Materia\u0142y szkoleniowe<\/strong><\/a><\/span>, na naszej stronie internetowej oraz na portalach spo\u0142eczno\u015bciowych.<\/p>\t\t\t\t\t\t\t\t<\/div>\n\t\t\t\t\t<\/div>\n\t\t<\/div>\n\t\t\t\t\t<\/div>\n\t\t<\/section>\n\t\t\t\t<section class=\"elementor-section elementor-top-section elementor-element elementor-element-b13a85a elementor-section-height-min-height elementor-section-boxed elementor-section-height-default elementor-section-items-middle\" data-id=\"b13a85a\" data-element_type=\"section\" data-e-type=\"section\" data-settings=\"{&quot;background_background&quot;:&quot;classic&quot;}\">\n\t\t\t\t\t\t<div class=\"elementor-container elementor-column-gap-default\">\n\t\t\t\t\t<div class=\"elementor-column elementor-col-100 elementor-top-column elementor-element elementor-element-dbeff26\" data-id=\"dbeff26\" data-element_type=\"column\" data-e-type=\"column\">\n\t\t\t<div class=\"elementor-widget-wrap\">\n\t\t\t\t\t\t\t<\/div>\n\t\t<\/div>\n\t\t\t\t\t<\/div>\n\t\t<\/section>\n\t\t\t\t<\/div>\n\t\t","protected":false},"excerpt":{"rendered":"<p>WYBIERZ SZKOLENIE Narodowe Centrum Kompetencji prowadzi bezp\u0142atne kursy, szkolenia, webinary, warsztaty z zakresu HPC. Nie tylko zapewniamy dost\u0119p do zasob\u00f3w obliczeniowych i fachowe wsparcie, ale tak\u017ce uczymy, jak korzysta\u0107 z oprogramowania HPC. Prowadzimy mi\u0119dzy innymi szkolenia z efektywnego wykorzystania zasob\u00f3w superkomputerowych, programowania aplikacji HPC, sztucznej inteligencji, machine learning, analizy wielkich zbior\u00f3w danych, a tak\u017ce kursy&hellip;&nbsp;<a href=\"https:\/\/cc.eurohpc.pl\/index.php\/szkolenia\/\" rel=\"bookmark\">Dowiedz si\u0119 wi\u0119cej &raquo;<span class=\"screen-reader-text\">Szkolenia<\/span><\/a><\/p>\n","protected":false},"author":4,"featured_media":0,"parent":0,"menu_order":0,"comment_status":"closed","ping_status":"closed","template":"page-templates\/template-pagebuilder-full-width.php","meta":{"_monsterinsights_skip_tracking":false,"_monsterinsights_sitenote_active":false,"_monsterinsights_sitenote_note":"","_monsterinsights_sitenote_category":0,"neve_meta_sidebar":"","neve_meta_container":"","neve_meta_enable_content_width":"on","neve_meta_content_width":100,"neve_meta_title_alignment":"","neve_meta_author_avatar":"","neve_post_elements_order":"","neve_meta_disable_header":"","neve_meta_disable_footer":"","neve_meta_disable_title":"on","footnotes":""},"class_list":["post-65","page","type-page","status-publish","hentry"],"_links":{"self":[{"href":"https:\/\/cc.eurohpc.pl\/index.php\/wp-json\/wp\/v2\/pages\/65","targetHints":{"allow":["GET"]}}],"collection":[{"href":"https:\/\/cc.eurohpc.pl\/index.php\/wp-json\/wp\/v2\/pages"}],"about":[{"href":"https:\/\/cc.eurohpc.pl\/index.php\/wp-json\/wp\/v2\/types\/page"}],"author":[{"embeddable":true,"href":"https:\/\/cc.eurohpc.pl\/index.php\/wp-json\/wp\/v2\/users\/4"}],"replies":[{"embeddable":true,"href":"https:\/\/cc.eurohpc.pl\/index.php\/wp-json\/wp\/v2\/comments?post=65"}],"version-history":[{"count":145,"href":"https:\/\/cc.eurohpc.pl\/index.php\/wp-json\/wp\/v2\/pages\/65\/revisions"}],"predecessor-version":[{"id":9704,"href":"https:\/\/cc.eurohpc.pl\/index.php\/wp-json\/wp\/v2\/pages\/65\/revisions\/9704"}],"wp:attachment":[{"href":"https:\/\/cc.eurohpc.pl\/index.php\/wp-json\/wp\/v2\/media?parent=65"}],"curies":[{"name":"wp","href":"https:\/\/api.w.org\/{rel}","templated":true}]}}