{"id":638,"date":"2021-08-24T11:51:52","date_gmt":"2021-08-24T11:51:52","guid":{"rendered":"http:\/\/10.26.36.32\/?page_id=638"},"modified":"2023-03-10T10:28:30","modified_gmt":"2023-03-10T10:28:30","slug":"lumi","status":"publish","type":"page","link":"https:\/\/cc.eurohpc.pl\/index.php\/lumi\/","title":{"rendered":"LUMI"},"content":{"rendered":"\t\t<div data-elementor-type=\"wp-page\" data-elementor-id=\"638\" class=\"elementor elementor-638\" data-elementor-post-type=\"page\">\n\t\t\t\t\t\t<section class=\"elementor-section elementor-top-section elementor-element elementor-element-75f763c elementor-section-boxed elementor-section-height-default elementor-section-height-default\" data-id=\"75f763c\" data-element_type=\"section\" data-e-type=\"section\">\n\t\t\t\t\t\t<div class=\"elementor-container elementor-column-gap-default\">\n\t\t\t\t\t<div class=\"elementor-column elementor-col-50 elementor-top-column elementor-element elementor-element-6a325d4\" data-id=\"6a325d4\" data-element_type=\"column\" data-e-type=\"column\">\n\t\t\t<div class=\"elementor-widget-wrap elementor-element-populated\">\n\t\t\t\t\t\t<div class=\"elementor-element elementor-element-421500e elementor-invisible elementor-widget elementor-widget-image\" data-id=\"421500e\" data-element_type=\"widget\" data-e-type=\"widget\" data-settings=\"{&quot;_animation&quot;:&quot;fadeInLeft&quot;}\" data-widget_type=\"image.default\">\n\t\t\t\t\t\t\t\t\t\t\t\t<figure class=\"wp-caption\">\n\t\t\t\t\t\t\t\t\t\t<img fetchpriority=\"high\" decoding=\"async\" width=\"1200\" height=\"990\" src=\"https:\/\/cc.eurohpc.pl\/wp-content\/uploads\/2021\/08\/2021-02-HPE_Cray_EX_LUMI_No_Bkg_small.png\" class=\"attachment-full size-full wp-image-325\" alt=\"\" \/>\t\t\t\t\t\t\t\t\t\t\t<figcaption class=\"widget-image-caption wp-caption-text\"><\/figcaption>\n\t\t\t\t\t\t\t\t\t\t<\/figure>\n\t\t\t\t\t\t\t\t\t<\/div>\n\t\t\t\t<div class=\"elementor-element elementor-element-97f18c0 elementor-widget elementor-widget-text-editor\" data-id=\"97f18c0\" data-element_type=\"widget\" data-e-type=\"widget\" data-widget_type=\"text-editor.default\">\n\t\t\t\t\t\t\t\t\t<p>Fot. Hewlett Packard Enterprise (HPE). LUMI HPE Cray EX<\/p>\t\t\t\t\t\t\t\t<\/div>\n\t\t\t\t\t<\/div>\n\t\t<\/div>\n\t\t\t\t<div class=\"elementor-column elementor-col-50 elementor-top-column elementor-element elementor-element-d06f1fc\" data-id=\"d06f1fc\" data-element_type=\"column\" data-e-type=\"column\">\n\t\t\t<div class=\"elementor-widget-wrap elementor-element-populated\">\n\t\t\t\t\t\t<div class=\"elementor-element elementor-element-917a7fc elementor-widget elementor-widget-heading\" data-id=\"917a7fc\" data-element_type=\"widget\" data-e-type=\"widget\" data-widget_type=\"heading.default\">\n\t\t\t\t\t<h2 class=\"elementor-heading-title elementor-size-default\">LUMI<\/h2>\t\t\t\t<\/div>\n\t\t\t\t<div class=\"elementor-element elementor-element-c37de8f elementor-widget elementor-widget-text-editor\" data-id=\"c37de8f\" data-element_type=\"widget\" data-e-type=\"widget\" data-widget_type=\"text-editor.default\">\n\t\t\t\t\t\t\t\t\t<p>Najszybszy superkomputer w Europie i jeden z najszybszych na \u015bwiecie dzia\u0142a od 2021 roku. Jego moc obliczeniowa wynosi ponad 550 PFLOPS (co mo\u017cna por\u00f3wna\u0107 z moc\u0105 1,5 miliona nowoczesnych laptop\u00f3w) oraz 117 PB zasob\u00f3w dyskowych. Przedeksaskalowy <strong><span style=\"color: #aa8523;\"><a style=\"color: #aa8523;\" href=\"https:\/\/www.lumi-supercomputer.eu\/\" target=\"_blank\" rel=\"noopener\">LUMI<\/a><span style=\"color: #000000;\">,<\/span><\/span><\/strong> czyli The Large Unified Modern Infrastructure (Wielka Zunifikowana i Nowoczesna Infrastruktura) powsta\u0142 w Kajaani w Finlandii w ramach Wsp\u00f3lnego Przedsi\u0119wzi\u0119cia Euro HPC (<span style=\"color: #aa8523;\"><a style=\"color: #aa8523;\" href=\"https:\/\/eurohpc-ju.europa.eu\/\" target=\"_blank\" rel=\"noopener\"><span style=\"color: #aa8523;\"><strong>EuroHPC JU<\/strong><\/span><\/a><\/span>)<strong>.<\/strong> Zbudowa\u0142o go Konsorcjum LUMI, w sk\u0142ad kt\u00f3rego opr\u00f3cz Finlandii wchodz\u0105: Polska, Belgia, Czechy, Dania, Estonia, Islandia, Norwegia, Szwecja i Szwajcaria. LUMI opr\u00f3cz gigantycznej mocy obliczeniowej jest wyposa\u017cony w specjalizowane partycje i pakiety oprogramowania naukowego, co pozwala wykonywa\u0107 znacznie wi\u0119cej oblicze\u0144 w jeszcze kr\u00f3tszym czasie, a tak\u017ce znacznie bardziej precyzyjnie ni\u017c dot\u0105d przetwarza\u0107 modele. To z kolei otwiera przed naukowcami nowe, dotychczas niedost\u0119pne mo\u017cliwo\u015bci, stwarzaj\u0105c tym samym szanse na szybszy rozw\u00f3j technologiczny i gospodarczy. Polscy naukowcy i przedsi\u0119biorcy mog\u0105 korzysta\u0107 z zasob\u00f3w LUMI za po\u015brednictwem Narodowego Centrum Kompetencji.<\/p>\t\t\t\t\t\t\t\t<\/div>\n\t\t\t\t\t<\/div>\n\t\t<\/div>\n\t\t\t\t\t<\/div>\n\t\t<\/section>\n\t\t\t\t<section class=\"elementor-section elementor-top-section elementor-element elementor-element-15207e8 elementor-section-height-min-height elementor-section-boxed elementor-section-height-default elementor-section-items-middle\" data-id=\"15207e8\" data-element_type=\"section\" data-e-type=\"section\" data-settings=\"{&quot;background_background&quot;:&quot;classic&quot;}\">\n\t\t\t\t\t\t<div class=\"elementor-container elementor-column-gap-default\">\n\t\t\t\t\t<div class=\"elementor-column elementor-col-100 elementor-top-column elementor-element elementor-element-9197786\" data-id=\"9197786\" data-element_type=\"column\" data-e-type=\"column\">\n\t\t\t<div class=\"elementor-widget-wrap\">\n\t\t\t\t\t\t\t<\/div>\n\t\t<\/div>\n\t\t\t\t\t<\/div>\n\t\t<\/section>\n\t\t\t\t<\/div>\n\t\t","protected":false},"excerpt":{"rendered":"<p>Fot. Hewlett Packard Enterprise (HPE). LUMI HPE Cray EX LUMI Najszybszy superkomputer w Europie i jeden z najszybszych na \u015bwiecie dzia\u0142a od 2021 roku. Jego moc obliczeniowa wynosi ponad 550 PFLOPS (co mo\u017cna por\u00f3wna\u0107 z moc\u0105 1,5 miliona nowoczesnych laptop\u00f3w) oraz 117 PB zasob\u00f3w dyskowych. Przedeksaskalowy LUMI, czyli The Large Unified Modern Infrastructure (Wielka Zunifikowana&hellip;&nbsp;<a href=\"https:\/\/cc.eurohpc.pl\/index.php\/lumi\/\" rel=\"bookmark\">Dowiedz si\u0119 wi\u0119cej &raquo;<span class=\"screen-reader-text\">LUMI<\/span><\/a><\/p>\n","protected":false},"author":5,"featured_media":0,"parent":0,"menu_order":0,"comment_status":"closed","ping_status":"closed","template":"page-templates\/template-pagebuilder-full-width.php","meta":{"_monsterinsights_skip_tracking":false,"_monsterinsights_sitenote_active":false,"_monsterinsights_sitenote_note":"","_monsterinsights_sitenote_category":0,"neve_meta_sidebar":"","neve_meta_container":"","neve_meta_enable_content_width":"","neve_meta_content_width":0,"neve_meta_title_alignment":"","neve_meta_author_avatar":"","neve_post_elements_order":"","neve_meta_disable_header":"","neve_meta_disable_footer":"","neve_meta_disable_title":"","footnotes":""},"class_list":["post-638","page","type-page","status-publish","hentry"],"_links":{"self":[{"href":"https:\/\/cc.eurohpc.pl\/index.php\/wp-json\/wp\/v2\/pages\/638","targetHints":{"allow":["GET"]}}],"collection":[{"href":"https:\/\/cc.eurohpc.pl\/index.php\/wp-json\/wp\/v2\/pages"}],"about":[{"href":"https:\/\/cc.eurohpc.pl\/index.php\/wp-json\/wp\/v2\/types\/page"}],"author":[{"embeddable":true,"href":"https:\/\/cc.eurohpc.pl\/index.php\/wp-json\/wp\/v2\/users\/5"}],"replies":[{"embeddable":true,"href":"https:\/\/cc.eurohpc.pl\/index.php\/wp-json\/wp\/v2\/comments?post=638"}],"version-history":[{"count":115,"href":"https:\/\/cc.eurohpc.pl\/index.php\/wp-json\/wp\/v2\/pages\/638\/revisions"}],"predecessor-version":[{"id":8840,"href":"https:\/\/cc.eurohpc.pl\/index.php\/wp-json\/wp\/v2\/pages\/638\/revisions\/8840"}],"wp:attachment":[{"href":"https:\/\/cc.eurohpc.pl\/index.php\/wp-json\/wp\/v2\/media?parent=638"}],"curies":[{"name":"wp","href":"https:\/\/api.w.org\/{rel}","templated":true}]}}