{"id":63,"date":"2021-08-15T22:41:24","date_gmt":"2021-08-15T22:41:24","guid":{"rendered":"http:\/\/10.26.36.32\/?page_id=63"},"modified":"2023-03-10T10:28:30","modified_gmt":"2023-03-10T10:28:30","slug":"hpc-w-polsce","status":"publish","type":"page","link":"https:\/\/cc.eurohpc.pl\/index.php\/hpc-w-polsce\/","title":{"rendered":"HPC w Polsce"},"content":{"rendered":"\t\t<div data-elementor-type=\"wp-page\" data-elementor-id=\"63\" class=\"elementor elementor-63\" data-elementor-post-type=\"page\">\n\t\t\t\t\t\t<section class=\"elementor-section elementor-top-section elementor-element elementor-element-c93e750 elementor-section-boxed elementor-section-height-default elementor-section-height-default\" data-id=\"c93e750\" data-element_type=\"section\" data-e-type=\"section\" data-settings=\"{&quot;background_background&quot;:&quot;classic&quot;}\">\n\t\t\t\t\t\t<div class=\"elementor-container elementor-column-gap-default\">\n\t\t\t\t\t<div class=\"elementor-column elementor-col-50 elementor-top-column elementor-element elementor-element-f71951e\" data-id=\"f71951e\" data-element_type=\"column\" data-e-type=\"column\">\n\t\t\t<div class=\"elementor-widget-wrap elementor-element-populated\">\n\t\t\t\t\t\t<div class=\"elementor-element elementor-element-5bfcc43 elementor-widget elementor-widget-image\" data-id=\"5bfcc43\" data-element_type=\"widget\" data-e-type=\"widget\" data-widget_type=\"image.default\">\n\t\t\t\t\t\t\t\t\t\t\t\t\t\t\t<img fetchpriority=\"high\" decoding=\"async\" width=\"960\" height=\"580\" src=\"https:\/\/cc.eurohpc.pl\/wp-content\/uploads\/2021\/08\/foto_small_1.jpg\" class=\"attachment-large size-large wp-image-1173\" alt=\"\" \/>\t\t\t\t\t\t\t\t\t\t\t\t\t\t\t<\/div>\n\t\t\t\t\t<\/div>\n\t\t<\/div>\n\t\t\t\t<div class=\"elementor-column elementor-col-50 elementor-top-column elementor-element elementor-element-a74d2e7\" data-id=\"a74d2e7\" data-element_type=\"column\" data-e-type=\"column\">\n\t\t\t<div class=\"elementor-widget-wrap elementor-element-populated\">\n\t\t\t\t\t\t<section class=\"elementor-section elementor-inner-section elementor-element elementor-element-a8e2142 elementor-section-boxed elementor-section-height-default elementor-section-height-default\" data-id=\"a8e2142\" data-element_type=\"section\" data-e-type=\"section\">\n\t\t\t\t\t\t<div class=\"elementor-container elementor-column-gap-default\">\n\t\t\t\t\t<div class=\"elementor-column elementor-col-50 elementor-inner-column elementor-element elementor-element-981ef08\" data-id=\"981ef08\" data-element_type=\"column\" data-e-type=\"column\">\n\t\t\t<div class=\"elementor-widget-wrap elementor-element-populated\">\n\t\t\t\t\t\t<div class=\"elementor-element elementor-element-118403a elementor-view-default elementor-widget elementor-widget-icon\" data-id=\"118403a\" data-element_type=\"widget\" data-e-type=\"widget\" data-widget_type=\"icon.default\">\n\t\t\t\t\t\t\t<div class=\"elementor-icon-wrapper\">\n\t\t\t<div class=\"elementor-icon\">\n\t\t\t<svg xmlns=\"http:\/\/www.w3.org\/2000\/svg\" xmlns:xlink=\"http:\/\/www.w3.org\/1999\/xlink\" id=\"Warstwa_1\" x=\"0px\" y=\"0px\" viewBox=\"0 0 33.4 33.4\" style=\"enable-background:new 0 0 33.4 33.4;\" xml:space=\"preserve\"><style type=\"text\/css\">\t.st0{clip-path:url(#SVGID_00000143581705349177825630000006155861438785540286_);fill:#AA8523;}<\/style><g>\t<defs>\t\t<rect id=\"SVGID_1_\" x=\"0.02\" y=\"0.02\" width=\"33.35\" height=\"33.34\"><\/rect>\t<\/defs>\t<clipPath id=\"SVGID_00000108272208516037363630000003230685735471140744_\">\t\t<use xlink:href=\"#SVGID_1_\" style=\"overflow:visible;\"><\/use>\t<\/clipPath>\t<path style=\"clip-path:url(#SVGID_00000108272208516037363630000003230685735471140744_);fill:#AA8523;\" d=\"M33.37,16.69  c0-2.91-0.76-5.79-2.22-8.3c-0.19-0.32-0.59-0.43-0.91-0.24C29.92,8.33,29.81,8.73,30,9.05c1.33,2.31,2.03,4.96,2.03,7.64  c0,2.86-0.8,5.53-2.17,7.83v-1.24c0-1.23-0.97-2.23-2.18-2.23h-3.22c-1.2,0-2.18,1-2.18,2.23v1.53c0,1.23,0.98,2.23,2.18,2.23h3.22  c0.13,0,0.25-0.05,0.37-0.08c-2.81,3.11-6.86,5.07-11.37,5.07c-4.62,0-8.76-2.06-11.57-5.29c0.19,0.06,0.38,0.12,0.59,0.12h3.22  c1.2,0,2.18-1,2.18-2.23V23.1c0-1.23-0.98-2.23-2.18-2.23H5.71c-1.2,0-2.18,1-2.18,2.23v1.45c-1.38-2.3-2.18-4.98-2.18-7.85  c0-8.46,6.88-15.34,15.34-15.34c3.56,0,7.04,1.25,9.78,3.52c0.29,0.23,0.71,0.2,0.94-0.09c0.23-0.29,0.2-0.71-0.09-0.94  c-2.99-2.47-6.75-3.82-10.63-3.82C7.5,0.02,0.02,7.51,0.02,16.69c0,9.19,7.48,16.67,16.67,16.67  C25.87,33.36,33.36,25.88,33.37,16.69 M25.34,16.06h-8.07v-1.94h-1.42v1.94H6.77H5.31v1.72v2.3h1.46v-2.3h9.07v2.3h1.42v-2.3h8.07  v2.3h1.46v-4.01h-0.01H25.34z M12.73,7.25h7.7V6.41h-7.7V7.25z M12.73,8.84h7.7V8h-7.7V8.84z M12.73,10.43h7.7V9.59h-7.7V10.43z   M21.5,9.91c0,0.82-0.69,1.48-1.54,1.48h-6.99c-0.85,0-1.54-0.66-1.54-1.48V6.86c0-0.82,0.69-1.48,1.54-1.48h6.99  c0.85,0,1.54,0.66,1.54,1.48V9.91z M21.38,12.68c0.85,0,1.54-0.66,1.54-1.48V5.56c0-0.82-0.69-1.48-1.54-1.48h-9.82  c-0.85,0-1.54,0.66-1.54,1.48v5.64c0,0.82,0.69,1.48,1.54,1.48H21.38z M15,21.04c-1.2,0-2.18,1-2.18,2.23v1.53  c0,1.23,0.98,2.23,2.18,2.23h3.22c1.2,0,2.18-1,2.18-2.23v-1.53c0-1.23-0.98-2.23-2.18-2.23H15z\"><\/path><\/g><\/svg>\t\t\t<\/div>\n\t\t<\/div>\n\t\t\t\t\t\t<\/div>\n\t\t\t\t\t<\/div>\n\t\t<\/div>\n\t\t\t\t<div class=\"elementor-column elementor-col-50 elementor-inner-column elementor-element elementor-element-c561df7\" data-id=\"c561df7\" data-element_type=\"column\" data-e-type=\"column\">\n\t\t\t<div class=\"elementor-widget-wrap elementor-element-populated\">\n\t\t\t\t\t\t<div class=\"elementor-element elementor-element-a073929 elementor-widget__width-initial elementor-widget elementor-widget-heading\" data-id=\"a073929\" data-element_type=\"widget\" data-e-type=\"widget\" data-widget_type=\"heading.default\">\n\t\t\t\t\t<h2 class=\"elementor-heading-title elementor-size-default\">DOST\u0118P DO ZASOB\u00d3W <br>HPC W POLSCE I EUROPIE<\/h2>\t\t\t\t<\/div>\n\t\t\t\t\t<\/div>\n\t\t<\/div>\n\t\t\t\t\t<\/div>\n\t\t<\/section>\n\t\t\t\t<div class=\"elementor-element elementor-element-6a43a4a elementor-widget-divider--view-line elementor-widget elementor-widget-divider\" data-id=\"6a43a4a\" data-element_type=\"widget\" data-e-type=\"widget\" data-widget_type=\"divider.default\">\n\t\t\t\t\t\t\t<div class=\"elementor-divider\">\n\t\t\t<span class=\"elementor-divider-separator\">\n\t\t\t\t\t\t<\/span>\n\t\t<\/div>\n\t\t\t\t\t\t<\/div>\n\t\t\t\t<div class=\"elementor-element elementor-element-9c2ad8f elementor-widget elementor-widget-text-editor\" data-id=\"9c2ad8f\" data-element_type=\"widget\" data-e-type=\"widget\" data-widget_type=\"text-editor.default\">\n\t\t\t\t\t\t\t\t\t<p>Je\u015bli prowadzisz badania naukowe, szukasz sposob\u00f3w na innowacje w swoim biznesie, chcesz usprawni\u0107 rozwi\u0105zania zwi\u0105zane w przetwarzaniem du\u017cych zbior\u00f3w danych w administracji publicznej, zg\u0142o\u015b si\u0119 do Narodowego Centrum Kompetencji HPC. Zapewniamy czas obliczeniowy i dost\u0119p do narz\u0119dzi programowych w systemach HPC. Umo\u017cliwiamy prowadzenie zaawansowanych oblicze\u0144 i korzystanie ze specjalistycznego oprogramowania naukowego oraz wirtualnych maszyn. Skontaktuj si\u0119 z nami, razem znajdziemy rozwi\u0105zanie, kt\u00f3rego szukasz. W Polsce lub w Europie. <br \/>Napisz: <a href=\"mailto:kontakt@cc.eurohpc.pl\"><strong>kontakt@cc.eurohpc.pl<\/strong><\/a>.<\/p>\t\t\t\t\t\t\t\t<\/div>\n\t\t\t\t\t<\/div>\n\t\t<\/div>\n\t\t\t\t\t<\/div>\n\t\t<\/section>\n\t\t\t\t<section class=\"elementor-section elementor-top-section elementor-element elementor-element-d324c3c elementor-section-boxed elementor-section-height-default elementor-section-height-default\" data-id=\"d324c3c\" data-element_type=\"section\" data-e-type=\"section\">\n\t\t\t\t\t\t<div class=\"elementor-container elementor-column-gap-default\">\n\t\t\t\t\t<div class=\"elementor-column elementor-col-50 elementor-top-column elementor-element elementor-element-dbc99b8\" data-id=\"dbc99b8\" data-element_type=\"column\" data-e-type=\"column\">\n\t\t\t<div class=\"elementor-widget-wrap elementor-element-populated\">\n\t\t\t\t\t\t<section class=\"elementor-section elementor-inner-section elementor-element elementor-element-87fbf2f elementor-section-boxed elementor-section-height-default elementor-section-height-default\" data-id=\"87fbf2f\" data-element_type=\"section\" data-e-type=\"section\">\n\t\t\t\t\t\t<div class=\"elementor-container elementor-column-gap-default\">\n\t\t\t\t\t<div class=\"elementor-column elementor-col-50 elementor-inner-column elementor-element elementor-element-4ddf784\" data-id=\"4ddf784\" data-element_type=\"column\" data-e-type=\"column\">\n\t\t\t<div class=\"elementor-widget-wrap elementor-element-populated\">\n\t\t\t\t\t\t<div class=\"elementor-element elementor-element-a7bfaf1 elementor-view-default elementor-widget elementor-widget-icon\" data-id=\"a7bfaf1\" data-element_type=\"widget\" data-e-type=\"widget\" data-widget_type=\"icon.default\">\n\t\t\t\t\t\t\t<div class=\"elementor-icon-wrapper\">\n\t\t\t<div class=\"elementor-icon\">\n\t\t\t<svg xmlns=\"http:\/\/www.w3.org\/2000\/svg\" xmlns:xlink=\"http:\/\/www.w3.org\/1999\/xlink\" id=\"Warstwa_1\" x=\"0px\" y=\"0px\" viewBox=\"0 0 33.4 33.4\" style=\"enable-background:new 0 0 33.4 33.4;\" xml:space=\"preserve\"><style type=\"text\/css\">\t.st0{clip-path:url(#SVGID_00000101824127874915339010000009072083372282287030_);fill:#AA8523;}<\/style><g>\t<defs>\t\t<rect id=\"SVGID_1_\" x=\"0.02\" y=\"0.02\" width=\"33.35\" height=\"33.34\"><\/rect>\t<\/defs>\t<clipPath id=\"SVGID_00000107578152630604755990000000769721706106760604_\">\t\t<use xlink:href=\"#SVGID_1_\" style=\"overflow:visible;\"><\/use>\t<\/clipPath>\t<path style=\"clip-path:url(#SVGID_00000107578152630604755990000000769721706106760604_);fill:#AA8523;\" d=\"M12.2,31.36  c-3.88-1.19-7.11-3.87-9.01-7.38c0.15,0.03,0.3,0.01,0.43-0.09l5.08-3.35l6.35,8.74L12.2,31.36z M33.37,16.69  c0-2.91-0.77-5.79-2.22-8.3c-0.19-0.32-0.59-0.43-0.91-0.24C29.92,8.33,29.81,8.73,30,9.05c1.33,2.31,2.03,4.96,2.03,7.64  c0,8.47-6.88,15.34-15.34,15.34c-1.08,0-2.13-0.11-3.14-0.32l2.61-1.85c0.25-0.18,0.3-0.53,0.12-0.77l-0.17-0.23  c0.85-0.56,2.07-1.22,3.27-1.88c1.44-0.78,2.93-1.59,3.81-2.23l2.67-1.94c0.88-0.64,1.08-1.88,0.44-2.77  c-0.19-0.27-0.44-0.49-0.72-0.65c0.42-0.75,0.39-1.71-0.15-2.45c-0.19-0.27-0.44-0.49-0.72-0.65c0.42-0.75,0.39-1.7-0.16-2.45  c-0.22-0.3-0.5-0.54-0.82-0.7l3.86-2.81c0.08-0.06,0.15-0.14,0.19-0.23c0.3-0.72,0.21-1.53-0.25-2.16  c-0.46-0.63-1.22-0.98-1.98-0.91c-0.1,0.01-0.2,0.05-0.28,0.1l-9.63,6.99c-0.06-0.27-0.11-0.64-0.14-0.99  c0.16-0.71,0.57-1.34,1.16-1.77c0.72-0.52,1.01-1.43,0.7-2.2c-0.21-0.54-0.63-0.95-1.17-1.12c-0.17-0.06-0.35-0.03-0.5,0.08  l-1.8,1.31c-1.49,1.09-2.53,2.68-2.93,4.53l-0.6,4.45c-0.04,0.3,0.17,0.58,0.48,0.62c0.3,0.04,0.58-0.17,0.62-0.48l0.59-4.41  c0.33-1.54,1.22-2.89,2.49-3.82l1.53-1.11c0.11,0.09,0.2,0.2,0.25,0.35c0.12,0.3-0.02,0.68-0.32,0.91  c-0.84,0.61-1.41,1.5-1.61,2.51c-0.01,0.05-0.01,0.09-0.01,0.14c0.11,2,0.63,2.25,0.8,2.33c0.19,0.09,0.4,0.07,0.57-0.05  l10.02-7.28c0.67,0.03,1.21,0.77,1.02,1.41l-4.83,3.51l-2,1.45c-0.25,0.18-0.3,0.53-0.12,0.77c0.18,0.25,0.53,0.3,0.77,0.12  l1.88-1.37c0.44-0.07,0.88,0.1,1.14,0.46c0.38,0.52,0.27,1.23-0.23,1.63l-1.91,1.39c-0.25,0.18-0.3,0.53-0.12,0.77  c0.18,0.25,0.53,0.3,0.77,0.12l1.7-1.24c0.26,0.07,0.5,0.2,0.66,0.42c0.38,0.52,0.28,1.24-0.23,1.63l-1.83,1.33  c-0.25,0.18-0.3,0.53-0.12,0.77c0.18,0.25,0.53,0.3,0.77,0.12l1.63-1.18c0.26,0.07,0.5,0.2,0.66,0.42c0.28,0.39,0.19,0.94-0.2,1.22  l-2.67,1.94c-0.82,0.6-2.28,1.39-3.69,2.15c-1.25,0.68-2.5,1.36-3.4,1.95l-6.18-8.51c-0.18-0.25-0.53-0.3-0.77-0.12L2.97,23  c-0.08,0.06-0.1,0.15-0.14,0.23c-0.94-1.99-1.48-4.2-1.48-6.54c0-8.46,6.88-15.34,15.34-15.34c3.56,0,7.04,1.25,9.78,3.52  c0.29,0.23,0.71,0.2,0.94-0.09c0.23-0.29,0.2-0.71-0.09-0.94c-2.99-2.47-6.75-3.82-10.63-3.82C7.5,0.02,0.02,7.51,0.02,16.69  c0,9.19,7.48,16.67,16.67,16.67S33.36,25.88,33.37,16.69\"><\/path><\/g><\/svg>\t\t\t<\/div>\n\t\t<\/div>\n\t\t\t\t\t\t<\/div>\n\t\t\t\t\t<\/div>\n\t\t<\/div>\n\t\t\t\t<div class=\"elementor-column elementor-col-50 elementor-inner-column elementor-element elementor-element-2ed6063\" data-id=\"2ed6063\" data-element_type=\"column\" data-e-type=\"column\">\n\t\t\t<div class=\"elementor-widget-wrap elementor-element-populated\">\n\t\t\t\t\t\t<div class=\"elementor-element elementor-element-429ed73 elementor-widget__width-initial elementor-widget elementor-widget-heading\" data-id=\"429ed73\" data-element_type=\"widget\" data-e-type=\"widget\" data-widget_type=\"heading.default\">\n\t\t\t\t\t<h2 class=\"elementor-heading-title elementor-size-default\">WSP\u00d3\u0141PRACA Z BIZNESEM, NAUK\u0104 I ADMINISTRACJ\u0104<\/h2>\t\t\t\t<\/div>\n\t\t\t\t\t<\/div>\n\t\t<\/div>\n\t\t\t\t\t<\/div>\n\t\t<\/section>\n\t\t\t\t<div class=\"elementor-element elementor-element-e33c6b4 elementor-widget-divider--view-line elementor-widget elementor-widget-divider\" data-id=\"e33c6b4\" data-element_type=\"widget\" data-e-type=\"widget\" data-widget_type=\"divider.default\">\n\t\t\t\t\t\t\t<div class=\"elementor-divider\">\n\t\t\t<span class=\"elementor-divider-separator\">\n\t\t\t\t\t\t<\/span>\n\t\t<\/div>\n\t\t\t\t\t\t<\/div>\n\t\t\t\t<div class=\"elementor-element elementor-element-d03729d elementor-widget elementor-widget-text-editor\" data-id=\"d03729d\" data-element_type=\"widget\" data-e-type=\"widget\" data-widget_type=\"text-editor.default\">\n\t\t\t\t\t\t\t\t\t<p>Ju\u017c nie tylko nauka nie mo\u017ce si\u0119 obej\u015b\u0107 bez dost\u0119pu do klastr\u00f3w\u00a0 komputer\u00f3w. Na obecnym etapie rozwoju wielu dziedzin badawczych prowadzenie efektywnych oblicze\u0144 nie by\u0142oby mo\u017cliwe bez dost\u0119pu do teraskalowej, petaskalowej, a wkr\u00f3tce ju\u017c tak\u017ce eksaskalowej mocy obliczeniowej. Coraz wi\u0119ksze zapotrzebowanie na tego rz\u0119du moce ma miejsce w przemy\u015ble, zw\u0142aszcza gdy wykorzystuje on uczenie maszynowe czy rozwi\u0105zania z zakresu sztucznej inteligencji. Administracja natomiast w coraz wi\u0119kszym stopniu potrzebuje sprawnego narz\u0119dzia do przetwarzania du\u017cych zbior\u00f3w danych oraz przestrzeni do bezpiecznego ich przechowywania. Odpowiedzi\u0105 na te wszystkie potrzeby s\u0105 zasoby, jakimi dysponuje Narodowe Centrum Kompetencji HPC. <br \/>Napisz: <a href=\"mailto:kontakt@cc.eurohpc.pl\"><strong>kontakt@cc.eurohpc.pl<\/strong><\/a>.<\/p>\t\t\t\t\t\t\t\t<\/div>\n\t\t\t\t\t<\/div>\n\t\t<\/div>\n\t\t\t\t<div class=\"elementor-column elementor-col-50 elementor-top-column elementor-element elementor-element-0472cd6\" data-id=\"0472cd6\" data-element_type=\"column\" data-e-type=\"column\">\n\t\t\t<div class=\"elementor-widget-wrap elementor-element-populated\">\n\t\t\t\t\t\t<div class=\"elementor-element elementor-element-7b13fb8 elementor-widget elementor-widget-image\" data-id=\"7b13fb8\" data-element_type=\"widget\" data-e-type=\"widget\" data-widget_type=\"image.default\">\n\t\t\t\t\t\t\t\t\t\t\t\t\t\t\t<img decoding=\"async\" width=\"960\" height=\"580\" src=\"https:\/\/cc.eurohpc.pl\/wp-content\/uploads\/2021\/10\/foto_small_2.jpg\" class=\"attachment-large size-large wp-image-3009\" alt=\"\" srcset=\"https:\/\/cc.eurohpc.pl\/wp-content\/uploads\/2021\/10\/foto_small_2.jpg 960w, https:\/\/cc.eurohpc.pl\/wp-content\/uploads\/2021\/10\/foto_small_2-300x181.jpg 300w, https:\/\/cc.eurohpc.pl\/wp-content\/uploads\/2021\/10\/foto_small_2-768x464.jpg 768w\" sizes=\"(max-width: 960px) 100vw, 960px\" \/>\t\t\t\t\t\t\t\t\t\t\t\t\t\t\t<\/div>\n\t\t\t\t\t<\/div>\n\t\t<\/div>\n\t\t\t\t\t<\/div>\n\t\t<\/section>\n\t\t\t\t<section class=\"elementor-section elementor-top-section elementor-element elementor-element-d68199d elementor-section-boxed elementor-section-height-default elementor-section-height-default\" data-id=\"d68199d\" data-element_type=\"section\" data-e-type=\"section\" data-settings=\"{&quot;background_background&quot;:&quot;classic&quot;}\">\n\t\t\t\t\t\t<div class=\"elementor-container elementor-column-gap-default\">\n\t\t\t\t\t<div class=\"elementor-column elementor-col-50 elementor-top-column elementor-element elementor-element-af8a575\" data-id=\"af8a575\" data-element_type=\"column\" data-e-type=\"column\">\n\t\t\t<div class=\"elementor-widget-wrap elementor-element-populated\">\n\t\t\t\t\t\t<div class=\"elementor-element elementor-element-a888cc9 elementor-widget elementor-widget-image\" data-id=\"a888cc9\" data-element_type=\"widget\" data-e-type=\"widget\" data-widget_type=\"image.default\">\n\t\t\t\t\t\t\t\t\t\t\t\t\t\t\t<img decoding=\"async\" width=\"960\" height=\"580\" src=\"https:\/\/cc.eurohpc.pl\/wp-content\/uploads\/2021\/10\/foto_small_12.jpg\" class=\"attachment-large size-large wp-image-3017\" alt=\"\" srcset=\"https:\/\/cc.eurohpc.pl\/wp-content\/uploads\/2021\/10\/foto_small_12.jpg 960w, https:\/\/cc.eurohpc.pl\/wp-content\/uploads\/2021\/10\/foto_small_12-300x181.jpg 300w, https:\/\/cc.eurohpc.pl\/wp-content\/uploads\/2021\/10\/foto_small_12-768x464.jpg 768w\" sizes=\"(max-width: 960px) 100vw, 960px\" \/>\t\t\t\t\t\t\t\t\t\t\t\t\t\t\t<\/div>\n\t\t\t\t\t<\/div>\n\t\t<\/div>\n\t\t\t\t<div class=\"elementor-column elementor-col-50 elementor-top-column elementor-element elementor-element-08c7af0\" data-id=\"08c7af0\" data-element_type=\"column\" data-e-type=\"column\">\n\t\t\t<div class=\"elementor-widget-wrap elementor-element-populated\">\n\t\t\t\t\t\t<section class=\"elementor-section elementor-inner-section elementor-element elementor-element-d3023cf elementor-section-boxed elementor-section-height-default elementor-section-height-default\" data-id=\"d3023cf\" data-element_type=\"section\" data-e-type=\"section\">\n\t\t\t\t\t\t<div class=\"elementor-container elementor-column-gap-default\">\n\t\t\t\t\t<div class=\"elementor-column elementor-col-50 elementor-inner-column elementor-element elementor-element-1aef18b\" data-id=\"1aef18b\" data-element_type=\"column\" data-e-type=\"column\">\n\t\t\t<div class=\"elementor-widget-wrap elementor-element-populated\">\n\t\t\t\t\t\t<div class=\"elementor-element elementor-element-4740f31 elementor-view-default elementor-widget elementor-widget-icon\" data-id=\"4740f31\" data-element_type=\"widget\" data-e-type=\"widget\" data-widget_type=\"icon.default\">\n\t\t\t\t\t\t\t<div class=\"elementor-icon-wrapper\">\n\t\t\t<div class=\"elementor-icon\">\n\t\t\t<svg xmlns=\"http:\/\/www.w3.org\/2000\/svg\" xmlns:xlink=\"http:\/\/www.w3.org\/1999\/xlink\" id=\"Warstwa_1\" x=\"0px\" y=\"0px\" viewBox=\"0 0 33.4 33.4\" style=\"enable-background:new 0 0 33.4 33.4;\" xml:space=\"preserve\"><style type=\"text\/css\">\t.st0{fill:#AA8523;}<\/style><g>\t<path class=\"st0\" d=\"M33.37,16.69c0-2.91-0.76-5.79-2.22-8.3c-0.19-0.32-0.59-0.43-0.91-0.24C29.92,8.33,29.81,8.73,30,9.05  c1.33,2.31,2.03,4.96,2.03,7.64c0,2.22-0.48,4.33-1.34,6.24c0-0.39,0.01-0.78,0-1.17c-0.01-0.53-0.32-0.97-0.8-1.26  c-0.28-0.17-0.38-0.37-0.43-0.67c-0.41-2.18-2.43-3.78-4.79-3.8c-1.68-0.02-3.36-0.02-5.04,0c-2.43,0.02-4.42,1.64-4.84,3.87  c-0.04,0.2-0.19,0.41-0.36,0.54c-0.58,0.43-0.88,0.96-0.88,1.64c0,0.44,0,0.88,0,1.32v2.16h0.93v-0.56c0-0.96-0.01-1.93,0.01-2.89  C14.49,21.4,14.92,21,15.69,21c4.29-0.01,8.57-0.01,12.86,0c0.8,0,1.22,0.4,1.23,1.16c0.01,0.83,0.01,1.65,0.01,2.48  c-2.69,4.43-7.55,7.41-13.11,7.41c-8.46,0-15.34-6.88-15.34-15.34c0-8.46,6.88-15.34,15.34-15.34c3.56,0,7.04,1.26,9.78,3.52  c0.29,0.23,0.71,0.2,0.94-0.09c0.23-0.29,0.2-0.71-0.09-0.94c-2.99-2.47-6.75-3.82-10.63-3.82C7.5,0.02,0.02,7.51,0.02,16.69  c0,9.19,7.48,16.67,16.67,16.67S33.36,25.88,33.37,16.69 M4.37,8.7c0.01,1.89,0.04,3.78,0.04,5.68c0,1.81-0.03,3.62-0.04,5.43  c0,0.66,0.08,0.73,0.79,0.73c1.87,0,3.74,0,5.62,0h1.08c-0.03,0.32-0.05,0.57-0.07,0.86c-0.38,0-0.71-0.04-1.03,0.02  c-0.14,0.02-0.37,0.24-0.35,0.34c0.03,0.18,0.2,0.48,0.33,0.49c0.64,0.05,1.28,0.02,1.95,0.02c0.03-0.76,0.16-1.48,0.74-1.97  c0.65-0.56,0.55-1.36,0.97-2.06H5.33V8.76h0.7c3.55,0,7.1-0.02,10.65,0.02c0.7,0.01,1.12-0.18,1.34-0.88h-0.6  c-4.06,0-8.12,0-12.18,0C4.43,7.9,4.37,7.95,4.37,8.7 M12.68,23.09H5.19c0.03,0.3,0.05,0.55,0.07,0.8h7.42V23.09z M16.09,13.18h-9  v0.59c0.9,0,1.75-0.01,2.6,0c1.96,0.01,3.91,0.04,5.87,0.05C16.19,13.83,16.19,13.82,16.09,13.18 M15.58,11.51  c0.17,0,0.34-0.02,0.53-0.03v-0.67h-0.69c-2.39,0-4.78,0-7.18,0c-0.3,0-0.6-0.01-0.88,0.05c-0.13,0.03-0.27,0.2-0.3,0.32  c-0.02,0.07,0.17,0.24,0.3,0.27c0.21,0.06,0.45,0.05,0.68,0.05C10.56,11.51,13.07,11.51,15.58,11.51 M13.5,15.48H7.07v0.6h6.43  V15.48z M17.92,10.92c0,2.19,1.84,3.92,4.19,3.94c2.33,0.02,4.23-1.72,4.24-3.89C26.36,8.78,24.5,7.01,22.18,7  C19.81,6.99,17.92,8.72,17.92,10.92\"><\/path><\/g><\/svg>\t\t\t<\/div>\n\t\t<\/div>\n\t\t\t\t\t\t<\/div>\n\t\t\t\t\t<\/div>\n\t\t<\/div>\n\t\t\t\t<div class=\"elementor-column elementor-col-50 elementor-inner-column elementor-element elementor-element-e516162\" data-id=\"e516162\" data-element_type=\"column\" data-e-type=\"column\">\n\t\t\t<div class=\"elementor-widget-wrap elementor-element-populated\">\n\t\t\t\t\t\t<div class=\"elementor-element elementor-element-9e21d86 elementor-widget__width-initial elementor-widget elementor-widget-heading\" data-id=\"9e21d86\" data-element_type=\"widget\" data-e-type=\"widget\" data-widget_type=\"heading.default\">\n\t\t\t\t\t<h2 class=\"elementor-heading-title elementor-size-default\">KONSULTACJE, SZKOLENIA I WSPARCIE EKSPERT\u00d3W <\/h2>\t\t\t\t<\/div>\n\t\t\t\t\t<\/div>\n\t\t<\/div>\n\t\t\t\t\t<\/div>\n\t\t<\/section>\n\t\t\t\t<div class=\"elementor-element elementor-element-4d5258e elementor-widget-divider--view-line elementor-widget elementor-widget-divider\" data-id=\"4d5258e\" data-element_type=\"widget\" data-e-type=\"widget\" data-widget_type=\"divider.default\">\n\t\t\t\t\t\t\t<div class=\"elementor-divider\">\n\t\t\t<span class=\"elementor-divider-separator\">\n\t\t\t\t\t\t<\/span>\n\t\t<\/div>\n\t\t\t\t\t\t<\/div>\n\t\t\t\t<div class=\"elementor-element elementor-element-332cf69 elementor-widget elementor-widget-text-editor\" data-id=\"332cf69\" data-element_type=\"widget\" data-e-type=\"widget\" data-widget_type=\"text-editor.default\">\n\t\t\t\t\t\t\t\t\t<p>Narodowe Centrum Kompetencji HPC oferuje wsparcie na ka\u017cdym etapie procesu badawczego. Prowadzimy konsultacje w zakresie HPC, HPDA czy AI. Wspieramy pocz\u0105tkuj\u0105cych i zaawansowanych u\u017cytkownik\u00f3w, pomagamy rozwi\u0105zywa\u0107 bie\u017c\u0105ce problemy. Nasi eksperci \u2013 najwy\u017cszej klasy znawcy zagadnie\u0144 HPC \u2013 pomog\u0105 zaprojektowa\u0107 i wdro\u017cy\u0107 rozwi\u0105zania HPC, a tak\u017ce rozwija\u0107 te ju\u017c istniej\u0105ce w Twojej uczelni czy firmie. S\u0142u\u017cymy te\u017c wsparciem <br \/>w nawi\u0105zywaniu kontakt\u00f3w z sektorem akademickim, publicznym i prywatnym.<br \/>Napisz: <a href=\"mailto:kontakt@cc.eurohpc.pl\"><strong>kontakt@cc.eurohpc.pl<\/strong><\/a>.<\/p>\t\t\t\t\t\t\t\t<\/div>\n\t\t\t\t\t<\/div>\n\t\t<\/div>\n\t\t\t\t\t<\/div>\n\t\t<\/section>\n\t\t\t\t<section class=\"elementor-section elementor-top-section elementor-element elementor-element-3bcb5a3 elementor-section-height-min-height elementor-section-boxed elementor-section-height-default elementor-section-items-middle\" data-id=\"3bcb5a3\" data-element_type=\"section\" data-e-type=\"section\" data-settings=\"{&quot;background_background&quot;:&quot;classic&quot;}\">\n\t\t\t\t\t\t<div class=\"elementor-container elementor-column-gap-default\">\n\t\t\t\t\t<div class=\"elementor-column elementor-col-100 elementor-top-column elementor-element elementor-element-ba64822\" data-id=\"ba64822\" data-element_type=\"column\" data-e-type=\"column\">\n\t\t\t<div class=\"elementor-widget-wrap\">\n\t\t\t\t\t\t\t<\/div>\n\t\t<\/div>\n\t\t\t\t\t<\/div>\n\t\t<\/section>\n\t\t\t\t<\/div>\n\t\t","protected":false},"excerpt":{"rendered":"<p>DOST\u0118P DO ZASOB\u00d3W HPC W POLSCE I EUROPIE Je\u015bli prowadzisz badania naukowe, szukasz sposob\u00f3w na innowacje w swoim biznesie, chcesz usprawni\u0107 rozwi\u0105zania zwi\u0105zane w przetwarzaniem du\u017cych zbior\u00f3w danych w administracji publicznej, zg\u0142o\u015b si\u0119 do Narodowego Centrum Kompetencji HPC. Zapewniamy czas obliczeniowy i dost\u0119p do narz\u0119dzi programowych w systemach HPC. Umo\u017cliwiamy prowadzenie zaawansowanych oblicze\u0144 i korzystanie&hellip;&nbsp;<a href=\"https:\/\/cc.eurohpc.pl\/index.php\/hpc-w-polsce\/\" rel=\"bookmark\">Dowiedz si\u0119 wi\u0119cej &raquo;<span class=\"screen-reader-text\">HPC w Polsce<\/span><\/a><\/p>\n","protected":false},"author":4,"featured_media":0,"parent":0,"menu_order":0,"comment_status":"closed","ping_status":"closed","template":"page-templates\/template-pagebuilder-full-width.php","meta":{"_monsterinsights_skip_tracking":false,"_monsterinsights_sitenote_active":false,"_monsterinsights_sitenote_note":"","_monsterinsights_sitenote_category":0,"neve_meta_sidebar":"","neve_meta_container":"","neve_meta_enable_content_width":"on","neve_meta_content_width":100,"neve_meta_title_alignment":"","neve_meta_author_avatar":"","neve_post_elements_order":"","neve_meta_disable_header":"","neve_meta_disable_footer":"","neve_meta_disable_title":"on","footnotes":""},"class_list":["post-63","page","type-page","status-publish","hentry"],"_links":{"self":[{"href":"https:\/\/cc.eurohpc.pl\/index.php\/wp-json\/wp\/v2\/pages\/63","targetHints":{"allow":["GET"]}}],"collection":[{"href":"https:\/\/cc.eurohpc.pl\/index.php\/wp-json\/wp\/v2\/pages"}],"about":[{"href":"https:\/\/cc.eurohpc.pl\/index.php\/wp-json\/wp\/v2\/types\/page"}],"author":[{"embeddable":true,"href":"https:\/\/cc.eurohpc.pl\/index.php\/wp-json\/wp\/v2\/users\/4"}],"replies":[{"embeddable":true,"href":"https:\/\/cc.eurohpc.pl\/index.php\/wp-json\/wp\/v2\/comments?post=63"}],"version-history":[{"count":139,"href":"https:\/\/cc.eurohpc.pl\/index.php\/wp-json\/wp\/v2\/pages\/63\/revisions"}],"predecessor-version":[{"id":8849,"href":"https:\/\/cc.eurohpc.pl\/index.php\/wp-json\/wp\/v2\/pages\/63\/revisions\/8849"}],"wp:attachment":[{"href":"https:\/\/cc.eurohpc.pl\/index.php\/wp-json\/wp\/v2\/media?parent=63"}],"curies":[{"name":"wp","href":"https:\/\/api.w.org\/{rel}","templated":true}]}}