{"id":618,"date":"2021-08-24T11:38:37","date_gmt":"2021-08-24T11:38:37","guid":{"rendered":"http:\/\/10.26.36.32\/?page_id=618"},"modified":"2023-03-10T10:28:17","modified_gmt":"2023-03-10T10:28:17","slug":"euro-hpc","status":"publish","type":"page","link":"https:\/\/cc.eurohpc.pl\/index.php\/euro-hpc\/","title":{"rendered":"EURO HPC JU"},"content":{"rendered":"\t\t<div data-elementor-type=\"wp-page\" data-elementor-id=\"618\" class=\"elementor elementor-618\" data-elementor-post-type=\"page\">\n\t\t\t\t\t\t<section class=\"elementor-section elementor-top-section elementor-element elementor-element-8c0862a elementor-section-height-min-height elementor-section-boxed elementor-section-height-default elementor-section-items-middle\" data-id=\"8c0862a\" data-element_type=\"section\" data-e-type=\"section\" data-settings=\"{&quot;background_background&quot;:&quot;classic&quot;}\">\n\t\t\t\t\t\t<div class=\"elementor-container elementor-column-gap-default\">\n\t\t\t\t\t<div class=\"elementor-column elementor-col-100 elementor-top-column elementor-element elementor-element-94cf42b\" data-id=\"94cf42b\" data-element_type=\"column\" data-e-type=\"column\">\n\t\t\t<div class=\"elementor-widget-wrap\">\n\t\t\t\t\t\t\t<\/div>\n\t\t<\/div>\n\t\t\t\t\t<\/div>\n\t\t<\/section>\n\t\t\t\t<section class=\"elementor-section elementor-top-section elementor-element elementor-element-f121779 elementor-section-boxed elementor-section-height-default elementor-section-height-default\" data-id=\"f121779\" data-element_type=\"section\" data-e-type=\"section\" data-settings=\"{&quot;background_background&quot;:&quot;classic&quot;}\">\n\t\t\t\t\t\t<div class=\"elementor-container elementor-column-gap-default\">\n\t\t\t\t\t<div class=\"elementor-column elementor-col-100 elementor-top-column elementor-element elementor-element-cdfd226\" data-id=\"cdfd226\" data-element_type=\"column\" data-e-type=\"column\">\n\t\t\t<div class=\"elementor-widget-wrap elementor-element-populated\">\n\t\t\t\t\t\t<div class=\"elementor-element elementor-element-9e0a216 elementor-widget elementor-widget-heading\" data-id=\"9e0a216\" data-element_type=\"widget\" data-e-type=\"widget\" data-widget_type=\"heading.default\">\n\t\t\t\t\t<h2 class=\"elementor-heading-title elementor-size-default\">EuroHPC JU<\/h2>\t\t\t\t<\/div>\n\t\t\t\t<div class=\"elementor-element elementor-element-c75e0bc elementor-widget elementor-widget-text-editor\" data-id=\"c75e0bc\" data-element_type=\"widget\" data-e-type=\"widget\" data-widget_type=\"text-editor.default\">\n\t\t\t\t\t\t\t\t\t<p>Wsp\u00f3\u0142czesne badania naukowe wymagaj\u0105 wysokowydajnych oblicze\u0144, gromadzenia, przechowywania i przetwarzania du\u017cych ilo\u015bci danych, prowadzenia oblicze\u0144 r\u00f3wnoleg\u0142ych czy rozwi\u0105za\u0144 z zakresu sztucznej inteligencji. Aby temu sprosta\u0107, w 2017 roku powsta\u0142o Wsp\u00f3lne Przedsi\u0119wzi\u0119cie EuroHPC (<strong><span style=\"color: #aa8423;\"><a style=\"color: #aa8423;\" href=\"https:\/\/eurohpc-ju.europa.eu\/\" target=\"_blank\" rel=\"noopener\">EuroHPC Join Undertaking<\/a><\/span><\/strong>) \u2013 struktura prawna i finansowa zrzeszaj\u0105ca 33 pa\u0144stwa europejskie (cz\u0142onk\u00f3w Unii Europejskiej i kraje stowarzyszone z ni\u0105). Celem przedsi\u0119wzi\u0119cia jest nabycie, zbudowanie i uruchomienie europejskiego systemu superkomputer\u00f3w klasy eksaskalowej na potrzeby oblicze\u0144 wielkiej skali. EuroHPC JU dba o stworzenie infrastruktury, a wi\u0119c dw\u00f3ch system\u00f3w przedeksaskalowych (umo\u017cliwiaj\u0105cych wykonywanie 10<sup>17<\/sup> oblicze\u0144 na sekund\u0119) oraz co najmniej dw\u00f3ch system\u00f3w petaskalowych (umo\u017cliwiaj\u0105cych wykonywanie 10<sup>15<\/sup> oblicze\u0144 na sekund\u0119) a w 2023 r. co najmniej jednego systemu eksaskalowego (umo\u017cliwiaj\u0105cego wykonywanie 10<sup>18<\/sup> oblicze\u0144 na sekund\u0119) opartego na technologii europejskiej. Wsp\u00f3lnie z inicjatyw\u0105 <span style=\"color: #aa8523;\"><a style=\"color: #aa8523;\" href=\"https:\/\/prace-ri.eu\/\" target=\"_blank\" rel=\"noopener\"><strong>PRACE<\/strong><\/a><\/span> i programem <span style=\"color: #aa8523;\"><a style=\"color: #aa8523;\" href=\"https:\/\/www.geant.org\/\" target=\"_blank\" rel=\"noopener\"><strong>G\u00c9ANT<\/strong><\/a><\/span> zapewni u\u017cytkownikom ze \u015brodowisk akademickich, instytut\u00f3w badawczych, przemys\u0142u, ma\u0142ych i \u015brednich przedsi\u0119biorstw oraz sektora publicznego dost\u0119p do superkomputer\u00f3w oraz wsp\u00f3\u0142dzia\u0142aj\u0105cych z nimi aplikacji. Stworzenie narz\u0119dzi to jednak nie wszystko. Kolejny wymiar Euro HPC JU obejmuje dzia\u0142ania zwi\u0105zane ze szkoleniem i dzia\u0142aniami informacyjnymi (patrz: <span style=\"color: #aa8523;\"><a style=\"color: #aa8523;\" href=\"https:\/\/www.eurocc-access.eu\/\" target=\"_blank\" rel=\"noopener\"><strong>EuroCC<\/strong><\/a>).<\/span><\/p>\t\t\t\t\t\t\t\t<\/div>\n\t\t\t\t\t<\/div>\n\t\t<\/div>\n\t\t\t\t\t<\/div>\n\t\t<\/section>\n\t\t\t\t<\/div>\n\t\t","protected":false},"excerpt":{"rendered":"<p>EuroHPC JU Wsp\u00f3\u0142czesne badania naukowe wymagaj\u0105 wysokowydajnych oblicze\u0144, gromadzenia, przechowywania i przetwarzania du\u017cych ilo\u015bci danych, prowadzenia oblicze\u0144 r\u00f3wnoleg\u0142ych czy rozwi\u0105za\u0144 z zakresu sztucznej inteligencji. Aby temu sprosta\u0107, w 2017 roku powsta\u0142o Wsp\u00f3lne Przedsi\u0119wzi\u0119cie EuroHPC (EuroHPC Join Undertaking) \u2013 struktura prawna i finansowa zrzeszaj\u0105ca 33 pa\u0144stwa europejskie (cz\u0142onk\u00f3w Unii Europejskiej i kraje stowarzyszone z ni\u0105). Celem&hellip;&nbsp;<a href=\"https:\/\/cc.eurohpc.pl\/index.php\/euro-hpc\/\" rel=\"bookmark\">Dowiedz si\u0119 wi\u0119cej &raquo;<span class=\"screen-reader-text\">EURO HPC JU<\/span><\/a><\/p>\n","protected":false},"author":5,"featured_media":0,"parent":0,"menu_order":0,"comment_status":"closed","ping_status":"closed","template":"page-templates\/template-pagebuilder-full-width.php","meta":{"_monsterinsights_skip_tracking":false,"_monsterinsights_sitenote_active":false,"_monsterinsights_sitenote_note":"","_monsterinsights_sitenote_category":0,"neve_meta_sidebar":"","neve_meta_container":"","neve_meta_enable_content_width":"","neve_meta_content_width":0,"neve_meta_title_alignment":"","neve_meta_author_avatar":"","neve_post_elements_order":"","neve_meta_disable_header":"","neve_meta_disable_footer":"","neve_meta_disable_title":"","footnotes":""},"class_list":["post-618","page","type-page","status-publish","hentry"],"_links":{"self":[{"href":"https:\/\/cc.eurohpc.pl\/index.php\/wp-json\/wp\/v2\/pages\/618","targetHints":{"allow":["GET"]}}],"collection":[{"href":"https:\/\/cc.eurohpc.pl\/index.php\/wp-json\/wp\/v2\/pages"}],"about":[{"href":"https:\/\/cc.eurohpc.pl\/index.php\/wp-json\/wp\/v2\/types\/page"}],"author":[{"embeddable":true,"href":"https:\/\/cc.eurohpc.pl\/index.php\/wp-json\/wp\/v2\/users\/5"}],"replies":[{"embeddable":true,"href":"https:\/\/cc.eurohpc.pl\/index.php\/wp-json\/wp\/v2\/comments?post=618"}],"version-history":[{"count":112,"href":"https:\/\/cc.eurohpc.pl\/index.php\/wp-json\/wp\/v2\/pages\/618\/revisions"}],"predecessor-version":[{"id":8834,"href":"https:\/\/cc.eurohpc.pl\/index.php\/wp-json\/wp\/v2\/pages\/618\/revisions\/8834"}],"wp:attachment":[{"href":"https:\/\/cc.eurohpc.pl\/index.php\/wp-json\/wp\/v2\/media?parent=618"}],"curies":[{"name":"wp","href":"https:\/\/api.w.org\/{rel}","templated":true}]}}