{"id":5490,"date":"2022-05-27T08:24:58","date_gmt":"2022-05-27T08:24:58","guid":{"rendered":"https:\/\/cc.eurohpc.pl\/?page_id=5490"},"modified":"2023-03-10T10:28:54","modified_gmt":"2023-03-10T10:28:54","slug":"szkolenie_openfoam3","status":"publish","type":"page","link":"https:\/\/cc.eurohpc.pl\/index.php\/szkolenie_openfoam3\/","title":{"rendered":"szkolenie_openfoam3"},"content":{"rendered":"\t\t<div data-elementor-type=\"wp-page\" data-elementor-id=\"5490\" class=\"elementor elementor-5490\" data-elementor-post-type=\"page\">\n\t\t\t\t\t\t<section class=\"elementor-section elementor-top-section elementor-element elementor-element-0ca8287 elementor-section-boxed elementor-section-height-default elementor-section-height-default\" data-id=\"0ca8287\" data-element_type=\"section\" data-e-type=\"section\" data-settings=\"{&quot;background_background&quot;:&quot;classic&quot;}\">\n\t\t\t\t\t\t<div class=\"elementor-container elementor-column-gap-default\">\n\t\t\t\t\t<div class=\"elementor-column elementor-col-100 elementor-top-column elementor-element elementor-element-d82a956\" data-id=\"d82a956\" data-element_type=\"column\" data-e-type=\"column\">\n\t\t\t<div class=\"elementor-widget-wrap elementor-element-populated\">\n\t\t\t\t\t\t<div class=\"elementor-element elementor-element-0084199 elementor-widget-divider--view-line elementor-widget elementor-widget-divider\" data-id=\"0084199\" data-element_type=\"widget\" data-e-type=\"widget\" data-widget_type=\"divider.default\">\n\t\t\t\t\t\t\t<div class=\"elementor-divider\">\n\t\t\t<span class=\"elementor-divider-separator\">\n\t\t\t\t\t\t<\/span>\n\t\t<\/div>\n\t\t\t\t\t\t<\/div>\n\t\t\t\t\t<\/div>\n\t\t<\/div>\n\t\t\t\t\t<\/div>\n\t\t<\/section>\n\t\t\t\t<section class=\"elementor-section elementor-top-section elementor-element elementor-element-b6a4a81 elementor-section-boxed elementor-section-height-default elementor-section-height-default\" data-id=\"b6a4a81\" data-element_type=\"section\" data-e-type=\"section\" data-settings=\"{&quot;background_background&quot;:&quot;classic&quot;}\">\n\t\t\t\t\t\t<div class=\"elementor-container elementor-column-gap-default\">\n\t\t\t\t\t<div class=\"elementor-column elementor-col-100 elementor-top-column elementor-element elementor-element-1eb25df\" data-id=\"1eb25df\" data-element_type=\"column\" data-e-type=\"column\">\n\t\t\t<div class=\"elementor-widget-wrap elementor-element-populated\">\n\t\t\t\t\t\t<section class=\"elementor-section elementor-inner-section elementor-element elementor-element-60b4bba elementor-section-boxed elementor-section-height-default elementor-section-height-default\" data-id=\"60b4bba\" data-element_type=\"section\" data-e-type=\"section\">\n\t\t\t\t\t\t<div class=\"elementor-container elementor-column-gap-default\">\n\t\t\t\t\t<div class=\"elementor-column elementor-col-50 elementor-inner-column elementor-element elementor-element-42e75d9\" data-id=\"42e75d9\" data-element_type=\"column\" data-e-type=\"column\">\n\t\t\t<div class=\"elementor-widget-wrap elementor-element-populated\">\n\t\t\t\t\t\t<div class=\"elementor-element elementor-element-a2be125 elementor-view-default elementor-widget elementor-widget-icon\" data-id=\"a2be125\" data-element_type=\"widget\" data-e-type=\"widget\" data-widget_type=\"icon.default\">\n\t\t\t\t\t\t\t<div class=\"elementor-icon-wrapper\">\n\t\t\t<div class=\"elementor-icon\">\n\t\t\t<svg xmlns=\"http:\/\/www.w3.org\/2000\/svg\" xmlns:xlink=\"http:\/\/www.w3.org\/1999\/xlink\" id=\"Warstwa_1\" x=\"0px\" y=\"0px\" viewBox=\"0 0 33.4 33.4\" style=\"enable-background:new 0 0 33.4 33.4;\" xml:space=\"preserve\"><style type=\"text\/css\">\t.st0{fill:#AA8523;}<\/style><g>\t<path class=\"st0\" d=\"M33.37,16.69c0-2.91-0.76-5.79-2.22-8.3c-0.19-0.32-0.59-0.43-0.91-0.24C29.92,8.33,29.81,8.73,30,9.05  c1.33,2.31,2.03,4.96,2.03,7.64c0,2.22-0.48,4.33-1.34,6.24c0-0.39,0.01-0.78,0-1.17c-0.01-0.53-0.32-0.97-0.8-1.26  c-0.28-0.17-0.38-0.37-0.43-0.67c-0.41-2.18-2.43-3.78-4.79-3.8c-1.68-0.02-3.36-0.02-5.04,0c-2.43,0.02-4.42,1.64-4.84,3.87  c-0.04,0.2-0.19,0.41-0.36,0.54c-0.58,0.43-0.88,0.96-0.88,1.64c0,0.44,0,0.88,0,1.32v2.16h0.93v-0.56c0-0.96-0.01-1.93,0.01-2.89  C14.49,21.4,14.92,21,15.69,21c4.29-0.01,8.57-0.01,12.86,0c0.8,0,1.22,0.4,1.23,1.16c0.01,0.83,0.01,1.65,0.01,2.48  c-2.69,4.43-7.55,7.41-13.11,7.41c-8.46,0-15.34-6.88-15.34-15.34c0-8.46,6.88-15.34,15.34-15.34c3.56,0,7.04,1.26,9.78,3.52  c0.29,0.23,0.71,0.2,0.94-0.09c0.23-0.29,0.2-0.71-0.09-0.94c-2.99-2.47-6.75-3.82-10.63-3.82C7.5,0.02,0.02,7.51,0.02,16.69  c0,9.19,7.48,16.67,16.67,16.67S33.36,25.88,33.37,16.69 M4.37,8.7c0.01,1.89,0.04,3.78,0.04,5.68c0,1.81-0.03,3.62-0.04,5.43  c0,0.66,0.08,0.73,0.79,0.73c1.87,0,3.74,0,5.62,0h1.08c-0.03,0.32-0.05,0.57-0.07,0.86c-0.38,0-0.71-0.04-1.03,0.02  c-0.14,0.02-0.37,0.24-0.35,0.34c0.03,0.18,0.2,0.48,0.33,0.49c0.64,0.05,1.28,0.02,1.95,0.02c0.03-0.76,0.16-1.48,0.74-1.97  c0.65-0.56,0.55-1.36,0.97-2.06H5.33V8.76h0.7c3.55,0,7.1-0.02,10.65,0.02c0.7,0.01,1.12-0.18,1.34-0.88h-0.6  c-4.06,0-8.12,0-12.18,0C4.43,7.9,4.37,7.95,4.37,8.7 M12.68,23.09H5.19c0.03,0.3,0.05,0.55,0.07,0.8h7.42V23.09z M16.09,13.18h-9  v0.59c0.9,0,1.75-0.01,2.6,0c1.96,0.01,3.91,0.04,5.87,0.05C16.19,13.83,16.19,13.82,16.09,13.18 M15.58,11.51  c0.17,0,0.34-0.02,0.53-0.03v-0.67h-0.69c-2.39,0-4.78,0-7.18,0c-0.3,0-0.6-0.01-0.88,0.05c-0.13,0.03-0.27,0.2-0.3,0.32  c-0.02,0.07,0.17,0.24,0.3,0.27c0.21,0.06,0.45,0.05,0.68,0.05C10.56,11.51,13.07,11.51,15.58,11.51 M13.5,15.48H7.07v0.6h6.43  V15.48z M17.92,10.92c0,2.19,1.84,3.92,4.19,3.94c2.33,0.02,4.23-1.72,4.24-3.89C26.36,8.78,24.5,7.01,22.18,7  C19.81,6.99,17.92,8.72,17.92,10.92\"><\/path><\/g><\/svg>\t\t\t<\/div>\n\t\t<\/div>\n\t\t\t\t\t\t<\/div>\n\t\t\t\t\t<\/div>\n\t\t<\/div>\n\t\t\t\t<div class=\"elementor-column elementor-col-50 elementor-inner-column elementor-element elementor-element-f7011ed\" data-id=\"f7011ed\" data-element_type=\"column\" data-e-type=\"column\">\n\t\t\t<div class=\"elementor-widget-wrap elementor-element-populated\">\n\t\t\t\t\t\t<div class=\"elementor-element elementor-element-b2359ca elementor-widget elementor-widget-heading\" data-id=\"b2359ca\" data-element_type=\"widget\" data-e-type=\"widget\" data-widget_type=\"heading.default\">\n\t\t\t\t\t<h2 class=\"elementor-heading-title elementor-size-default\">Wst\u0119p do implementacji modeli fizycznych przy wykorzystaniu OpenFOAM, \n26 maja 2022 r.<\/h2>\t\t\t\t<\/div>\n\t\t\t\t\t<\/div>\n\t\t<\/div>\n\t\t\t\t\t<\/div>\n\t\t<\/section>\n\t\t\t\t<div class=\"elementor-element elementor-element-b040c71 elementor-widget elementor-widget-text-editor\" data-id=\"b040c71\" data-element_type=\"widget\" data-e-type=\"widget\" data-widget_type=\"text-editor.default\">\n\t\t\t\t\t\t\t\t\t<p>Szkolenie jest przeznaczone dla u\u017cytkownik\u00f3w, kt\u00f3rzy maj\u0105 minimalne do\u015bwiadczenie w programowaniu w dowolnym j\u0119zyku programowania. Podczas wyk\u0142adu, kt\u00f3ry poprowadzi <a href=\"http:\/\/fluid.itcmp.pwr.wroc.pl\/~pblasiak\/kontakt.html\"><strong>dr in\u017c. Przemys\u0142aw B\u0142asiak<\/strong><\/a> z Politechniki Wroc\u0142awskiej (Wydzia\u0142 Mechaniczno-Energetyczny, Katedra Termodynamiki i Odnawialnych \u0179r\u00f3de\u0142 Energii), s\u0142uchacze dowiedz\u0105 si\u0119 m.in., jak mo\u017cna programowa\u0107 w OpenFOAM, u\u017cywaj\u0105c j\u0119zyka C++. Zobacz\u0105 te\u017c przyk\u0142ad implementacji warunku brzegowego.<\/p><p>Program:<\/p><ul><li>C++ w OpenFOAM<\/li><li>Opis cz\u0119\u015bciej u\u017cywanych klas w OpenFOAM<\/li><li>Implementacja r\u00f3wnania energii w simpleFoam<\/li><li>Przyk\u0142ad implementacji warunku brzegowego.<\/li><\/ul>\t\t\t\t\t\t\t\t<\/div>\n\t\t\t\t\t<\/div>\n\t\t<\/div>\n\t\t\t\t\t<\/div>\n\t\t<\/section>\n\t\t\t\t<section class=\"elementor-section elementor-top-section elementor-element elementor-element-c50b825 elementor-section-boxed elementor-section-height-default elementor-section-height-default\" data-id=\"c50b825\" data-element_type=\"section\" data-e-type=\"section\">\n\t\t\t\t\t\t<div class=\"elementor-container elementor-column-gap-default\">\n\t\t\t\t\t<div class=\"elementor-column elementor-col-50 elementor-top-column elementor-element elementor-element-4fcf3a8\" data-id=\"4fcf3a8\" data-element_type=\"column\" data-e-type=\"column\">\n\t\t\t<div class=\"elementor-widget-wrap elementor-element-populated\">\n\t\t\t\t\t\t<div class=\"elementor-element elementor-element-bf71e49 elementor-widget elementor-widget-image\" data-id=\"bf71e49\" data-element_type=\"widget\" data-e-type=\"widget\" data-widget_type=\"image.default\">\n\t\t\t\t\t\t\t\t\t\t\t\t\t\t\t<img fetchpriority=\"high\" decoding=\"async\" width=\"1024\" height=\"576\" src=\"https:\/\/cc.eurohpc.pl\/wp-content\/uploads\/2022\/04\/ZaproszenieOpenFoam-czarne-implementacja-1024x576.jpg\" class=\"attachment-large size-large wp-image-5081\" alt=\"\" srcset=\"https:\/\/cc.eurohpc.pl\/wp-content\/uploads\/2022\/04\/ZaproszenieOpenFoam-czarne-implementacja-1024x576.jpg 1024w, https:\/\/cc.eurohpc.pl\/wp-content\/uploads\/2022\/04\/ZaproszenieOpenFoam-czarne-implementacja-300x169.jpg 300w, https:\/\/cc.eurohpc.pl\/wp-content\/uploads\/2022\/04\/ZaproszenieOpenFoam-czarne-implementacja-768x432.jpg 768w, https:\/\/cc.eurohpc.pl\/wp-content\/uploads\/2022\/04\/ZaproszenieOpenFoam-czarne-implementacja.jpg 1361w\" sizes=\"(max-width: 1024px) 100vw, 1024px\" \/>\t\t\t\t\t\t\t\t\t\t\t\t\t\t\t<\/div>\n\t\t\t\t\t<\/div>\n\t\t<\/div>\n\t\t\t\t<div class=\"elementor-column elementor-col-50 elementor-top-column elementor-element elementor-element-af32c1a\" data-id=\"af32c1a\" data-element_type=\"column\" data-e-type=\"column\">\n\t\t\t<div class=\"elementor-widget-wrap elementor-element-populated\">\n\t\t\t\t\t\t<div class=\"elementor-element elementor-element-2a0f0fa elementor-widget elementor-widget-text-editor\" data-id=\"2a0f0fa\" data-element_type=\"widget\" data-e-type=\"widget\" data-widget_type=\"text-editor.default\">\n\t\t\t\t\t\t\t\t\t<p><strong>Termin:<\/strong> czwartek, 26 maja 2022 r. o godz. 11.00<br \/><strong>Czas trwania:<\/strong> 3 godziny <br \/><strong>Forma:<\/strong> online, za pomoc\u0105 platformy Zoom<br \/><strong>Prelegent:<\/strong> dr in\u017c. Przemys\u0142aw B\u0142asiak <br \/><strong>Organizator:<\/strong> WCSS<br \/><strong>Rejestracja: <\/strong>Obowi\u0105zkowa, link do rejestracji: <br \/><span style=\"color: #aa8523;\"><strong><a style=\"color: #aa8523;\" href=\"https:\/\/conf.e-science.pl\/e\/EuroCC-OpenFOAM3\">https:\/\/conf.e-science.pl\/e\/EuroCC-OpenFOAM3<\/a><\/strong><\/span><\/p>\t\t\t\t\t\t\t\t<\/div>\n\t\t\t\t\t<\/div>\n\t\t<\/div>\n\t\t\t\t\t<\/div>\n\t\t<\/section>\n\t\t\t\t<\/div>\n\t\t","protected":false},"excerpt":{"rendered":"<p>Wst\u0119p do implementacji modeli fizycznych przy wykorzystaniu OpenFOAM, 26 maja 2022 r. Szkolenie jest przeznaczone dla u\u017cytkownik\u00f3w, kt\u00f3rzy maj\u0105 minimalne do\u015bwiadczenie w programowaniu w dowolnym j\u0119zyku programowania. Podczas wyk\u0142adu, kt\u00f3ry poprowadzi dr in\u017c. Przemys\u0142aw B\u0142asiak z Politechniki Wroc\u0142awskiej (Wydzia\u0142 Mechaniczno-Energetyczny, Katedra Termodynamiki i Odnawialnych \u0179r\u00f3de\u0142 Energii), s\u0142uchacze dowiedz\u0105 si\u0119 m.in., jak mo\u017cna programowa\u0107 w OpenFOAM,&hellip;&nbsp;<a href=\"https:\/\/cc.eurohpc.pl\/index.php\/szkolenie_openfoam3\/\" rel=\"bookmark\">Dowiedz si\u0119 wi\u0119cej &raquo;<span class=\"screen-reader-text\">szkolenie_openfoam3<\/span><\/a><\/p>\n","protected":false},"author":5,"featured_media":0,"parent":0,"menu_order":0,"comment_status":"closed","ping_status":"closed","template":"page-templates\/template-pagebuilder-full-width.php","meta":{"_monsterinsights_skip_tracking":false,"_monsterinsights_sitenote_active":false,"_monsterinsights_sitenote_note":"","_monsterinsights_sitenote_category":0,"neve_meta_sidebar":"","neve_meta_container":"","neve_meta_enable_content_width":"","neve_meta_content_width":0,"neve_meta_title_alignment":"","neve_meta_author_avatar":"","neve_post_elements_order":"","neve_meta_disable_header":"","neve_meta_disable_footer":"","neve_meta_disable_title":"","footnotes":""},"class_list":["post-5490","page","type-page","status-publish","hentry"],"_links":{"self":[{"href":"https:\/\/cc.eurohpc.pl\/index.php\/wp-json\/wp\/v2\/pages\/5490","targetHints":{"allow":["GET"]}}],"collection":[{"href":"https:\/\/cc.eurohpc.pl\/index.php\/wp-json\/wp\/v2\/pages"}],"about":[{"href":"https:\/\/cc.eurohpc.pl\/index.php\/wp-json\/wp\/v2\/types\/page"}],"author":[{"embeddable":true,"href":"https:\/\/cc.eurohpc.pl\/index.php\/wp-json\/wp\/v2\/users\/5"}],"replies":[{"embeddable":true,"href":"https:\/\/cc.eurohpc.pl\/index.php\/wp-json\/wp\/v2\/comments?post=5490"}],"version-history":[{"count":7,"href":"https:\/\/cc.eurohpc.pl\/index.php\/wp-json\/wp\/v2\/pages\/5490\/revisions"}],"predecessor-version":[{"id":7118,"href":"https:\/\/cc.eurohpc.pl\/index.php\/wp-json\/wp\/v2\/pages\/5490\/revisions\/7118"}],"wp:attachment":[{"href":"https:\/\/cc.eurohpc.pl\/index.php\/wp-json\/wp\/v2\/media?parent=5490"}],"curies":[{"name":"wp","href":"https:\/\/api.w.org\/{rel}","templated":true}]}}