{"id":5183,"date":"2022-04-25T06:59:45","date_gmt":"2022-04-25T06:59:45","guid":{"rendered":"https:\/\/cc.eurohpc.pl\/?page_id=5183"},"modified":"2023-03-10T10:28:54","modified_gmt":"2023-03-10T10:28:54","slug":"szkolenie-ansys","status":"publish","type":"page","link":"https:\/\/cc.eurohpc.pl\/index.php\/szkolenie-ansys\/","title":{"rendered":"szkolenie Ansys"},"content":{"rendered":"\t\t<div data-elementor-type=\"wp-page\" data-elementor-id=\"5183\" class=\"elementor elementor-5183\" data-elementor-post-type=\"page\">\n\t\t\t\t\t\t<section class=\"elementor-section elementor-top-section elementor-element elementor-element-2678b56 elementor-section-boxed elementor-section-height-default elementor-section-height-default\" data-id=\"2678b56\" data-element_type=\"section\" data-e-type=\"section\" data-settings=\"{&quot;background_background&quot;:&quot;classic&quot;}\">\n\t\t\t\t\t\t<div class=\"elementor-container elementor-column-gap-default\">\n\t\t\t\t\t<div class=\"elementor-column elementor-col-100 elementor-top-column elementor-element elementor-element-d07d0c1\" data-id=\"d07d0c1\" data-element_type=\"column\" data-e-type=\"column\">\n\t\t\t<div class=\"elementor-widget-wrap elementor-element-populated\">\n\t\t\t\t\t\t<section class=\"elementor-section elementor-inner-section elementor-element elementor-element-9626547 elementor-section-boxed elementor-section-height-default elementor-section-height-default\" data-id=\"9626547\" data-element_type=\"section\" data-e-type=\"section\">\n\t\t\t\t\t\t<div class=\"elementor-container elementor-column-gap-default\">\n\t\t\t\t\t<div class=\"elementor-column elementor-col-50 elementor-inner-column elementor-element elementor-element-cb0f81b\" data-id=\"cb0f81b\" data-element_type=\"column\" data-e-type=\"column\">\n\t\t\t<div class=\"elementor-widget-wrap elementor-element-populated\">\n\t\t\t\t\t\t<div class=\"elementor-element elementor-element-720ff06 elementor-view-default elementor-widget elementor-widget-icon\" data-id=\"720ff06\" data-element_type=\"widget\" data-e-type=\"widget\" data-widget_type=\"icon.default\">\n\t\t\t\t\t\t\t<div class=\"elementor-icon-wrapper\">\n\t\t\t<div class=\"elementor-icon\">\n\t\t\t<svg aria-hidden=\"true\" class=\"e-font-icon-svg e-fas-square\" viewBox=\"0 0 448 512\" xmlns=\"http:\/\/www.w3.org\/2000\/svg\"><path d=\"M400 32H48C21.5 32 0 53.5 0 80v352c0 26.5 21.5 48 48 48h352c26.5 0 48-21.5 48-48V80c0-26.5-21.5-48-48-48z\"><\/path><\/svg>\t\t\t<\/div>\n\t\t<\/div>\n\t\t\t\t\t\t<\/div>\n\t\t\t\t\t<\/div>\n\t\t<\/div>\n\t\t\t\t<div class=\"elementor-column elementor-col-50 elementor-inner-column elementor-element elementor-element-c5585a7\" data-id=\"c5585a7\" data-element_type=\"column\" data-e-type=\"column\">\n\t\t\t<div class=\"elementor-widget-wrap elementor-element-populated\">\n\t\t\t\t\t\t<div class=\"elementor-element elementor-element-84850d9 elementor-widget elementor-widget-heading\" data-id=\"84850d9\" data-element_type=\"widget\" data-e-type=\"widget\" data-widget_type=\"heading.default\">\n\t\t\t\t\t<h2 class=\"elementor-heading-title elementor-size-default\">Analiza proces\u00f3w cieplno-przep\u0142ywowych przy u\u017cyciu oprogramowania typu ANSYS, 22 kwietnia 2022 r.<\/h2>\t\t\t\t<\/div>\n\t\t\t\t\t<\/div>\n\t\t<\/div>\n\t\t\t\t\t<\/div>\n\t\t<\/section>\n\t\t\t\t<div class=\"elementor-element elementor-element-7cb47f1 elementor-widget elementor-widget-text-editor\" data-id=\"7cb47f1\" data-element_type=\"widget\" data-e-type=\"widget\" data-widget_type=\"text-editor.default\">\n\t\t\t\t\t\t\t\t\t<p>Szkolenie, kt\u00f3re poprowadz\u0105 <strong>dr hab. in\u017c. S\u0142awomir Pietrowicz, prof. PWr<\/strong> oraz <strong>dr in\u017c. J\u00f3zef Rak<\/strong> z Politechniki Wroc\u0142awskiej (Wydzia\u0142 Mechaniczno-Energetyczny Katedra Termodynamiki i Odnawialnych \u0179r\u00f3de\u0142 Energii), b\u0119dzie podzielone na dwie dwugodzinne cz\u0119\u015bci. W pierwszej cz\u0119\u015bci zostan\u0105 om\u00f3wione podstawowe prawa wykorzystane w czasie symulacji numerycznych proces\u00f3w cieplno-przep\u0142ywowych. Zostan\u0105 przedstawione r\u00f3wnania, w formie r\u00f3\u017cniczkowej, wykorzystane do opisu omawianych proces\u00f3w. Nast\u0119pnie prowadz\u0105cy poka\u017ce technik\u0119 implementacji tych r\u00f3wna\u0144 w programie typu CFD&nbsp; (<em>Computational Fluid Dynamics<\/em>), czyli numerycznej mechanice p\u0142yn\u00f3w. W ko\u0144cowej cz\u0119\u015bci szkolenia zostan\u0105 om\u00f3wione modu\u0142y obliczeniowe wykorzystane w programie ANSYS CFX lub ANSYS Fluent wraz z przyk\u0142adami oblicze\u0144 zrealizowanych przez autor\u00f3w wyk\u0142adu. Nast\u0119pnie zostanie przeprowadzone szkolenie praktyczne celem pokazania procesu obliczeniowego.<\/p>\n<p>Plan szkolenia przewiduje zapoznanie s\u0142uchaczy z praktycznymi podstawami numerycznej mechaniki p\u0142yn\u00f3w (CFD). Celem jest przedstawienie najwa\u017cniejszych aspekt\u00f3w symulowania zjawisk fizycznych dotycz\u0105cych cieczy i gaz\u00f3w.<\/p>\t\t\t\t\t\t\t\t<\/div>\n\t\t\t\t\t<\/div>\n\t\t<\/div>\n\t\t\t\t\t<\/div>\n\t\t<\/section>\n\t\t\t\t<section class=\"elementor-section elementor-top-section elementor-element elementor-element-e189f41 elementor-section-boxed elementor-section-height-default elementor-section-height-default\" data-id=\"e189f41\" data-element_type=\"section\" data-e-type=\"section\">\n\t\t\t\t\t\t<div class=\"elementor-container elementor-column-gap-default\">\n\t\t\t\t\t<div class=\"elementor-column elementor-col-100 elementor-top-column elementor-element elementor-element-643a9e5\" data-id=\"643a9e5\" data-element_type=\"column\" data-e-type=\"column\">\n\t\t\t<div class=\"elementor-widget-wrap elementor-element-populated\">\n\t\t\t\t\t\t<div class=\"elementor-element elementor-element-e369e33 elementor-widget elementor-widget-text-editor\" data-id=\"e369e33\" data-element_type=\"widget\" data-e-type=\"widget\" data-widget_type=\"text-editor.default\">\n\t\t\t\t\t\t\t\t\t<div data-id=\"324118a\" data-element_type=\"widget\" data-widget_type=\"text-editor.default\"><div><strong>Program szkolenia:<\/strong><br \/><p>Na przyk\u0142adzie symulacji wymiennika ciep\u0142a om\u00f3wione b\u0119d\u0105 nast\u0119puj\u0105ce elementy modelowania numerycznego:<\/p><ol><li>Przygotowanie geometrii tr\u00f3jwymiarowej.<\/li><li>Dyskretyzacja i siatki numeryczne.<\/li><li>Zaprogramowanie oblicze\u0144, warunki brzegowe.<\/li><li>Praca solvera numerycznego.<\/li><li>Obr\u00f3bka wynik\u00f3w, ich wizualizacja i interpretacja.<\/li><li>Optymalizacja badanego systemu i praktyczne wnioski z wykonanych symulacji.<\/li><\/ol><p>Om\u00f3wienie ka\u017cdego z etap\u00f3w b\u0119dzie zawiera\u0142o odniesienia do jego umiejscowienia w szerokim kontek\u015bcie dzia\u0142ania przedsi\u0119biorstwa.<\/p><\/div><\/div><p><strong>Termin:<\/strong> pi\u0105tek, 22 kwietnia 2022 r. o godz. 10.00<br \/><strong>Czas trwania:<\/strong> 4 godziny (2h wyk\u0142ad, 2h warsztaty)<br \/><strong>Forma:<\/strong> wyk\u0142ad online<br \/><strong>Prelegenci:<\/strong> dr hab. in\u017c. S\u0142awomir Pietrowicz, prof. PWr \u2013 cz\u0119\u015b\u0107 teoretyczna, dr in\u017c. J\u00f3zef Rak \u2013 cz\u0119\u015b\u0107 praktyczna<\/p><p><strong>Link do rejestracji: <\/strong><strong><span style=\"color: #aa8523;\"><a style=\"color: #aa8523;\" href=\"https:\/\/conf.e-science.pl\/e\/EuroCC-Ansys\">https:\/\/conf.e-science.pl\/e\/EuroCC-Ansys<\/a><\/span><\/strong><\/p>\t\t\t\t\t\t\t\t<\/div>\n\t\t\t\t\t<\/div>\n\t\t<\/div>\n\t\t\t\t\t<\/div>\n\t\t<\/section>\n\t\t\t\t<\/div>\n\t\t","protected":false},"excerpt":{"rendered":"<p>Analiza proces\u00f3w cieplno-przep\u0142ywowych przy u\u017cyciu oprogramowania typu ANSYS, 22 kwietnia 2022 r. Szkolenie, kt\u00f3re poprowadz\u0105 dr hab. in\u017c. S\u0142awomir Pietrowicz, prof. PWr oraz dr in\u017c. J\u00f3zef Rak z Politechniki Wroc\u0142awskiej (Wydzia\u0142 Mechaniczno-Energetyczny Katedra Termodynamiki i Odnawialnych \u0179r\u00f3de\u0142 Energii), b\u0119dzie podzielone na dwie dwugodzinne cz\u0119\u015bci. W pierwszej cz\u0119\u015bci zostan\u0105 om\u00f3wione podstawowe prawa wykorzystane w czasie symulacji&hellip;&nbsp;<a href=\"https:\/\/cc.eurohpc.pl\/index.php\/szkolenie-ansys\/\" rel=\"bookmark\">Dowiedz si\u0119 wi\u0119cej &raquo;<span class=\"screen-reader-text\">szkolenie Ansys<\/span><\/a><\/p>\n","protected":false},"author":5,"featured_media":0,"parent":0,"menu_order":0,"comment_status":"closed","ping_status":"closed","template":"page-templates\/template-pagebuilder-full-width.php","meta":{"_monsterinsights_skip_tracking":false,"_monsterinsights_sitenote_active":false,"_monsterinsights_sitenote_note":"","_monsterinsights_sitenote_category":0,"neve_meta_sidebar":"","neve_meta_container":"","neve_meta_enable_content_width":"","neve_meta_content_width":0,"neve_meta_title_alignment":"","neve_meta_author_avatar":"","neve_post_elements_order":"","neve_meta_disable_header":"","neve_meta_disable_footer":"","neve_meta_disable_title":"","footnotes":""},"class_list":["post-5183","page","type-page","status-publish","hentry"],"_links":{"self":[{"href":"https:\/\/cc.eurohpc.pl\/index.php\/wp-json\/wp\/v2\/pages\/5183","targetHints":{"allow":["GET"]}}],"collection":[{"href":"https:\/\/cc.eurohpc.pl\/index.php\/wp-json\/wp\/v2\/pages"}],"about":[{"href":"https:\/\/cc.eurohpc.pl\/index.php\/wp-json\/wp\/v2\/types\/page"}],"author":[{"embeddable":true,"href":"https:\/\/cc.eurohpc.pl\/index.php\/wp-json\/wp\/v2\/users\/5"}],"replies":[{"embeddable":true,"href":"https:\/\/cc.eurohpc.pl\/index.php\/wp-json\/wp\/v2\/comments?post=5183"}],"version-history":[{"count":4,"href":"https:\/\/cc.eurohpc.pl\/index.php\/wp-json\/wp\/v2\/pages\/5183\/revisions"}],"predecessor-version":[{"id":5190,"href":"https:\/\/cc.eurohpc.pl\/index.php\/wp-json\/wp\/v2\/pages\/5183\/revisions\/5190"}],"wp:attachment":[{"href":"https:\/\/cc.eurohpc.pl\/index.php\/wp-json\/wp\/v2\/media?parent=5183"}],"curies":[{"name":"wp","href":"https:\/\/api.w.org\/{rel}","templated":true}]}}