{"id":5028,"date":"2022-03-28T10:24:24","date_gmt":"2022-03-28T10:24:24","guid":{"rendered":"https:\/\/cc.eurohpc.pl\/?page_id=5028"},"modified":"2023-03-10T10:28:54","modified_gmt":"2023-03-10T10:28:54","slug":"szkolenie-optymalizacja-aktualizacji-hpc","status":"publish","type":"page","link":"https:\/\/cc.eurohpc.pl\/index.php\/szkolenie-optymalizacja-aktualizacji-hpc\/","title":{"rendered":"szkolenie optymalizacja aktualizacji HPC"},"content":{"rendered":"\t\t<div data-elementor-type=\"wp-page\" data-elementor-id=\"5028\" class=\"elementor elementor-5028\" data-elementor-post-type=\"page\">\n\t\t\t\t\t\t<section class=\"elementor-section elementor-top-section elementor-element elementor-element-1f4dba5 elementor-section-boxed elementor-section-height-default elementor-section-height-default\" data-id=\"1f4dba5\" data-element_type=\"section\" data-e-type=\"section\">\n\t\t\t\t\t\t<div class=\"elementor-container elementor-column-gap-default\">\n\t\t\t\t\t<div class=\"elementor-column elementor-col-100 elementor-top-column elementor-element elementor-element-7cd9875\" data-id=\"7cd9875\" data-element_type=\"column\" data-e-type=\"column\">\n\t\t\t<div class=\"elementor-widget-wrap elementor-element-populated\">\n\t\t\t\t\t\t<div class=\"elementor-element elementor-element-3642581 elementor-widget-divider--view-line elementor-widget elementor-widget-divider\" data-id=\"3642581\" data-element_type=\"widget\" data-e-type=\"widget\" data-widget_type=\"divider.default\">\n\t\t\t\t\t\t\t<div class=\"elementor-divider\">\n\t\t\t<span class=\"elementor-divider-separator\">\n\t\t\t\t\t\t<\/span>\n\t\t<\/div>\n\t\t\t\t\t\t<\/div>\n\t\t\t\t\t<\/div>\n\t\t<\/div>\n\t\t\t\t\t<\/div>\n\t\t<\/section>\n\t\t\t\t<section class=\"elementor-section elementor-top-section elementor-element elementor-element-340ddf2 elementor-section-boxed elementor-section-height-default elementor-section-height-default\" data-id=\"340ddf2\" data-element_type=\"section\" data-e-type=\"section\">\n\t\t\t\t\t\t<div class=\"elementor-container elementor-column-gap-default\">\n\t\t\t\t\t<div class=\"elementor-column elementor-col-50 elementor-top-column elementor-element elementor-element-1f77060\" data-id=\"1f77060\" data-element_type=\"column\" data-e-type=\"column\">\n\t\t\t<div class=\"elementor-widget-wrap elementor-element-populated\">\n\t\t\t\t\t\t<div class=\"elementor-element elementor-element-1976e87 elementor-view-default elementor-widget elementor-widget-icon\" data-id=\"1976e87\" data-element_type=\"widget\" data-e-type=\"widget\" data-widget_type=\"icon.default\">\n\t\t\t\t\t\t\t<div class=\"elementor-icon-wrapper\">\n\t\t\t<div class=\"elementor-icon\">\n\t\t\t<svg xmlns=\"http:\/\/www.w3.org\/2000\/svg\" xmlns:xlink=\"http:\/\/www.w3.org\/1999\/xlink\" id=\"Warstwa_1\" x=\"0px\" y=\"0px\" viewBox=\"0 0 33.4 33.4\" style=\"enable-background:new 0 0 33.4 33.4;\" xml:space=\"preserve\"><style type=\"text\/css\">\t.st0{fill:#AA8523;}<\/style><g>\t<path class=\"st0\" d=\"M33.37,16.69c0-2.91-0.76-5.79-2.22-8.3c-0.19-0.32-0.59-0.43-0.91-0.24C29.92,8.33,29.81,8.73,30,9.05  c1.33,2.31,2.03,4.96,2.03,7.64c0,2.22-0.48,4.33-1.34,6.24c0-0.39,0.01-0.78,0-1.17c-0.01-0.53-0.32-0.97-0.8-1.26  c-0.28-0.17-0.38-0.37-0.43-0.67c-0.41-2.18-2.43-3.78-4.79-3.8c-1.68-0.02-3.36-0.02-5.04,0c-2.43,0.02-4.42,1.64-4.84,3.87  c-0.04,0.2-0.19,0.41-0.36,0.54c-0.58,0.43-0.88,0.96-0.88,1.64c0,0.44,0,0.88,0,1.32v2.16h0.93v-0.56c0-0.96-0.01-1.93,0.01-2.89  C14.49,21.4,14.92,21,15.69,21c4.29-0.01,8.57-0.01,12.86,0c0.8,0,1.22,0.4,1.23,1.16c0.01,0.83,0.01,1.65,0.01,2.48  c-2.69,4.43-7.55,7.41-13.11,7.41c-8.46,0-15.34-6.88-15.34-15.34c0-8.46,6.88-15.34,15.34-15.34c3.56,0,7.04,1.26,9.78,3.52  c0.29,0.23,0.71,0.2,0.94-0.09c0.23-0.29,0.2-0.71-0.09-0.94c-2.99-2.47-6.75-3.82-10.63-3.82C7.5,0.02,0.02,7.51,0.02,16.69  c0,9.19,7.48,16.67,16.67,16.67S33.36,25.88,33.37,16.69 M4.37,8.7c0.01,1.89,0.04,3.78,0.04,5.68c0,1.81-0.03,3.62-0.04,5.43  c0,0.66,0.08,0.73,0.79,0.73c1.87,0,3.74,0,5.62,0h1.08c-0.03,0.32-0.05,0.57-0.07,0.86c-0.38,0-0.71-0.04-1.03,0.02  c-0.14,0.02-0.37,0.24-0.35,0.34c0.03,0.18,0.2,0.48,0.33,0.49c0.64,0.05,1.28,0.02,1.95,0.02c0.03-0.76,0.16-1.48,0.74-1.97  c0.65-0.56,0.55-1.36,0.97-2.06H5.33V8.76h0.7c3.55,0,7.1-0.02,10.65,0.02c0.7,0.01,1.12-0.18,1.34-0.88h-0.6  c-4.06,0-8.12,0-12.18,0C4.43,7.9,4.37,7.95,4.37,8.7 M12.68,23.09H5.19c0.03,0.3,0.05,0.55,0.07,0.8h7.42V23.09z M16.09,13.18h-9  v0.59c0.9,0,1.75-0.01,2.6,0c1.96,0.01,3.91,0.04,5.87,0.05C16.19,13.83,16.19,13.82,16.09,13.18 M15.58,11.51  c0.17,0,0.34-0.02,0.53-0.03v-0.67h-0.69c-2.39,0-4.78,0-7.18,0c-0.3,0-0.6-0.01-0.88,0.05c-0.13,0.03-0.27,0.2-0.3,0.32  c-0.02,0.07,0.17,0.24,0.3,0.27c0.21,0.06,0.45,0.05,0.68,0.05C10.56,11.51,13.07,11.51,15.58,11.51 M13.5,15.48H7.07v0.6h6.43  V15.48z M17.92,10.92c0,2.19,1.84,3.92,4.19,3.94c2.33,0.02,4.23-1.72,4.24-3.89C26.36,8.78,24.5,7.01,22.18,7  C19.81,6.99,17.92,8.72,17.92,10.92\"><\/path><\/g><\/svg>\t\t\t<\/div>\n\t\t<\/div>\n\t\t\t\t\t\t<\/div>\n\t\t\t\t\t<\/div>\n\t\t<\/div>\n\t\t\t\t<div class=\"elementor-column elementor-col-50 elementor-top-column elementor-element elementor-element-c4494b6\" data-id=\"c4494b6\" data-element_type=\"column\" data-e-type=\"column\">\n\t\t\t<div class=\"elementor-widget-wrap elementor-element-populated\">\n\t\t\t\t\t\t<div class=\"elementor-element elementor-element-e6a9f97 elementor-widget elementor-widget-heading\" data-id=\"e6a9f97\" data-element_type=\"widget\" data-e-type=\"widget\" data-widget_type=\"heading.default\">\n\t\t\t\t\t<h2 class=\"elementor-heading-title elementor-size-default\">Szkolenie: Optymalizacja aplikacji HPC w \u015brodowisku klastr\u00f3w obliczeniowych na przyk\u0142adzie numerycznego modelu pogody WRF\n<\/h2>\t\t\t\t<\/div>\n\t\t\t\t\t<\/div>\n\t\t<\/div>\n\t\t\t\t\t<\/div>\n\t\t<\/section>\n\t\t\t\t<section class=\"elementor-section elementor-top-section elementor-element elementor-element-a09ee10 elementor-section-boxed elementor-section-height-default elementor-section-height-default\" data-id=\"a09ee10\" data-element_type=\"section\" data-e-type=\"section\">\n\t\t\t\t\t\t<div class=\"elementor-container elementor-column-gap-default\">\n\t\t\t\t\t<div class=\"elementor-column elementor-col-100 elementor-top-column elementor-element elementor-element-b5ce4a4\" data-id=\"b5ce4a4\" data-element_type=\"column\" data-e-type=\"column\">\n\t\t\t<div class=\"elementor-widget-wrap elementor-element-populated\">\n\t\t\t\t\t\t<div class=\"elementor-element elementor-element-a1a41f7 elementor-widget elementor-widget-text-editor\" data-id=\"a1a41f7\" data-element_type=\"widget\" data-e-type=\"widget\" data-widget_type=\"text-editor.default\">\n\t\t\t\t\t\t\t\t\t<ol><li style=\"list-style-type: none;\">\u00a0<\/li><\/ol><p><strong>Agenda szkolenia<\/strong>:<\/p><ol><li>Podstawy oblicze\u0144 r\u00f3wnoleg\u0142ych<ul><li>Projektowanie algorytm\u00f3w r\u00f3wnoleg\u0142ych<\/li><li>Dekompozycja problemu<\/li><li>Przydzielanie zada\u0144 procesorom<\/li><li>Architektura komputer\u00f3w r\u00f3wnoleg\u0142ych z pami\u0119ci\u0105 rozproszona i wsp\u00f3\u0142dzielon\u0105<\/li><\/ul><\/li><li>Numeryczne modele pogody \u2013 podstawy na podstawie modelu WRF.<ul><li>Czym jest numeryczny model pogody<\/li><li>Schemat funkcjonalny modelu WRF<\/li><li>R\u00f3wnania modelu WRF<\/li><li>Parametryzacja fizyki modelu WRF<\/li><\/ul><\/li><li>Realizacja oblicze\u0144 w modelu WRF, optymalizacja i walidacja.<ul><li>Optymalizacja modelu na poziomie konfiguracji i kompilacji.<\/li><li>Dekompozycje siatek obliczeniowych modelu WRF.<\/li><li>Optymalizacja krok\u00f3w ca\u0142kowania, metoda statyczna i adaptacyjna.<\/li><li>Problem sterowania we\/wy w modelu WRF i wp\u0142yw na d\u0142ugo\u015b\u0107 oblicze\u0144.<\/li><li>Skalowalno\u015b\u0107 proces\u00f3w.<\/li><li>Rozk\u0142ad proces\u00f3w MPI modelu WRF.<\/li><li>Komunikacja proces\u00f3w obliczeniowych.<br \/>Cz\u0119ste b\u0142\u0119dy w modelu WRF.<\/li><\/ul><\/li><li>Benchmark superkomputer\u00f3w z wykorzystaniem numerycznego modelu pogody WRF.<ul><li>Zasady budowania benchmark\u00f3w.<\/li><li>Kontrola wydajno\u015bci klastr\u00f3w z wykorzystaniem modelu WRF.<\/li><li>Praktyczne przyk\u0142ady w \u015brodowisku superkomputera <a href=\"https:\/\/task.gda.pl\/pl\/zasoby\/superkomputer\/\">Tryton<\/a>.<\/li><\/ul><\/li><\/ol><p><strong><br \/>Prowadz\u0105cy szkolenie<\/strong>: prof. dr hab. in\u017c. Mariusz Figurski, dyrektor Centrum Modelowania Meteorologicznego w Instytucie Meteorologii i Gospodarki Wodnej (IMGW), profesor w Katedrze Geodezji Wydzia\u0142u In\u017cynierii L\u0105dowej i \u015arodowiska Politechniki Gda\u0144skiej.<\/p><p><strong>Termin<\/strong>: 20 maja 2022, godz. 10.00\u201314.00<strong>.<\/strong><\/p><p><strong>Wymagania<\/strong>: Komputer z przegl\u0105dark\u0105 internetow\u0105. Szkolenie odb\u0119dzie si\u0119 poprzez MS Teams.<\/p><p><strong>Miejsce<\/strong>: Szkolenie on-line, link do spotkania zostanie przes\u0142any drog\u0105 mailow\u0105 na 3 dni przed szkoleniem.<\/p><p><strong>Organizator<\/strong>: Centrum Informatyczne TASK. Szkolenie organizowane jest w ramach Narodowego Centra Kompetencji HPC.<\/p><p><strong>Rejestracja<\/strong>: Zg\u0142oszenie zawieraj\u0105ce imi\u0119, nazwisko oraz afiliacje (jednostk\u0119 naukow\u0105\/firm\u0119\/organizacj\u0119) prosimy przes\u0142a\u0107 na adres mailowy <strong><a href=\"mailto:kdm@task.gda.pl\">kdm@task.gda.pl<\/a><\/strong><\/p>\t\t\t\t\t\t\t\t<\/div>\n\t\t\t\t\t<\/div>\n\t\t<\/div>\n\t\t\t\t\t<\/div>\n\t\t<\/section>\n\t\t\t\t<\/div>\n\t\t","protected":false},"excerpt":{"rendered":"<p>Szkolenie: Optymalizacja aplikacji HPC w \u015brodowisku klastr\u00f3w obliczeniowych na przyk\u0142adzie numerycznego modelu pogody WRF \u00a0 Agenda szkolenia: Podstawy oblicze\u0144 r\u00f3wnoleg\u0142ych Projektowanie algorytm\u00f3w r\u00f3wnoleg\u0142ych Dekompozycja problemu Przydzielanie zada\u0144 procesorom Architektura komputer\u00f3w r\u00f3wnoleg\u0142ych z pami\u0119ci\u0105 rozproszona i wsp\u00f3\u0142dzielon\u0105 Numeryczne modele pogody \u2013 podstawy na podstawie modelu WRF. Czym jest numeryczny model pogody Schemat funkcjonalny modelu WRF R\u00f3wnania&hellip;&nbsp;<a href=\"https:\/\/cc.eurohpc.pl\/index.php\/szkolenie-optymalizacja-aktualizacji-hpc\/\" rel=\"bookmark\">Dowiedz si\u0119 wi\u0119cej &raquo;<span class=\"screen-reader-text\">szkolenie optymalizacja aktualizacji HPC<\/span><\/a><\/p>\n","protected":false},"author":5,"featured_media":0,"parent":0,"menu_order":0,"comment_status":"closed","ping_status":"closed","template":"page-templates\/template-pagebuilder-full-width.php","meta":{"_monsterinsights_skip_tracking":false,"_monsterinsights_sitenote_active":false,"_monsterinsights_sitenote_note":"","_monsterinsights_sitenote_category":0,"neve_meta_sidebar":"","neve_meta_container":"","neve_meta_enable_content_width":"","neve_meta_content_width":0,"neve_meta_title_alignment":"","neve_meta_author_avatar":"","neve_post_elements_order":"","neve_meta_disable_header":"","neve_meta_disable_footer":"","neve_meta_disable_title":"","footnotes":""},"class_list":["post-5028","page","type-page","status-publish","hentry"],"_links":{"self":[{"href":"https:\/\/cc.eurohpc.pl\/index.php\/wp-json\/wp\/v2\/pages\/5028","targetHints":{"allow":["GET"]}}],"collection":[{"href":"https:\/\/cc.eurohpc.pl\/index.php\/wp-json\/wp\/v2\/pages"}],"about":[{"href":"https:\/\/cc.eurohpc.pl\/index.php\/wp-json\/wp\/v2\/types\/page"}],"author":[{"embeddable":true,"href":"https:\/\/cc.eurohpc.pl\/index.php\/wp-json\/wp\/v2\/users\/5"}],"replies":[{"embeddable":true,"href":"https:\/\/cc.eurohpc.pl\/index.php\/wp-json\/wp\/v2\/comments?post=5028"}],"version-history":[{"count":10,"href":"https:\/\/cc.eurohpc.pl\/index.php\/wp-json\/wp\/v2\/pages\/5028\/revisions"}],"predecessor-version":[{"id":7250,"href":"https:\/\/cc.eurohpc.pl\/index.php\/wp-json\/wp\/v2\/pages\/5028\/revisions\/7250"}],"wp:attachment":[{"href":"https:\/\/cc.eurohpc.pl\/index.php\/wp-json\/wp\/v2\/media?parent=5028"}],"curies":[{"name":"wp","href":"https:\/\/api.w.org\/{rel}","templated":true}]}}