{"id":5020,"date":"2022-03-28T09:34:17","date_gmt":"2022-03-28T09:34:17","guid":{"rendered":"https:\/\/cc.eurohpc.pl\/?page_id=5020"},"modified":"2023-03-10T10:28:54","modified_gmt":"2023-03-10T10:28:54","slug":"szkolenie-openfoam","status":"publish","type":"page","link":"https:\/\/cc.eurohpc.pl\/index.php\/szkolenie-openfoam\/","title":{"rendered":"szkolenie openFOAM"},"content":{"rendered":"\t\t<div data-elementor-type=\"wp-page\" data-elementor-id=\"5020\" class=\"elementor elementor-5020\" data-elementor-post-type=\"page\">\n\t\t\t\t\t\t<section class=\"elementor-section elementor-top-section elementor-element elementor-element-a13c509 elementor-section-boxed elementor-section-height-default elementor-section-height-default\" data-id=\"a13c509\" data-element_type=\"section\" data-e-type=\"section\">\n\t\t\t\t\t\t<div class=\"elementor-container elementor-column-gap-default\">\n\t\t\t\t\t<div class=\"elementor-column elementor-col-100 elementor-top-column elementor-element elementor-element-25a4fe7\" data-id=\"25a4fe7\" data-element_type=\"column\" data-e-type=\"column\">\n\t\t\t<div class=\"elementor-widget-wrap elementor-element-populated\">\n\t\t\t\t\t\t<div class=\"elementor-element elementor-element-f0d2754 elementor-widget elementor-widget-heading\" data-id=\"f0d2754\" data-element_type=\"widget\" data-e-type=\"widget\" data-widget_type=\"heading.default\">\n\t\t\t\t\t<h2 class=\"elementor-heading-title elementor-size-default\">Szkolenie: OpenFOAM \u2013 oprogramowanie do symulacji numerycznej mechaniki p\u0142yn\u00f3w (CFD) \u2013 szkolenie dla pocz\u0105tkuj\u0105cych u\u017cytkownik\u00f3w, 24 marca 2022 r. <\/h2>\t\t\t\t<\/div>\n\t\t\t\t<div class=\"elementor-element elementor-element-92f7593 elementor-widget elementor-widget-text-editor\" data-id=\"92f7593\" data-element_type=\"widget\" data-e-type=\"widget\" data-widget_type=\"text-editor.default\">\n\t\t\t\t\t\t\t\t\t<p>W pe\u0142ni darmowe, profesjonalne narz\u0119dzie OpenFOAM ma coraz wi\u0119ksze grono u\u017cytkownik\u00f3w. Korzystaj\u0105 z niego zar\u00f3wno naukowcy, jak i in\u017cynierowie z koncern\u00f3w przemys\u0142owych, w tym du\u017cych firm motoryzacyjnych. Oprogramowanie wykorzystywane jest do tworzenia symulacji CFD (obliczeniowej mechaniki p\u0142yn\u00f3w), m.in. przep\u0142yw\u00f3w wielofazowych, wymiany ciep\u0142a, proces\u00f3w spalania, dynamiki p\u0142yn\u00f3w oraz in\u017cynierii materia\u0142owej.<\/p><p>Zapraszamy na szkolenie organizowane w ramach projektu EuroCC, kt\u00f3re b\u0119dzie dobr\u0105 okazj\u0105 do zapoznania si\u0119 z mo\u017cliwo\u015bciami OpenFOAM. Poprowadzi je <strong>dr in\u017c. Przemys\u0142aw B\u0142asiak<\/strong> z Politechniki Wroc\u0142awskiej (Wydzia\u0142 Mechaniczno-Energetyczny, Katedra Termodynamiki i Odnawialnych \u0179r\u00f3de\u0142 Energii). Zaj\u0119cia w formie wyk\u0142adu kierujemy przede wszystkim do os\u00f3b, kt\u00f3re nie s\u0105 ekspertami CFD i nie mia\u0142y dot\u0105d styczno\u015bci z tym oprogramowaniem.<\/p><p><strong>Program szkolenia:<\/strong><br \/>\u2022 kr\u00f3tki wst\u0119p na temat rozwi\u0105zywanych r\u00f3wna\u0144 i metody obj\u0119to\u015bci sko\u0144czonych<br \/>\u2022 co to jest OpenFOAM i do czego s\u0142u\u017cy<br \/>\u2022 typowy przebieg pracy przy wykorzystaniu OpenFOAM<br \/>\u2022 struktura plik\u00f3w w OpenFOAM<br \/>\u2022 wst\u0119p do aplikacji i bibliotek w OpenFOAM<br \/>\u2022 przyk\u0142ad implementacji r\u00f3wna\u0144 fizycznych w OpenFOAM.<\/p><p><strong>Termin:<\/strong> czwartek, 24 marca 2022 r. o godz. 11.00<br \/><strong>Czas trwania:<\/strong> 3 godziny<br \/><strong>Forma:<\/strong> wyk\u0142ad online<\/p><p><strong>Link do rejestracji: <span style=\"color: #aa8523;\"><a style=\"color: #aa8523;\" href=\"https:\/\/conf.e-science.pl\/e\/EuroCC-openFOAM\">https:\/\/conf.e-science.pl\/e\/EuroCC-openFOAM<\/a><\/span><\/strong><\/p>\t\t\t\t\t\t\t\t<\/div>\n\t\t\t\t\t<\/div>\n\t\t<\/div>\n\t\t\t\t\t<\/div>\n\t\t<\/section>\n\t\t\t\t<\/div>\n\t\t","protected":false},"excerpt":{"rendered":"<p>Szkolenie: OpenFOAM \u2013 oprogramowanie do symulacji numerycznej mechaniki p\u0142yn\u00f3w (CFD) \u2013 szkolenie dla pocz\u0105tkuj\u0105cych u\u017cytkownik\u00f3w, 24 marca 2022 r. W pe\u0142ni darmowe, profesjonalne narz\u0119dzie OpenFOAM ma coraz wi\u0119ksze grono u\u017cytkownik\u00f3w. Korzystaj\u0105 z niego zar\u00f3wno naukowcy, jak i in\u017cynierowie z koncern\u00f3w przemys\u0142owych, w tym du\u017cych firm motoryzacyjnych. Oprogramowanie wykorzystywane jest do tworzenia symulacji CFD (obliczeniowej mechaniki&hellip;&nbsp;<a href=\"https:\/\/cc.eurohpc.pl\/index.php\/szkolenie-openfoam\/\" rel=\"bookmark\">Dowiedz si\u0119 wi\u0119cej &raquo;<span class=\"screen-reader-text\">szkolenie openFOAM<\/span><\/a><\/p>\n","protected":false},"author":5,"featured_media":0,"parent":0,"menu_order":0,"comment_status":"closed","ping_status":"closed","template":"page-templates\/template-pagebuilder-full-width.php","meta":{"_monsterinsights_skip_tracking":false,"_monsterinsights_sitenote_active":false,"_monsterinsights_sitenote_note":"","_monsterinsights_sitenote_category":0,"neve_meta_sidebar":"","neve_meta_container":"","neve_meta_enable_content_width":"","neve_meta_content_width":0,"neve_meta_title_alignment":"","neve_meta_author_avatar":"","neve_post_elements_order":"","neve_meta_disable_header":"","neve_meta_disable_footer":"","neve_meta_disable_title":"","footnotes":""},"class_list":["post-5020","page","type-page","status-publish","hentry"],"_links":{"self":[{"href":"https:\/\/cc.eurohpc.pl\/index.php\/wp-json\/wp\/v2\/pages\/5020","targetHints":{"allow":["GET"]}}],"collection":[{"href":"https:\/\/cc.eurohpc.pl\/index.php\/wp-json\/wp\/v2\/pages"}],"about":[{"href":"https:\/\/cc.eurohpc.pl\/index.php\/wp-json\/wp\/v2\/types\/page"}],"author":[{"embeddable":true,"href":"https:\/\/cc.eurohpc.pl\/index.php\/wp-json\/wp\/v2\/users\/5"}],"replies":[{"embeddable":true,"href":"https:\/\/cc.eurohpc.pl\/index.php\/wp-json\/wp\/v2\/comments?post=5020"}],"version-history":[{"count":7,"href":"https:\/\/cc.eurohpc.pl\/index.php\/wp-json\/wp\/v2\/pages\/5020\/revisions"}],"predecessor-version":[{"id":5187,"href":"https:\/\/cc.eurohpc.pl\/index.php\/wp-json\/wp\/v2\/pages\/5020\/revisions\/5187"}],"wp:attachment":[{"href":"https:\/\/cc.eurohpc.pl\/index.php\/wp-json\/wp\/v2\/media?parent=5020"}],"curies":[{"name":"wp","href":"https:\/\/api.w.org\/{rel}","templated":true}]}}