{"id":4731,"date":"2022-01-13T13:16:27","date_gmt":"2022-01-13T13:16:27","guid":{"rendered":"https:\/\/cc.eurohpc.pl\/?page_id=4731"},"modified":"2023-03-10T10:28:42","modified_gmt":"2023-03-10T10:28:42","slug":"program-szkolenia-wprowadzenie-do-obliczen-na-komputerach-icm","status":"publish","type":"page","link":"https:\/\/cc.eurohpc.pl\/index.php\/program-szkolenia-wprowadzenie-do-obliczen-na-komputerach-icm\/","title":{"rendered":"program szkolenia Wprowadzenie do oblicze\u0144 na komputerach ICM"},"content":{"rendered":"\t\t<div data-elementor-type=\"wp-page\" data-elementor-id=\"4731\" class=\"elementor elementor-4731\" data-elementor-post-type=\"page\">\n\t\t\t\t\t\t<section class=\"elementor-section elementor-top-section elementor-element elementor-element-bd2d62b elementor-section-boxed elementor-section-height-default elementor-section-height-default\" data-id=\"bd2d62b\" data-element_type=\"section\" data-e-type=\"section\">\n\t\t\t\t\t\t<div class=\"elementor-container elementor-column-gap-default\">\n\t\t\t\t\t<div class=\"elementor-column elementor-col-100 elementor-top-column elementor-element elementor-element-5156a7f\" data-id=\"5156a7f\" data-element_type=\"column\" data-e-type=\"column\">\n\t\t\t<div class=\"elementor-widget-wrap elementor-element-populated\">\n\t\t\t\t\t\t<div class=\"elementor-element elementor-element-505e921 elementor-widget elementor-widget-heading\" data-id=\"505e921\" data-element_type=\"widget\" data-e-type=\"widget\" data-widget_type=\"heading.default\">\n\t\t\t\t\t<h2 class=\"elementor-heading-title elementor-size-default\"> Wprowadzenie do oblicze\u0144 na komputerach ICM<\/h2>\t\t\t\t<\/div>\n\t\t\t\t<div class=\"elementor-element elementor-element-98bb7b2 elementor-widget elementor-widget-text-editor\" data-id=\"98bb7b2\" data-element_type=\"widget\" data-e-type=\"widget\" data-widget_type=\"text-editor.default\">\n\t\t\t\t\t\t\t\t\t<p><strong>Program:<br \/><br \/>Czwartek, 20 stycznia 2022, \u00a0godz. 10.00\u201314.00<\/strong><\/p><ol><li>Wprowadzenie do tematyki szkolenia<\/li><li>Infrastruktura obliczeniowa ICM UW<\/li><li>Charakterystyka dost\u0119pnych zasob\u00f3w<ul><li>Topola<\/li><li>Okeanos<\/li><li>Rysy (GPU\/PBaran)<\/li><\/ul><\/li><li>Dost\u0119p do system\u00f3w<ul><li>Logowanie<\/li><li>System plik\u00f3w \/ kopiowanie danych<\/li><li>Edycja \/ operacje na plikach<\/li><li>Aplikacje u\u017cytkowe \/ system modu\u0142\u00f3w<\/li><\/ul><\/li><li>System kolejkowy SLURM<ul><li>Podstawowe instrukcje<\/li><li>Praca interaktywna i wsadowa<\/li><\/ul><\/li><li>Sesja praktyczna<ul><li>\u0106wiczenia<\/li><li>Rozwi\u0105zywanie problem\u00f3w<\/li><li>Pytania.<\/li><\/ul><\/li><\/ol>\t\t\t\t\t\t\t\t<\/div>\n\t\t\t\t\t<\/div>\n\t\t<\/div>\n\t\t\t\t\t<\/div>\n\t\t<\/section>\n\t\t\t\t<section class=\"elementor-section elementor-top-section elementor-element elementor-element-0b4f636 elementor-section-height-min-height elementor-section-boxed elementor-section-height-default elementor-section-items-middle\" data-id=\"0b4f636\" data-element_type=\"section\" data-e-type=\"section\" data-settings=\"{&quot;background_background&quot;:&quot;classic&quot;}\">\n\t\t\t\t\t\t<div class=\"elementor-container elementor-column-gap-default\">\n\t\t\t\t\t<div class=\"elementor-column elementor-col-100 elementor-top-column elementor-element elementor-element-e526b88\" data-id=\"e526b88\" data-element_type=\"column\" data-e-type=\"column\">\n\t\t\t<div class=\"elementor-widget-wrap\">\n\t\t\t\t\t\t\t<\/div>\n\t\t<\/div>\n\t\t\t\t\t<\/div>\n\t\t<\/section>\n\t\t\t\t<\/div>\n\t\t","protected":false},"excerpt":{"rendered":"<p>Wprowadzenie do oblicze\u0144 na komputerach ICM Program: Czwartek, 20 stycznia 2022, \u00a0godz. 10.00\u201314.00 Wprowadzenie do tematyki szkolenia Infrastruktura obliczeniowa ICM UW Charakterystyka dost\u0119pnych zasob\u00f3w Topola Okeanos Rysy (GPU\/PBaran) Dost\u0119p do system\u00f3w Logowanie System plik\u00f3w \/ kopiowanie danych Edycja \/ operacje na plikach Aplikacje u\u017cytkowe \/ system modu\u0142\u00f3w System kolejkowy SLURM Podstawowe instrukcje Praca interaktywna i&hellip;&nbsp;<a href=\"https:\/\/cc.eurohpc.pl\/index.php\/program-szkolenia-wprowadzenie-do-obliczen-na-komputerach-icm\/\" rel=\"bookmark\">Dowiedz si\u0119 wi\u0119cej &raquo;<span class=\"screen-reader-text\">program szkolenia Wprowadzenie do oblicze\u0144 na komputerach ICM<\/span><\/a><\/p>\n","protected":false},"author":5,"featured_media":0,"parent":0,"menu_order":0,"comment_status":"closed","ping_status":"closed","template":"page-templates\/template-pagebuilder-full-width.php","meta":{"_monsterinsights_skip_tracking":false,"_monsterinsights_sitenote_active":false,"_monsterinsights_sitenote_note":"","_monsterinsights_sitenote_category":0,"neve_meta_sidebar":"","neve_meta_container":"","neve_meta_enable_content_width":"","neve_meta_content_width":0,"neve_meta_title_alignment":"","neve_meta_author_avatar":"","neve_post_elements_order":"","neve_meta_disable_header":"","neve_meta_disable_footer":"","neve_meta_disable_title":"","footnotes":""},"class_list":["post-4731","page","type-page","status-publish","hentry"],"_links":{"self":[{"href":"https:\/\/cc.eurohpc.pl\/index.php\/wp-json\/wp\/v2\/pages\/4731","targetHints":{"allow":["GET"]}}],"collection":[{"href":"https:\/\/cc.eurohpc.pl\/index.php\/wp-json\/wp\/v2\/pages"}],"about":[{"href":"https:\/\/cc.eurohpc.pl\/index.php\/wp-json\/wp\/v2\/types\/page"}],"author":[{"embeddable":true,"href":"https:\/\/cc.eurohpc.pl\/index.php\/wp-json\/wp\/v2\/users\/5"}],"replies":[{"embeddable":true,"href":"https:\/\/cc.eurohpc.pl\/index.php\/wp-json\/wp\/v2\/comments?post=4731"}],"version-history":[{"count":7,"href":"https:\/\/cc.eurohpc.pl\/index.php\/wp-json\/wp\/v2\/pages\/4731\/revisions"}],"predecessor-version":[{"id":4738,"href":"https:\/\/cc.eurohpc.pl\/index.php\/wp-json\/wp\/v2\/pages\/4731\/revisions\/4738"}],"wp:attachment":[{"href":"https:\/\/cc.eurohpc.pl\/index.php\/wp-json\/wp\/v2\/media?parent=4731"}],"curies":[{"name":"wp","href":"https:\/\/api.w.org\/{rel}","templated":true}]}}