{"id":4431,"date":"2021-12-02T10:05:42","date_gmt":"2021-12-02T10:05:42","guid":{"rendered":"https:\/\/cc.eurohpc.pl\/?page_id=4431"},"modified":"2023-03-10T10:28:55","modified_gmt":"2023-03-10T10:28:55","slug":"webinar","status":"publish","type":"page","link":"https:\/\/cc.eurohpc.pl\/index.php\/webinar\/","title":{"rendered":"Webinar"},"content":{"rendered":"\t\t<div data-elementor-type=\"wp-page\" data-elementor-id=\"4431\" class=\"elementor elementor-4431\" data-elementor-post-type=\"page\">\n\t\t\t\t\t\t<section class=\"elementor-section elementor-top-section elementor-element elementor-element-0f3d8da elementor-section-boxed elementor-section-height-default elementor-section-height-default\" data-id=\"0f3d8da\" data-element_type=\"section\" data-e-type=\"section\">\n\t\t\t\t\t\t<div class=\"elementor-container elementor-column-gap-default\">\n\t\t\t\t\t<div class=\"elementor-column elementor-col-100 elementor-top-column elementor-element elementor-element-67c5998\" data-id=\"67c5998\" data-element_type=\"column\" data-e-type=\"column\">\n\t\t\t<div class=\"elementor-widget-wrap elementor-element-populated\">\n\t\t\t\t\t\t<div class=\"elementor-element elementor-element-670a5c5 elementor-widget elementor-widget-heading\" data-id=\"670a5c5\" data-element_type=\"widget\" data-e-type=\"widget\" data-widget_type=\"heading.default\">\n\t\t\t\t\t<h2 class=\"elementor-heading-title elementor-size-default\">Webinar: Czy wielkoskalowe CFD jest zawsze najlepsz\u0105 odpowiedzi\u0105? Cel i zalety dedykowanych aplikacji in\u017cynierskich<\/h2>\t\t\t\t<\/div>\n\t\t\t\t<div class=\"elementor-element elementor-element-6e15405 elementor-widget elementor-widget-text-editor\" data-id=\"6e15405\" data-element_type=\"widget\" data-e-type=\"widget\" data-widget_type=\"text-editor.default\">\n\t\t\t\t\t\t\t\t\t<p>Rozw\u00f3j metod obliczeniowej mechaniki p\u0142yn\u00f3w i mocy komputer\u00f3w przyczyni\u0142 si\u0119 do powszechnego udzia\u0142u symulacji w procesie projektowania urz\u0105dze\u0144, w kt\u00f3rych przep\u0142yw oraz wymiana ciep\u0142a maj\u0105 kluczowe znaczenie. Czy jednak wielkoskalowe symulacje CFD s\u0105 zawsze najlepsz\u0105 odpowiedzi\u0105 na potrzeby danej firmy? Na to pytanie podczas poniedzia\u0142kowego webinaru odpowiedz\u0105 in\u017c. \u0141ukasz Bazyd\u0142o i mgr in\u017c. Piotr Pierwocha z <a href=\"https:\/\/quickersim.com\/pl\/home\/\">QuickerSim Sp. z o.o.<\/a> Jak zauwa\u017caj\u0105 prelegenci, w wielu przypadkach, przy pomocy w\u0142a\u015bciwych uproszcze\u0144, redukcji modelu, czy te\u017c analizy istniej\u0105cych danych z CFD, mo\u017cliwe jest stworzenie narz\u0119dzia, kt\u00f3re pomimo znacznie ni\u017cszego kosztu obliczeniowego, jest w stanie zachowa\u0107 wysok\u0105 dok\u0142adno\u015b\u0107 wynik\u00f3w. \u2013 Na przyk\u0142adzie zdobytego do\u015bwiadczenia postaramy si\u0119 przybli\u017cy\u0107 s\u0142uchaczom proces tworzenia dedykowanych aplikacji in\u017cynierskich, skrojonych na miar\u0119 potrzeb danego klienta oraz przedstawi\u0107 zalety takowych rozwi\u0105za\u0144 \u2013 zapowiadaj\u0105 \u0141ukasz Bazyd\u0142o i Piotr Pierwocha.<\/p><p>Organizatorem serii spotka\u0144 pod has\u0142em \u201eCFD dla praktyk\u00f3w\u201d jest <a href=\"https:\/\/www.ncbj.gov.pl\/\">Narodowe Centrum Bada\u0144 J\u0105drowych<\/a>. \u2013 Numeryczna mechanika p\u0142yn\u00f3w (CFD) jest jedn\u0105 z tych fascynuj\u0105cych dziedzin symulacji numerycznych, kt\u00f3re poch\u0142aniaj\u0105 dowolne zasoby obliczeniowe, przynosz\u0105c cz\u0119sto wi\u0119cej danych, ni\u017c jeste\u015bmy w stanie przetworzy\u0107, a jednocze\u015bnie takich, kt\u00f3re potrafi\u0105 unaoczni\u0107 to, czego nie da\u0142oby si\u0119 zmierzy\u0107 w prawdziwym eksperymencie \u2013 przekonuje mgr in\u017c. Piotr Prusi\u0144ski, ekspert z Grupy Analiz CFD z NCBJ, gospodarz cyklu. \u2013 W ramach kr\u00f3tkich webinar\u00f3w prezentuj\u0105 si\u0119 zar\u00f3wno przedstawiciele instytucji naukowych, jak i firmy prywatne (na poziomie krajowym), dzia\u0142aj\u0105ce w tym segmencie. Jedni oferuj\u0105 ekspertyzy\/analizy, odpowiadaj\u0105ce specyficznej fizyce, inni w\u0142asne narz\u0119dzia obliczeniowe, a niekt\u00f3rzy zajmuj\u0105 si\u0119 dostarczaniem odpowiedniej mocy obliczeniowej. Zawsze sporo interesuj\u0105cych informacji z bran\u017cy. Zapraszam szczeg\u00f3lnie na najbli\u017csze spotkanie, kt\u00f3re poprowadz\u0105 prelegenci z firmy QuickerSim Sp. z o.o. Unikat na skal\u0119 kraju, kt\u00f3ry tworzy dedykowane narz\u0119dzia obliczeniowe od podstaw.<\/p><p>Webinar odb\u0119dzie si\u0119 w <strong>poniedzia\u0142ek, 6 grudnia 2021 r. o godz. 10.00<\/strong>. Link do spotkania: <a href=\"https:\/\/www.gotomeet.me\/NCBJmeetings\/eurocc\"><strong>https:\/\/www.gotomeet.me\/NCBJmeetings\/eurocc<\/strong><\/a>. Serdecznie zapraszamy.<\/p><p>\u00a0<\/p>\t\t\t\t\t\t\t\t<\/div>\n\t\t\t\t\t<\/div>\n\t\t<\/div>\n\t\t\t\t\t<\/div>\n\t\t<\/section>\n\t\t\t\t<\/div>\n\t\t","protected":false},"excerpt":{"rendered":"<p>Webinar: Czy wielkoskalowe CFD jest zawsze najlepsz\u0105 odpowiedzi\u0105? Cel i zalety dedykowanych aplikacji in\u017cynierskich Rozw\u00f3j metod obliczeniowej mechaniki p\u0142yn\u00f3w i mocy komputer\u00f3w przyczyni\u0142 si\u0119 do powszechnego udzia\u0142u symulacji w procesie projektowania urz\u0105dze\u0144, w kt\u00f3rych przep\u0142yw oraz wymiana ciep\u0142a maj\u0105 kluczowe znaczenie. Czy jednak wielkoskalowe symulacje CFD s\u0105 zawsze najlepsz\u0105 odpowiedzi\u0105 na potrzeby danej firmy? Na&hellip;&nbsp;<a href=\"https:\/\/cc.eurohpc.pl\/index.php\/webinar\/\" rel=\"bookmark\">Dowiedz si\u0119 wi\u0119cej &raquo;<span class=\"screen-reader-text\">Webinar<\/span><\/a><\/p>\n","protected":false},"author":5,"featured_media":0,"parent":0,"menu_order":0,"comment_status":"closed","ping_status":"closed","template":"page-templates\/template-pagebuilder-full-width.php","meta":{"_monsterinsights_skip_tracking":false,"_monsterinsights_sitenote_active":false,"_monsterinsights_sitenote_note":"","_monsterinsights_sitenote_category":0,"neve_meta_sidebar":"","neve_meta_container":"","neve_meta_enable_content_width":"","neve_meta_content_width":0,"neve_meta_title_alignment":"","neve_meta_author_avatar":"","neve_post_elements_order":"","neve_meta_disable_header":"","neve_meta_disable_footer":"","neve_meta_disable_title":"","footnotes":""},"class_list":["post-4431","page","type-page","status-publish","hentry"],"_links":{"self":[{"href":"https:\/\/cc.eurohpc.pl\/index.php\/wp-json\/wp\/v2\/pages\/4431","targetHints":{"allow":["GET"]}}],"collection":[{"href":"https:\/\/cc.eurohpc.pl\/index.php\/wp-json\/wp\/v2\/pages"}],"about":[{"href":"https:\/\/cc.eurohpc.pl\/index.php\/wp-json\/wp\/v2\/types\/page"}],"author":[{"embeddable":true,"href":"https:\/\/cc.eurohpc.pl\/index.php\/wp-json\/wp\/v2\/users\/5"}],"replies":[{"embeddable":true,"href":"https:\/\/cc.eurohpc.pl\/index.php\/wp-json\/wp\/v2\/comments?post=4431"}],"version-history":[{"count":22,"href":"https:\/\/cc.eurohpc.pl\/index.php\/wp-json\/wp\/v2\/pages\/4431\/revisions"}],"predecessor-version":[{"id":4517,"href":"https:\/\/cc.eurohpc.pl\/index.php\/wp-json\/wp\/v2\/pages\/4431\/revisions\/4517"}],"wp:attachment":[{"href":"https:\/\/cc.eurohpc.pl\/index.php\/wp-json\/wp\/v2\/media?parent=4431"}],"curies":[{"name":"wp","href":"https:\/\/api.w.org\/{rel}","templated":true}]}}