{"id":3972,"date":"2021-10-13T10:55:11","date_gmt":"2021-10-13T10:55:11","guid":{"rendered":"http:\/\/10.26.36.32\/?page_id=3972"},"modified":"2023-03-10T10:28:42","modified_gmt":"2023-03-10T10:28:42","slug":"ochrona-danych-osobowych","status":"publish","type":"page","link":"https:\/\/cc.eurohpc.pl\/index.php\/ochrona-danych-osobowych\/","title":{"rendered":"Ochrona danych osobowych"},"content":{"rendered":"\t\t<div data-elementor-type=\"wp-page\" data-elementor-id=\"3972\" class=\"elementor elementor-3972\" data-elementor-post-type=\"page\">\n\t\t\t\t\t\t<section class=\"elementor-section elementor-top-section elementor-element elementor-element-017f6cf elementor-section-boxed elementor-section-height-default elementor-section-height-default\" data-id=\"017f6cf\" data-element_type=\"section\" data-e-type=\"section\" data-settings=\"{&quot;background_background&quot;:&quot;classic&quot;}\">\n\t\t\t\t\t\t<div class=\"elementor-container elementor-column-gap-default\">\n\t\t\t\t\t<div class=\"elementor-column elementor-col-100 elementor-top-column elementor-element elementor-element-c335b28\" data-id=\"c335b28\" data-element_type=\"column\" data-e-type=\"column\">\n\t\t\t<div class=\"elementor-widget-wrap elementor-element-populated\">\n\t\t\t\t\t\t<div class=\"elementor-element elementor-element-9a6deb7 elementor-widget elementor-widget-heading\" data-id=\"9a6deb7\" data-element_type=\"widget\" data-e-type=\"widget\" data-widget_type=\"heading.default\">\n\t\t\t\t\t<h2 class=\"elementor-heading-title elementor-size-default\">OCHRONA DANYCH OSOBOWYCH<\/h2>\t\t\t\t<\/div>\n\t\t\t\t<div class=\"elementor-element elementor-element-0708746 elementor-widget-divider--view-line elementor-widget elementor-widget-divider\" data-id=\"0708746\" data-element_type=\"widget\" data-e-type=\"widget\" data-widget_type=\"divider.default\">\n\t\t\t\t\t\t\t<div class=\"elementor-divider\">\n\t\t\t<span class=\"elementor-divider-separator\">\n\t\t\t\t\t\t<\/span>\n\t\t<\/div>\n\t\t\t\t\t\t<\/div>\n\t\t\t\t<div class=\"elementor-element elementor-element-2aacadc elementor-widget elementor-widget-text-editor\" data-id=\"2aacadc\" data-element_type=\"widget\" data-e-type=\"widget\" data-widget_type=\"text-editor.default\">\n\t\t\t\t\t\t\t\t\t<p>Szanujemy Pa\u0144stwo,<\/p><p>Z uwagi na wymagania Rozporz\u0105dzenia Parlamentu Europejskiego i Rady UE 2016\/679 z 27.04.2016 r. w sprawie ochrony os\u00f3b fizycznych w zwi\u0105zku z przetwarzaniem danych osobowych i w sprawie swobodnego przep\u0142ywu takich danych oraz uchylenia dyrektywy 95\/46\/WE (dalej: RODO), informujemy o przetwarzaniu przez nas danych osobowych.<\/p><p>Administratorem danych osobowych jest: Politechnika Wroc\u0142awska, Wybrze\u017ce Wyspia\u0144skiego 27, 50-370 Wroc\u0142aw, REGON: 000001614.<\/p><p>Politechnika Wroc\u0142awska gromadzi dane w celu realizacji zada\u0144 statutowych. Jako u\u017cytkownicy tego serwisu, maj\u0105 Pa\u0144stwo prawo do dost\u0119pu do tre\u015bci swoich danych, \u017c\u0105dania informacji o tre\u015bci danych oraz prawo ich poprawiania oraz prawo do kontroli przetwarzanych danych osobowych zgodnie z art. 32-35 ustawy z dnia 29 sierpnia 1997 r. o ochronie danych osobowych. Przys\u0142uguje Pa\u0144stwu r\u00f3wnie\u017c prawo wniesienia skargi do organu nadzorczego zajmuj\u0105cego si\u0119 ochron\u0105 danych osobowych w pa\u0144stwie cz\u0142onkowskim Pani\/Pana zwyk\u0142ego pobytu, miejsca pracy lub miejsca pope\u0142nienia domniemanego naruszenia. (Biuro Prezesa Urz\u0119du Ochrony Danych Osobowych (PUODO) &#8211; ul. Stawki 2, 00-193 Warszawa).<\/p><p>W sprawach zwi\u0105zanych z przetwarzaniem danych osobowych mo\u017ce si\u0119 Pani\/Pan kontaktowa\u0107, pisz\u0105c na adres e-mail: <a href=\"mailto:iod@pwr.edu.pl\">iod@pwr.edu.pl<\/a>. Szczeg\u00f3\u0142owe informacje, o tym jak Politechnika Wroc\u0142awska przetwarza dane osobowe, znajd\u0105 Pa\u0144stwo w <a href=\"https:\/\/pwr.edu.pl\/ochrona-danych-osobowych\/polityki-prywatnosci\">polityce prywatno\u015bci PWr<\/a>.\u00a0<\/p>\t\t\t\t\t\t\t\t<\/div>\n\t\t\t\t\t<\/div>\n\t\t<\/div>\n\t\t\t\t\t<\/div>\n\t\t<\/section>\n\t\t\t\t<\/div>\n\t\t","protected":false},"excerpt":{"rendered":"<p>OCHRONA DANYCH OSOBOWYCH Szanujemy Pa\u0144stwo, Z uwagi na wymagania Rozporz\u0105dzenia Parlamentu Europejskiego i Rady UE 2016\/679 z 27.04.2016 r. w sprawie ochrony os\u00f3b fizycznych w zwi\u0105zku z przetwarzaniem danych osobowych i w sprawie swobodnego przep\u0142ywu takich danych oraz uchylenia dyrektywy 95\/46\/WE (dalej: RODO), informujemy o przetwarzaniu przez nas danych osobowych. Administratorem danych osobowych jest: Politechnika&hellip;&nbsp;<a href=\"https:\/\/cc.eurohpc.pl\/index.php\/ochrona-danych-osobowych\/\" rel=\"bookmark\">Dowiedz si\u0119 wi\u0119cej &raquo;<span class=\"screen-reader-text\">Ochrona danych osobowych<\/span><\/a><\/p>\n","protected":false},"author":5,"featured_media":0,"parent":0,"menu_order":0,"comment_status":"closed","ping_status":"closed","template":"page-templates\/template-pagebuilder-full-width.php","meta":{"_monsterinsights_skip_tracking":false,"_monsterinsights_sitenote_active":false,"_monsterinsights_sitenote_note":"","_monsterinsights_sitenote_category":0,"neve_meta_sidebar":"","neve_meta_container":"","neve_meta_enable_content_width":"","neve_meta_content_width":0,"neve_meta_title_alignment":"","neve_meta_author_avatar":"","neve_post_elements_order":"","neve_meta_disable_header":"","neve_meta_disable_footer":"","neve_meta_disable_title":"","footnotes":""},"class_list":["post-3972","page","type-page","status-publish","hentry"],"_links":{"self":[{"href":"https:\/\/cc.eurohpc.pl\/index.php\/wp-json\/wp\/v2\/pages\/3972","targetHints":{"allow":["GET"]}}],"collection":[{"href":"https:\/\/cc.eurohpc.pl\/index.php\/wp-json\/wp\/v2\/pages"}],"about":[{"href":"https:\/\/cc.eurohpc.pl\/index.php\/wp-json\/wp\/v2\/types\/page"}],"author":[{"embeddable":true,"href":"https:\/\/cc.eurohpc.pl\/index.php\/wp-json\/wp\/v2\/users\/5"}],"replies":[{"embeddable":true,"href":"https:\/\/cc.eurohpc.pl\/index.php\/wp-json\/wp\/v2\/comments?post=3972"}],"version-history":[{"count":16,"href":"https:\/\/cc.eurohpc.pl\/index.php\/wp-json\/wp\/v2\/pages\/3972\/revisions"}],"predecessor-version":[{"id":5371,"href":"https:\/\/cc.eurohpc.pl\/index.php\/wp-json\/wp\/v2\/pages\/3972\/revisions\/5371"}],"wp:attachment":[{"href":"https:\/\/cc.eurohpc.pl\/index.php\/wp-json\/wp\/v2\/media?parent=3972"}],"curies":[{"name":"wp","href":"https:\/\/api.w.org\/{rel}","templated":true}]}}