{"id":2463,"date":"2021-09-09T11:14:53","date_gmt":"2021-09-09T11:14:53","guid":{"rendered":"http:\/\/10.26.36.32\/?page_id=2463"},"modified":"2023-03-10T10:28:55","modified_gmt":"2023-03-10T10:28:55","slug":"uslugi-dla-biznesu","status":"publish","type":"page","link":"https:\/\/cc.eurohpc.pl\/index.php\/uslugi-dla-biznesu\/","title":{"rendered":"Us\u0142ugi dla biznesu"},"content":{"rendered":"\t\t<div data-elementor-type=\"wp-page\" data-elementor-id=\"2463\" class=\"elementor elementor-2463\" data-elementor-post-type=\"page\">\n\t\t\t\t\t\t<section class=\"elementor-section elementor-top-section elementor-element elementor-element-3c9daab elementor-section-boxed elementor-section-height-default elementor-section-height-default\" data-id=\"3c9daab\" data-element_type=\"section\" data-e-type=\"section\">\n\t\t\t\t\t\t<div class=\"elementor-container elementor-column-gap-default\">\n\t\t\t\t\t<div class=\"elementor-column elementor-col-100 elementor-top-column elementor-element elementor-element-82df178\" data-id=\"82df178\" data-element_type=\"column\" data-e-type=\"column\">\n\t\t\t<div class=\"elementor-widget-wrap elementor-element-populated\">\n\t\t\t\t\t\t<section class=\"elementor-section elementor-inner-section elementor-element elementor-element-e265a27 elementor-section-boxed elementor-section-height-default elementor-section-height-default\" data-id=\"e265a27\" data-element_type=\"section\" data-e-type=\"section\">\n\t\t\t\t\t\t<div class=\"elementor-container elementor-column-gap-default\">\n\t\t\t\t\t<div class=\"elementor-column elementor-col-50 elementor-inner-column elementor-element elementor-element-9197fd5\" data-id=\"9197fd5\" data-element_type=\"column\" data-e-type=\"column\">\n\t\t\t<div class=\"elementor-widget-wrap elementor-element-populated\">\n\t\t\t\t\t\t<div class=\"elementor-element elementor-element-184e085 elementor-view-default elementor-widget elementor-widget-icon\" data-id=\"184e085\" data-element_type=\"widget\" data-e-type=\"widget\" data-widget_type=\"icon.default\">\n\t\t\t\t\t\t\t<div class=\"elementor-icon-wrapper\">\n\t\t\t<div class=\"elementor-icon\">\n\t\t\t<svg xmlns=\"http:\/\/www.w3.org\/2000\/svg\" xmlns:xlink=\"http:\/\/www.w3.org\/1999\/xlink\" id=\"Warstwa_1\" x=\"0px\" y=\"0px\" viewBox=\"0 0 33.4 33.4\" style=\"enable-background:new 0 0 33.4 33.4;\" xml:space=\"preserve\"><style type=\"text\/css\">\t.st0{clip-path:url(#SVGID_00000101815372415293712680000005335133205713916820_);fill:#AA8523;}<\/style><g>\t<defs>\t\t<rect id=\"SVGID_1_\" x=\"0.02\" y=\"0.02\" width=\"33.35\" height=\"33.34\"><\/rect>\t<\/defs>\t<clipPath id=\"SVGID_00000051363408556228387090000001389840828121402294_\">\t\t<use xlink:href=\"#SVGID_1_\" style=\"overflow:visible;\"><\/use>\t<\/clipPath>\t<path style=\"clip-path:url(#SVGID_00000051363408556228387090000001389840828121402294_);fill:#AA8523;\" d=\"M18.07,20.03  c-0.89,0.37-1.87,0.37-2.76,0c-0.89-0.37-1.59-1.07-1.96-1.96c-0.77-1.84,0.12-3.96,1.96-4.72c0.45-0.18,0.92-0.27,1.38-0.27  c1.42,0,2.77,0.84,3.34,2.23C20.8,17.15,19.92,19.27,18.07,20.03 M21.42,14.73c-1.08-2.6-4.08-3.84-6.69-2.76  c-2.6,1.07-3.85,4.08-2.77,6.68c0.53,1.27,1.5,2.25,2.77,2.77c0.63,0.26,1.29,0.4,1.96,0.4c0.66,0,1.32-0.13,1.96-0.4  C21.26,20.34,22.5,17.34,21.42,14.73 M26.27,19.66l-0.7,1.71c-0.38-0.09-0.77-0.2-1.16-0.3c-0.55-0.15-1.13,0.05-1.48,0.5  c-0.4,0.51-0.86,0.98-1.37,1.37c-0.44,0.35-0.64,0.93-0.49,1.48c0.11,0.39,0.21,0.78,0.3,1.16l-1.71,0.71  c-0.21-0.34-0.41-0.69-0.61-1.04c-0.28-0.49-0.83-0.77-1.39-0.69c-0.65,0.08-1.3,0.08-1.94,0c-0.57-0.07-1.11,0.2-1.39,0.69  c-0.2,0.36-0.41,0.7-0.61,1.04l-1.71-0.71c0.1-0.38,0.2-0.77,0.3-1.16c0.15-0.55-0.05-1.13-0.49-1.48  c-0.51-0.39-0.98-0.85-1.37-1.37c-0.34-0.45-0.92-0.64-1.48-0.5c-0.38,0.11-0.77,0.21-1.15,0.3l-0.71-1.71  c0.34-0.21,0.69-0.41,1.03-0.61c0.49-0.28,0.77-0.83,0.69-1.39c-0.08-0.65-0.08-1.3,0-1.95c0.07-0.56-0.2-1.11-0.69-1.39  c-0.35-0.2-0.69-0.4-1.03-0.6l0.71-1.72c0.38,0.09,0.77,0.2,1.15,0.3c0.56,0.15,1.13-0.05,1.48-0.49c0.4-0.52,0.86-0.98,1.37-1.37  c0.45-0.35,0.64-0.93,0.49-1.48c-0.11-0.39-0.2-0.78-0.3-1.16l1.71-0.71c0.2,0.34,0.4,0.68,0.6,1.03c0.29,0.49,0.83,0.77,1.39,0.69  c0.65-0.08,1.3-0.08,1.94,0c0.56,0.07,1.11-0.2,1.39-0.69c0.2-0.35,0.4-0.7,0.61-1.03l1.71,0.71c-0.09,0.38-0.2,0.77-0.3,1.17  c-0.15,0.54,0.05,1.12,0.49,1.47c0.52,0.4,0.98,0.86,1.38,1.37c0.34,0.45,0.92,0.64,1.47,0.49c0.39-0.1,0.78-0.21,1.16-0.3  l0.7,1.72c-0.34,0.2-0.69,0.4-1.03,0.6c-0.5,0.28-0.77,0.83-0.7,1.39c0.08,0.65,0.08,1.3,0,1.95c-0.07,0.56,0.2,1.1,0.7,1.39  C25.59,19.25,25.94,19.46,26.27,19.66 M27.12,18.42c-0.35-0.21-0.71-0.42-1.08-0.63c0.09-0.73,0.09-1.46,0-2.18  c0.36-0.21,0.73-0.42,1.08-0.63c0.59-0.36,0.84-1.11,0.58-1.74l-0.78-1.86c-0.26-0.65-0.96-1-1.63-0.83  c-0.4,0.1-0.81,0.2-1.21,0.31c-0.45-0.57-0.97-1.09-1.54-1.54c0.11-0.4,0.21-0.81,0.31-1.21c0.17-0.67-0.19-1.37-0.82-1.64  l-1.86-0.77c-0.64-0.26-1.39-0.02-1.75,0.57c-0.21,0.35-0.42,0.71-0.63,1.08c-0.72-0.09-1.46-0.09-2.18,0  c-0.21-0.36-0.42-0.73-0.63-1.08c-0.36-0.59-1.1-0.84-1.74-0.57l-1.86,0.77c-0.64,0.26-1,0.97-0.83,1.64  c0.1,0.4,0.2,0.81,0.32,1.21c-0.57,0.45-1.09,0.97-1.54,1.54C8.9,10.74,8.5,10.64,8.1,10.54c-0.67-0.17-1.37,0.18-1.64,0.83  l-0.77,1.86c-0.26,0.63-0.01,1.38,0.57,1.74c0.35,0.21,0.71,0.42,1.08,0.63c-0.09,0.73-0.09,1.46,0,2.18  c-0.36,0.21-0.73,0.42-1.08,0.63c-0.59,0.35-0.84,1.11-0.57,1.74l0.77,1.87c0.27,0.63,0.97,0.99,1.64,0.82  c0.4-0.1,0.8-0.2,1.21-0.31c0.45,0.57,0.97,1.09,1.54,1.54c-0.11,0.41-0.22,0.82-0.32,1.21c-0.16,0.66,0.19,1.37,0.83,1.64  l1.86,0.77c0.17,0.07,0.35,0.1,0.53,0.1c0.48,0,0.95-0.24,1.21-0.68c0.21-0.35,0.43-0.7,0.63-1.08c0.72,0.09,1.46,0.09,2.18,0  c0.21,0.36,0.42,0.73,0.63,1.08c0.36,0.59,1.11,0.84,1.75,0.57l1.86-0.77c0.64-0.26,1-0.97,0.82-1.64c-0.09-0.4-0.2-0.81-0.31-1.21  c0.57-0.45,1.09-0.98,1.54-1.54c0.4,0.11,0.81,0.21,1.21,0.31c0.67,0.17,1.37-0.19,1.63-0.82l0.78-1.87  C27.96,19.52,27.71,18.77,27.12,18.42 M33.37,16.69c0-2.91-0.77-5.79-2.22-8.31c-0.19-0.32-0.59-0.43-0.91-0.24  C29.92,8.33,29.81,8.73,30,9.05c1.33,2.31,2.03,4.96,2.03,7.64c0,8.47-6.88,15.34-15.34,15.34c-8.46,0-15.34-6.88-15.34-15.34  S8.22,1.35,16.69,1.35c3.56,0,7.04,1.25,9.78,3.52c0.29,0.23,0.71,0.2,0.94-0.09c0.23-0.29,0.2-0.71-0.09-0.94  c-2.99-2.47-6.75-3.82-10.63-3.82C7.5,0.02,0.02,7.51,0.02,16.69c0,9.19,7.48,16.67,16.67,16.67S33.36,25.88,33.37,16.69\"><\/path><\/g><\/svg>\t\t\t<\/div>\n\t\t<\/div>\n\t\t\t\t\t\t<\/div>\n\t\t\t\t\t<\/div>\n\t\t<\/div>\n\t\t\t\t<div class=\"elementor-column elementor-col-50 elementor-inner-column elementor-element elementor-element-59a46ba\" data-id=\"59a46ba\" data-element_type=\"column\" data-e-type=\"column\">\n\t\t\t<div class=\"elementor-widget-wrap elementor-element-populated\">\n\t\t\t\t\t\t<div class=\"elementor-element elementor-element-04bfe3c elementor-widget elementor-widget-heading\" data-id=\"04bfe3c\" data-element_type=\"widget\" data-e-type=\"widget\" data-widget_type=\"heading.default\">\n\t\t\t\t\t<h2 class=\"elementor-heading-title elementor-size-default\">US\u0141UGI DLA BIZNESU<\/h2>\t\t\t\t<\/div>\n\t\t\t\t\t<\/div>\n\t\t<\/div>\n\t\t\t\t\t<\/div>\n\t\t<\/section>\n\t\t\t\t<div class=\"elementor-element elementor-element-8bc629b elementor-widget elementor-widget-text-editor\" data-id=\"8bc629b\" data-element_type=\"widget\" data-e-type=\"widget\" data-widget_type=\"text-editor.default\">\n\t\t\t\t\t\t\t\t\t<p>Narodowe Centrum Kompetencji HPC dzia\u0142a te\u017c z my\u015bl\u0105 o sektorze przemys\u0142owym. Zapraszamy do wsp\u00f3\u0142pracy przedsi\u0119biorc\u00f3w, dla kt\u00f3rych uruchomili\u015bmy szereg us\u0142ug oraz fachowe wsparcie w zakresie korzystania z technologii IT i kreowania innowacyjnych rozwi\u0105za\u0144. Wchodz\u0105ce w sk\u0142ad NCK polskie centra superkomputerowe oferuj\u0105 ma\u0142ym i du\u017cym firmom szerok\u0105 gam\u0119 dedykowanych us\u0142ug. <br>S\u0105 to m.in. narz\u0119dzia i rozwi\u0105zania dotycz\u0105ce: sztucznej inteligencji, transferu danych, oblicze\u0144 wielkiej skali, modelowania i symulacji, analizy, przetwarzania i sk\u0142adowania (tak\u017ce d\u0142ugotrwa\u0142ego) danych, w tym du\u017cych zbior\u00f3w danych (Big Data), us\u0142ugi sieciowe.<br>Narodowe Centrum Kompetencji HPC oferuje \u015brodowisku biznesowemu tak\u017ce inne rozwi\u0105zania w modelach Saas, IaaS, Paas, HPCaaS. <br><\/p>\t\t\t\t\t\t\t\t<\/div>\n\t\t\t\t\t<\/div>\n\t\t<\/div>\n\t\t\t\t\t<\/div>\n\t\t<\/section>\n\t\t\t\t<section class=\"elementor-section elementor-top-section elementor-element elementor-element-53dfca4 elementor-section-height-min-height elementor-section-boxed elementor-section-height-default elementor-section-items-middle\" data-id=\"53dfca4\" data-element_type=\"section\" data-e-type=\"section\" data-settings=\"{&quot;background_background&quot;:&quot;classic&quot;}\">\n\t\t\t\t\t\t<div class=\"elementor-container elementor-column-gap-default\">\n\t\t\t\t\t<div class=\"elementor-column elementor-col-100 elementor-top-column elementor-element elementor-element-7b9ad03\" data-id=\"7b9ad03\" data-element_type=\"column\" data-e-type=\"column\">\n\t\t\t<div class=\"elementor-widget-wrap\">\n\t\t\t\t\t\t\t<\/div>\n\t\t<\/div>\n\t\t\t\t\t<\/div>\n\t\t<\/section>\n\t\t\t\t<\/div>\n\t\t","protected":false},"excerpt":{"rendered":"<p>US\u0141UGI DLA BIZNESU Narodowe Centrum Kompetencji HPC dzia\u0142a te\u017c z my\u015bl\u0105 o sektorze przemys\u0142owym. Zapraszamy do wsp\u00f3\u0142pracy przedsi\u0119biorc\u00f3w, dla kt\u00f3rych uruchomili\u015bmy szereg us\u0142ug oraz fachowe wsparcie w zakresie korzystania z technologii IT i kreowania innowacyjnych rozwi\u0105za\u0144. Wchodz\u0105ce w sk\u0142ad NCK polskie centra superkomputerowe oferuj\u0105 ma\u0142ym i du\u017cym firmom szerok\u0105 gam\u0119 dedykowanych us\u0142ug. S\u0105 to m.in.&hellip;&nbsp;<a href=\"https:\/\/cc.eurohpc.pl\/index.php\/uslugi-dla-biznesu\/\" rel=\"bookmark\">Dowiedz si\u0119 wi\u0119cej &raquo;<span class=\"screen-reader-text\">Us\u0142ugi dla biznesu<\/span><\/a><\/p>\n","protected":false},"author":5,"featured_media":0,"parent":0,"menu_order":0,"comment_status":"closed","ping_status":"closed","template":"page-templates\/template-pagebuilder-full-width.php","meta":{"_monsterinsights_skip_tracking":false,"_monsterinsights_sitenote_active":false,"_monsterinsights_sitenote_note":"","_monsterinsights_sitenote_category":0,"neve_meta_sidebar":"","neve_meta_container":"","neve_meta_enable_content_width":"","neve_meta_content_width":0,"neve_meta_title_alignment":"","neve_meta_author_avatar":"","neve_post_elements_order":"","neve_meta_disable_header":"","neve_meta_disable_footer":"","neve_meta_disable_title":"","footnotes":""},"class_list":["post-2463","page","type-page","status-publish","hentry"],"_links":{"self":[{"href":"https:\/\/cc.eurohpc.pl\/index.php\/wp-json\/wp\/v2\/pages\/2463","targetHints":{"allow":["GET"]}}],"collection":[{"href":"https:\/\/cc.eurohpc.pl\/index.php\/wp-json\/wp\/v2\/pages"}],"about":[{"href":"https:\/\/cc.eurohpc.pl\/index.php\/wp-json\/wp\/v2\/types\/page"}],"author":[{"embeddable":true,"href":"https:\/\/cc.eurohpc.pl\/index.php\/wp-json\/wp\/v2\/users\/5"}],"replies":[{"embeddable":true,"href":"https:\/\/cc.eurohpc.pl\/index.php\/wp-json\/wp\/v2\/comments?post=2463"}],"version-history":[{"count":39,"href":"https:\/\/cc.eurohpc.pl\/index.php\/wp-json\/wp\/v2\/pages\/2463\/revisions"}],"predecessor-version":[{"id":8977,"href":"https:\/\/cc.eurohpc.pl\/index.php\/wp-json\/wp\/v2\/pages\/2463\/revisions\/8977"}],"wp:attachment":[{"href":"https:\/\/cc.eurohpc.pl\/index.php\/wp-json\/wp\/v2\/media?parent=2463"}],"curies":[{"name":"wp","href":"https:\/\/api.w.org\/{rel}","templated":true}]}}