{"id":1826,"date":"2021-09-02T06:45:36","date_gmt":"2021-09-02T06:45:36","guid":{"rendered":"http:\/\/10.26.36.32\/?page_id=1826"},"modified":"2023-03-10T10:28:55","modified_gmt":"2023-03-10T10:28:55","slug":"uslugi-dla-nauki","status":"publish","type":"page","link":"https:\/\/cc.eurohpc.pl\/index.php\/uslugi-dla-nauki\/","title":{"rendered":"Us\u0142ugi dla nauki"},"content":{"rendered":"\t\t<div data-elementor-type=\"wp-page\" data-elementor-id=\"1826\" class=\"elementor elementor-1826\" data-elementor-post-type=\"page\">\n\t\t\t\t\t\t<section class=\"elementor-section elementor-top-section elementor-element elementor-element-292511e elementor-section-boxed elementor-section-height-default elementor-section-height-default\" data-id=\"292511e\" data-element_type=\"section\" data-e-type=\"section\">\n\t\t\t\t\t\t<div class=\"elementor-container elementor-column-gap-default\">\n\t\t\t\t\t<div class=\"elementor-column elementor-col-100 elementor-top-column elementor-element elementor-element-847ea15\" data-id=\"847ea15\" data-element_type=\"column\" data-e-type=\"column\">\n\t\t\t<div class=\"elementor-widget-wrap elementor-element-populated\">\n\t\t\t\t\t\t<section class=\"elementor-section elementor-inner-section elementor-element elementor-element-f0d5799 elementor-section-boxed elementor-section-height-default elementor-section-height-default\" data-id=\"f0d5799\" data-element_type=\"section\" data-e-type=\"section\">\n\t\t\t\t\t\t<div class=\"elementor-container elementor-column-gap-default\">\n\t\t\t\t\t<div class=\"elementor-column elementor-col-50 elementor-inner-column elementor-element elementor-element-fe419e3\" data-id=\"fe419e3\" data-element_type=\"column\" data-e-type=\"column\">\n\t\t\t<div class=\"elementor-widget-wrap elementor-element-populated\">\n\t\t\t\t\t\t<div class=\"elementor-element elementor-element-39416ff elementor-view-default elementor-widget elementor-widget-icon\" data-id=\"39416ff\" data-element_type=\"widget\" data-e-type=\"widget\" data-widget_type=\"icon.default\">\n\t\t\t\t\t\t\t<div class=\"elementor-icon-wrapper\">\n\t\t\t<div class=\"elementor-icon\">\n\t\t\t<svg xmlns=\"http:\/\/www.w3.org\/2000\/svg\" xmlns:xlink=\"http:\/\/www.w3.org\/1999\/xlink\" id=\"Warstwa_1\" x=\"0px\" y=\"0px\" viewBox=\"0 0 33.4 33.4\" style=\"enable-background:new 0 0 33.4 33.4;\" xml:space=\"preserve\"><style type=\"text\/css\">\t.st0{clip-path:url(#SVGID_00000048486727783340002790000012748172768295506852_);fill:#AA8523;}<\/style><g>\t<defs>\t\t<rect id=\"SVGID_1_\" x=\"0.02\" y=\"0.02\" width=\"33.35\" height=\"33.34\"><\/rect>\t<\/defs>\t<clipPath id=\"SVGID_00000065773123533875022780000004205075178385560477_\">\t\t<use xlink:href=\"#SVGID_1_\" style=\"overflow:visible;\"><\/use>\t<\/clipPath>\t<path style=\"clip-path:url(#SVGID_00000065773123533875022780000004205075178385560477_);fill:#AA8523;\" d=\"M28.41,14.23  c0-0.31-0.25-0.57-0.56-0.57h-2.04c-0.32,0-0.57,0.26-0.57,0.57s0.25,0.56,0.57,0.56h2.04C28.16,14.8,28.41,14.54,28.41,14.23   M22.69,15.04c0,1.65-0.62,3.51-1.66,4.97c-1.01,1.42-1.56,3.01-1.61,4.6h-1.27l0.43-6.44l1.09-2.33c0.08-0.17,0.07-0.38-0.04-0.54  c-0.1-0.17-0.28-0.26-0.47-0.26h-4.89c-0.19,0-0.37,0.1-0.48,0.26c-0.1,0.16-0.11,0.37-0.03,0.54l1.09,2.33l0.43,6.44h-1.27  c-0.04-1.59-0.59-3.18-1.6-4.6c-1.04-1.47-1.66-3.32-1.66-4.97c0-3.47,2.68-6.3,5.97-6.3C20.01,8.73,22.69,11.56,22.69,15.04   M17.46,17.98l-0.44,6.62h-0.61l-0.43-6.62c-0.01-0.07-0.02-0.14-0.05-0.2l-0.76-1.62h3.1l-0.76,1.62  C17.48,17.85,17.46,17.92,17.46,17.98 M14.01,25.74h5.41v2.62h-5.41v-0.74h2.7c0.31,0,0.57-0.25,0.57-0.57  c0-0.31-0.25-0.56-0.57-0.56h-2.7V25.74z M16.72,7.6c-3.92,0-7.11,3.33-7.11,7.43c0,1.9,0.68,3.96,1.87,5.63  c0.92,1.28,1.4,2.71,1.4,4.13v3.57c0,0.62,0.51,1.14,1.14,1.14h5.41c0.63,0,1.13-0.51,1.13-1.14V24.8c0-1.42,0.48-2.85,1.4-4.13  c1.19-1.67,1.87-3.73,1.87-5.63C23.82,10.93,20.64,7.6,16.72,7.6 M17.05,6.35c0.1-0.1,0.17-0.24,0.17-0.4l0.01-2.04  c0.01-0.31-0.25-0.57-0.56-0.57c-0.16,0-0.3,0.06-0.4,0.16c-0.1,0.1-0.17,0.24-0.17,0.4l-0.02,2.04c0,0.31,0.25,0.56,0.57,0.57  C16.8,6.51,16.95,6.45,17.05,6.35 M9.15,20.99l-1.48,1.48c-0.22,0.22-0.22,0.58,0,0.8c0.11,0.11,0.26,0.17,0.4,0.17  c0.15,0,0.29-0.06,0.4-0.17l1.48-1.48c0.22-0.22,0.22-0.58,0-0.8C9.74,20.77,9.38,20.77,9.15,20.99 M7.62,14.8  c0.32,0,0.57-0.25,0.57-0.56s-0.25-0.57-0.57-0.57H5.58c-0.32,0-0.57,0.26-0.57,0.57s0.25,0.56,0.57,0.56H7.62z M8.71,6.22  c-0.22,0.23-0.22,0.59,0,0.8l1.44,1.44c0.11,0.11,0.25,0.17,0.4,0.17c0.15,0,0.29-0.06,0.4-0.17c0.22-0.22,0.22-0.58,0-0.8  L9.51,6.22C9.29,6,8.93,6,8.71,6.22 M22.48,7.67c-0.23,0.22-0.23,0.58,0,0.8c0.1,0.11,0.25,0.17,0.4,0.17  c0.15,0,0.29-0.06,0.4-0.17l1.44-1.44c0.22-0.22,0.22-0.58,0-0.8c-0.11-0.11-0.25-0.16-0.4-0.16c-0.15,0-0.29,0.05-0.4,0.16  L22.48,7.67z M25.76,22.47L24.28,21c-0.22-0.22-0.58-0.22-0.8,0c-0.22,0.22-0.22,0.58,0,0.8l1.48,1.48  c0.11,0.11,0.25,0.17,0.4,0.17c0.14,0,0.29-0.06,0.4-0.17C25.98,23.05,25.98,22.7,25.76,22.47 M33.37,16.69  c0-2.91-0.77-5.79-2.22-8.31c-0.19-0.32-0.59-0.43-0.91-0.24C29.92,8.33,29.81,8.73,30,9.05c1.33,2.31,2.03,4.96,2.03,7.64  c0,8.46-6.88,15.34-15.34,15.34c-8.46,0-15.34-6.88-15.34-15.34c0-8.46,6.88-15.34,15.34-15.34c3.56,0,7.04,1.26,9.78,3.52  c0.29,0.23,0.71,0.2,0.94-0.09c0.23-0.29,0.2-0.71-0.09-0.94c-2.99-2.47-6.75-3.82-10.63-3.82C7.5,0.02,0.02,7.51,0.02,16.69  c0,9.19,7.48,16.67,16.67,16.67S33.36,25.88,33.37,16.69\"><\/path><\/g><\/svg>\t\t\t<\/div>\n\t\t<\/div>\n\t\t\t\t\t\t<\/div>\n\t\t\t\t\t<\/div>\n\t\t<\/div>\n\t\t\t\t<div class=\"elementor-column elementor-col-50 elementor-inner-column elementor-element elementor-element-43beac4\" data-id=\"43beac4\" data-element_type=\"column\" data-e-type=\"column\">\n\t\t\t<div class=\"elementor-widget-wrap elementor-element-populated\">\n\t\t\t\t\t\t<div class=\"elementor-element elementor-element-f5280a7 elementor-widget elementor-widget-heading\" data-id=\"f5280a7\" data-element_type=\"widget\" data-e-type=\"widget\" data-widget_type=\"heading.default\">\n\t\t\t\t\t<h2 class=\"elementor-heading-title elementor-size-default\">US\u0141UGI DLA NAUKI<\/h2>\t\t\t\t<\/div>\n\t\t\t\t\t<\/div>\n\t\t<\/div>\n\t\t\t\t\t<\/div>\n\t\t<\/section>\n\t\t\t\t<div class=\"elementor-element elementor-element-9be941e elementor-widget elementor-widget-text-editor\" data-id=\"9be941e\" data-element_type=\"widget\" data-e-type=\"widget\" data-widget_type=\"text-editor.default\">\n\t\t\t\t\t\t\t\t\t<p>Jednym z zada\u0144 Narodowego Centrum Kompetencji HPC jest wspieranie nauki poprzez udost\u0119pnianie komputer\u00f3w du\u017cej mocy do przeprowadzania wysoko zaawansowanych oblicze\u0144, przestrzeni dyskowej do przechowywania danych, a tak\u017ce specjalistycznego naukowego oprogramowania oraz wsparcia ekspert\u00f3w. Superkomputery wyposa\u017cone s\u0105 w oprogramowanie do prowadzenia bada\u0144 z zakresu m.in. chemii, fizyki, mechaniki, informatyki, akustyki, in\u017cynierii, statystyki, klimatologii i wielu innych dziedzin nauki. <br \/>Za po\u015brednictwem Narodowego Centrum Kompetencji HPC u\u017cytkownicy mog\u0105 korzysta\u0107 z aplikacji, kt\u00f3rymi dysponuj\u0105 wszystkie centra superkomputerowe w Polsce, takich jak np.: \u00a0<\/p>\t\t\t\t\t\t\t\t<\/div>\n\t\t\t\t<section class=\"elementor-section elementor-inner-section elementor-element elementor-element-0701e8a elementor-section-boxed elementor-section-height-default elementor-section-height-default\" data-id=\"0701e8a\" data-element_type=\"section\" data-e-type=\"section\">\n\t\t\t\t\t\t<div class=\"elementor-container elementor-column-gap-default\">\n\t\t\t\t\t<div class=\"elementor-column elementor-col-50 elementor-inner-column elementor-element elementor-element-6d5a844\" data-id=\"6d5a844\" data-element_type=\"column\" data-e-type=\"column\">\n\t\t\t<div class=\"elementor-widget-wrap elementor-element-populated\">\n\t\t\t\t\t\t<div class=\"elementor-element elementor-element-54a0a33 elementor-view-default elementor-widget elementor-widget-icon\" data-id=\"54a0a33\" data-element_type=\"widget\" data-e-type=\"widget\" data-widget_type=\"icon.default\">\n\t\t\t\t\t\t\t<div class=\"elementor-icon-wrapper\">\n\t\t\t<div class=\"elementor-icon\">\n\t\t\t<svg aria-hidden=\"true\" class=\"e-font-icon-svg e-fas-square\" viewBox=\"0 0 448 512\" xmlns=\"http:\/\/www.w3.org\/2000\/svg\"><path d=\"M400 32H48C21.5 32 0 53.5 0 80v352c0 26.5 21.5 48 48 48h352c26.5 0 48-21.5 48-48V80c0-26.5-21.5-48-48-48z\"><\/path><\/svg>\t\t\t<\/div>\n\t\t<\/div>\n\t\t\t\t\t\t<\/div>\n\t\t\t\t\t<\/div>\n\t\t<\/div>\n\t\t\t\t<div class=\"elementor-column elementor-col-50 elementor-inner-column elementor-element elementor-element-af82557\" data-id=\"af82557\" data-element_type=\"column\" data-e-type=\"column\">\n\t\t\t<div class=\"elementor-widget-wrap elementor-element-populated\">\n\t\t\t\t\t\t<div class=\"elementor-element elementor-element-7692541 elementor-widget elementor-widget-text-editor\" data-id=\"7692541\" data-element_type=\"widget\" data-e-type=\"widget\" data-widget_type=\"text-editor.default\">\n\t\t\t\t\t\t\t\t\t<p>Aplikacje matematyczne: Mathematica, MATLAB, Maple,<\/p>\t\t\t\t\t\t\t\t<\/div>\n\t\t\t\t\t<\/div>\n\t\t<\/div>\n\t\t\t\t\t<\/div>\n\t\t<\/section>\n\t\t\t\t<section class=\"elementor-section elementor-inner-section elementor-element elementor-element-e94d4af elementor-section-boxed elementor-section-height-default elementor-section-height-default\" data-id=\"e94d4af\" data-element_type=\"section\" data-e-type=\"section\">\n\t\t\t\t\t\t<div class=\"elementor-container elementor-column-gap-default\">\n\t\t\t\t\t<div class=\"elementor-column elementor-col-50 elementor-inner-column elementor-element elementor-element-2991748\" data-id=\"2991748\" data-element_type=\"column\" data-e-type=\"column\">\n\t\t\t<div class=\"elementor-widget-wrap elementor-element-populated\">\n\t\t\t\t\t\t<div class=\"elementor-element elementor-element-c5244d7 elementor-view-default elementor-widget elementor-widget-icon\" data-id=\"c5244d7\" data-element_type=\"widget\" data-e-type=\"widget\" data-widget_type=\"icon.default\">\n\t\t\t\t\t\t\t<div class=\"elementor-icon-wrapper\">\n\t\t\t<div class=\"elementor-icon\">\n\t\t\t<svg aria-hidden=\"true\" class=\"e-font-icon-svg e-fas-square\" viewBox=\"0 0 448 512\" xmlns=\"http:\/\/www.w3.org\/2000\/svg\"><path d=\"M400 32H48C21.5 32 0 53.5 0 80v352c0 26.5 21.5 48 48 48h352c26.5 0 48-21.5 48-48V80c0-26.5-21.5-48-48-48z\"><\/path><\/svg>\t\t\t<\/div>\n\t\t<\/div>\n\t\t\t\t\t\t<\/div>\n\t\t\t\t\t<\/div>\n\t\t<\/div>\n\t\t\t\t<div class=\"elementor-column elementor-col-50 elementor-inner-column elementor-element elementor-element-d4b6388\" data-id=\"d4b6388\" data-element_type=\"column\" data-e-type=\"column\">\n\t\t\t<div class=\"elementor-widget-wrap elementor-element-populated\">\n\t\t\t\t\t\t<div class=\"elementor-element elementor-element-bbeebc2 elementor-widget elementor-widget-text-editor\" data-id=\"bbeebc2\" data-element_type=\"widget\" data-e-type=\"widget\" data-widget_type=\"text-editor.default\">\n\t\t\t\t\t\t\t\t\t<p>Aplikacje chemiczne: Amber, Accelrys, ADF, Dalton, Gaussian, Molpro, TeraChem,<\/p>\t\t\t\t\t\t\t\t<\/div>\n\t\t\t\t\t<\/div>\n\t\t<\/div>\n\t\t\t\t\t<\/div>\n\t\t<\/section>\n\t\t\t\t<section class=\"elementor-section elementor-inner-section elementor-element elementor-element-0a57656 elementor-section-boxed elementor-section-height-default elementor-section-height-default\" data-id=\"0a57656\" data-element_type=\"section\" data-e-type=\"section\">\n\t\t\t\t\t\t<div class=\"elementor-container elementor-column-gap-default\">\n\t\t\t\t\t<div class=\"elementor-column elementor-col-50 elementor-inner-column elementor-element elementor-element-3ff06c7\" data-id=\"3ff06c7\" data-element_type=\"column\" data-e-type=\"column\">\n\t\t\t<div class=\"elementor-widget-wrap elementor-element-populated\">\n\t\t\t\t\t\t<div class=\"elementor-element elementor-element-8155bcb elementor-view-default elementor-widget elementor-widget-icon\" data-id=\"8155bcb\" data-element_type=\"widget\" data-e-type=\"widget\" data-widget_type=\"icon.default\">\n\t\t\t\t\t\t\t<div class=\"elementor-icon-wrapper\">\n\t\t\t<div class=\"elementor-icon\">\n\t\t\t<svg aria-hidden=\"true\" class=\"e-font-icon-svg e-fas-square\" viewBox=\"0 0 448 512\" xmlns=\"http:\/\/www.w3.org\/2000\/svg\"><path d=\"M400 32H48C21.5 32 0 53.5 0 80v352c0 26.5 21.5 48 48 48h352c26.5 0 48-21.5 48-48V80c0-26.5-21.5-48-48-48z\"><\/path><\/svg>\t\t\t<\/div>\n\t\t<\/div>\n\t\t\t\t\t\t<\/div>\n\t\t\t\t\t<\/div>\n\t\t<\/div>\n\t\t\t\t<div class=\"elementor-column elementor-col-50 elementor-inner-column elementor-element elementor-element-048aa1b\" data-id=\"048aa1b\" data-element_type=\"column\" data-e-type=\"column\">\n\t\t\t<div class=\"elementor-widget-wrap elementor-element-populated\">\n\t\t\t\t\t\t<div class=\"elementor-element elementor-element-21cf0a1 elementor-widget elementor-widget-text-editor\" data-id=\"21cf0a1\" data-element_type=\"widget\" data-e-type=\"widget\" data-widget_type=\"text-editor.default\">\n\t\t\t\t\t\t\t\t\t<p>Aplikacje in\u017cynierskie i dynamiki p\u0142yn\u00f3w: Abaqus, ANSYS, ANSYS Fluent, NAMD, Opera, Tecplot,<\/p>\t\t\t\t\t\t\t\t<\/div>\n\t\t\t\t\t<\/div>\n\t\t<\/div>\n\t\t\t\t\t<\/div>\n\t\t<\/section>\n\t\t\t\t<section class=\"elementor-section elementor-inner-section elementor-element elementor-element-31e49dc elementor-section-boxed elementor-section-height-default elementor-section-height-default\" data-id=\"31e49dc\" data-element_type=\"section\" data-e-type=\"section\">\n\t\t\t\t\t\t<div class=\"elementor-container elementor-column-gap-default\">\n\t\t\t\t\t<div class=\"elementor-column elementor-col-50 elementor-inner-column elementor-element elementor-element-fd19397\" data-id=\"fd19397\" data-element_type=\"column\" data-e-type=\"column\">\n\t\t\t<div class=\"elementor-widget-wrap elementor-element-populated\">\n\t\t\t\t\t\t<div class=\"elementor-element elementor-element-f04790f elementor-view-default elementor-widget elementor-widget-icon\" data-id=\"f04790f\" data-element_type=\"widget\" data-e-type=\"widget\" data-widget_type=\"icon.default\">\n\t\t\t\t\t\t\t<div class=\"elementor-icon-wrapper\">\n\t\t\t<div class=\"elementor-icon\">\n\t\t\t<svg aria-hidden=\"true\" class=\"e-font-icon-svg e-fas-square\" viewBox=\"0 0 448 512\" xmlns=\"http:\/\/www.w3.org\/2000\/svg\"><path d=\"M400 32H48C21.5 32 0 53.5 0 80v352c0 26.5 21.5 48 48 48h352c26.5 0 48-21.5 48-48V80c0-26.5-21.5-48-48-48z\"><\/path><\/svg>\t\t\t<\/div>\n\t\t<\/div>\n\t\t\t\t\t\t<\/div>\n\t\t\t\t\t<\/div>\n\t\t<\/div>\n\t\t\t\t<div class=\"elementor-column elementor-col-50 elementor-inner-column elementor-element elementor-element-1c5525d\" data-id=\"1c5525d\" data-element_type=\"column\" data-e-type=\"column\">\n\t\t\t<div class=\"elementor-widget-wrap elementor-element-populated\">\n\t\t\t\t\t\t<div class=\"elementor-element elementor-element-ba62a6d elementor-widget elementor-widget-text-editor\" data-id=\"ba62a6d\" data-element_type=\"widget\" data-e-type=\"widget\" data-widget_type=\"text-editor.default\">\n\t\t\t\t\t\t\t\t\t<p>Obliczenia materia\u0142owe: ABINIT, Accelrys, CPMD,<\/p>\t\t\t\t\t\t\t\t<\/div>\n\t\t\t\t\t<\/div>\n\t\t<\/div>\n\t\t\t\t\t<\/div>\n\t\t<\/section>\n\t\t\t\t<section class=\"elementor-section elementor-inner-section elementor-element elementor-element-3c522ff elementor-section-boxed elementor-section-height-default elementor-section-height-default\" data-id=\"3c522ff\" data-element_type=\"section\" data-e-type=\"section\">\n\t\t\t\t\t\t<div class=\"elementor-container elementor-column-gap-default\">\n\t\t\t\t\t<div class=\"elementor-column elementor-col-50 elementor-inner-column elementor-element elementor-element-645e47b\" data-id=\"645e47b\" data-element_type=\"column\" data-e-type=\"column\">\n\t\t\t<div class=\"elementor-widget-wrap elementor-element-populated\">\n\t\t\t\t\t\t<div class=\"elementor-element elementor-element-2437a3b elementor-view-default elementor-widget elementor-widget-icon\" data-id=\"2437a3b\" data-element_type=\"widget\" data-e-type=\"widget\" data-widget_type=\"icon.default\">\n\t\t\t\t\t\t\t<div class=\"elementor-icon-wrapper\">\n\t\t\t<div class=\"elementor-icon\">\n\t\t\t<svg aria-hidden=\"true\" class=\"e-font-icon-svg e-fas-square\" viewBox=\"0 0 448 512\" xmlns=\"http:\/\/www.w3.org\/2000\/svg\"><path d=\"M400 32H48C21.5 32 0 53.5 0 80v352c0 26.5 21.5 48 48 48h352c26.5 0 48-21.5 48-48V80c0-26.5-21.5-48-48-48z\"><\/path><\/svg>\t\t\t<\/div>\n\t\t<\/div>\n\t\t\t\t\t\t<\/div>\n\t\t\t\t\t<\/div>\n\t\t<\/div>\n\t\t\t\t<div class=\"elementor-column elementor-col-50 elementor-inner-column elementor-element elementor-element-f485c7c\" data-id=\"f485c7c\" data-element_type=\"column\" data-e-type=\"column\">\n\t\t\t<div class=\"elementor-widget-wrap elementor-element-populated\">\n\t\t\t\t\t\t<div class=\"elementor-element elementor-element-25c555b elementor-widget elementor-widget-text-editor\" data-id=\"25c555b\" data-element_type=\"widget\" data-e-type=\"widget\" data-widget_type=\"text-editor.default\">\n\t\t\t\t\t\t\t\t\t<p>Obliczenia fizyczne: MPB, CAMFR, Meep,<\/p>\t\t\t\t\t\t\t\t<\/div>\n\t\t\t\t\t<\/div>\n\t\t<\/div>\n\t\t\t\t\t<\/div>\n\t\t<\/section>\n\t\t\t\t<section class=\"elementor-section elementor-inner-section elementor-element elementor-element-dd275cf elementor-section-boxed elementor-section-height-default elementor-section-height-default\" data-id=\"dd275cf\" data-element_type=\"section\" data-e-type=\"section\">\n\t\t\t\t\t\t<div class=\"elementor-container elementor-column-gap-default\">\n\t\t\t\t\t<div class=\"elementor-column elementor-col-50 elementor-inner-column elementor-element elementor-element-bf9424d\" data-id=\"bf9424d\" data-element_type=\"column\" data-e-type=\"column\">\n\t\t\t<div class=\"elementor-widget-wrap elementor-element-populated\">\n\t\t\t\t\t\t<div class=\"elementor-element elementor-element-670126b elementor-view-default elementor-widget elementor-widget-icon\" data-id=\"670126b\" data-element_type=\"widget\" data-e-type=\"widget\" data-widget_type=\"icon.default\">\n\t\t\t\t\t\t\t<div class=\"elementor-icon-wrapper\">\n\t\t\t<div class=\"elementor-icon\">\n\t\t\t<svg aria-hidden=\"true\" class=\"e-font-icon-svg e-fas-square\" viewBox=\"0 0 448 512\" xmlns=\"http:\/\/www.w3.org\/2000\/svg\"><path d=\"M400 32H48C21.5 32 0 53.5 0 80v352c0 26.5 21.5 48 48 48h352c26.5 0 48-21.5 48-48V80c0-26.5-21.5-48-48-48z\"><\/path><\/svg>\t\t\t<\/div>\n\t\t<\/div>\n\t\t\t\t\t\t<\/div>\n\t\t\t\t\t<\/div>\n\t\t<\/div>\n\t\t\t\t<div class=\"elementor-column elementor-col-50 elementor-inner-column elementor-element elementor-element-2d98d48\" data-id=\"2d98d48\" data-element_type=\"column\" data-e-type=\"column\">\n\t\t\t<div class=\"elementor-widget-wrap elementor-element-populated\">\n\t\t\t\t\t\t<div class=\"elementor-element elementor-element-acf4098 elementor-widget elementor-widget-text-editor\" data-id=\"acf4098\" data-element_type=\"widget\" data-e-type=\"widget\" data-widget_type=\"text-editor.default\">\n\t\t\t\t\t\t\t\t\t<p>Przetwarzanie informacji i analiza statystyczna: JAGS, STATISTICA,<\/p>\t\t\t\t\t\t\t\t<\/div>\n\t\t\t\t\t<\/div>\n\t\t<\/div>\n\t\t\t\t\t<\/div>\n\t\t<\/section>\n\t\t\t\t<section class=\"elementor-section elementor-inner-section elementor-element elementor-element-525c154 elementor-section-boxed elementor-section-height-default elementor-section-height-default\" data-id=\"525c154\" data-element_type=\"section\" data-e-type=\"section\">\n\t\t\t\t\t\t<div class=\"elementor-container elementor-column-gap-default\">\n\t\t\t\t\t<div class=\"elementor-column elementor-col-50 elementor-inner-column elementor-element elementor-element-91569ac\" data-id=\"91569ac\" data-element_type=\"column\" data-e-type=\"column\">\n\t\t\t<div class=\"elementor-widget-wrap elementor-element-populated\">\n\t\t\t\t\t\t<div class=\"elementor-element elementor-element-df9c0f2 elementor-view-default elementor-widget elementor-widget-icon\" data-id=\"df9c0f2\" data-element_type=\"widget\" data-e-type=\"widget\" data-widget_type=\"icon.default\">\n\t\t\t\t\t\t\t<div class=\"elementor-icon-wrapper\">\n\t\t\t<div class=\"elementor-icon\">\n\t\t\t<svg aria-hidden=\"true\" class=\"e-font-icon-svg e-fas-square\" viewBox=\"0 0 448 512\" xmlns=\"http:\/\/www.w3.org\/2000\/svg\"><path d=\"M400 32H48C21.5 32 0 53.5 0 80v352c0 26.5 21.5 48 48 48h352c26.5 0 48-21.5 48-48V80c0-26.5-21.5-48-48-48z\"><\/path><\/svg>\t\t\t<\/div>\n\t\t<\/div>\n\t\t\t\t\t\t<\/div>\n\t\t\t\t\t<\/div>\n\t\t<\/div>\n\t\t\t\t<div class=\"elementor-column elementor-col-50 elementor-inner-column elementor-element elementor-element-a827340\" data-id=\"a827340\" data-element_type=\"column\" data-e-type=\"column\">\n\t\t\t<div class=\"elementor-widget-wrap elementor-element-populated\">\n\t\t\t\t\t\t<div class=\"elementor-element elementor-element-33d7bb5 elementor-widget elementor-widget-text-editor\" data-id=\"33d7bb5\" data-element_type=\"widget\" data-e-type=\"widget\" data-widget_type=\"text-editor.default\">\n\t\t\t\t\t\t\t\t\t<p>Przetwarzanie danych geograficznych GIS: ArcGIS.<\/p>\t\t\t\t\t\t\t\t<\/div>\n\t\t\t\t\t<\/div>\n\t\t<\/div>\n\t\t\t\t\t<\/div>\n\t\t<\/section>\n\t\t\t\t<div class=\"elementor-element elementor-element-72927b9 elementor-widget-divider--view-line elementor-widget elementor-widget-divider\" data-id=\"72927b9\" data-element_type=\"widget\" data-e-type=\"widget\" data-widget_type=\"divider.default\">\n\t\t\t\t\t\t\t<div class=\"elementor-divider\">\n\t\t\t<span class=\"elementor-divider-separator\">\n\t\t\t\t\t\t<\/span>\n\t\t<\/div>\n\t\t\t\t\t\t<\/div>\n\t\t\t\t\t<\/div>\n\t\t<\/div>\n\t\t\t\t\t<\/div>\n\t\t<\/section>\n\t\t\t\t<section class=\"elementor-section elementor-top-section elementor-element elementor-element-2ae90cb elementor-section-boxed elementor-section-height-default elementor-section-height-default\" data-id=\"2ae90cb\" data-element_type=\"section\" data-e-type=\"section\">\n\t\t\t\t\t\t<div class=\"elementor-container elementor-column-gap-default\">\n\t\t\t\t\t<div class=\"elementor-column elementor-col-100 elementor-top-column elementor-element elementor-element-76e46de\" data-id=\"76e46de\" data-element_type=\"column\" data-e-type=\"column\">\n\t\t\t<div class=\"elementor-widget-wrap elementor-element-populated\">\n\t\t\t\t\t\t<div class=\"elementor-element elementor-element-99651de elementor-widget elementor-widget-text-editor\" data-id=\"99651de\" data-element_type=\"widget\" data-e-type=\"widget\" data-widget_type=\"text-editor.default\">\n\t\t\t\t\t\t\t\t\t<p>Narodowe Centrum Kompetencji HPC umo\u017cliwia dost\u0119p do zasob\u00f3w informacyjnych i obliczeniowych znajduj\u0105cych si\u0119 w sieciach naukowych, zar\u00f3wno polskich, jak i europejskich. Oferuje te\u017c us\u0142ugi sieciowe, chmurowe, sk\u0142adowania danych oraz inne rozwi\u0105zania typu Saas, IaaS, Paas, HPCaaS. <\/p>\t\t\t\t\t\t\t\t<\/div>\n\t\t\t\t\t<\/div>\n\t\t<\/div>\n\t\t\t\t\t<\/div>\n\t\t<\/section>\n\t\t\t\t<section class=\"elementor-section elementor-top-section elementor-element elementor-element-8e66d6c elementor-section-height-min-height elementor-section-boxed elementor-section-height-default elementor-section-items-middle\" data-id=\"8e66d6c\" data-element_type=\"section\" data-e-type=\"section\" data-settings=\"{&quot;background_background&quot;:&quot;classic&quot;}\">\n\t\t\t\t\t\t<div class=\"elementor-container elementor-column-gap-default\">\n\t\t\t\t\t<div class=\"elementor-column elementor-col-100 elementor-top-column elementor-element elementor-element-7cdef67\" data-id=\"7cdef67\" data-element_type=\"column\" data-e-type=\"column\">\n\t\t\t<div class=\"elementor-widget-wrap\">\n\t\t\t\t\t\t\t<\/div>\n\t\t<\/div>\n\t\t\t\t\t<\/div>\n\t\t<\/section>\n\t\t\t\t<\/div>\n\t\t","protected":false},"excerpt":{"rendered":"<p>US\u0141UGI DLA NAUKI Jednym z zada\u0144 Narodowego Centrum Kompetencji HPC jest wspieranie nauki poprzez udost\u0119pnianie komputer\u00f3w du\u017cej mocy do przeprowadzania wysoko zaawansowanych oblicze\u0144, przestrzeni dyskowej do przechowywania danych, a tak\u017ce specjalistycznego naukowego oprogramowania oraz wsparcia ekspert\u00f3w. Superkomputery wyposa\u017cone s\u0105 w oprogramowanie do prowadzenia bada\u0144 z zakresu m.in. chemii, fizyki, mechaniki, informatyki, akustyki, in\u017cynierii, statystyki, klimatologii&hellip;&nbsp;<a href=\"https:\/\/cc.eurohpc.pl\/index.php\/uslugi-dla-nauki\/\" rel=\"bookmark\">Dowiedz si\u0119 wi\u0119cej &raquo;<span class=\"screen-reader-text\">Us\u0142ugi dla nauki<\/span><\/a><\/p>\n","protected":false},"author":5,"featured_media":0,"parent":0,"menu_order":0,"comment_status":"closed","ping_status":"closed","template":"page-templates\/template-pagebuilder-full-width.php","meta":{"_monsterinsights_skip_tracking":false,"_monsterinsights_sitenote_active":false,"_monsterinsights_sitenote_note":"","_monsterinsights_sitenote_category":0,"neve_meta_sidebar":"","neve_meta_container":"","neve_meta_enable_content_width":"","neve_meta_content_width":0,"neve_meta_title_alignment":"","neve_meta_author_avatar":"","neve_post_elements_order":"","neve_meta_disable_header":"","neve_meta_disable_footer":"","neve_meta_disable_title":"","footnotes":""},"class_list":["post-1826","page","type-page","status-publish","hentry"],"_links":{"self":[{"href":"https:\/\/cc.eurohpc.pl\/index.php\/wp-json\/wp\/v2\/pages\/1826","targetHints":{"allow":["GET"]}}],"collection":[{"href":"https:\/\/cc.eurohpc.pl\/index.php\/wp-json\/wp\/v2\/pages"}],"about":[{"href":"https:\/\/cc.eurohpc.pl\/index.php\/wp-json\/wp\/v2\/types\/page"}],"author":[{"embeddable":true,"href":"https:\/\/cc.eurohpc.pl\/index.php\/wp-json\/wp\/v2\/users\/5"}],"replies":[{"embeddable":true,"href":"https:\/\/cc.eurohpc.pl\/index.php\/wp-json\/wp\/v2\/comments?post=1826"}],"version-history":[{"count":76,"href":"https:\/\/cc.eurohpc.pl\/index.php\/wp-json\/wp\/v2\/pages\/1826\/revisions"}],"predecessor-version":[{"id":8974,"href":"https:\/\/cc.eurohpc.pl\/index.php\/wp-json\/wp\/v2\/pages\/1826\/revisions\/8974"}],"wp:attachment":[{"href":"https:\/\/cc.eurohpc.pl\/index.php\/wp-json\/wp\/v2\/media?parent=1826"}],"curies":[{"name":"wp","href":"https:\/\/api.w.org\/{rel}","templated":true}]}}