{"id":1565,"date":"2021-09-01T08:09:05","date_gmt":"2021-09-01T08:09:05","guid":{"rendered":"http:\/\/10.26.36.32\/?page_id=1565"},"modified":"2024-03-13T11:08:51","modified_gmt":"2024-03-13T11:08:51","slug":"kontakt-do-centrow-hpc-w-polsce","status":"publish","type":"page","link":"https:\/\/cc.eurohpc.pl\/index.php\/kontakt-do-centrow-hpc-w-polsce\/","title":{"rendered":"Kontakt do centr\u00f3w HPC w Polsce"},"content":{"rendered":"\t\t<div data-elementor-type=\"wp-page\" data-elementor-id=\"1565\" class=\"elementor elementor-1565\" data-elementor-post-type=\"page\">\n\t\t\t\t\t\t<section class=\"elementor-section elementor-top-section elementor-element elementor-element-df6539d elementor-section-boxed elementor-section-height-default elementor-section-height-default\" data-id=\"df6539d\" data-element_type=\"section\" data-e-type=\"section\">\n\t\t\t\t\t\t<div class=\"elementor-container elementor-column-gap-default\">\n\t\t\t\t\t<div class=\"elementor-column elementor-col-100 elementor-top-column elementor-element elementor-element-1f5adf9\" data-id=\"1f5adf9\" data-element_type=\"column\" data-e-type=\"column\">\n\t\t\t<div class=\"elementor-widget-wrap elementor-element-populated\">\n\t\t\t\t\t\t<div class=\"elementor-element elementor-element-965b3df elementor-widget elementor-widget-heading\" data-id=\"965b3df\" data-element_type=\"widget\" data-e-type=\"widget\" data-widget_type=\"heading.default\">\n\t\t\t\t\t<h2 class=\"elementor-heading-title elementor-size-default\">KONTAKT DO CENTR\u00d3W HPC W POLSCE<\/h2>\t\t\t\t<\/div>\n\t\t\t\t\t<\/div>\n\t\t<\/div>\n\t\t\t\t\t<\/div>\n\t\t<\/section>\n\t\t\t\t<section class=\"elementor-section elementor-top-section elementor-element elementor-element-ee89a04 elementor-section-boxed elementor-section-height-default elementor-section-height-default\" data-id=\"ee89a04\" data-element_type=\"section\" data-e-type=\"section\">\n\t\t\t\t\t\t<div class=\"elementor-container elementor-column-gap-default\">\n\t\t\t\t\t<div class=\"elementor-column elementor-col-50 elementor-top-column elementor-element elementor-element-7caadf2\" data-id=\"7caadf2\" data-element_type=\"column\" data-e-type=\"column\">\n\t\t\t<div class=\"elementor-widget-wrap elementor-element-populated\">\n\t\t\t\t\t\t<div class=\"elementor-element elementor-element-7618cb0 elementor-widget elementor-widget-text-editor\" data-id=\"7618cb0\" data-element_type=\"widget\" data-e-type=\"widget\" data-widget_type=\"text-editor.default\">\n\t\t\t\t\t\t\t\t\t<p>GDA\u0143SK<br \/>Politechnika Gda\u0144ska<br \/><strong>Centrum Informatyczne Tr\u00f3jmiejskiej Akademickiej Sieci Komputerowej<\/strong><br \/>ul. Narutowicza 11\/12<br \/>80-233 Gda\u0144sk<br \/>tel. + 48 58 347 24 11<br \/>e-mail: <a href=\"mailto:office@task.gda.pl\"><span style=\"color: #aa8523;\">office@task.gda.pl<\/span><\/a><\/p><p>KRAK\u00d3W<br \/>Akademia G\u00f3rniczo-Hutnicza <br \/><strong>Akademickie Centrum <\/strong><strong>Komputerowe Cyfronet AGH<\/strong> <br \/>ul. Nawojki 11<br \/>30-950 Krak\u00f3w 23<br \/>tel. +48 12 633 34 26<br \/>e-mail: <a href=\"mailto:cyfronet@cyfronet.pl\"><span style=\"color: #aa8523;\">cyfronet@cyfronet.pl<\/span><\/a><\/p><p>OTWOCK<br \/>Narodowe Centrum Bada\u0144 J\u0105drowych <br \/><strong>Centrum Informatyczne \u015awierk<\/strong><br \/>ul. Andrzeja So\u0142tana 7<br \/>05-400 Otwock<br \/>tel. +48 22 27 31 001<br \/>e-mail: <span style=\"color: #aa8523;\"><a style=\"color: #aa8523;\" href=\"mailto:ncbj@ncbj.gov.pl\">ncbj@ncbj.gov.pl<\/a><\/span><\/p>\t\t\t\t\t\t\t\t<\/div>\n\t\t\t\t\t<\/div>\n\t\t<\/div>\n\t\t\t\t<div class=\"elementor-column elementor-col-50 elementor-top-column elementor-element elementor-element-5909a18\" data-id=\"5909a18\" data-element_type=\"column\" data-e-type=\"column\">\n\t\t\t<div class=\"elementor-widget-wrap elementor-element-populated\">\n\t\t\t\t\t\t<div class=\"elementor-element elementor-element-60081d6 elementor-widget elementor-widget-text-editor\" data-id=\"60081d6\" data-element_type=\"widget\" data-e-type=\"widget\" data-widget_type=\"text-editor.default\">\n\t\t\t\t\t\t\t\t\t<p>POZNA\u0143<br \/>Instytut Chemii Bioorganicznej Polskiej Akademii Nauk<br \/><strong>Pozna\u0144skie Centrum Superkomputerowo-Sieciowe<\/strong><br \/>ul. Jana Paw\u0142a II 10<br \/>61-139 Pozna\u0144<br \/>tel: +48 61 858 21 01<br \/>e-mail: <a href=\"mailto:kontakt@man.poznan.pl\"><span style=\"color: #aa8523;\">kontakt@man.poznan.pl<\/span><\/a><\/p><p>WARSZAWA<br \/><strong>Interdyscyplinarne Centrum Modelowania Matematycznego i Komputerowego<\/strong> Uniwersytetu Warszawskiego<br \/>ul. Tyniecka 15\/17<br \/>02-630 Warszawa<br \/>tel. +48 22 874 92 00<br \/>e-mail: <span style=\"color: #aa8523;\"><a style=\"color: #aa8523;\" href=\"mailto:pomoc@icm.edu.pl\">pomoc@icm.edu.pl<\/a><\/span><\/p><p>WROC\u0141AW<br \/>Politechnika Wroc\u0142awska<br \/><strong>Wroc\u0142awskie Centrum Sieciowo-Superkomputerowe<br \/><\/strong>Wybrze\u017ce Wyspia\u0144skiego 27<br \/>50-370 Wroc\u0142aw<br \/>tel. +48 <span class=\"phone\">71 320 39 21<\/span><br \/>e-mail: <a href=\"mailto:kontakt@wcss.pl\"><span style=\"color: #aa8523;\">kontakt@wcss.pl<\/span><\/a><\/p>\t\t\t\t\t\t\t\t<\/div>\n\t\t\t\t\t<\/div>\n\t\t<\/div>\n\t\t\t\t\t<\/div>\n\t\t<\/section>\n\t\t\t\t<section class=\"elementor-section elementor-top-section elementor-element elementor-element-4f7e0a9 elementor-section-height-min-height elementor-section-boxed elementor-section-height-default elementor-section-items-middle\" data-id=\"4f7e0a9\" data-element_type=\"section\" data-e-type=\"section\" data-settings=\"{&quot;background_background&quot;:&quot;classic&quot;}\">\n\t\t\t\t\t\t<div class=\"elementor-container elementor-column-gap-default\">\n\t\t\t\t\t<div class=\"elementor-column elementor-col-100 elementor-top-column elementor-element elementor-element-c105046\" data-id=\"c105046\" data-element_type=\"column\" data-e-type=\"column\">\n\t\t\t<div class=\"elementor-widget-wrap\">\n\t\t\t\t\t\t\t<\/div>\n\t\t<\/div>\n\t\t\t\t\t<\/div>\n\t\t<\/section>\n\t\t\t\t<\/div>\n\t\t","protected":false},"excerpt":{"rendered":"<p>KONTAKT DO CENTR\u00d3W HPC W POLSCE GDA\u0143SKPolitechnika Gda\u0144skaCentrum Informatyczne Tr\u00f3jmiejskiej Akademickiej Sieci Komputerowejul. Narutowicza 11\/1280-233 Gda\u0144sktel. + 48 58 347 24 11e-mail: office@task.gda.pl KRAK\u00d3WAkademia G\u00f3rniczo-Hutnicza Akademickie Centrum Komputerowe Cyfronet AGH ul. Nawojki 1130-950 Krak\u00f3w 23tel. +48 12 633 34 26e-mail: cyfronet@cyfronet.pl OTWOCKNarodowe Centrum Bada\u0144 J\u0105drowych Centrum Informatyczne \u015awierkul. Andrzeja So\u0142tana 705-400 Otwocktel. +48 22 27&hellip;&nbsp;<a href=\"https:\/\/cc.eurohpc.pl\/index.php\/kontakt-do-centrow-hpc-w-polsce\/\" rel=\"bookmark\">Dowiedz si\u0119 wi\u0119cej &raquo;<span class=\"screen-reader-text\">Kontakt do centr\u00f3w HPC w Polsce<\/span><\/a><\/p>\n","protected":false},"author":5,"featured_media":0,"parent":0,"menu_order":0,"comment_status":"closed","ping_status":"closed","template":"page-templates\/template-pagebuilder-full-width.php","meta":{"_monsterinsights_skip_tracking":false,"_monsterinsights_sitenote_active":false,"_monsterinsights_sitenote_note":"","_monsterinsights_sitenote_category":0,"neve_meta_sidebar":"","neve_meta_container":"","neve_meta_enable_content_width":"","neve_meta_content_width":0,"neve_meta_title_alignment":"","neve_meta_author_avatar":"","neve_post_elements_order":"","neve_meta_disable_header":"","neve_meta_disable_footer":"","neve_meta_disable_title":"","footnotes":""},"class_list":["post-1565","page","type-page","status-publish","hentry"],"_links":{"self":[{"href":"https:\/\/cc.eurohpc.pl\/index.php\/wp-json\/wp\/v2\/pages\/1565","targetHints":{"allow":["GET"]}}],"collection":[{"href":"https:\/\/cc.eurohpc.pl\/index.php\/wp-json\/wp\/v2\/pages"}],"about":[{"href":"https:\/\/cc.eurohpc.pl\/index.php\/wp-json\/wp\/v2\/types\/page"}],"author":[{"embeddable":true,"href":"https:\/\/cc.eurohpc.pl\/index.php\/wp-json\/wp\/v2\/users\/5"}],"replies":[{"embeddable":true,"href":"https:\/\/cc.eurohpc.pl\/index.php\/wp-json\/wp\/v2\/comments?post=1565"}],"version-history":[{"count":58,"href":"https:\/\/cc.eurohpc.pl\/index.php\/wp-json\/wp\/v2\/pages\/1565\/revisions"}],"predecessor-version":[{"id":11145,"href":"https:\/\/cc.eurohpc.pl\/index.php\/wp-json\/wp\/v2\/pages\/1565\/revisions\/11145"}],"wp:attachment":[{"href":"https:\/\/cc.eurohpc.pl\/index.php\/wp-json\/wp\/v2\/media?parent=1565"}],"curies":[{"name":"wp","href":"https:\/\/api.w.org\/{rel}","templated":true}]}}