{"id":1224,"date":"2021-08-26T10:33:36","date_gmt":"2021-08-26T10:33:36","guid":{"rendered":"http:\/\/10.26.36.32\/?page_id=1224"},"modified":"2023-11-09T11:43:35","modified_gmt":"2023-11-09T11:43:35","slug":"eurocc","status":"publish","type":"page","link":"https:\/\/cc.eurohpc.pl\/index.php\/eurocc\/","title":{"rendered":"EuroCC"},"content":{"rendered":"\t\t<div data-elementor-type=\"wp-page\" data-elementor-id=\"1224\" class=\"elementor elementor-1224\" data-elementor-post-type=\"page\">\n\t\t\t\t\t\t<section class=\"elementor-section elementor-top-section elementor-element elementor-element-9073958 elementor-section-boxed elementor-section-height-default elementor-section-height-default\" data-id=\"9073958\" data-element_type=\"section\" data-e-type=\"section\" data-settings=\"{&quot;background_background&quot;:&quot;classic&quot;}\">\n\t\t\t\t\t\t<div class=\"elementor-container elementor-column-gap-default\">\n\t\t\t\t\t<div class=\"elementor-column elementor-col-50 elementor-top-column elementor-element elementor-element-0edfe3a\" data-id=\"0edfe3a\" data-element_type=\"column\" data-e-type=\"column\">\n\t\t\t<div class=\"elementor-widget-wrap elementor-element-populated\">\n\t\t\t\t\t\t<div class=\"elementor-element elementor-element-0ad09e1 elementor-widget elementor-widget-heading\" data-id=\"0ad09e1\" data-element_type=\"widget\" data-e-type=\"widget\" data-widget_type=\"heading.default\">\n\t\t\t\t\t<h2 class=\"elementor-heading-title elementor-size-default\">EuroCC<\/h2>\t\t\t\t<\/div>\n\t\t\t\t<div class=\"elementor-element elementor-element-699133b elementor-widget elementor-widget-text-editor\" data-id=\"699133b\" data-element_type=\"widget\" data-e-type=\"widget\" data-widget_type=\"text-editor.default\">\n\t\t\t\t\t\t\t\t\t<p><strong>EuroCC<\/strong> \u2013 pe\u0142na nazwa: <strong>National Competence Centres in the framework of EuroHPC \u2013 Narodowe Centra Kompetencji EuroHPC<\/strong> \u2013 jest projektem wspieraj\u0105cym EuroHPC \u2013 wsp\u00f3lne przedsi\u0119wzi\u0119cie 33 kraj\u00f3w europejskich i Komisji Europejskiej (<span style=\"color: #ffffff;\"><a style=\"color: #ffffff;\" href=\"https:\/\/eurohpc-ju.europa.eu\/\" target=\"_blank\" rel=\"noopener\"><strong>EuroHPC JU<\/strong><\/a><\/span>). Celem tej inicjatywy jest poprawa i wyr\u00f3wnanie w Europie poziomu mo\u017cliwo\u015bci wykonywania zaawansowanych oblicze\u0144 (High Performance Computing) na potrzeby nauki, przemys\u0142u i administracji publicznej. Ma temu s\u0142u\u017cy\u0107 budowany ekosystem HPC. W jego sk\u0142ad wejdzie z jednej strony eksaskalowa infrastruktura obliczeniowa, a z drugiej strony system wsparcia w zakresie specjalistycznej wiedzy, umiej\u0119tno\u015bci i do\u015bwiadczenia.<\/p><p><span style=\"color: #aa8523;\">G\u0142\u00f3wnym celem projektu <a style=\"color: #aa8523;\" href=\"https:\/\/www.eurocc-access.eu\/\" target=\"_blank\" rel=\"noopener\"><strong>EuroCC<\/strong><\/a> jest tworzenie Narodowych Centr\u00f3w Kompetencji HPC w ka\u017cdym z pa\u0144stw uczestnicz\u0105cych w tym programie. S\u0105 to o\u015brodki skupiaj\u0105ce potencja\u0142 wszystkich centr\u00f3w superkomputerowych <br \/>z danego kraju i po\u015brednicz\u0105ce w udost\u0119pnianiu ich us\u0142ug u\u017cytkownikom z uczelni i instytucji naukowych, sektora przemys\u0142owego i administracji publicznej. Za po\u015brednictwem NCK naukowcy, przedsi\u0119biorcy lub urz\u0119dnicy mog\u0105 korzysta\u0107 nie tylko z zasob\u00f3w obliczeniowych oraz umiej\u0119tno\u015bci specjalist\u00f3w z krajowych centr\u00f3w HPC, ale tak\u017ce zagranicznych z terenu Europy.<\/span><\/p>\t\t\t\t\t\t\t\t<\/div>\n\t\t\t\t\t<\/div>\n\t\t<\/div>\n\t\t\t\t<div class=\"elementor-column elementor-col-50 elementor-top-column elementor-element elementor-element-be829a2\" data-id=\"be829a2\" data-element_type=\"column\" data-e-type=\"column\">\n\t\t\t<div class=\"elementor-widget-wrap elementor-element-populated\">\n\t\t\t\t\t\t<div class=\"elementor-element elementor-element-c4a3762 elementor-widget elementor-widget-image\" data-id=\"c4a3762\" data-element_type=\"widget\" data-e-type=\"widget\" data-widget_type=\"image.default\">\n\t\t\t\t\t\t\t\t\t\t\t\t\t\t\t<img decoding=\"async\" src=\"https:\/\/cc.eurohpc.pl\/wp-content\/uploads\/2021\/08\/Mapa_EUROPA_HPC_v1-1.svg\" class=\"attachment-full size-full wp-image-1232\" alt=\"\" \/>\t\t\t\t\t\t\t\t\t\t\t\t\t\t\t<\/div>\n\t\t\t\t\t<\/div>\n\t\t<\/div>\n\t\t\t\t\t<\/div>\n\t\t<\/section>\n\t\t\t\t<\/div>\n\t\t","protected":false},"excerpt":{"rendered":"<p>EuroCC EuroCC \u2013 pe\u0142na nazwa: National Competence Centres in the framework of EuroHPC \u2013 Narodowe Centra Kompetencji EuroHPC \u2013 jest projektem wspieraj\u0105cym EuroHPC \u2013 wsp\u00f3lne przedsi\u0119wzi\u0119cie 33 kraj\u00f3w europejskich i Komisji Europejskiej (EuroHPC JU). Celem tej inicjatywy jest poprawa i wyr\u00f3wnanie w Europie poziomu mo\u017cliwo\u015bci wykonywania zaawansowanych oblicze\u0144 (High Performance Computing) na potrzeby nauki, przemys\u0142u&hellip;&nbsp;<a href=\"https:\/\/cc.eurohpc.pl\/index.php\/eurocc\/\" rel=\"bookmark\">Dowiedz si\u0119 wi\u0119cej &raquo;<span class=\"screen-reader-text\">EuroCC<\/span><\/a><\/p>\n","protected":false},"author":5,"featured_media":0,"parent":0,"menu_order":0,"comment_status":"closed","ping_status":"closed","template":"page-templates\/template-pagebuilder-full-width.php","meta":{"_monsterinsights_skip_tracking":false,"_monsterinsights_sitenote_active":false,"_monsterinsights_sitenote_note":"","_monsterinsights_sitenote_category":0,"neve_meta_sidebar":"","neve_meta_container":"","neve_meta_enable_content_width":"","neve_meta_content_width":0,"neve_meta_title_alignment":"","neve_meta_author_avatar":"","neve_post_elements_order":"","neve_meta_disable_header":"","neve_meta_disable_footer":"","neve_meta_disable_title":"","footnotes":""},"class_list":["post-1224","page","type-page","status-publish","hentry"],"_links":{"self":[{"href":"https:\/\/cc.eurohpc.pl\/index.php\/wp-json\/wp\/v2\/pages\/1224","targetHints":{"allow":["GET"]}}],"collection":[{"href":"https:\/\/cc.eurohpc.pl\/index.php\/wp-json\/wp\/v2\/pages"}],"about":[{"href":"https:\/\/cc.eurohpc.pl\/index.php\/wp-json\/wp\/v2\/types\/page"}],"author":[{"embeddable":true,"href":"https:\/\/cc.eurohpc.pl\/index.php\/wp-json\/wp\/v2\/users\/5"}],"replies":[{"embeddable":true,"href":"https:\/\/cc.eurohpc.pl\/index.php\/wp-json\/wp\/v2\/comments?post=1224"}],"version-history":[{"count":50,"href":"https:\/\/cc.eurohpc.pl\/index.php\/wp-json\/wp\/v2\/pages\/1224\/revisions"}],"predecessor-version":[{"id":9677,"href":"https:\/\/cc.eurohpc.pl\/index.php\/wp-json\/wp\/v2\/pages\/1224\/revisions\/9677"}],"wp:attachment":[{"href":"https:\/\/cc.eurohpc.pl\/index.php\/wp-json\/wp\/v2\/media?parent=1224"}],"curies":[{"name":"wp","href":"https:\/\/api.w.org\/{rel}","templated":true}]}}