{"id":11104,"date":"2024-03-12T11:53:12","date_gmt":"2024-03-12T11:53:12","guid":{"rendered":"https:\/\/cc.eurohpc.pl\/?page_id=11104"},"modified":"2025-04-15T08:46:08","modified_gmt":"2025-04-15T08:46:08","slug":"superkomputery-eurohpc","status":"publish","type":"page","link":"https:\/\/cc.eurohpc.pl\/index.php\/superkomputery-eurohpc\/","title":{"rendered":"Superkomputery EuroHPC"},"content":{"rendered":"\t\t<div data-elementor-type=\"wp-page\" data-elementor-id=\"11104\" class=\"elementor elementor-11104\" data-elementor-post-type=\"page\">\n\t\t\t\t<div class=\"elementor-element elementor-element-4f2a2c9 e-flex e-con-boxed e-con e-parent\" data-id=\"4f2a2c9\" data-element_type=\"container\" data-e-type=\"container\">\n\t\t\t\t\t<div class=\"e-con-inner\">\n\t\t\t\t<div class=\"elementor-element elementor-element-05c7886 elementor-widget elementor-widget-heading\" data-id=\"05c7886\" data-element_type=\"widget\" data-e-type=\"widget\" data-widget_type=\"heading.default\">\n\t\t\t\t\t<h2 class=\"elementor-heading-title elementor-size-default\">SUPERKOMPUTERY EuroHPC<\/h2>\t\t\t\t<\/div>\n\t\t\t\t\t<\/div>\n\t\t\t\t<\/div>\n\t\t<div class=\"elementor-element elementor-element-0b1919b e-flex e-con-boxed e-con e-parent\" data-id=\"0b1919b\" data-element_type=\"container\" data-e-type=\"container\">\n\t\t\t\t\t<div class=\"e-con-inner\">\n\t\t\t\t<div class=\"elementor-element elementor-element-a527f3b elementor-widget elementor-widget-text-editor\" data-id=\"a527f3b\" data-element_type=\"widget\" data-e-type=\"widget\" data-widget_type=\"text-editor.default\">\n\t\t\t\t\t\t\t\t\t<p><a href=\"https:\/\/eurohpc-ju.europa.eu\/index_en\" target=\"_blank\" rel=\"noopener\"><strong>Wsp\u00f3lne Przedsi\u0119wzi\u0119cie <\/strong><strong>EuroHPC<\/strong><\/a> (EuroHPC JU) pozyska\u0142o petaskalowe i pre-exaskalowe superkomputery (<strong>superkomputery EuroHPC<\/strong>), obs\u0142ugiwane przez centra superkomputerowe w Unii Europejskiej. EuroHPC JU zarz\u0105dza dost\u0119pem do superkomputer\u00f3w EuroHPC, w zakresie od 35% do 50% zasob\u00f3w. Pracownicy akademiccy, instytuty badawcze, administracja publiczna i przemys\u0142 mog\u0105 ubiega\u0107 si\u0119 o czas obliczeniowy na superkomputerach EuroHPC, bior\u0105c udzia\u0142 w naborach:<\/p><p><strong>Development<\/strong> \u2013 rozw\u00f3j i optymalizacja kodu i algorytm\u00f3w, rozw\u00f3j metod zastosowania AI.<br \/>* <a href=\"https:\/\/eurohpc-ju.europa.eu\/eurohpc-ju-call-proposals-development-access_en\" target=\"_blank\" rel=\"noopener\"><span style=\"color: #aa8523;\"><strong>szczeg\u00f3\u0142owe informacje<\/strong><\/span><\/a><br \/>* <a href=\"https:\/\/access.eurohpc-ju.europa.eu\/\" target=\"_blank\" rel=\"noopener\"><span style=\"color: #aa8523;\"><strong>wnioskowanie<\/strong><\/span><\/a><\/p><p><strong>Benchmark<\/strong> \u2013 testy skalowalno\u015bci kodu lub testy aplikacji AI, kt\u00f3rych wyniki zostan\u0105 uwzgl\u0119dnione w przysz\u0142ych wnioskach o Extreme Scale i Regular Access.<br \/>* <span style=\"color: #aa8523;\"><a style=\"color: #aa8523;\" href=\"https:\/\/eurohpc-ju.europa.eu\/eurohpc-ju-call-proposals-benchmark-access_en\" target=\"_blank\" rel=\"noopener\"><strong>szczeg\u00f3\u0142owe informacje<\/strong><\/a><\/span><br \/>* <span style=\"color: #aa8523;\"><a style=\"color: #aa8523;\" href=\"https:\/\/access.eurohpc-ju.europa.eu\/\" target=\"_blank\" rel=\"noopener\"><strong>wnioskowanie<\/strong><\/a><\/span><\/p><p><strong>Regular Access<\/strong> \u2013 projekty na du\u017c\u0105 skal\u0119 umo\u017cliwiaj\u0105ce post\u0119p i innowacje w swoich dziedzinach<br \/>* <a href=\"https:\/\/eurohpc-ju.europa.eu\/eurohpc-ju-call-proposals-regular-access-mode_en\" target=\"_blank\" rel=\"noopener\"><strong><span style=\"color: #aa8523;\">szczeg\u00f3\u0142owe informacje<\/span><\/strong><\/a><br \/>* <a href=\"https:\/\/access.eurohpc-ju.europa.eu\/\" target=\"_blank\" rel=\"noopener\"><strong><span style=\"color: #aa8523;\">wnioskowanie<\/span><\/strong><\/a><\/p><p><strong>Extreme Scale<\/strong> \u2013 wyj\u0105tkowo du\u017ce przydzia\u0142y zasob\u00f3w (pod wzgl\u0119dem czasu obliczeniowego, pami\u0119ci masowej, wsparcia), innowacyjne badania o du\u017cym wp\u0142ywie <br \/><strong>* <a href=\"https:\/\/eurohpc-ju.europa.eu\/eurohpc-ju-call-proposals-extreme-scale-access-mode_en\" target=\"_blank\" rel=\"noopener\"><span style=\"color: #aa8523;\">szczeg\u00f3\u0142owe informacje<\/span><\/a><\/strong><br \/>* <a href=\"https:\/\/access.eurohpc-ju.europa.eu\/\" target=\"_blank\" rel=\"noopener\"><strong><span style=\"color: #aa8523;\">wnioskowanie<\/span><\/strong><\/a><\/p><p><strong>AI and Data-Intensive Applications<\/strong> \u2013 zasoby superkomputerowe do wykonywania zada\u0144 zwi\u0105zanych ze sztuczn\u0105 inteligencj\u0105 i intensywnym przetwarzaniem danych <br \/>* <a href=\"https:\/\/eurohpc-ju.europa.eu\/eurohpc-ju-access-call-ai-and-data-intensive-applications_en\" target=\"_blank\" rel=\"noopener\"><strong><span style=\"color: #aa8523;\">szczeg\u00f3\u0142owe informacje<\/span><\/strong><\/a><br \/>* <a href=\"https:\/\/access.eurohpc-ju.europa.eu\/\" target=\"_blank\" rel=\"noopener\"><strong><span style=\"color: #aa8523;\">wnioskowanie<\/span><\/strong><\/a><\/p><p><strong>W razie w\u0105tpliwo\u015bci zach\u0119camy do kontaktu <\/strong><span style=\"color: #aa8523;\">(<\/span><a href=\"mailto:kontakt@cc.eurohpc.pl\"><strong><span style=\"color: #aa8523;\">kontakt@cc.eurohpc.pl<\/span><\/strong><\/a><span style=\"color: #aa8523;\">)<\/span><strong> \u2013 ch\u0119tnie pomo\u017cemy z przygotowaniem wniosku.<\/strong><\/p>\t\t\t\t\t\t\t\t<\/div>\n\t\t\t\t\t<\/div>\n\t\t\t\t<\/div>\n\t\t<div class=\"elementor-element elementor-element-ffd3896 e-con-full e-flex e-con e-parent\" data-id=\"ffd3896\" data-element_type=\"container\" data-e-type=\"container\">\n\t\t\t\t<div class=\"elementor-element elementor-element-ba1a17b elementor-widget__width-inherit elementor-widget elementor-widget-image\" data-id=\"ba1a17b\" data-element_type=\"widget\" data-e-type=\"widget\" data-widget_type=\"image.default\">\n\t\t\t\t\t\t\t\t\t\t\t\t\t\t\t<img decoding=\"async\" src=\"https:\/\/cc.eurohpc.pl\/wp-content\/uploads\/elementor\/thumbs\/tlo_AI_HPC-ql3qp4n0h9tc3lvwm6apbgfi5bxlq3xv682somg49s.png\" title=\"t\u0142o_AI_HPC\" alt=\"t\u0142o_AI_HPC\" loading=\"lazy\" \/>\t\t\t\t\t\t\t\t\t\t\t\t\t\t\t<\/div>\n\t\t\t\t<\/div>\n\t\t\t\t<\/div>\n\t\t","protected":false},"excerpt":{"rendered":"<p>SUPERKOMPUTERY EuroHPC Wsp\u00f3lne Przedsi\u0119wzi\u0119cie EuroHPC (EuroHPC JU) pozyska\u0142o petaskalowe i pre-exaskalowe superkomputery (superkomputery EuroHPC), obs\u0142ugiwane przez centra superkomputerowe w Unii Europejskiej. EuroHPC JU zarz\u0105dza dost\u0119pem do superkomputer\u00f3w EuroHPC, w zakresie od 35% do 50% zasob\u00f3w. Pracownicy akademiccy, instytuty badawcze, administracja publiczna i przemys\u0142 mog\u0105 ubiega\u0107 si\u0119 o czas obliczeniowy na superkomputerach EuroHPC, bior\u0105c udzia\u0142 w&hellip;&nbsp;<a href=\"https:\/\/cc.eurohpc.pl\/index.php\/superkomputery-eurohpc\/\" rel=\"bookmark\">Dowiedz si\u0119 wi\u0119cej &raquo;<span class=\"screen-reader-text\">Superkomputery EuroHPC<\/span><\/a><\/p>\n","protected":false},"author":5,"featured_media":0,"parent":0,"menu_order":0,"comment_status":"closed","ping_status":"closed","template":"page-templates\/template-pagebuilder-full-width.php","meta":{"_monsterinsights_skip_tracking":false,"_monsterinsights_sitenote_active":false,"_monsterinsights_sitenote_note":"","_monsterinsights_sitenote_category":0,"neve_meta_sidebar":"","neve_meta_container":"","neve_meta_enable_content_width":"","neve_meta_content_width":0,"neve_meta_title_alignment":"","neve_meta_author_avatar":"","neve_post_elements_order":"","neve_meta_disable_header":"","neve_meta_disable_footer":"","neve_meta_disable_title":"","footnotes":""},"class_list":["post-11104","page","type-page","status-publish","hentry"],"_links":{"self":[{"href":"https:\/\/cc.eurohpc.pl\/index.php\/wp-json\/wp\/v2\/pages\/11104","targetHints":{"allow":["GET"]}}],"collection":[{"href":"https:\/\/cc.eurohpc.pl\/index.php\/wp-json\/wp\/v2\/pages"}],"about":[{"href":"https:\/\/cc.eurohpc.pl\/index.php\/wp-json\/wp\/v2\/types\/page"}],"author":[{"embeddable":true,"href":"https:\/\/cc.eurohpc.pl\/index.php\/wp-json\/wp\/v2\/users\/5"}],"replies":[{"embeddable":true,"href":"https:\/\/cc.eurohpc.pl\/index.php\/wp-json\/wp\/v2\/comments?post=11104"}],"version-history":[{"count":19,"href":"https:\/\/cc.eurohpc.pl\/index.php\/wp-json\/wp\/v2\/pages\/11104\/revisions"}],"predecessor-version":[{"id":12511,"href":"https:\/\/cc.eurohpc.pl\/index.php\/wp-json\/wp\/v2\/pages\/11104\/revisions\/12511"}],"wp:attachment":[{"href":"https:\/\/cc.eurohpc.pl\/index.php\/wp-json\/wp\/v2\/media?parent=11104"}],"curies":[{"name":"wp","href":"https:\/\/api.w.org\/{rel}","templated":true}]}}